{"id":11336,"date":"2020-09-14T12:00:23","date_gmt":"2020-09-14T10:00:23","guid":{"rendered":"http:\/\/physics.uwb.edu.pl\/wf\/?page_id=11336"},"modified":"2022-01-26T12:59:10","modified_gmt":"2022-01-26T11:59:10","slug":"wladze-dziekanskie-2-2","status":"publish","type":"page","link":"https:\/\/physics.uwb.edu.pl\/wf\/?page_id=11336","title":{"rendered":"Rada Dyscypliny"},"content":{"rendered":"<p>W sk\u0142ad Rady Dyscypliny Nauki Fizyczne na kadencj\u0119 od 1 wrze\u015bnia 2020 r. do 31 sierpnia 2024r. wchodz\u0105:<\/p>\n<p>1. prof. dr hab. Jan Leszek Cie\u015bli\u0144ski \u2013 przewodnicz\u0105cy Rady<br \/>\n2. prof. dr hab. Miros\u0142aw Brewczyk<br \/>\n3. prof. dr hab. Piotr Adam Jaranowski<br \/>\n4. prof. dr hab. Marek Kisielewski<br \/>\n5. prof. dr hab. Edward Wiktor Piotrowski<br \/>\n6. prof. dr hab. Andrei Stupakevich<br \/>\n7. prof. dr hab. Krzysztof Rafa\u0142 Szyma\u0144ski<br \/>\n8. dr hab. Andrzej Andrejczuk, prof. UwB<br \/>\n9. dr hab. Tomasz Karpiuk, prof. UwB<br \/>\n10. dr hab. Marek Niko\u0142ajuk, prof. UwB<br \/>\n11. dr hab. Jerzy Artur Przeszowski, prof. UwB<br \/>\n12. dr hab. Katarzyna Ma\u0142gorzata Re\u0107ko, prof UwB<br \/>\n13.dr hab. Dariusz Maciej Satu\u0142a, prof. UwB<\/p>\n<h3>Rok 2022<\/h3>\n<table style=\"border-collapse: collapse; width: 100%; border: 0px;\">\n<tbody>\n<tr style=\"font-size: 14px; font-weight: Bold; background-color: #d3d3d3; height: 16px; font-family: 'Open Sans',Arial,sans-serif;\">\n<td style=\"width: 15.3333%; background-color: #d3d3d3; border: 0px none; height: 21px;\">Numer<\/td>\n<td style=\"width: 15.3333%; background-color: #d3d3d3; border: 0px none; height: 21px;\">z dnia<\/td>\n<td style=\"width: 69.3333%; background-color: #d3d3d3; border: 0px none; height: 21px;\">w sprawie<\/td>\n<\/tr>\n<tr style=\"font-size: 14px; font-weight: none; background-color: #cfcfcf; height: 16px; font-family: 'Open Sans',Arial,sans-serif;\">\n<td style=\"width: 15.3333%; border: 0px none; height: 21px;\">10<\/td>\n<td style=\"width: 15.3333%; border: 0px none; height: 21px;\">24.01.2022<\/td>\n<td style=\"width: 69.3333%; border: 0px none; height: 21px;\"><a href=\"http:\/\/physics.uwb.edu.pl\/wf\/wp-content\/uploads\/2022\/01\/rd_uchwala_10_2022.pdf\">w sprawie powo\u0142ania komisji celem przygotowania opinii nostryfikacji stopnia naukowego doktora nauk matematyczno-fizycznych nadanego p. Arturovi Avdizhiyan przez MIREA Russian Technological University<\/a><\/td>\n<\/tr>\n<\/tbody>\n<\/table>\n<h3>Rok 2021<\/h3>\n<table style=\"border-collapse: collapse; width: 100%; border: 0px;\">\n<tbody>\n<tr style=\"font-size: 14px; font-weight: Bold; background-color: #d3d3d3; height: 16px; font-family: 'Open Sans',Arial,sans-serif;\">\n<td style=\"width: 15.3333%; background-color: #d3d3d3; border: 0px none; height: 21px;\">Numer<\/td>\n<td style=\"width: 15.3333%; background-color: #d3d3d3; border: 0px none; height: 21px;\">z dnia<\/td>\n<td style=\"width: 69.3333%; background-color: #d3d3d3; border: 0px none; height: 21px;\">w sprawie<\/td>\n<\/tr>\n<tr style=\"font-size: 14px; font-weight: none; background-color: #cfcfcf; height: 16px; font-family: 'Open Sans',Arial,sans-serif;\">\n<td style=\"width: 15.3333%; border: 0px none; height: 21px;\">9<\/td>\n<td style=\"width: 15.3333%; border: 0px none; height: 21px;\">06.12.2021<\/td>\n<td style=\"width: 69.3333%; border: 0px none; height: 21px;\"><a href=\"http:\/\/physics.uwb.edu.pl\/wf\/wp-content\/uploads\/2021\/12\/rd_uchwala_9_2021.pdf\">w sprawie umorzenia przewodu doktorskiego mgr. Wojciecha Stanis\u0142awa Dobrogowskiego<\/a><\/td>\n<\/tr>\n<tr style=\"font-size: 14px; font-weight: none; background-color: #cfcfcf; height: 16px; font-family: 'Open Sans',Arial,sans-serif;\">\n<td style=\"width: 15.3333%; border: 0px none; height: 21px;\">8<\/td>\n<td style=\"width: 15.3333%; border: 0px none; height: 21px;\">1.10.2021<\/td>\n<td style=\"width: 69.3333%; border: 0px none; height: 21px;\"><a href=\"http:\/\/physics.uwb.edu.pl\/wf\/wp-content\/uploads\/2021\/10\/rd_uchwala_8_2021.pdf\">w sprawie nadania stopnia doktora w dziedzinie nauk \u015bcis\u0142ych i przyrodniczych w dyscyplinie nauki fizyczne Panu mgr. Marcinowi Marculewiczowi <\/a><\/td>\n<\/tr>\n<tr style=\"font-size: 14px; font-weight: none; background-color: #cfcfcf; height: 16px; font-family: 'Open Sans',Arial,sans-serif;\">\n<td style=\"width: 15.3333%; border: 0px none; height: 21px;\">7<\/td>\n<td style=\"width: 15.3333%; border: 0px none; height: 21px;\">28.06.2021<\/td>\n<td style=\"width: 69.3333%; border: 0px none; height: 21px;\"><a href=\"http:\/\/physics.uwb.edu.pl\/wf\/wp-content\/uploads\/2021\/07\/rd_uchwala_7_2021.pdf\">w sprawie powo\u0142ania komisji egzaminacyjnej z j\u0119zyka angielskiego w post\u0119powaniu w sprawie nadania stopnia doktora mgr. Marcinowi Marculewiczowi <\/a><\/td>\n<\/tr>\n<tr style=\"font-size: 14px; font-weight: none; background-color: #cfcfcf; height: 16px; font-family: 'Open Sans',Arial,sans-serif;\">\n<td style=\"width: 15.3333%; border: 0px none; height: 21px;\">6<\/td>\n<td style=\"width: 15.3333%; border: 0px none; height: 21px;\">28.06.2021<\/td>\n<td style=\"width: 69.3333%; border: 0px none; height: 21px;\"><a href=\"http:\/\/physics.uwb.edu.pl\/wf\/wp-content\/uploads\/2021\/07\/rd_uchwala_6_2021.pdf\">w sprawie wyznaczenia recenzent\u00f3w w post\u0119powaniu w sprawie nadania stopnia doktora mgr. Marcinowi Marculewiczowi <\/a><\/td>\n<\/tr>\n<tr style=\"font-size: 14px; font-weight: none; background-color: #cfcfcf; height: 16px; font-family: 'Open Sans',Arial,sans-serif;\">\n<td style=\"width: 15.3333%; border: 0px none; height: 21px;\">5<\/td>\n<td style=\"width: 15.3333%; border: 0px none; height: 21px;\">28.06.2021<\/td>\n<td style=\"width: 69.3333%; border: 0px none; height: 21px;\"><a href=\"http:\/\/physics.uwb.edu.pl\/wf\/wp-content\/uploads\/2021\/07\/rd_uchwala_5_2021.pdf\">w sprawie powo\u0142ania dra Andrzeja Pisarskiego na sekretarza komisji doktorskiej w post\u0119powaniu w sprawie nadania stopnia doktora mgr. Marcinowi Marculewiczowi<\/a><\/td>\n<\/tr>\n<tr style=\"font-size: 14px; font-weight: none; background-color: #cfcfcf; height: 16px; font-family: 'Open Sans',Arial,sans-serif;\">\n<td style=\"width: 15.3333%; border: 0px none; height: 21px;\">4<\/td>\n<td style=\"width: 15.3333%; border: 0px none; height: 21px;\">28.06.2021<\/td>\n<td style=\"width: 69.3333%; border: 0px none; height: 21px;\"><a href=\"http:\/\/physics.uwb.edu.pl\/wf\/wp-content\/uploads\/2021\/07\/rd_uchwala_4_2021.pdf\">w sprawie z wnioskiem do Rektora Uniwersytetu w Bia\u0142ymstoku o uznanie stopnia naukowego doktora z fizyki nadanego p. Bivas Rana przez Uniwersytet w Kalkucie (Indie) za r\u00f3wnowa\u017cny ze stopniem naukowym doktora nauk \u015bcis\u0142ych i przyrodniczych w dyscyplinie nauki fizyczne<\/a><\/td>\n<\/tr>\n<tr style=\"font-size: 14px; font-weight: none; background-color: #cfcfcf; height: 16px; font-family: 'Open Sans',Arial,sans-serif;\">\n<td style=\"width: 15.3333%; border: 0px none; height: 21px;\">3<\/td>\n<td style=\"width: 15.3333%; border: 0px none; height: 21px;\">07.06.2021<\/td>\n<td style=\"width: 69.3333%; border: 0px none; height: 21px;\"><a href=\"http:\/\/physics.uwb.edu.pl\/wf\/wp-content\/uploads\/2021\/07\/rd_uchwala_3_2021.pdf\">w sprawie wyznaczenia dra hab. Marka Niko\u0142ajuka, prof. UwB na promotora w post\u0119powaniu w sprawie nadania stopnia doktora mgr. Marcinowi Marculewiczowi<\/a><\/td>\n<\/tr>\n<tr style=\"font-size: 14px; font-weight: none; background-color: #cfcfcf; height: 16px; font-family: 'Open Sans',Arial,sans-serif;\">\n<td style=\"width: 15.3333%; border: 0px none; height: 21px;\">2<\/td>\n<td style=\"width: 15.3333%; border: 0px none; height: 21px;\">07.06.2021<\/td>\n<td style=\"width: 69.3333%; border: 0px none; height: 21px;\"><a href=\"http:\/\/physics.uwb.edu.pl\/wf\/wp-content\/uploads\/2021\/07\/rd_uchwala_2_2020.pdf\">w sprawie powo\u0142ania komisji celem przygotowania opinii dotycz\u0105cej nostryfikacji stopnia naukowego doktora z fizyki nadanego p. Bivas Rana przez Uniwersytet w Kalkucie (Indie)<\/a><\/td>\n<\/tr>\n<\/tbody>\n<\/table>\n<h3>Rok 2020<\/h3>\n<table style=\"border-collapse: collapse; width: 100%; border: 0px;\">\n<tbody>\n<tr style=\"font-size: 14px; font-weight: Bold; background-color: #d3d3d3; height: 16px; font-family: 'Open Sans',Arial,sans-serif;\">\n<td style=\"width: 15.3333%; background-color: #d3d3d3; border: 0px none; height: 21px;\">Numer<\/td>\n<td style=\"width: 15.3333%; background-color: #d3d3d3; border: 0px none; height: 21px;\">z dnia<\/td>\n<td style=\"width: 69.3333%; background-color: #d3d3d3; border: 0px none; height: 21px;\">w sprawie<\/td>\n<\/tr>\n<tr style=\"font-size: 14px; font-weight: none; background-color: #cfcfcf; height: 16px; font-family: 'Open Sans',Arial,sans-serif;\">\n<td style=\"width: 15.3333%; border: 0px none; height: 21px;\">1<\/td>\n<td style=\"width: 15.3333%; border: 0px none; height: 21px;\">21.09.2020<\/td>\n<td style=\"width: 69.3333%; border: 0px none; height: 21px;\"><a href=\"http:\/\/physics.uwb.edu.pl\/wf\/wp-content\/uploads\/2020\/11\/rd_uchwala_1_2020.pdf\">w sprawie uznania stopnia doktora nauki matematyczno-fizycznych, nadanego p. Ilyi Razdolskiemu przez Moskiewski Uniwersytet Pa\u0144stwowy im. M. W. \u0141omonosowa za r\u00f3wnowa\u017cny ze stopniem naukowym doktora nauki \u015bcis\u0142ych i przyrodniczych w dyscyplinie nauki fizyczne. <\/a><\/td>\n<\/tr>\n<\/tbody>\n<\/table>\n","protected":false},"excerpt":{"rendered":"<p>W sk\u0142ad Rady Dyscypliny Nauki Fizyczne na kadencj\u0119 od 1 wrze\u015bnia 2020 r. do 31 sierpnia 2024r. wchodz\u0105: 1. prof. dr hab. Jan Leszek Cie\u015bli\u0144ski \u2013 przewodnicz\u0105cy Rady 2. prof. <a href=\"https:\/\/physics.uwb.edu.pl\/wf\/?page_id=11336\" class=\"more-link\">[&hellip;]<\/a><\/p>\n","protected":false},"author":14,"featured_media":0,"parent":66,"menu_order":10,"comment_status":"closed","ping_status":"closed","template":"","meta":{"ngg_post_thumbnail":0,"Layout":"1c","footnotes":""},"categories":[3],"tags":[],"class_list":["entry","author-ulag","post-11336","page","type-page","status-publish","category-wydzialowe_pl"],"jetpack_sharing_enabled":true,"jetpack_shortlink":"https:\/\/wp.me\/P7nvcn-2WQ","_links":{"self":[{"href":"https:\/\/physics.uwb.edu.pl\/wf\/index.php?rest_route=\/wp\/v2\/pages\/11336","targetHints":{"allow":["GET"]}}],"collection":[{"href":"https:\/\/physics.uwb.edu.pl\/wf\/index.php?rest_route=\/wp\/v2\/pages"}],"about":[{"href":"https:\/\/physics.uwb.edu.pl\/wf\/index.php?rest_route=\/wp\/v2\/types\/page"}],"author":[{"embeddable":true,"href":"https:\/\/physics.uwb.edu.pl\/wf\/index.php?rest_route=\/wp\/v2\/users\/14"}],"replies":[{"embeddable":true,"href":"https:\/\/physics.uwb.edu.pl\/wf\/index.php?rest_route=%2Fwp%2Fv2%2Fcomments&post=11336"}],"version-history":[{"count":22,"href":"https:\/\/physics.uwb.edu.pl\/wf\/index.php?rest_route=\/wp\/v2\/pages\/11336\/revisions"}],"predecessor-version":[{"id":13202,"href":"https:\/\/physics.uwb.edu.pl\/wf\/index.php?rest_route=\/wp\/v2\/pages\/11336\/revisions\/13202"}],"up":[{"embeddable":true,"href":"https:\/\/physics.uwb.edu.pl\/wf\/index.php?rest_route=\/wp\/v2\/pages\/66"}],"wp:attachment":[{"href":"https:\/\/physics.uwb.edu.pl\/wf\/index.php?rest_route=%2Fwp%2Fv2%2Fmedia&parent=11336"}],"wp:term":[{"taxonomy":"category","embeddable":true,"href":"https:\/\/physics.uwb.edu.pl\/wf\/index.php?rest_route=%2Fwp%2Fv2%2Fcategories&post=11336"},{"taxonomy":"post_tag","embeddable":true,"href":"https:\/\/physics.uwb.edu.pl\/wf\/index.php?rest_route=%2Fwp%2Fv2%2Ftags&post=11336"}],"curies":[{"name":"wp","href":"https:\/\/api.w.org\/{rel}","templated":true}]}}