{"id":11392,"date":"2020-09-25T14:17:50","date_gmt":"2020-09-25T12:17:50","guid":{"rendered":"http:\/\/physics.uwb.edu.pl\/wf\/?page_id=11392"},"modified":"2020-09-25T14:17:50","modified_gmt":"2020-09-25T12:17:50","slug":"fizycy-uwb-zademonstrowali-nowa-ultraszybka-metode-zapisu-informacji-2-2-2-2-4-3","status":"publish","type":"page","link":"https:\/\/physics.uwb.edu.pl\/wf\/?page_id=11392","title":{"rendered":"Wa\u017cne informacje odno\u015bnie rozpocz\u0119cia roku akademickiego 2020\/2021"},"content":{"rendered":"<p>Szanowni Pa\u0144stwo,<\/p>\n<p style=\"text-align: justify;\">Nowy rok akademicki 2020\\2021 na Wydziale Fizyki rozpocznie si\u0119<strong> 1 pa\u017adziernika 2020<\/strong> zgodnie z planem zaj\u0119\u0107 dost\u0119pnym na stronie wydzia\u0142owej <a href=\"https:\/\/physics.uwb.edu.pl\/wf\/?page_id=4495\">https:\/\/physics.uwb.edu.pl\/wf\/?page_id=4495<\/a>, systemie USOS oraz na tablicy og\u0142osze\u0144 (przed dziekanatem).<\/p>\n<p>Zaj\u0119cia na Wydziale Fizyki b\u0119d\u0105 odbywa\u0142y si\u0119 dla wszystkich rocznik\u00f3w w formie <strong>kontaktu bezpo\u015bredniego<\/strong> z zachowaniem obowi\u0105zuj\u0105cych wymog\u00f3w <strong>bezpiecze\u0144stwa sanitarnego<\/strong> zgodnie z rekomendacjami JM Rektora UwB (<a href=\"http:\/\/physics.uwb.edu.pl\/wf\/wp-content\/uploads\/2020\/09\/Rekomendacje-dot.-bezp.-sanitarnego.pdf\" target=\"_blank\" rel=\"noopener noreferrer\">link<\/a>).<\/p>\n<p><strong>&nbsp;Inauguracja nowego roku akademickiego 2020\\2021<\/strong> na Wydziale Fizyki odb\u0119dzie si\u0119 <strong>5 pa\u017adziernika 2020 o godzinie 14:00 w sali 2011 (aula)<\/strong>.<\/p>\n<p style=\"text-align: justify;\">Zaproszenie kierujemy przede wszystkim do student\u00f3w 1 roku, I i II stopnia, w\u0142adz rektorskich, dzieka\u0144skich, pracownik\u00f3w dziekanatu, biblioteki, opiekun\u00f3w I roku i zaproszonych os\u00f3b. Ze wzgl\u0119du na ograniczenia bezpiecze\u0144stwa zwi\u0105zane z pandemi\u0105 COVID-19, liczba miejsc jest ograniczona.<\/p>\n<p style=\"text-align: justify;\">Tego dnia zaj\u0119cia pozosta\u0142ych lat studi\u00f3w odbywaj\u0105 si\u0119 zgodnie z planem zaj\u0119\u0107, tzn., \u017ce termin inauguracji nie b\u0119dzie obj\u0119ty \u201e<em>godzinami dzieka\u0144skimi<\/em>\u201d.<\/p>\n<p>W zwi\u0105zku w powy\u017cszym, zaj\u0119cia z <em>Wst\u0119pu do Matematyki<\/em> dla 1 roku, studi\u00f3w I stopnia i zaj\u0119cia z <em>Mechaniki kwantowej<\/em> dla 1 roku, studi\u00f3w II stopnia zaczn\u0105 si\u0119 dopiero po zako\u0144czeniu inauguracji.<\/p>\n<p>Serdecznie zapraszamy<\/p>\n<p>&nbsp;Zesp\u00f3\u0142 Dzieka\u0144ski<\/p>\n","protected":false},"excerpt":{"rendered":"<p>Szanowni Pa\u0144stwo, Nowy rok akademicki 2020\\2021 na Wydziale Fizyki rozpocznie si\u0119 1 pa\u017adziernika 2020 zgodnie z planem zaj\u0119\u0107 dost\u0119pnym na stronie wydzia\u0142owej https:\/\/physics.uwb.edu.pl\/wf\/?page_id=4495, systemie USOS oraz na tablicy og\u0142osze\u0144 (przed <a href=\"https:\/\/physics.uwb.edu.pl\/wf\/?page_id=11392\" class=\"more-link\">[&hellip;]<\/a><\/p>\n","protected":false},"author":14,"featured_media":11171,"parent":713,"menu_order":0,"comment_status":"closed","ping_status":"closed","template":"","meta":{"ngg_post_thumbnail":0,"Layout":"1c","footnotes":""},"categories":[27,3],"tags":[],"class_list":["entry","author-ulag","post-11392","page","type-page","status-publish","has-post-thumbnail","category-post_news_pl","category-wydzialowe_pl"],"jetpack_sharing_enabled":true,"jetpack_shortlink":"https:\/\/wp.me\/P7nvcn-2XK","_links":{"self":[{"href":"https:\/\/physics.uwb.edu.pl\/wf\/index.php?rest_route=\/wp\/v2\/pages\/11392","targetHints":{"allow":["GET"]}}],"collection":[{"href":"https:\/\/physics.uwb.edu.pl\/wf\/index.php?rest_route=\/wp\/v2\/pages"}],"about":[{"href":"https:\/\/physics.uwb.edu.pl\/wf\/index.php?rest_route=\/wp\/v2\/types\/page"}],"author":[{"embeddable":true,"href":"https:\/\/physics.uwb.edu.pl\/wf\/index.php?rest_route=\/wp\/v2\/users\/14"}],"replies":[{"embeddable":true,"href":"https:\/\/physics.uwb.edu.pl\/wf\/index.php?rest_route=%2Fwp%2Fv2%2Fcomments&post=11392"}],"version-history":[{"count":1,"href":"https:\/\/physics.uwb.edu.pl\/wf\/index.php?rest_route=\/wp\/v2\/pages\/11392\/revisions"}],"predecessor-version":[{"id":11397,"href":"https:\/\/physics.uwb.edu.pl\/wf\/index.php?rest_route=\/wp\/v2\/pages\/11392\/revisions\/11397"}],"up":[{"embeddable":true,"href":"https:\/\/physics.uwb.edu.pl\/wf\/index.php?rest_route=\/wp\/v2\/pages\/713"}],"wp:featuredmedia":[{"embeddable":true,"href":"https:\/\/physics.uwb.edu.pl\/wf\/index.php?rest_route=\/wp\/v2\/media\/11171"}],"wp:attachment":[{"href":"https:\/\/physics.uwb.edu.pl\/wf\/index.php?rest_route=%2Fwp%2Fv2%2Fmedia&parent=11392"}],"wp:term":[{"taxonomy":"category","embeddable":true,"href":"https:\/\/physics.uwb.edu.pl\/wf\/index.php?rest_route=%2Fwp%2Fv2%2Fcategories&post=11392"},{"taxonomy":"post_tag","embeddable":true,"href":"https:\/\/physics.uwb.edu.pl\/wf\/index.php?rest_route=%2Fwp%2Fv2%2Ftags&post=11392"}],"curies":[{"name":"wp","href":"https:\/\/api.w.org\/{rel}","templated":true}]}}