{"id":11395,"date":"2020-09-25T11:25:46","date_gmt":"2020-09-25T09:25:46","guid":{"rendered":"http:\/\/physics.uwb.edu.pl\/wf\/?page_id=11395"},"modified":"2020-09-25T14:48:01","modified_gmt":"2020-09-25T12:48:01","slug":"o-marianie-smoluchowskim-w-setna-rocznice-smierci-2-2-2-2-2-4-3-2-2-2-2-2-2-2-3-3-2-3-2-2-2-2-3-2-2-2-2-2-2-3-2-2-2-2-2-2-2-2-2-3-3-2-2-2-3-3-2-2-2-2-2-3-2-3-2-2-2-2-2-2-2-2-2-2-2","status":"publish","type":"page","link":"https:\/\/physics.uwb.edu.pl\/wf\/?page_id=11395","title":{"rendered":"Przed\u0142u\u017cona rekrutacja uzupe\u0142niaj\u0105ca"},"content":{"rendered":"<h2><strong>Przed\u0142u\u017cona rekrutacja uzupe\u0142niaj\u0105ca&nbsp;<\/strong><\/h2>\n<p><img loading=\"lazy\" decoding=\"async\" class=\" wp-image-11396 alignleft\" src=\"http:\/\/physics.uwb.edu.pl\/wf\/wp-content\/uploads\/2020\/09\/ch_4.jpg\" alt=\"\" width=\"214\" height=\"214\" srcset=\"https:\/\/physics.uwb.edu.pl\/wf\/wp-content\/uploads\/2020\/09\/ch_4.jpg 597w, https:\/\/physics.uwb.edu.pl\/wf\/wp-content\/uploads\/2020\/09\/ch_4-300x300.jpg 300w, https:\/\/physics.uwb.edu.pl\/wf\/wp-content\/uploads\/2020\/09\/ch_4-150x150.jpg 150w, https:\/\/physics.uwb.edu.pl\/wf\/wp-content\/uploads\/2020\/09\/ch_4-499x500.jpg 499w\" sizes=\"auto, (max-width: 214px) 100vw, 214px\" \/>Informujemy, \u017ce przed\u0142u\u017camy rekrutacj\u0119 uzupe\u0142niaj\u0105c\u0105 na studia stacjonarne <strong>pierwszego i drugiego<\/strong> stopnia. Od <strong>30-go wrze\u015bnia<\/strong> do <strong>2-go pa\u017adziernika<\/strong> 2020 r. b\u0119dzie mo\u017cna zapisa\u0107 si\u0119 w <a href=\"https:\/\/irk.uwb.edu.pl\/\">systemie IRK<\/a> na kierunek fizyka (wszystkie specjalno\u015bci).<strong>&nbsp;<\/strong>Oferta skierowana jest do maturzyst\u00f3w, kt\u00f3rzy jeszcze nie zakwalifikowali si\u0119 na studia (np. z powodu konieczno\u015bci pisania egzaminu w p\u00f3\u017aniejszym terminie zwi\u0105zanym z COVID-19).<\/p>\n<p>Wi\u0119cej informacji o ofercie edukacyjnej Wydzia\u0142u Fizyki kandydaci znajd\u0105 pod <a href=\"https:\/\/physics.uwb.edu.pl\/wf\/?page_id=181\">tym linkiem<\/a>.&nbsp; Zach\u0119camy te\u017c do obejrzenia przyk\u0142adowych <a href=\"https:\/\/physics.uwb.edu.pl\/wf\/?page_id=183\">prac magisterskich<\/a> i <a href=\"https:\/\/physics.uwb.edu.pl\/wf\/?page_id=175\">licencjackich<\/a> powsta\u0142ym na naszym Wydziale, oraz do odwiedzenia naszych<a href=\"https:\/\/physics.uwb.edu.pl\/wf\/?page_id=7064\"> k\u00f3\u0142 naukowych.<\/a><\/p>\n","protected":false},"excerpt":{"rendered":"<p>Przed\u0142u\u017cona rekrutacja uzupe\u0142niaj\u0105ca&nbsp; Informujemy, \u017ce przed\u0142u\u017camy rekrutacj\u0119 uzupe\u0142niaj\u0105c\u0105 na studia stacjonarne pierwszego i drugiego stopnia. Od 30-go wrze\u015bnia do 2-go pa\u017adziernika 2020 r. b\u0119dzie mo\u017cna zapisa\u0107 si\u0119 w systemie IRK <a href=\"https:\/\/physics.uwb.edu.pl\/wf\/?page_id=11395\" class=\"more-link\">[&hellip;]<\/a><\/p>\n","protected":false},"author":5,"featured_media":11396,"parent":713,"menu_order":0,"comment_status":"closed","ping_status":"closed","template":"","meta":{"ngg_post_thumbnail":0,"Layout":"1c","footnotes":""},"categories":[166],"tags":[],"class_list":["entry","author-gawryl","post-11395","page","type-page","status-publish","has-post-thumbnail","category-edukacyjne"],"jetpack_sharing_enabled":true,"jetpack_shortlink":"https:\/\/wp.me\/P7nvcn-2XN","_links":{"self":[{"href":"https:\/\/physics.uwb.edu.pl\/wf\/index.php?rest_route=\/wp\/v2\/pages\/11395","targetHints":{"allow":["GET"]}}],"collection":[{"href":"https:\/\/physics.uwb.edu.pl\/wf\/index.php?rest_route=\/wp\/v2\/pages"}],"about":[{"href":"https:\/\/physics.uwb.edu.pl\/wf\/index.php?rest_route=\/wp\/v2\/types\/page"}],"author":[{"embeddable":true,"href":"https:\/\/physics.uwb.edu.pl\/wf\/index.php?rest_route=\/wp\/v2\/users\/5"}],"replies":[{"embeddable":true,"href":"https:\/\/physics.uwb.edu.pl\/wf\/index.php?rest_route=%2Fwp%2Fv2%2Fcomments&post=11395"}],"version-history":[{"count":5,"href":"https:\/\/physics.uwb.edu.pl\/wf\/index.php?rest_route=\/wp\/v2\/pages\/11395\/revisions"}],"predecessor-version":[{"id":11402,"href":"https:\/\/physics.uwb.edu.pl\/wf\/index.php?rest_route=\/wp\/v2\/pages\/11395\/revisions\/11402"}],"up":[{"embeddable":true,"href":"https:\/\/physics.uwb.edu.pl\/wf\/index.php?rest_route=\/wp\/v2\/pages\/713"}],"wp:featuredmedia":[{"embeddable":true,"href":"https:\/\/physics.uwb.edu.pl\/wf\/index.php?rest_route=\/wp\/v2\/media\/11396"}],"wp:attachment":[{"href":"https:\/\/physics.uwb.edu.pl\/wf\/index.php?rest_route=%2Fwp%2Fv2%2Fmedia&parent=11395"}],"wp:term":[{"taxonomy":"category","embeddable":true,"href":"https:\/\/physics.uwb.edu.pl\/wf\/index.php?rest_route=%2Fwp%2Fv2%2Fcategories&post=11395"},{"taxonomy":"post_tag","embeddable":true,"href":"https:\/\/physics.uwb.edu.pl\/wf\/index.php?rest_route=%2Fwp%2Fv2%2Ftags&post=11395"}],"curies":[{"name":"wp","href":"https:\/\/api.w.org\/{rel}","templated":true}]}}