{"id":11424,"date":"2020-10-02T10:36:12","date_gmt":"2020-10-02T08:36:12","guid":{"rendered":"http:\/\/physics.uwb.edu.pl\/wf\/?page_id=11424"},"modified":"2020-10-02T10:38:45","modified_gmt":"2020-10-02T08:38:45","slug":"fizycy-uwb-zademonstrowali-nowa-ultraszybka-metode-zapisu-informacji-2-2-2-2-4-4","status":"publish","type":"page","link":"https:\/\/physics.uwb.edu.pl\/wf\/?page_id=11424","title":{"rendered":"Inauguracja Roku Akademickiego 2020\/21"},"content":{"rendered":"<p style=\"text-align: center;\"><strong>UROCZYSTA INAUGURACJA <\/strong><strong>ROKU AKADEMICKIEGO 2020\/21 <\/strong><\/p>\n<p style=\"text-align: center;\"><strong>NA WYDZIALE FIZYKI <\/strong><strong>UNIWERSYTETU W BIA\u0141YMSTOKU<\/strong><\/p>\n<p><strong>&nbsp;<\/strong><\/p>\n<p><strong>&nbsp;<\/strong>Inauguracja odb\u0119dzie si\u0119 <strong>5 pa\u017adziernika 2020 r. (poniedzia\u0142ek) <\/strong><strong>o godzinie 14.00 w auli (sala nr 2011) <\/strong>Wydzia\u0142u Fizyki w kampusie UwB, ul. K. Cio\u0142kowskiego 1L.<\/p>\n<p><strong>Program uroczysto\u015bci<\/strong><\/p>\n<ul>\n<li>Hymn narodowy i powitanie go\u015bci<\/li>\n<li>Prezentacja Wydzia\u0142u przez Dziekana. Oferta dydaktyczna i osi\u0105gni\u0119cia naukowe.<\/li>\n<li>Wyst\u0105pienie Pani Prorektor prof. dr hab. Izabeli \u015awi\u0119cickiej.<\/li>\n<li>Immatrykulacja student\u00f3w pierwszego roku.<\/li>\n<li>Otwarcie roku akademickiego. <em>Gaude Mater Polonia.<\/em><\/li>\n<li>Wyk\u0142ad inauguracyjny: prof. dr hab. Edward Piotrowski <em>\u201eApologia decyzji najlepszych\u201d<\/em><\/li>\n<li><em>Gaudeamus.<\/em> Zako\u0144czenie uroczysto\u015bci<\/li>\n<\/ul>\n<p>&nbsp;<\/p>\n<p style=\"text-align: right;\"><em>Dziekan Wydzia\u0142u Fizyki<\/em><\/p>\n<p style=\"text-align: right;\"><em>prof. dr hab. Jan Cie\u015bli\u0144ski<br \/>\n<\/em><\/p>\n","protected":false},"excerpt":{"rendered":"<p>UROCZYSTA INAUGURACJA ROKU AKADEMICKIEGO 2020\/21 NA WYDZIALE FIZYKI UNIWERSYTETU W BIA\u0141YMSTOKU &nbsp; &nbsp;Inauguracja odb\u0119dzie si\u0119 5 pa\u017adziernika 2020 r. (poniedzia\u0142ek) o godzinie 14.00 w auli (sala nr 2011) Wydzia\u0142u Fizyki <a href=\"https:\/\/physics.uwb.edu.pl\/wf\/?page_id=11424\" class=\"more-link\">[&hellip;]<\/a><\/p>\n","protected":false},"author":14,"featured_media":8320,"parent":713,"menu_order":0,"comment_status":"closed","ping_status":"closed","template":"","meta":{"ngg_post_thumbnail":0,"Layout":"1c","footnotes":""},"categories":[27,3],"tags":[],"class_list":["entry","author-ulag","post-11424","page","type-page","status-publish","has-post-thumbnail","category-post_news_pl","category-wydzialowe_pl"],"jetpack_sharing_enabled":true,"jetpack_shortlink":"https:\/\/wp.me\/P7nvcn-2Yg","_links":{"self":[{"href":"https:\/\/physics.uwb.edu.pl\/wf\/index.php?rest_route=\/wp\/v2\/pages\/11424","targetHints":{"allow":["GET"]}}],"collection":[{"href":"https:\/\/physics.uwb.edu.pl\/wf\/index.php?rest_route=\/wp\/v2\/pages"}],"about":[{"href":"https:\/\/physics.uwb.edu.pl\/wf\/index.php?rest_route=\/wp\/v2\/types\/page"}],"author":[{"embeddable":true,"href":"https:\/\/physics.uwb.edu.pl\/wf\/index.php?rest_route=\/wp\/v2\/users\/14"}],"replies":[{"embeddable":true,"href":"https:\/\/physics.uwb.edu.pl\/wf\/index.php?rest_route=%2Fwp%2Fv2%2Fcomments&post=11424"}],"version-history":[{"count":1,"href":"https:\/\/physics.uwb.edu.pl\/wf\/index.php?rest_route=\/wp\/v2\/pages\/11424\/revisions"}],"predecessor-version":[{"id":11425,"href":"https:\/\/physics.uwb.edu.pl\/wf\/index.php?rest_route=\/wp\/v2\/pages\/11424\/revisions\/11425"}],"up":[{"embeddable":true,"href":"https:\/\/physics.uwb.edu.pl\/wf\/index.php?rest_route=\/wp\/v2\/pages\/713"}],"wp:featuredmedia":[{"embeddable":true,"href":"https:\/\/physics.uwb.edu.pl\/wf\/index.php?rest_route=\/wp\/v2\/media\/8320"}],"wp:attachment":[{"href":"https:\/\/physics.uwb.edu.pl\/wf\/index.php?rest_route=%2Fwp%2Fv2%2Fmedia&parent=11424"}],"wp:term":[{"taxonomy":"category","embeddable":true,"href":"https:\/\/physics.uwb.edu.pl\/wf\/index.php?rest_route=%2Fwp%2Fv2%2Fcategories&post=11424"},{"taxonomy":"post_tag","embeddable":true,"href":"https:\/\/physics.uwb.edu.pl\/wf\/index.php?rest_route=%2Fwp%2Fv2%2Ftags&post=11424"}],"curies":[{"name":"wp","href":"https:\/\/api.w.org\/{rel}","templated":true}]}}