{"id":11452,"date":"2020-10-12T14:31:56","date_gmt":"2020-10-12T12:31:56","guid":{"rendered":"http:\/\/physics.uwb.edu.pl\/wf\/?page_id=11452"},"modified":"2020-10-12T14:31:56","modified_gmt":"2020-10-12T12:31:56","slug":"ogloszenie-2-2-3-2","status":"publish","type":"page","link":"https:\/\/physics.uwb.edu.pl\/wf\/?page_id=11452","title":{"rendered":"Dodatkowa rekrutacja \u2013 ERASMUS+ na rok akademicki 2020\/2021 (semestr letni)"},"content":{"rendered":"<p style=\"text-align: center;\"><img loading=\"lazy\" decoding=\"async\" class=\"aligncenter size-medium wp-image-7146\" src=\"http:\/\/physics.uwb.edu.pl\/wf\/wp-content\/uploads\/2018\/03\/EU-flag-Erasmus_vect_POS-300x86.jpg\" alt=\"\" width=\"300\" height=\"86\" srcset=\"https:\/\/physics.uwb.edu.pl\/wf\/wp-content\/uploads\/2018\/03\/EU-flag-Erasmus_vect_POS-300x86.jpg 300w, https:\/\/physics.uwb.edu.pl\/wf\/wp-content\/uploads\/2018\/03\/EU-flag-Erasmus_vect_POS-150x43.jpg 150w, https:\/\/physics.uwb.edu.pl\/wf\/wp-content\/uploads\/2018\/03\/EU-flag-Erasmus_vect_POS-1024x292.jpg 1024w, https:\/\/physics.uwb.edu.pl\/wf\/wp-content\/uploads\/2018\/03\/EU-flag-Erasmus_vect_POS-1025x293.jpg 1025w, https:\/\/physics.uwb.edu.pl\/wf\/wp-content\/uploads\/2018\/03\/EU-flag-Erasmus_vect_POS.jpg 1964w\" sizes=\"auto, (max-width: 300px) 100vw, 300px\" \/><\/p>\n<p style=\"text-align: center;\"><strong>&nbsp;Dodatkowa rekrutacja \u2013 ERASMUS+ na rok akademicki 2020\/2021<\/strong><\/p>\n<p style=\"text-align: center;\"><strong>(semestr letni)<\/strong><\/p>\n<p>&nbsp;<\/p>\n<p>Osoby zainteresowane <strong>wyjazdem na studia w semestrze letnim &nbsp;roku akademickiego 2020\/2021 <\/strong>w ramach programu Erasmus +&nbsp; mog\u0105 kontaktowa\u0107 si\u0119 ze mn\u0105 osobi\u015bcie (pok.1065) lub mailowo (<a href=\"mailto:k.perzynska@uwb.edu.pl\">k.perzynska@uwb.edu.pl<\/a>.) w terminie <strong><u>do 23.10.2020r<\/u><\/strong>.<\/p>\n<p>&nbsp;Og\u00f3lne zasady rekrutacji znajduj\u0105 si\u0119 na stronie internetowej naszego wydzia\u0142u, w zak\u0142adce: Studenci \/ Erasmus +.<\/p>\n<p>Studenci III lub II roku, odpowiednio studi\u00f3w I i II stopnia, mog\u0105 r\u00f3wnie\u017c ubiega\u0107 si\u0119 o wyjazd na praktyk\u0119, kt\u00f3ra nast\u0105pi ju\u017c po obronie pracy licencjackiej lub magisterskiej.<\/p>\n<p>&nbsp;<\/p>\n<p>Krystyna Perzy\u0144ska<br \/>\n\/koordynator wydzia\u0142owy Erasmus+\/<\/p>\n<p>&nbsp;<\/p>\n","protected":false},"excerpt":{"rendered":"<p>&nbsp;Dodatkowa rekrutacja \u2013 ERASMUS+ na rok akademicki 2020\/2021 (semestr letni) &nbsp; Osoby zainteresowane wyjazdem na studia w semestrze letnim &nbsp;roku akademickiego 2020\/2021 w ramach programu Erasmus +&nbsp; mog\u0105 kontaktowa\u0107 si\u0119 <a href=\"https:\/\/physics.uwb.edu.pl\/wf\/?page_id=11452\" class=\"more-link\">[&hellip;]<\/a><\/p>\n","protected":false},"author":14,"featured_media":7146,"parent":713,"menu_order":0,"comment_status":"closed","ping_status":"closed","template":"","meta":{"ngg_post_thumbnail":0,"Layout":"","footnotes":""},"categories":[27,23],"tags":[],"class_list":["entry","author-ulag","post-11452","page","type-page","status-publish","has-post-thumbnail","category-post_news_pl","category-student_pl"],"jetpack_sharing_enabled":true,"jetpack_shortlink":"https:\/\/wp.me\/P7nvcn-2YI","_links":{"self":[{"href":"https:\/\/physics.uwb.edu.pl\/wf\/index.php?rest_route=\/wp\/v2\/pages\/11452","targetHints":{"allow":["GET"]}}],"collection":[{"href":"https:\/\/physics.uwb.edu.pl\/wf\/index.php?rest_route=\/wp\/v2\/pages"}],"about":[{"href":"https:\/\/physics.uwb.edu.pl\/wf\/index.php?rest_route=\/wp\/v2\/types\/page"}],"author":[{"embeddable":true,"href":"https:\/\/physics.uwb.edu.pl\/wf\/index.php?rest_route=\/wp\/v2\/users\/14"}],"replies":[{"embeddable":true,"href":"https:\/\/physics.uwb.edu.pl\/wf\/index.php?rest_route=%2Fwp%2Fv2%2Fcomments&post=11452"}],"version-history":[{"count":1,"href":"https:\/\/physics.uwb.edu.pl\/wf\/index.php?rest_route=\/wp\/v2\/pages\/11452\/revisions"}],"predecessor-version":[{"id":11453,"href":"https:\/\/physics.uwb.edu.pl\/wf\/index.php?rest_route=\/wp\/v2\/pages\/11452\/revisions\/11453"}],"up":[{"embeddable":true,"href":"https:\/\/physics.uwb.edu.pl\/wf\/index.php?rest_route=\/wp\/v2\/pages\/713"}],"wp:featuredmedia":[{"embeddable":true,"href":"https:\/\/physics.uwb.edu.pl\/wf\/index.php?rest_route=\/wp\/v2\/media\/7146"}],"wp:attachment":[{"href":"https:\/\/physics.uwb.edu.pl\/wf\/index.php?rest_route=%2Fwp%2Fv2%2Fmedia&parent=11452"}],"wp:term":[{"taxonomy":"category","embeddable":true,"href":"https:\/\/physics.uwb.edu.pl\/wf\/index.php?rest_route=%2Fwp%2Fv2%2Fcategories&post=11452"},{"taxonomy":"post_tag","embeddable":true,"href":"https:\/\/physics.uwb.edu.pl\/wf\/index.php?rest_route=%2Fwp%2Fv2%2Ftags&post=11452"}],"curies":[{"name":"wp","href":"https:\/\/api.w.org\/{rel}","templated":true}]}}