{"id":11454,"date":"2020-10-12T14:32:46","date_gmt":"2020-10-12T12:32:46","guid":{"rendered":"http:\/\/physics.uwb.edu.pl\/wf\/?page_id=11454"},"modified":"2020-10-12T14:32:46","modified_gmt":"2020-10-12T12:32:46","slug":"ogloszenie-2-2-3-2-2","status":"publish","type":"page","link":"https:\/\/physics.uwb.edu.pl\/wf\/?page_id=11454","title":{"rendered":"Wyjazdy pracownik\u00f3w STA i STT &#8211; ERASMUS+  &#8211; rok akademicki 2020\/2021"},"content":{"rendered":"<p style=\"text-align: center;\"><img loading=\"lazy\" decoding=\"async\" class=\"aligncenter size-medium wp-image-7146\" src=\"http:\/\/physics.uwb.edu.pl\/wf\/wp-content\/uploads\/2018\/03\/EU-flag-Erasmus_vect_POS-300x86.jpg\" alt=\"\" width=\"300\" height=\"86\" srcset=\"https:\/\/physics.uwb.edu.pl\/wf\/wp-content\/uploads\/2018\/03\/EU-flag-Erasmus_vect_POS-300x86.jpg 300w, https:\/\/physics.uwb.edu.pl\/wf\/wp-content\/uploads\/2018\/03\/EU-flag-Erasmus_vect_POS-150x43.jpg 150w, https:\/\/physics.uwb.edu.pl\/wf\/wp-content\/uploads\/2018\/03\/EU-flag-Erasmus_vect_POS-1024x292.jpg 1024w, https:\/\/physics.uwb.edu.pl\/wf\/wp-content\/uploads\/2018\/03\/EU-flag-Erasmus_vect_POS-1025x293.jpg 1025w, https:\/\/physics.uwb.edu.pl\/wf\/wp-content\/uploads\/2018\/03\/EU-flag-Erasmus_vect_POS.jpg 1964w\" sizes=\"auto, (max-width: 300px) 100vw, 300px\" \/><\/p>\n<p style=\"text-align: center;\"><strong>&nbsp;Wyjazdy pracownik\u00f3w <u>STA i STT<\/u> &#8211; ERASMUS+&nbsp; &#8211; rok akademicki 2020\/2021<\/strong><\/p>\n<p>&nbsp;<\/p>\n<p style=\"text-align: justify;\">Pracownicy Wydzia\u0142u Fizyki &nbsp;zainteresowani <strong>wyjazdami STA i STT w roku akademickiego 2020\/2021 <\/strong>w ramach <strong>programu Erasmus +<\/strong>&nbsp; mog\u0105 kontaktowa\u0107 si\u0119 ze mn\u0105 osobi\u015bcie (pok.1065) lub mailowo (<a href=\"mailto:k.perzynska@uwb.edu.pl\">k.perzynska@uwb.edu.pl<\/a>.)<\/p>\n<p>&nbsp;Jednocze\u015bnie informuj\u0119, i\u017c tegoroczna rekrutacja r\u00f3\u017cni si\u0119 od wcze\u015bniejszych, a mianowicie:<\/p>\n<ol>\n<li>KE dopuszcza mo\u017cliwo\u015b\u0107 realizacji wyk\u0142ad\u00f3w\/sta\u017cu bez konieczno\u015bci wyjazdu do kraju partnerskiego;<\/li>\n<li>po 16.10.2020 r. rekrutacja przechodzi w ci\u0105g\u0142\u0105, ale dokumenty mo\u017cna z\u0142o\u017cy\u0107 nie wcze\u015bniej ni\u017c 2 miesi\u0105ce przed wyjazdem.<\/li>\n<\/ol>\n<p>&nbsp;Og\u00f3lne zasady rekrutacji znajduj\u0105 si\u0119 na stronie internetowej wydzia\u0142u, w zak\u0142adce: studenci\\ Erasmus +\\ wyjazdy pracownik\u00f3w.<\/p>\n<p>&nbsp;<\/p>\n<p>&nbsp;<\/p>\n<p>Krystyna Perzy\u0144ska<br \/>\n\/koordynator wydzia\u0142owy Erasmus+\/<\/p>\n<p>&nbsp;<\/p>\n","protected":false},"excerpt":{"rendered":"<p>&nbsp;Wyjazdy pracownik\u00f3w STA i STT &#8211; ERASMUS+&nbsp; &#8211; rok akademicki 2020\/2021 &nbsp; Pracownicy Wydzia\u0142u Fizyki &nbsp;zainteresowani wyjazdami STA i STT w roku akademickiego 2020\/2021 w ramach programu Erasmus +&nbsp; mog\u0105 <a href=\"https:\/\/physics.uwb.edu.pl\/wf\/?page_id=11454\" class=\"more-link\">[&hellip;]<\/a><\/p>\n","protected":false},"author":14,"featured_media":7146,"parent":713,"menu_order":0,"comment_status":"closed","ping_status":"closed","template":"","meta":{"ngg_post_thumbnail":0,"Layout":"","footnotes":""},"categories":[27,23],"tags":[],"class_list":["entry","author-ulag","post-11454","page","type-page","status-publish","has-post-thumbnail","category-post_news_pl","category-student_pl"],"jetpack_sharing_enabled":true,"jetpack_shortlink":"https:\/\/wp.me\/P7nvcn-2YK","_links":{"self":[{"href":"https:\/\/physics.uwb.edu.pl\/wf\/index.php?rest_route=\/wp\/v2\/pages\/11454","targetHints":{"allow":["GET"]}}],"collection":[{"href":"https:\/\/physics.uwb.edu.pl\/wf\/index.php?rest_route=\/wp\/v2\/pages"}],"about":[{"href":"https:\/\/physics.uwb.edu.pl\/wf\/index.php?rest_route=\/wp\/v2\/types\/page"}],"author":[{"embeddable":true,"href":"https:\/\/physics.uwb.edu.pl\/wf\/index.php?rest_route=\/wp\/v2\/users\/14"}],"replies":[{"embeddable":true,"href":"https:\/\/physics.uwb.edu.pl\/wf\/index.php?rest_route=%2Fwp%2Fv2%2Fcomments&post=11454"}],"version-history":[{"count":1,"href":"https:\/\/physics.uwb.edu.pl\/wf\/index.php?rest_route=\/wp\/v2\/pages\/11454\/revisions"}],"predecessor-version":[{"id":11455,"href":"https:\/\/physics.uwb.edu.pl\/wf\/index.php?rest_route=\/wp\/v2\/pages\/11454\/revisions\/11455"}],"up":[{"embeddable":true,"href":"https:\/\/physics.uwb.edu.pl\/wf\/index.php?rest_route=\/wp\/v2\/pages\/713"}],"wp:featuredmedia":[{"embeddable":true,"href":"https:\/\/physics.uwb.edu.pl\/wf\/index.php?rest_route=\/wp\/v2\/media\/7146"}],"wp:attachment":[{"href":"https:\/\/physics.uwb.edu.pl\/wf\/index.php?rest_route=%2Fwp%2Fv2%2Fmedia&parent=11454"}],"wp:term":[{"taxonomy":"category","embeddable":true,"href":"https:\/\/physics.uwb.edu.pl\/wf\/index.php?rest_route=%2Fwp%2Fv2%2Fcategories&post=11454"},{"taxonomy":"post_tag","embeddable":true,"href":"https:\/\/physics.uwb.edu.pl\/wf\/index.php?rest_route=%2Fwp%2Fv2%2Ftags&post=11454"}],"curies":[{"name":"wp","href":"https:\/\/api.w.org\/{rel}","templated":true}]}}