{"id":11471,"date":"2020-10-15T09:52:02","date_gmt":"2020-10-15T07:52:02","guid":{"rendered":"http:\/\/physics.uwb.edu.pl\/wf\/?page_id=11471"},"modified":"2020-10-15T09:52:02","modified_gmt":"2020-10-15T07:52:02","slug":"o-marianie-smoluchowskim-w-setna-rocznice-smierci-2-2-2-2-2-4-3-2-2-2-2-2-2-2-3-3-2-3-2-2-2-2-3-2-2-2-2-2-2-3-2-2-2-2-2-2-2-2-2-2-2-2-2-2-2-3-2-2-2","status":"publish","type":"page","link":"https:\/\/physics.uwb.edu.pl\/wf\/?page_id=11471","title":{"rendered":"seminarium online"},"content":{"rendered":"<p>Informacje o po\u0142\u0105czeniu on-line<\/p>\n<p>Topic: Seminarium 20X 12:15 Prof. dr hab. Eugeniusza \u017bukowskiego<\/p>\n<p>Time: Oct 20, 2020 12:00 PM Warsaw<\/p>\n<p>&nbsp;<\/p>\n<p>Join Zoom Meeting<\/p>\n<p><a href=\"https:\/\/us02web.zoom.us\/j\/82918267099?pwd=aHZleWNPbTZYRndVMHJlanB6SkVTZz09\">https:\/\/us02web.zoom.us\/j\/82918267099?pwd=aHZleWNPbTZYRndVMHJlanB6SkVTZz09<\/a><\/p>\n<p>&nbsp;<\/p>\n<p>Meeting ID: 829 1826 7099<\/p>\n<p>Passcode: N718vr<\/p>\n","protected":false},"excerpt":{"rendered":"<p>Informacje o po\u0142\u0105czeniu on-line Topic: Seminarium 20X 12:15 Prof. dr hab. Eugeniusza \u017bukowskiego Time: Oct 20, 2020 12:00 PM Warsaw &nbsp; Join Zoom Meeting https:\/\/us02web.zoom.us\/j\/82918267099?pwd=aHZleWNPbTZYRndVMHJlanB6SkVTZz09 &nbsp; Meeting ID: 829 1826 <a href=\"https:\/\/physics.uwb.edu.pl\/wf\/?page_id=11471\" class=\"more-link\">[&hellip;]<\/a><\/p>\n","protected":false},"author":14,"featured_media":8413,"parent":0,"menu_order":0,"comment_status":"closed","ping_status":"closed","template":"","meta":{"ngg_post_thumbnail":0,"Layout":"1c","footnotes":""},"categories":[],"tags":[],"class_list":["entry","author-ulag","post-11471","page","type-page","status-publish","has-post-thumbnail"],"jetpack_sharing_enabled":true,"jetpack_shortlink":"https:\/\/wp.me\/P7nvcn-2Z1","_links":{"self":[{"href":"https:\/\/physics.uwb.edu.pl\/wf\/index.php?rest_route=\/wp\/v2\/pages\/11471","targetHints":{"allow":["GET"]}}],"collection":[{"href":"https:\/\/physics.uwb.edu.pl\/wf\/index.php?rest_route=\/wp\/v2\/pages"}],"about":[{"href":"https:\/\/physics.uwb.edu.pl\/wf\/index.php?rest_route=\/wp\/v2\/types\/page"}],"author":[{"embeddable":true,"href":"https:\/\/physics.uwb.edu.pl\/wf\/index.php?rest_route=\/wp\/v2\/users\/14"}],"replies":[{"embeddable":true,"href":"https:\/\/physics.uwb.edu.pl\/wf\/index.php?rest_route=%2Fwp%2Fv2%2Fcomments&post=11471"}],"version-history":[{"count":1,"href":"https:\/\/physics.uwb.edu.pl\/wf\/index.php?rest_route=\/wp\/v2\/pages\/11471\/revisions"}],"predecessor-version":[{"id":11472,"href":"https:\/\/physics.uwb.edu.pl\/wf\/index.php?rest_route=\/wp\/v2\/pages\/11471\/revisions\/11472"}],"wp:featuredmedia":[{"embeddable":true,"href":"https:\/\/physics.uwb.edu.pl\/wf\/index.php?rest_route=\/wp\/v2\/media\/8413"}],"wp:attachment":[{"href":"https:\/\/physics.uwb.edu.pl\/wf\/index.php?rest_route=%2Fwp%2Fv2%2Fmedia&parent=11471"}],"wp:term":[{"taxonomy":"category","embeddable":true,"href":"https:\/\/physics.uwb.edu.pl\/wf\/index.php?rest_route=%2Fwp%2Fv2%2Fcategories&post=11471"},{"taxonomy":"post_tag","embeddable":true,"href":"https:\/\/physics.uwb.edu.pl\/wf\/index.php?rest_route=%2Fwp%2Fv2%2Ftags&post=11471"}],"curies":[{"name":"wp","href":"https:\/\/api.w.org\/{rel}","templated":true}]}}