{"id":11492,"date":"2020-10-20T08:50:23","date_gmt":"2020-10-20T06:50:23","guid":{"rendered":"http:\/\/physics.uwb.edu.pl\/wf\/?page_id=11492"},"modified":"2020-10-20T08:50:23","modified_gmt":"2020-10-20T06:50:23","slug":"fizycy-uwb-zademonstrowali-nowa-ultraszybka-metode-zapisu-informacji-2-2-2-2-4-4-2","status":"publish","type":"page","link":"https:\/\/physics.uwb.edu.pl\/wf\/?page_id=11492","title":{"rendered":"Ad astra &#8211; kr\u00f3tki kurs j\u0119zyka \u0142aci\u0144skiego dla student\u00f3w"},"content":{"rendered":"<p class=\"western\" align=\"center\"><span style=\"font-family: Times New Roman, serif;\"><span style=\"font-size: large;\"><i><b>Studium Praktycznej Nauki J\u0119zyk\u00f3w Obcych <\/b><\/i><\/span><\/span><\/p>\n<p class=\"western\" align=\"center\"><span style=\"font-family: Times New Roman, serif;\"><span style=\"font-size: large;\"><i><b>Uniwersytetu w Bia\u0142ymstoku<\/b><\/i><\/span><\/span><\/p>\n<p class=\"western\" align=\"center\"><span style=\"font-family: Times New Roman, serif;\"><span style=\"font-size: large;\"><i><b>proponuje studentom w roku akademickim 2020\/21 <\/b><\/i><\/span><\/span><\/p>\n<p class=\"western\" align=\"center\"><span style=\"font-family: Times New Roman, serif;\"><span style=\"font-size: large;\"><i><b>bezp\u0142atne dodatkowe zaj\u0119cia j\u0119zykowe z \u0141aciny poza programem studi\u00f3w.<\/b><\/i><\/span><\/span><\/p>\n<p class=\"western\" align=\"center\">\n<p class=\"western\" align=\"center\"><span style=\"font-family: Times New Roman, serif;\"><span style=\"font-size: large;\"><span lang=\"en-US\"><i>Quis homo eruditus sine linguae Latinae scientia?<\/i><\/span><\/span><\/span><\/p>\n<p class=\"western\" align=\"center\"><span style=\"font-family: Times New Roman, serif;\"><span style=\"font-size: medium;\">( Kim\u017ce jest cz\u0142owiek wykszta\u0142cony bez znajomo\u015bci j\u0119zyka \u0142aci\u0144skiego? )<\/span><\/span><\/p>\n<p class=\"western\" align=\"center\"><img loading=\"lazy\" decoding=\"async\" class=\"alignnone size-full wp-image-11493\" src=\"http:\/\/physics.uwb.edu.pl\/wf\/wp-content\/uploads\/2020\/10\/Ad_astra.jpeg.jpg\" alt=\"\" width=\"183\" height=\"188\" srcset=\"https:\/\/physics.uwb.edu.pl\/wf\/wp-content\/uploads\/2020\/10\/Ad_astra.jpeg.jpg 183w, https:\/\/physics.uwb.edu.pl\/wf\/wp-content\/uploads\/2020\/10\/Ad_astra.jpeg-146x150.jpg 146w\" sizes=\"auto, (max-width: 183px) 100vw, 183px\" \/><\/p>\n<p class=\"western\" align=\"center\"><span style=\"font-family: Times New Roman, serif;\"><span style=\"font-size: x-large;\"><b>Ad astra, <\/b><\/span><\/span><\/p>\n<p class=\"western\" align=\"center\"><span style=\"font-family: Times New Roman, serif;\"><span style=\"font-size: x-large;\"><b>czyli kr\u00f3tki kurs j\u0119zyka \u0142aci\u0144skiego<\/b><\/span><\/span><\/p>\n<p class=\"western\" align=\"center\">&nbsp;<\/p>\n<p class=\"western\"><span style=\"font-family: Times New Roman, serif;\"><span style=\"font-size: large;\">Zapraszamy wszystkich zainteresowanych student\u00f3w na <\/span><\/span><span style=\"font-family: Times New Roman, serif;\"><span style=\"font-size: large;\"><b>og\u00f3lnouczelniane zdalne zaj\u0119cia<\/b><\/span><\/span> <span style=\"font-family: Times New Roman, serif;\"><span style=\"font-size: large;\"><b>z j\u0119zyka \u0142aci\u0144skiego, na platformie Blackboard Collaborate,<\/b><\/span><\/span><span style=\"font-family: Times New Roman, serif;\"><span style=\"font-size: large;\"> kt\u00f3rzy chcieliby:<\/span><\/span><\/p>\n<p class=\"western\"><span style=\"font-family: Times New Roman, serif;\"><span style=\"font-size: large;\">&#8211; <\/span><\/span><span style=\"font-family: Times New Roman, serif;\"><span style=\"font-size: large;\"><b>rozpocz\u0105\u0107 <\/b><\/span><\/span><span style=\"font-family: Times New Roman, serif;\"><span style=\"font-size: large;\">nauk\u0119 j\u0119zyka \u0142aci\u0144skiego od pocz\u0105tku, <\/span><\/span><\/p>\n<p class=\"western\"><span style=\"font-family: Times New Roman, serif;\"><span style=\"font-size: large;\">czyli <\/span><\/span><span style=\"font-family: Times New Roman, serif;\"><span style=\"font-size: large;\"><i>\u201eab ovo\u201d<\/i><\/span><\/span><span style=\"font-family: Times New Roman, serif;\"><span style=\"font-size: large;\"> jakby powiedzieli staro\u017cytni Rzymianie<\/span><\/span><\/p>\n<p class=\"western\"><span style=\"font-family: Times New Roman, serif;\"><span style=\"font-size: large;\"><b>&#8211; przypomnie\u0107 <\/b><\/span><\/span><span style=\"font-family: Times New Roman, serif;\"><span style=\"font-size: large;\">j\u0119zyk \u0142aci\u0144ski, bo <\/span><\/span><\/p>\n<p class=\"western\">\u201e<span style=\"font-family: Times New Roman, serif;\"><span style=\"font-size: large;\"><i>Repetitio est mater studiorum\u201d<\/i><\/span><\/span><span style=\"font-family: Times New Roman, serif;\"><span style=\"font-size: medium;\">(Powtarzanie jest matk\u0105 nauk.)<\/span><\/span><\/p>\n<p class=\"western\">\n<p class=\"western\"><span style=\"font-family: Times New Roman, serif;\"><span style=\"font-size: large;\"> Zaj\u0119cia w wymiarze <\/span><\/span><span style=\"font-family: Times New Roman, serif;\"><span style=\"font-size: large;\"><b>40 godzin<\/b><\/span><\/span><span style=\"font-family: Times New Roman, serif;\"><span style=\"font-size: large;\"> rozpoczn\u0105 si\u0119 w <\/span><\/span><span style=\"font-family: Times New Roman, serif;\"><span style=\"font-size: large;\"><b>semestrze zimowym roku akademickiego 2020\/2021.<\/b><\/span><\/span><\/p>\n<p class=\"western\" align=\"center\"><span style=\"font-family: Times New Roman, serif;\"><span style=\"font-size: large;\"><u><b>Pierwsze spotkanie odb\u0119dzie si\u0119 <\/b><\/u><\/span><\/span><\/p>\n<p class=\"western\" align=\"center\"><span style=\"font-family: Times New Roman, serif;\"><span style=\"font-size: large;\"><u><b>12.11.2020r (czwartek) o godz. 18.00, on-line<\/b><\/u><\/span><\/span><\/p>\n<p class=\"western\" align=\"center\"><span style=\"font-family: Times New Roman, serif;\"><span style=\"font-size: large;\"><u><b>(platforma Blackboard Collaborate) <\/b><\/u><\/span><\/span><\/p>\n<p class=\"western\">\n<p class=\"western\"><span style=\"font-size: large;\"><b>Rejestracja w Usosweb <\/b><\/span><span style=\"font-size: large;\"><u><b>od 20.10. do 13.11.2020 r.<\/b><\/u><\/span><\/p>\n<p class=\"western\">\n<p class=\"western\"><span style=\"font-family: Times New Roman, serif;\"><span style=\"font-size: medium;\">Warunki zaliczenia: regularne ucz\u0119szczanie na zaj\u0119cia, aktywny udzia\u0142, praca w\u0142asna studenta. Po otrzymaniu zaliczenia istnieje mo\u017cliwo\u015b\u0107 wpisu do suplementu do dyplomu w rubryce inne osi\u0105gni\u0119cia (na wniosek uczestnika kursu).<\/span><\/span><\/p>\n<p class=\"western\"><span style=\"font-family: Times New Roman, serif;\"><span style=\"font-size: medium;\"><i>Kontakt z prowadz\u0105c\u0105 mgr Alin\u0105 Paw\u0142owsk\u0105:<\/i><\/span><\/span><span style=\"font-family: Times New Roman, serif;\"><span style=\"font-size: medium;\"><i><b>alina.pawlowska@uwb.edu.pl <\/b><\/i><\/span><\/span><span style=\"font-family: Times New Roman, serif;\"><span style=\"font-size: medium;\"><i> lub z sekretariatem Studium Praktycznej Nauki J\u0119zyk\u00f3w Obcych.: <\/i><\/span><\/span><span style=\"font-family: Times New Roman, serif;\"><span style=\"font-size: medium;\"><i><b>spnjo@uwb.edu.pl<\/b><\/i><\/span><\/span><\/p>\n","protected":false},"excerpt":{"rendered":"<p>Studium Praktycznej Nauki J\u0119zyk\u00f3w Obcych Uniwersytetu w Bia\u0142ymstoku proponuje studentom w roku akademickim 2020\/21 bezp\u0142atne dodatkowe zaj\u0119cia j\u0119zykowe z \u0141aciny poza programem studi\u00f3w. Quis homo eruditus sine linguae Latinae scientia? <a href=\"https:\/\/physics.uwb.edu.pl\/wf\/?page_id=11492\" class=\"more-link\">[&hellip;]<\/a><\/p>\n","protected":false},"author":5,"featured_media":11493,"parent":713,"menu_order":0,"comment_status":"closed","ping_status":"closed","template":"","meta":{"ngg_post_thumbnail":0,"Layout":"1c","footnotes":""},"categories":[27,3],"tags":[],"class_list":["entry","author-gawryl","post-11492","page","type-page","status-publish","has-post-thumbnail","category-post_news_pl","category-wydzialowe_pl"],"jetpack_sharing_enabled":true,"jetpack_shortlink":"https:\/\/wp.me\/P7nvcn-2Zm","_links":{"self":[{"href":"https:\/\/physics.uwb.edu.pl\/wf\/index.php?rest_route=\/wp\/v2\/pages\/11492","targetHints":{"allow":["GET"]}}],"collection":[{"href":"https:\/\/physics.uwb.edu.pl\/wf\/index.php?rest_route=\/wp\/v2\/pages"}],"about":[{"href":"https:\/\/physics.uwb.edu.pl\/wf\/index.php?rest_route=\/wp\/v2\/types\/page"}],"author":[{"embeddable":true,"href":"https:\/\/physics.uwb.edu.pl\/wf\/index.php?rest_route=\/wp\/v2\/users\/5"}],"replies":[{"embeddable":true,"href":"https:\/\/physics.uwb.edu.pl\/wf\/index.php?rest_route=%2Fwp%2Fv2%2Fcomments&post=11492"}],"version-history":[{"count":1,"href":"https:\/\/physics.uwb.edu.pl\/wf\/index.php?rest_route=\/wp\/v2\/pages\/11492\/revisions"}],"predecessor-version":[{"id":11494,"href":"https:\/\/physics.uwb.edu.pl\/wf\/index.php?rest_route=\/wp\/v2\/pages\/11492\/revisions\/11494"}],"up":[{"embeddable":true,"href":"https:\/\/physics.uwb.edu.pl\/wf\/index.php?rest_route=\/wp\/v2\/pages\/713"}],"wp:featuredmedia":[{"embeddable":true,"href":"https:\/\/physics.uwb.edu.pl\/wf\/index.php?rest_route=\/wp\/v2\/media\/11493"}],"wp:attachment":[{"href":"https:\/\/physics.uwb.edu.pl\/wf\/index.php?rest_route=%2Fwp%2Fv2%2Fmedia&parent=11492"}],"wp:term":[{"taxonomy":"category","embeddable":true,"href":"https:\/\/physics.uwb.edu.pl\/wf\/index.php?rest_route=%2Fwp%2Fv2%2Fcategories&post=11492"},{"taxonomy":"post_tag","embeddable":true,"href":"https:\/\/physics.uwb.edu.pl\/wf\/index.php?rest_route=%2Fwp%2Fv2%2Ftags&post=11492"}],"curies":[{"name":"wp","href":"https:\/\/api.w.org\/{rel}","templated":true}]}}