{"id":11584,"date":"2020-11-02T15:10:08","date_gmt":"2020-11-02T14:10:08","guid":{"rendered":"http:\/\/physics.uwb.edu.pl\/wf\/?page_id=11584"},"modified":"2020-11-02T15:10:08","modified_gmt":"2020-11-02T14:10:08","slug":"programy-i-plany-studiow-efekty-ksztalcenia-4","status":"publish","type":"page","link":"https:\/\/physics.uwb.edu.pl\/wf\/?page_id=11584","title":{"rendered":"Informacje archiwalne"},"content":{"rendered":"<p>Cykle kszta\u0142cenia rozpocz\u0119te: 1 pa\u017adziernika 2017<\/p>\n<h5>Specjalno\u015b\u0107: Fizyka<\/h5>\n\n<!-- Page-list plugin v.5.9 wordpress.org\/plugins\/page-list\/ -->\n<div class=\"page-list page-list-ext \">\n<div class=\"page-list-ext-item\"><h3 class=\"page-list-ext-title\"><a href=\"https:\/\/physics.uwb.edu.pl\/wf\/?page_id=7291\" title=\"Fizyka - studia I-go stopnia\">Fizyka - studia I-go stopnia<\/a><\/h3><\/div>\n<div class=\"page-list-ext-item\"><h3 class=\"page-list-ext-title\"><a href=\"https:\/\/physics.uwb.edu.pl\/wf\/?page_id=7306\" title=\"Fizyka do\u015bwiadczalna - studia II-go stopnia\">Fizyka do\u015bwiadczalna - studia II-go stopnia<\/a><\/h3><\/div>\n<div class=\"page-list-ext-item\"><h3 class=\"page-list-ext-title\"><a href=\"https:\/\/physics.uwb.edu.pl\/wf\/?page_id=7299\" title=\"Fizyka teoretyczna- studia II-go stopnia\">Fizyka teoretyczna- studia II-go stopnia<\/a><\/h3><\/div>\n<div class=\"page-list-ext-item\"><h3 class=\"page-list-ext-title\"><a href=\"https:\/\/physics.uwb.edu.pl\/wf\/?page_id=7572\" title=\"Fizyka - studia III-go stopnia\">Fizyka - studia III-go stopnia<\/a><\/h3><\/div>\n\n<\/div>\n<h5>Specjalno\u015b\u0107: Fizyka medyczna<\/h5>\n\n<!-- Page-list plugin v.5.9 wordpress.org\/plugins\/page-list\/ -->\n<div class=\"page-list page-list-ext \">\n<div class=\"page-list-ext-item\"><h3 class=\"page-list-ext-title\"><a href=\"https:\/\/physics.uwb.edu.pl\/wf\/?page_id=7185\" title=\"Fizyka medyczna  - studia I-go stopnia\">Fizyka medyczna  - studia I-go stopnia<\/a><\/h3><\/div>\n<div class=\"page-list-ext-item\"><h3 class=\"page-list-ext-title\"><a href=\"https:\/\/physics.uwb.edu.pl\/wf\/?page_id=7264\" title=\"Fizyka medyczna  - studia I-go stopnia (po angielsku)\">Fizyka medyczna  - studia I-go stopnia (po angielsku)<\/a><\/h3><\/div>\n<div class=\"page-list-ext-item\"><h3 class=\"page-list-ext-title\"><a href=\"https:\/\/physics.uwb.edu.pl\/wf\/?page_id=7255\" title=\"Fizyka medyczna - studia II-go stopnia\">Fizyka medyczna - studia II-go stopnia<\/a><\/h3><\/div>\n\n<\/div>\n<h5>Specjalno\u015b\u0107: Fizyka gier komputerowych i robot\u00f3w<\/h5>\n\n<!-- Page-list plugin v.5.9 wordpress.org\/plugins\/page-list\/ -->\n<div class=\"page-list page-list-ext \">\n<div class=\"page-list-ext-item\"><h3 class=\"page-list-ext-title\"><a href=\"https:\/\/physics.uwb.edu.pl\/wf\/?page_id=7192\" title=\"Fizyka gier komputerowych i robot\u00f3w - studia I-go stopnia\">Fizyka gier komputerowych i robot\u00f3w - studia I-go stopnia<\/a><\/h3><\/div>\n\n<\/div>\n<p>&nbsp;<\/p>\n<hr>\n<h3>Cykle kszta\u0142cenia rozpocz\u0119te przed 1 pa\u017adziernika 2017<\/h3>\n\n<!-- Page-list plugin v.5.9 wordpress.org\/plugins\/page-list\/ -->\n<div class=\"page-list page-list-ext \">\n<div class=\"page-list-ext-item\"><h3 class=\"page-list-ext-title\"><a href=\"https:\/\/physics.uwb.edu.pl\/wf\/?page_id=1353\" title=\"Fizyka - studia I-go stopnia (obecny 3 rok w roku akademickim 2018\/2019)\">Fizyka - studia I-go stopnia (obecny 3 rok w roku akademickim 2018\/2019)<\/a><\/h3><\/div>\n<div class=\"page-list-ext-item\"><h3 class=\"page-list-ext-title\"><a href=\"https:\/\/physics.uwb.edu.pl\/wf\/?page_id=3428\" title=\"Fizyka - studia III-go stopnia\">Fizyka - studia III-go stopnia<\/a><\/h3><\/div>\n<div class=\"page-list-ext-item\"><h3 class=\"page-list-ext-title\"><a href=\"https:\/\/physics.uwb.edu.pl\/wf\/?page_id=2197\" title=\"Fizyka gier komputerowych i robot\u00f3w - studia I-go stopnia (obecny 3 rok w roku akademickim 2018\/2019)\">Fizyka gier komputerowych i robot\u00f3w - studia I-go stopnia (obecny 3 rok w roku akademickim 2018\/2019)<\/a><\/h3><\/div>\n<div class=\"page-list-ext-item\"><h3 class=\"page-list-ext-title\"><a href=\"https:\/\/physics.uwb.edu.pl\/wf\/?page_id=1397\" title=\"Fizyka medyczna - studia I-go stopnia (obecny 3 rok w roku akademickim 2018\/2019)\">Fizyka medyczna - studia I-go stopnia (obecny 3 rok w roku akademickim 2018\/2019)<\/a><\/h3><\/div>\n\n<\/div>\n<h3>Kody przedmiot\u00f3w w systemie USOS<\/h3>\n<p><span style=\"font-family: 'Open Sans',Arial,sans-serif; font-size: 14px; font-weight: Bold;\"><a href=\"http:\/\/physics.uwb.edu.pl\/wf\/wp-content\/uploads\/2018\/10\/kody_usos2018.pdf\">Kody przedmiot\u00f3w: stan na rok akademicki 2018\/2019<\/a><\/span><span style=\"font-family: 'Open Sans',Arial,sans-serif; font-size: 14px; font-weight: Bold;\"><br \/>\n<a href=\"http:\/\/physics.uwb.edu.pl\/wf\/wp-content\/uploads\/2018\/03\/kody_usos_przedmiot_prowadz\u0105cy.pdf\">Kody przedmiot\u00f3w: stan na rok akademicki 2017\/2018<\/a><br \/>\n<\/span><\/p>\n","protected":false},"excerpt":{"rendered":"<p>Cykle kszta\u0142cenia rozpocz\u0119te: 1 pa\u017adziernika 2017 Specjalno\u015b\u0107: Fizyka Specjalno\u015b\u0107: Fizyka medyczna Specjalno\u015b\u0107: Fizyka gier komputerowych i robot\u00f3w &nbsp; Cykle kszta\u0142cenia rozpocz\u0119te przed 1 pa\u017adziernika 2017 Kody przedmiot\u00f3w w systemie USOS <a href=\"https:\/\/physics.uwb.edu.pl\/wf\/?page_id=11584\" class=\"more-link\">[&hellip;]<\/a><\/p>\n","protected":false},"author":14,"featured_media":1426,"parent":38,"menu_order":2,"comment_status":"closed","ping_status":"closed","template":"","meta":{"ngg_post_thumbnail":0,"Layout":"1c","footnotes":""},"categories":[23],"tags":[],"class_list":["entry","author-ulag","post-11584","page","type-page","status-publish","has-post-thumbnail","category-student_pl"],"jetpack_sharing_enabled":true,"jetpack_shortlink":"https:\/\/wp.me\/P7nvcn-30Q","_links":{"self":[{"href":"https:\/\/physics.uwb.edu.pl\/wf\/index.php?rest_route=\/wp\/v2\/pages\/11584","targetHints":{"allow":["GET"]}}],"collection":[{"href":"https:\/\/physics.uwb.edu.pl\/wf\/index.php?rest_route=\/wp\/v2\/pages"}],"about":[{"href":"https:\/\/physics.uwb.edu.pl\/wf\/index.php?rest_route=\/wp\/v2\/types\/page"}],"author":[{"embeddable":true,"href":"https:\/\/physics.uwb.edu.pl\/wf\/index.php?rest_route=\/wp\/v2\/users\/14"}],"replies":[{"embeddable":true,"href":"https:\/\/physics.uwb.edu.pl\/wf\/index.php?rest_route=%2Fwp%2Fv2%2Fcomments&post=11584"}],"version-history":[{"count":1,"href":"https:\/\/physics.uwb.edu.pl\/wf\/index.php?rest_route=\/wp\/v2\/pages\/11584\/revisions"}],"predecessor-version":[{"id":11585,"href":"https:\/\/physics.uwb.edu.pl\/wf\/index.php?rest_route=\/wp\/v2\/pages\/11584\/revisions\/11585"}],"up":[{"embeddable":true,"href":"https:\/\/physics.uwb.edu.pl\/wf\/index.php?rest_route=\/wp\/v2\/pages\/38"}],"wp:featuredmedia":[{"embeddable":true,"href":"https:\/\/physics.uwb.edu.pl\/wf\/index.php?rest_route=\/wp\/v2\/media\/1426"}],"wp:attachment":[{"href":"https:\/\/physics.uwb.edu.pl\/wf\/index.php?rest_route=%2Fwp%2Fv2%2Fmedia&parent=11584"}],"wp:term":[{"taxonomy":"category","embeddable":true,"href":"https:\/\/physics.uwb.edu.pl\/wf\/index.php?rest_route=%2Fwp%2Fv2%2Fcategories&post=11584"},{"taxonomy":"post_tag","embeddable":true,"href":"https:\/\/physics.uwb.edu.pl\/wf\/index.php?rest_route=%2Fwp%2Fv2%2Ftags&post=11584"}],"curies":[{"name":"wp","href":"https:\/\/api.w.org\/{rel}","templated":true}]}}