{"id":11606,"date":"2020-11-12T12:13:21","date_gmt":"2020-11-12T11:13:21","guid":{"rendered":"http:\/\/physics.uwb.edu.pl\/wf\/?page_id=11606"},"modified":"2020-11-13T09:23:31","modified_gmt":"2020-11-13T08:23:31","slug":"targi-edukacyjne-w-grajewie-2-2-3-3-2-2-2-3-2","status":"publish","type":"page","link":"https:\/\/physics.uwb.edu.pl\/wf\/?page_id=11606","title":{"rendered":"Szczepionka na COVID-19: audycja w Radiu Bia\u0142ystok"},"content":{"rendered":"<p>W dniu 12 pa\u017adziernika 2020 r. go\u015bciem audycji <a href=\"https:\/\/www.radio.bialystok.pl\/wersjalokalna\/index\/\">Wersja lokalna w Radiu Bia\u0142ystok<\/a> by\u0142 pracownik Wydzia\u0142u Fizyki &#8211; dr Jan Kisielewski oraz prof. Robert Flisiak \u2013 prezes Polskiego Towarzystwa Epidemiolog\u00f3w i Lekarzy Chor\u00f3b Zaka\u017anych z UMB. Rozmowa dotyczy\u0142a temat\u00f3w zwi\u0105zanych z pandemi\u0105 koronawirusa.<\/p>\n<p><img loading=\"lazy\" decoding=\"async\" class=\"alignnone wp-image-11607 size-large\" src=\"http:\/\/physics.uwb.edu.pl\/wf\/wp-content\/uploads\/2020\/11\/radio-covid19-janek-1024x576.jpeg\" alt=\"\" width=\"1024\" height=\"576\" srcset=\"https:\/\/physics.uwb.edu.pl\/wf\/wp-content\/uploads\/2020\/11\/radio-covid19-janek-1024x576.jpeg 1024w, https:\/\/physics.uwb.edu.pl\/wf\/wp-content\/uploads\/2020\/11\/radio-covid19-janek-300x169.jpeg 300w, https:\/\/physics.uwb.edu.pl\/wf\/wp-content\/uploads\/2020\/11\/radio-covid19-janek-150x84.jpeg 150w, https:\/\/physics.uwb.edu.pl\/wf\/wp-content\/uploads\/2020\/11\/radio-covid19-janek-1536x864.jpeg 1536w, https:\/\/physics.uwb.edu.pl\/wf\/wp-content\/uploads\/2020\/11\/radio-covid19-janek-889x500.jpeg 889w, https:\/\/physics.uwb.edu.pl\/wf\/wp-content\/uploads\/2020\/11\/radio-covid19-janek.jpeg 1920w\" sizes=\"auto, (max-width: 1024px) 100vw, 1024px\" \/><\/p>\n<p>Doktor Kisielewski zajmuje si\u0119 modelowaniem pandemii w Centrum Modelowania Matematycznego i Komputerowego UW &#8211; warto zajrze\u0107 na <a href=\"https:\/\/www.uw.edu.pl\/wyniki-symulacji-modelu-epidemiologicznego-icm-uw\/\">oficjaln\u0105 stron\u0119<\/a> z prognozami pandemii.&nbsp; Zapraszamy tak\u017ce do <a href=\"https:\/\/www.radio.bialystok.pl\/wersjalokalna\/index\/id\/192156\">ods\u0142uchania w ca\u0142o\u015bci<\/a> audycji radiowej.<\/p>\n<h6>\u0179r\u00f3d\u0142o grafiki: https:\/\/www.radio.bialystok.pl\/wersjalokalna\/index\/id\/192156<\/h6>\n","protected":false},"excerpt":{"rendered":"<p>W dniu 12 pa\u017adziernika 2020 r. go\u015bciem audycji Wersja lokalna w Radiu Bia\u0142ystok by\u0142 pracownik Wydzia\u0142u Fizyki &#8211; dr Jan Kisielewski oraz prof. Robert Flisiak \u2013 prezes Polskiego Towarzystwa Epidemiolog\u00f3w <a href=\"https:\/\/physics.uwb.edu.pl\/wf\/?page_id=11606\" class=\"more-link\">[&hellip;]<\/a><\/p>\n","protected":false},"author":5,"featured_media":11607,"parent":2744,"menu_order":0,"comment_status":"closed","ping_status":"closed","template":"","meta":{"ngg_post_thumbnail":0,"Layout":"1c","footnotes":""},"categories":[166,131],"tags":[],"class_list":["entry","author-gawryl","post-11606","page","type-page","status-publish","has-post-thumbnail","category-edukacyjne","category-galeria_foto"],"jetpack_sharing_enabled":true,"jetpack_shortlink":"https:\/\/wp.me\/P7nvcn-31c","_links":{"self":[{"href":"https:\/\/physics.uwb.edu.pl\/wf\/index.php?rest_route=\/wp\/v2\/pages\/11606","targetHints":{"allow":["GET"]}}],"collection":[{"href":"https:\/\/physics.uwb.edu.pl\/wf\/index.php?rest_route=\/wp\/v2\/pages"}],"about":[{"href":"https:\/\/physics.uwb.edu.pl\/wf\/index.php?rest_route=\/wp\/v2\/types\/page"}],"author":[{"embeddable":true,"href":"https:\/\/physics.uwb.edu.pl\/wf\/index.php?rest_route=\/wp\/v2\/users\/5"}],"replies":[{"embeddable":true,"href":"https:\/\/physics.uwb.edu.pl\/wf\/index.php?rest_route=%2Fwp%2Fv2%2Fcomments&post=11606"}],"version-history":[{"count":3,"href":"https:\/\/physics.uwb.edu.pl\/wf\/index.php?rest_route=\/wp\/v2\/pages\/11606\/revisions"}],"predecessor-version":[{"id":11610,"href":"https:\/\/physics.uwb.edu.pl\/wf\/index.php?rest_route=\/wp\/v2\/pages\/11606\/revisions\/11610"}],"up":[{"embeddable":true,"href":"https:\/\/physics.uwb.edu.pl\/wf\/index.php?rest_route=\/wp\/v2\/pages\/2744"}],"wp:featuredmedia":[{"embeddable":true,"href":"https:\/\/physics.uwb.edu.pl\/wf\/index.php?rest_route=\/wp\/v2\/media\/11607"}],"wp:attachment":[{"href":"https:\/\/physics.uwb.edu.pl\/wf\/index.php?rest_route=%2Fwp%2Fv2%2Fmedia&parent=11606"}],"wp:term":[{"taxonomy":"category","embeddable":true,"href":"https:\/\/physics.uwb.edu.pl\/wf\/index.php?rest_route=%2Fwp%2Fv2%2Fcategories&post=11606"},{"taxonomy":"post_tag","embeddable":true,"href":"https:\/\/physics.uwb.edu.pl\/wf\/index.php?rest_route=%2Fwp%2Fv2%2Ftags&post=11606"}],"curies":[{"name":"wp","href":"https:\/\/api.w.org\/{rel}","templated":true}]}}