{"id":11688,"date":"2020-12-10T11:23:35","date_gmt":"2020-12-10T10:23:35","guid":{"rendered":"http:\/\/physics.uwb.edu.pl\/wf\/?page_id=11688"},"modified":"2020-12-10T11:23:35","modified_gmt":"2020-12-10T10:23:35","slug":"o-marianie-smoluchowskim-w-setna-rocznice-smierci-2-2-2-2-2-4-3-2-2-2-2-2-2-2-3-3-2-3-2-2-2-2-3-2-2-2-2-2-2-3-2-2-2-2-2-2-2-2-2-3-3-2-2-2-3-3-2-2-2-2-2-3-2-3-2-2-2-2-2-2-2-3-3-3-2-2-2-2","status":"publish","type":"page","link":"https:\/\/physics.uwb.edu.pl\/wf\/?page_id=11688","title":{"rendered":"Profesor dr hab. Eugeniusz \u017bukowski &#8211; 50 lat wsp\u00f3\u0142tworzenia uniwersyteckiej fizyki w Bia\u0142ymstoku"},"content":{"rendered":"<h3><strong>Seminarium wydzia\u0142owe (<a href=\"https:\/\/physics.uwb.edu.pl\/wf\/?page_id=11689\" target=\"_blank\" rel=\"noopener noreferrer\">online<\/a>)<br \/>\n<\/strong><\/h3>\n<p align=\"justify\">Dnia 2020-12-15 o godzinie 12:15 odb\u0119dzie si\u0119 seminarium hybrydowe (<a href=\"https:\/\/physics.uwb.edu.pl\/wf\/?page_id=11689\" target=\"_blank\" rel=\"noopener noreferrer\">seminarium online odb\u0119dzie si\u0119 z wykorzystaniem platformy ZOOM<\/a>):<\/p>\n<h3 style=\"text-align: center;\"><span style=\"font-size: 36px;\"><strong>&#8220;Profesor dr hab. Eugeniusz \u017bukowski &#8211; 50 lat wsp\u00f3\u0142tworzenia uniwersyteckiej fizyki w Bia\u0142ymstoku&#8221;<\/strong><\/span><\/h3>\n<p style=\"text-align: right;\">Serdecznie zapraszamy<\/p>\n<p style=\"text-align: right;\">Jan Cie\u015bli\u0144ski<\/p>\n<p style=\"text-align: right;\">Andrzej Maziewski<\/p>\n<p style=\"text-align: right;\">Jerzy Przeszowski<\/p>\n<p>&nbsp;<\/p>\n","protected":false},"excerpt":{"rendered":"<p>Seminarium wydzia\u0142owe (online) Dnia 2020-12-15 o godzinie 12:15 odb\u0119dzie si\u0119 seminarium hybrydowe (seminarium online odb\u0119dzie si\u0119 z wykorzystaniem platformy ZOOM): &#8220;Profesor dr hab. Eugeniusz \u017bukowski &#8211; 50 lat wsp\u00f3\u0142tworzenia uniwersyteckiej <a href=\"https:\/\/physics.uwb.edu.pl\/wf\/?page_id=11688\" class=\"more-link\">[&hellip;]<\/a><\/p>\n","protected":false},"author":14,"featured_media":8413,"parent":822,"menu_order":0,"comment_status":"closed","ping_status":"closed","template":"","meta":{"ngg_post_thumbnail":0,"Layout":"1c","footnotes":""},"categories":[69],"tags":[],"class_list":["entry","author-ulag","post-11688","page","type-page","status-publish","has-post-thumbnail","category-seminarium_pl"],"jetpack_sharing_enabled":true,"jetpack_shortlink":"https:\/\/wp.me\/P7nvcn-32w","_links":{"self":[{"href":"https:\/\/physics.uwb.edu.pl\/wf\/index.php?rest_route=\/wp\/v2\/pages\/11688","targetHints":{"allow":["GET"]}}],"collection":[{"href":"https:\/\/physics.uwb.edu.pl\/wf\/index.php?rest_route=\/wp\/v2\/pages"}],"about":[{"href":"https:\/\/physics.uwb.edu.pl\/wf\/index.php?rest_route=\/wp\/v2\/types\/page"}],"author":[{"embeddable":true,"href":"https:\/\/physics.uwb.edu.pl\/wf\/index.php?rest_route=\/wp\/v2\/users\/14"}],"replies":[{"embeddable":true,"href":"https:\/\/physics.uwb.edu.pl\/wf\/index.php?rest_route=%2Fwp%2Fv2%2Fcomments&post=11688"}],"version-history":[{"count":1,"href":"https:\/\/physics.uwb.edu.pl\/wf\/index.php?rest_route=\/wp\/v2\/pages\/11688\/revisions"}],"predecessor-version":[{"id":11691,"href":"https:\/\/physics.uwb.edu.pl\/wf\/index.php?rest_route=\/wp\/v2\/pages\/11688\/revisions\/11691"}],"up":[{"embeddable":true,"href":"https:\/\/physics.uwb.edu.pl\/wf\/index.php?rest_route=\/wp\/v2\/pages\/822"}],"wp:featuredmedia":[{"embeddable":true,"href":"https:\/\/physics.uwb.edu.pl\/wf\/index.php?rest_route=\/wp\/v2\/media\/8413"}],"wp:attachment":[{"href":"https:\/\/physics.uwb.edu.pl\/wf\/index.php?rest_route=%2Fwp%2Fv2%2Fmedia&parent=11688"}],"wp:term":[{"taxonomy":"category","embeddable":true,"href":"https:\/\/physics.uwb.edu.pl\/wf\/index.php?rest_route=%2Fwp%2Fv2%2Fcategories&post=11688"},{"taxonomy":"post_tag","embeddable":true,"href":"https:\/\/physics.uwb.edu.pl\/wf\/index.php?rest_route=%2Fwp%2Fv2%2Ftags&post=11688"}],"curies":[{"name":"wp","href":"https:\/\/api.w.org\/{rel}","templated":true}]}}