{"id":11726,"date":"2020-12-22T12:47:28","date_gmt":"2020-12-22T11:47:28","guid":{"rendered":"http:\/\/physics.uwb.edu.pl\/wf\/?page_id=11726"},"modified":"2021-01-27T16:05:03","modified_gmt":"2021-01-27T15:05:03","slug":"oferty-pracy-ncn-3","status":"publish","type":"page","link":"https:\/\/physics.uwb.edu.pl\/wf\/?page_id=11726","title":{"rendered":"Oferta zatrudnienia na stanowisko post-doc &#8211; termin 25.03.2021"},"content":{"rendered":"<h1><img loading=\"lazy\" decoding=\"async\" class=\"size-medium wp-image-6904 alignleft\" src=\"http:\/\/physics.uwb.edu.pl\/wf\/wp-content\/uploads\/2018\/02\/logo-NCN-nowe-300x88.jpg\" alt=\"\" width=\"300\" height=\"88\" srcset=\"https:\/\/physics.uwb.edu.pl\/wf\/wp-content\/uploads\/2018\/02\/logo-NCN-nowe-300x88.jpg 300w, https:\/\/physics.uwb.edu.pl\/wf\/wp-content\/uploads\/2018\/02\/logo-NCN-nowe-150x44.jpg 150w, https:\/\/physics.uwb.edu.pl\/wf\/wp-content\/uploads\/2018\/02\/logo-NCN-nowe.jpg 337w\" sizes=\"auto, (max-width: 300px) 100vw, 300px\" \/><\/h1>\n<h3>Oferta zatrudnienia na stanowisko post-doc &#8211; termin 25.03.2021<\/h3>\n<h2><a href=\"https:\/\/ncn.gov.pl\/baza-ofert\/?akcja=wyswietlWszystko\">Oferty pracy NCN<\/a><\/h2>\n<p><b>Nazwa jednostki:<\/b> <a href=\"http:\/\/physics.uwb.edu.pl\">Wydzia\u0142 Fizyki<\/a>, <a href=\"http:\/\/www.uwb.edu.pl\">Uniwersytet w Bia\u0142ymstoku<\/a><\/p>\n<p><strong>Wymagania:<\/strong><\/p>\n<ol>\n<li>Tytu\u0142 doktora z fizyki lub kierunku pokrewnego uzyskany w ci\u0105gu ostatnich 7 lat<\/li>\n<li>Do\u015bwiadczenie w zakresie ultraszybkiej optyki lub fotoniki lub magnetyzmu.<\/li>\n<li>Dobra znajomo\u015b\u0107 j\u0119zyka angielskiego.<\/li>\n<\/ol>\n<p><strong>Opis zada\u0144:<\/strong><\/p>\n<p style=\"padding-left: 40px;\">Stanowisko w ramach projektu badawczego NCN pt. \u201eSterowane laserowo femtosekundowe pr\u0105dy spinowe dla nier\u00f3wnowagowej ultraszybkiej fotoniki\u201d. G\u0142\u00f3wnym celem jest opracowanie nowej metody opartej na indukowanym laserowo transporcie gor\u0105cych elektron\u00f3w spolaryzowanych spinowo. Czasowo-rozdzielcze badania eksperymentalne b\u0119d\u0105 wspomagane poprzez modelowania w oparciu o metody numeryczne. Projekt jest realizowany w grupie prof. A. Stupakiewicza, w ramach tematyki<a href=\"https:\/\/physics.uwb.edu.pl\/wf\/team\/?page_id=113\"> ultraszybkiego magnetyzmu<\/a> z wykorzystaniem bardzo wysokiej klasy nowoczesnych system\u00f3w laser\u00f3w femtosekundowych do spektroskopii czasowo-rozdzielczej&nbsp;<\/p>\n<p><strong>Typ konkursu:<\/strong> OPUS \u2013 ST (Narodowe Centrum Nauki)<br \/>\n<strong>Forma sk\u0142adania ofert:<\/strong> e-mail<br \/>\n<strong>Termin sk\u0142adania ofert:<\/strong> 25 marca 2021, 00:00<\/p>\n<p><strong>Wymagane dokumenty:<\/strong><\/p>\n<ol>\n<li>CV wraz z list\u0105 publikacji.<\/li>\n<li>Kopia dyplomu doktorskiego.<\/li>\n<li>Podanie kontaktu do samodzielnego pracownika naukowego w celu udzielenia opinii.<\/li>\n<li>Zgoda na przetwarzanie danych osobowych dla potrzeb niezb\u0119dnych do realizacji procesu rekrutacji, w tym prowadzenia konkursu zgodnie z Ustaw\u0105 z dnia 29 sierpnia 1997 r. o ochronie danych osobowych (Dz. U. z 2016 r. poz. 922 z p\u00f3\u017ani. zm.).<\/li>\n<\/ol>\n<p><strong>Warunki zatrudnienia:<\/strong><\/p>\n<p style=\"padding-left: 40px;\">wysoko\u015b\u0107 wynagrodzenia (brutto-brutto): 10 000 PLN\/miesi\u0105c<br \/>\nczas zatrudnienia: 2 lata<br \/>\nrozpocz\u0119cie pracy w projekcie: 1 maja 2021<\/p>\n<p>Dokumenty nale\u017cy przes\u0142a\u0107 drog\u0105 elektroniczn\u0105 (tytu\u0142 wiadomo\u015bci \u2018post-doc \u2013 OPUS\u2019), na adres Kierownika projektu dr Ilya Razdolskiy: <a href=\"mailto:i.razdolskiy@uwb.edu.pl\">i.razdolskiy@uwb.edu.pl<\/a><\/p>\n<p>Z wybranymi kandydatami mo\u017ce zosta\u0107 przeprowadzona rozmowa kwalifikacyjna.<\/p>\n<p>Wyniki konkursu zostan\u0105 og\u0142oszone do 31 marca 2021 roku.<\/p>\n<p>&nbsp;<\/p>\n","protected":false},"excerpt":{"rendered":"<p>Oferta zatrudnienia na stanowisko post-doc &#8211; termin 25.03.2021 Oferty pracy NCN Nazwa jednostki: Wydzia\u0142 Fizyki, Uniwersytet w Bia\u0142ymstoku Wymagania: Tytu\u0142 doktora z fizyki lub kierunku pokrewnego uzyskany w ci\u0105gu ostatnich <a href=\"https:\/\/physics.uwb.edu.pl\/wf\/?page_id=11726\" class=\"more-link\">[&hellip;]<\/a><\/p>\n","protected":false},"author":2,"featured_media":6904,"parent":713,"menu_order":0,"comment_status":"closed","ping_status":"closed","template":"","meta":{"ngg_post_thumbnail":0,"Layout":"1c","footnotes":""},"categories":[3],"tags":[],"class_list":["entry","author-dobrog","post-11726","page","type-page","status-publish","has-post-thumbnail","category-wydzialowe_pl"],"jetpack_sharing_enabled":true,"jetpack_shortlink":"https:\/\/wp.me\/P7nvcn-338","_links":{"self":[{"href":"https:\/\/physics.uwb.edu.pl\/wf\/index.php?rest_route=\/wp\/v2\/pages\/11726","targetHints":{"allow":["GET"]}}],"collection":[{"href":"https:\/\/physics.uwb.edu.pl\/wf\/index.php?rest_route=\/wp\/v2\/pages"}],"about":[{"href":"https:\/\/physics.uwb.edu.pl\/wf\/index.php?rest_route=\/wp\/v2\/types\/page"}],"author":[{"embeddable":true,"href":"https:\/\/physics.uwb.edu.pl\/wf\/index.php?rest_route=\/wp\/v2\/users\/2"}],"replies":[{"embeddable":true,"href":"https:\/\/physics.uwb.edu.pl\/wf\/index.php?rest_route=%2Fwp%2Fv2%2Fcomments&post=11726"}],"version-history":[{"count":8,"href":"https:\/\/physics.uwb.edu.pl\/wf\/index.php?rest_route=\/wp\/v2\/pages\/11726\/revisions"}],"predecessor-version":[{"id":11735,"href":"https:\/\/physics.uwb.edu.pl\/wf\/index.php?rest_route=\/wp\/v2\/pages\/11726\/revisions\/11735"}],"up":[{"embeddable":true,"href":"https:\/\/physics.uwb.edu.pl\/wf\/index.php?rest_route=\/wp\/v2\/pages\/713"}],"wp:featuredmedia":[{"embeddable":true,"href":"https:\/\/physics.uwb.edu.pl\/wf\/index.php?rest_route=\/wp\/v2\/media\/6904"}],"wp:attachment":[{"href":"https:\/\/physics.uwb.edu.pl\/wf\/index.php?rest_route=%2Fwp%2Fv2%2Fmedia&parent=11726"}],"wp:term":[{"taxonomy":"category","embeddable":true,"href":"https:\/\/physics.uwb.edu.pl\/wf\/index.php?rest_route=%2Fwp%2Fv2%2Fcategories&post=11726"},{"taxonomy":"post_tag","embeddable":true,"href":"https:\/\/physics.uwb.edu.pl\/wf\/index.php?rest_route=%2Fwp%2Fv2%2Ftags&post=11726"}],"curies":[{"name":"wp","href":"https:\/\/api.w.org\/{rel}","templated":true}]}}