{"id":11737,"date":"2020-12-30T11:47:57","date_gmt":"2020-12-30T10:47:57","guid":{"rendered":"http:\/\/physics.uwb.edu.pl\/wf\/?page_id=11737"},"modified":"2020-12-30T11:48:24","modified_gmt":"2020-12-30T10:48:24","slug":"wesolych-swiat-2-2-2-2-2","status":"publish","type":"page","link":"https:\/\/physics.uwb.edu.pl\/wf\/?page_id=11737","title":{"rendered":"Weso\u0142ych \u015awi\u0105t!"},"content":{"rendered":"<p><img loading=\"lazy\" decoding=\"async\" class=\"aligncenter size-full wp-image-11738\" src=\"http:\/\/physics.uwb.edu.pl\/wf\/wp-content\/uploads\/2020\/12\/Wesolych-Swiat1.jpg\" alt=\"\" width=\"1398\" height=\"856\" srcset=\"https:\/\/physics.uwb.edu.pl\/wf\/wp-content\/uploads\/2020\/12\/Wesolych-Swiat1.jpg 1398w, https:\/\/physics.uwb.edu.pl\/wf\/wp-content\/uploads\/2020\/12\/Wesolych-Swiat1-300x184.jpg 300w, https:\/\/physics.uwb.edu.pl\/wf\/wp-content\/uploads\/2020\/12\/Wesolych-Swiat1-1024x627.jpg 1024w, https:\/\/physics.uwb.edu.pl\/wf\/wp-content\/uploads\/2020\/12\/Wesolych-Swiat1-150x92.jpg 150w, https:\/\/physics.uwb.edu.pl\/wf\/wp-content\/uploads\/2020\/12\/Wesolych-Swiat1-817x500.jpg 817w\" sizes=\"auto, (max-width: 1398px) 100vw, 1398px\" \/><\/p>\n","protected":false},"excerpt":{"rendered":"","protected":false},"author":14,"featured_media":11738,"parent":713,"menu_order":0,"comment_status":"closed","ping_status":"closed","template":"","meta":{"ngg_post_thumbnail":0,"Layout":"1c","footnotes":""},"categories":[69],"tags":[],"class_list":["entry","author-ulag","post-11737","page","type-page","status-publish","has-post-thumbnail","category-seminarium_pl"],"jetpack_sharing_enabled":true,"jetpack_shortlink":"https:\/\/wp.me\/P7nvcn-33j","_links":{"self":[{"href":"https:\/\/physics.uwb.edu.pl\/wf\/index.php?rest_route=\/wp\/v2\/pages\/11737","targetHints":{"allow":["GET"]}}],"collection":[{"href":"https:\/\/physics.uwb.edu.pl\/wf\/index.php?rest_route=\/wp\/v2\/pages"}],"about":[{"href":"https:\/\/physics.uwb.edu.pl\/wf\/index.php?rest_route=\/wp\/v2\/types\/page"}],"author":[{"embeddable":true,"href":"https:\/\/physics.uwb.edu.pl\/wf\/index.php?rest_route=\/wp\/v2\/users\/14"}],"replies":[{"embeddable":true,"href":"https:\/\/physics.uwb.edu.pl\/wf\/index.php?rest_route=%2Fwp%2Fv2%2Fcomments&post=11737"}],"version-history":[{"count":1,"href":"https:\/\/physics.uwb.edu.pl\/wf\/index.php?rest_route=\/wp\/v2\/pages\/11737\/revisions"}],"predecessor-version":[{"id":11739,"href":"https:\/\/physics.uwb.edu.pl\/wf\/index.php?rest_route=\/wp\/v2\/pages\/11737\/revisions\/11739"}],"up":[{"embeddable":true,"href":"https:\/\/physics.uwb.edu.pl\/wf\/index.php?rest_route=\/wp\/v2\/pages\/713"}],"wp:featuredmedia":[{"embeddable":true,"href":"https:\/\/physics.uwb.edu.pl\/wf\/index.php?rest_route=\/wp\/v2\/media\/11738"}],"wp:attachment":[{"href":"https:\/\/physics.uwb.edu.pl\/wf\/index.php?rest_route=%2Fwp%2Fv2%2Fmedia&parent=11737"}],"wp:term":[{"taxonomy":"category","embeddable":true,"href":"https:\/\/physics.uwb.edu.pl\/wf\/index.php?rest_route=%2Fwp%2Fv2%2Fcategories&post=11737"},{"taxonomy":"post_tag","embeddable":true,"href":"https:\/\/physics.uwb.edu.pl\/wf\/index.php?rest_route=%2Fwp%2Fv2%2Ftags&post=11737"}],"curies":[{"name":"wp","href":"https:\/\/api.w.org\/{rel}","templated":true}]}}