{"id":11839,"date":"2021-02-16T08:49:27","date_gmt":"2021-02-16T07:49:27","guid":{"rendered":"http:\/\/physics.uwb.edu.pl\/wf\/?page_id=11839"},"modified":"2021-02-16T11:31:35","modified_gmt":"2021-02-16T10:31:35","slug":"oferty-pracy-ncn-2-3-3-2-2-2-2-2-3","status":"publish","type":"page","link":"https:\/\/physics.uwb.edu.pl\/wf\/?page_id=11839","title":{"rendered":"Rejestracja nauczycieli akademickich na szczepienia przeciwko COVID-19"},"content":{"rendered":"<p>Informujemy, \u017ce prowadzona jest rejestracja na dobrowolne szczepienia przeciwko COVID-19 <strong>nauczycieli akademickich<\/strong> oraz <strong>innych os\u00f3b prowadz\u0105cych zaj\u0119cia<\/strong> na Uniwersytecie w Bia\u0142ymstoku. Zapisy obejmuj\u0105 wy\u0142\u0105cznie zainteresowanych szczepieniami na COVID-19 nauczycieli akademickich oraz inne osoby prowadz\u0105ce zaj\u0119cia wy\u0142\u0105cznie z dat\u0105 urodzenia po 31 grudnia 1955 r. Nauczyciele urodzeni w 1955 r. i wcze\u015bniej b\u0119d\u0105 mieli mo\u017cliwo\u015b\u0107 zaszczepienia w p\u00f3\u017aniejszym terminie. O terminie i sposobie rejestracji b\u0119dziemy informowa\u0107.<\/p>\n<p>Zg\u0142oszenie mo\u017cna wysy\u0142a\u0107 <strong>w nieprzekraczalnym terminie<\/strong> do 18.02.2021 r. (CZWARTEK) do godz. 9.00 na adres <a class=\"moz-txt-link-abbreviated\" href=\"mailto:szczepimysie@uwb.edu.pl\">szczepimysie@uwb.edu.pl<\/a><\/p>\n<p>Zg\u0142oszenie musi zawiera\u0107 <strong>imi\u0119<\/strong>, <strong>nazwisko<\/strong> oraz <strong>numer<\/strong> <strong>telefonu kontaktowego<\/strong>.<\/p>\n<p>Wi\u0119cej informacji na stronie <a class=\"moz-txt-link-freetext\" href=\"https:\/\/www.gov.pl\/web\/edukacja-i-nauka\/ogolne-zasady-systemu-szczepien-dla-nauczycieli-akademickich-oraz-innych-osob-prowadzacych-zajecia-na-uczelniach\">https:\/\/www.gov.pl\/web\/edukacja-i-nauka\/ogolne-zasady-systemu-szczepien-dla-nauczycieli-akademickich-oraz-innych-osob-prowadzacych-zajecia-na-uczelniach<\/a><\/p>\n","protected":false},"excerpt":{"rendered":"<p>Informujemy, \u017ce prowadzona jest rejestracja na dobrowolne szczepienia przeciwko COVID-19 nauczycieli akademickich oraz innych os\u00f3b prowadz\u0105cych zaj\u0119cia na Uniwersytecie w Bia\u0142ymstoku. Zapisy obejmuj\u0105 wy\u0142\u0105cznie zainteresowanych szczepieniami na COVID-19 nauczycieli akademickich <a href=\"https:\/\/physics.uwb.edu.pl\/wf\/?page_id=11839\" class=\"more-link\">[&hellip;]<\/a><\/p>\n","protected":false},"author":5,"featured_media":11840,"parent":713,"menu_order":0,"comment_status":"closed","ping_status":"closed","template":"","meta":{"ngg_post_thumbnail":0,"Layout":"1c","footnotes":""},"categories":[3],"tags":[],"class_list":["entry","author-gawryl","post-11839","page","type-page","status-publish","has-post-thumbnail","category-wydzialowe_pl"],"jetpack_sharing_enabled":true,"jetpack_shortlink":"https:\/\/wp.me\/P7nvcn-34X","_links":{"self":[{"href":"https:\/\/physics.uwb.edu.pl\/wf\/index.php?rest_route=\/wp\/v2\/pages\/11839","targetHints":{"allow":["GET"]}}],"collection":[{"href":"https:\/\/physics.uwb.edu.pl\/wf\/index.php?rest_route=\/wp\/v2\/pages"}],"about":[{"href":"https:\/\/physics.uwb.edu.pl\/wf\/index.php?rest_route=\/wp\/v2\/types\/page"}],"author":[{"embeddable":true,"href":"https:\/\/physics.uwb.edu.pl\/wf\/index.php?rest_route=\/wp\/v2\/users\/5"}],"replies":[{"embeddable":true,"href":"https:\/\/physics.uwb.edu.pl\/wf\/index.php?rest_route=%2Fwp%2Fv2%2Fcomments&post=11839"}],"version-history":[{"count":2,"href":"https:\/\/physics.uwb.edu.pl\/wf\/index.php?rest_route=\/wp\/v2\/pages\/11839\/revisions"}],"predecessor-version":[{"id":11847,"href":"https:\/\/physics.uwb.edu.pl\/wf\/index.php?rest_route=\/wp\/v2\/pages\/11839\/revisions\/11847"}],"up":[{"embeddable":true,"href":"https:\/\/physics.uwb.edu.pl\/wf\/index.php?rest_route=\/wp\/v2\/pages\/713"}],"wp:featuredmedia":[{"embeddable":true,"href":"https:\/\/physics.uwb.edu.pl\/wf\/index.php?rest_route=\/wp\/v2\/media\/11840"}],"wp:attachment":[{"href":"https:\/\/physics.uwb.edu.pl\/wf\/index.php?rest_route=%2Fwp%2Fv2%2Fmedia&parent=11839"}],"wp:term":[{"taxonomy":"category","embeddable":true,"href":"https:\/\/physics.uwb.edu.pl\/wf\/index.php?rest_route=%2Fwp%2Fv2%2Fcategories&post=11839"},{"taxonomy":"post_tag","embeddable":true,"href":"https:\/\/physics.uwb.edu.pl\/wf\/index.php?rest_route=%2Fwp%2Fv2%2Ftags&post=11839"}],"curies":[{"name":"wp","href":"https:\/\/api.w.org\/{rel}","templated":true}]}}