{"id":11852,"date":"2021-02-18T09:32:33","date_gmt":"2021-02-18T08:32:33","guid":{"rendered":"http:\/\/physics.uwb.edu.pl\/wf\/?page_id=11852"},"modified":"2021-02-18T10:08:40","modified_gmt":"2021-02-18T09:08:40","slug":"nauka-2","status":"publish","type":"page","link":"https:\/\/physics.uwb.edu.pl\/wf\/?page_id=11852","title":{"rendered":"Dost\u0119pno\u015b\u0107 cyfrowa"},"content":{"rendered":"<p style=\"text-align: justify;\">Uniwersytet w Bia\u0142ymstoku zobowi\u0105zuje si\u0119 zapewni\u0107 dost\u0119pno\u015b\u0107 swojej strony internetowej zgodnie z ustaw\u0105 z dnia 4 kwietnia 2019 r. o dost\u0119pno\u015bci cyfrowej stron internetowych i aplikacji mobilnych podmiot\u00f3w publicznych. O\u015bwiadczenie w sprawie dost\u0119pno\u015bci ma zastosowanie do serwisu internetowego Wydzia\u0142u Fizyki Uniwersytetu w Bia\u0142ymstoku.<\/p>\n<p>Data publikacji strony internetowej: listopad\/grudzie\u0144 1998 r.<br \/>\nData ostatniej du\u017cej aktualizacji: 10.02.2016 r.<\/p>\n<p style=\"text-align: justify;\">Strona internetowa jest cz\u0119\u015bciowo zgodna z ustaw\u0105 o dost\u0119pno\u015bci cyfrowej stron internetowych i aplikacji mobilnych podmiot\u00f3w publicznych.<\/p>\n<p style=\"text-align: justify;\">Deklaracj\u0119 sporz\u0105dzono na podstawie samooceny przeprowadzonej przez podmiot publiczny. Na stronie internetowej mo\u017cna korzysta\u0107 ze standardowych skr\u00f3t\u00f3w klawiaturowych.<\/p>\n<p>Wi\u0119cej informacji o dost\u0119pno\u015bci cyfrowej mo\u017cna znale\u017a\u0107 na stronie <a href=\"https:\/\/gov.pl\/web\/dostepnosc-cyfrowa\/\" target=\"_blank\" rel=\"noopener\">Ministerstwa Cyfryzacji<\/a>.<\/p>\n<p>O\u015bwiadczenie sporz\u0105dzono dnia 03.12.2019 r.<\/p>\n","protected":false},"excerpt":{"rendered":"<p>Uniwersytet w Bia\u0142ymstoku zobowi\u0105zuje si\u0119 zapewni\u0107 dost\u0119pno\u015b\u0107 swojej strony internetowej zgodnie z ustaw\u0105 z dnia 4 kwietnia 2019 r. o dost\u0119pno\u015bci cyfrowej stron internetowych i aplikacji mobilnych podmiot\u00f3w publicznych. O\u015bwiadczenie <a href=\"https:\/\/physics.uwb.edu.pl\/wf\/?page_id=11852\" class=\"more-link\">[&hellip;]<\/a><\/p>\n","protected":false},"author":14,"featured_media":0,"parent":210,"menu_order":0,"comment_status":"closed","ping_status":"closed","template":"","meta":{"ngg_post_thumbnail":0,"Layout":"1c","footnotes":""},"categories":[3],"tags":[],"class_list":["entry","author-ulag","post-11852","page","type-page","status-publish","category-wydzialowe_pl"],"jetpack_sharing_enabled":true,"jetpack_shortlink":"https:\/\/wp.me\/P7nvcn-35a","_links":{"self":[{"href":"https:\/\/physics.uwb.edu.pl\/wf\/index.php?rest_route=\/wp\/v2\/pages\/11852","targetHints":{"allow":["GET"]}}],"collection":[{"href":"https:\/\/physics.uwb.edu.pl\/wf\/index.php?rest_route=\/wp\/v2\/pages"}],"about":[{"href":"https:\/\/physics.uwb.edu.pl\/wf\/index.php?rest_route=\/wp\/v2\/types\/page"}],"author":[{"embeddable":true,"href":"https:\/\/physics.uwb.edu.pl\/wf\/index.php?rest_route=\/wp\/v2\/users\/14"}],"replies":[{"embeddable":true,"href":"https:\/\/physics.uwb.edu.pl\/wf\/index.php?rest_route=%2Fwp%2Fv2%2Fcomments&post=11852"}],"version-history":[{"count":3,"href":"https:\/\/physics.uwb.edu.pl\/wf\/index.php?rest_route=\/wp\/v2\/pages\/11852\/revisions"}],"predecessor-version":[{"id":11857,"href":"https:\/\/physics.uwb.edu.pl\/wf\/index.php?rest_route=\/wp\/v2\/pages\/11852\/revisions\/11857"}],"up":[{"embeddable":true,"href":"https:\/\/physics.uwb.edu.pl\/wf\/index.php?rest_route=\/wp\/v2\/pages\/210"}],"wp:attachment":[{"href":"https:\/\/physics.uwb.edu.pl\/wf\/index.php?rest_route=%2Fwp%2Fv2%2Fmedia&parent=11852"}],"wp:term":[{"taxonomy":"category","embeddable":true,"href":"https:\/\/physics.uwb.edu.pl\/wf\/index.php?rest_route=%2Fwp%2Fv2%2Fcategories&post=11852"},{"taxonomy":"post_tag","embeddable":true,"href":"https:\/\/physics.uwb.edu.pl\/wf\/index.php?rest_route=%2Fwp%2Fv2%2Ftags&post=11852"}],"curies":[{"name":"wp","href":"https:\/\/api.w.org\/{rel}","templated":true}]}}