{"id":11858,"date":"2021-02-18T11:37:29","date_gmt":"2021-02-18T10:37:29","guid":{"rendered":"http:\/\/physics.uwb.edu.pl\/wf\/?page_id=11858"},"modified":"2021-02-18T11:39:27","modified_gmt":"2021-02-18T10:39:27","slug":"oferty-pracy-ncn-2-3-3-2-3-2-2-2-2-2-2","status":"publish","type":"page","link":"https:\/\/physics.uwb.edu.pl\/wf\/?page_id=11858","title":{"rendered":"Tryb prowadzenia zaj\u0119\u0107 na Wydziale Fizyki w semestrze letnim"},"content":{"rendered":"<p>Kliknij na obrazek, aby pobra\u0107 pe\u0142ne zestawienie.<\/p>\n<p>[mla_gallery size=full ids=&#8221;11859&#8243; post_mime_type=application\/pdf post_parent=all link=file mla_viewer=true columns=1 mla_rollover_text='{+description+}&#8217; ]<\/p>\n<p>[mla_gallery size=full ids=&#8221;11861&#8243; post_mime_type=application\/pdf post_parent=all link=file mla_viewer=true columns=1 mla_rollover_text='{+description+}&#8217; ]<\/p>\n","protected":false},"excerpt":{"rendered":"<p>Kliknij na obrazek, aby pobra\u0107 pe\u0142ne zestawienie. [mla_gallery size=full ids=&#8221;11859&#8243; post_mime_type=application\/pdf post_parent=all link=file mla_viewer=true columns=1 mla_rollover_text='{+description+}&#8217; ] [mla_gallery size=full ids=&#8221;11861&#8243; post_mime_type=application\/pdf post_parent=all link=file mla_viewer=true columns=1 mla_rollover_text='{+description+}&#8217; ]<\/p>\n","protected":false},"author":14,"featured_media":11596,"parent":713,"menu_order":0,"comment_status":"closed","ping_status":"closed","template":"","meta":{"ngg_post_thumbnail":0,"Layout":"1c","footnotes":""},"categories":[],"tags":[],"class_list":["entry","author-ulag","post-11858","page","type-page","status-publish","has-post-thumbnail"],"jetpack_sharing_enabled":true,"jetpack_shortlink":"https:\/\/wp.me\/P7nvcn-35g","_links":{"self":[{"href":"https:\/\/physics.uwb.edu.pl\/wf\/index.php?rest_route=\/wp\/v2\/pages\/11858","targetHints":{"allow":["GET"]}}],"collection":[{"href":"https:\/\/physics.uwb.edu.pl\/wf\/index.php?rest_route=\/wp\/v2\/pages"}],"about":[{"href":"https:\/\/physics.uwb.edu.pl\/wf\/index.php?rest_route=\/wp\/v2\/types\/page"}],"author":[{"embeddable":true,"href":"https:\/\/physics.uwb.edu.pl\/wf\/index.php?rest_route=\/wp\/v2\/users\/14"}],"replies":[{"embeddable":true,"href":"https:\/\/physics.uwb.edu.pl\/wf\/index.php?rest_route=%2Fwp%2Fv2%2Fcomments&post=11858"}],"version-history":[{"count":2,"href":"https:\/\/physics.uwb.edu.pl\/wf\/index.php?rest_route=\/wp\/v2\/pages\/11858\/revisions"}],"predecessor-version":[{"id":11864,"href":"https:\/\/physics.uwb.edu.pl\/wf\/index.php?rest_route=\/wp\/v2\/pages\/11858\/revisions\/11864"}],"up":[{"embeddable":true,"href":"https:\/\/physics.uwb.edu.pl\/wf\/index.php?rest_route=\/wp\/v2\/pages\/713"}],"wp:featuredmedia":[{"embeddable":true,"href":"https:\/\/physics.uwb.edu.pl\/wf\/index.php?rest_route=\/wp\/v2\/media\/11596"}],"wp:attachment":[{"href":"https:\/\/physics.uwb.edu.pl\/wf\/index.php?rest_route=%2Fwp%2Fv2%2Fmedia&parent=11858"}],"wp:term":[{"taxonomy":"category","embeddable":true,"href":"https:\/\/physics.uwb.edu.pl\/wf\/index.php?rest_route=%2Fwp%2Fv2%2Fcategories&post=11858"},{"taxonomy":"post_tag","embeddable":true,"href":"https:\/\/physics.uwb.edu.pl\/wf\/index.php?rest_route=%2Fwp%2Fv2%2Ftags&post=11858"}],"curies":[{"name":"wp","href":"https:\/\/api.w.org\/{rel}","templated":true}]}}