{"id":11875,"date":"2021-02-24T13:58:56","date_gmt":"2021-02-24T12:58:56","guid":{"rendered":"http:\/\/physics.uwb.edu.pl\/wf\/?page_id=11875"},"modified":"2021-02-24T13:58:56","modified_gmt":"2021-02-24T12:58:56","slug":"oferty-pracy-ncn-2-3-3-2-2-2-2-2-2-2","status":"publish","type":"page","link":"https:\/\/physics.uwb.edu.pl\/wf\/?page_id=11875","title":{"rendered":"Badania nad magnetycznymi nanostrukturami. Rusza nowy projekt z udzia\u0142em fizyk\u00f3w z UwB"},"content":{"rendered":"<div class=\"wcag-font\">\n<p style=\"text-align: justify;\"><strong>Magnetyczne nanostruktury o niespotykanych dot\u0105d w\u0142a\u015bciwo\u015bciach b\u0119d\u0105 tworzy\u0107, a nast\u0119pnie bada\u0107 fizycy z Uniwersytetu w Bia\u0142ymstoku oraz Instytutu Fizyki PAN w Warszawie. Na sw\u00f3j projekt naukowe konsorcjum zdoby\u0142o dofinansowanie w ramach konkursu OPUS-19 zorganizowanego przez Narodowe Centrum Nauki. Warto\u015b\u0107 projektu to blisko 2,4 mln z\u0142. Ponad 1,2 mln trafi do Bia\u0142egostoku. <\/strong><\/p>\n<p style=\"text-align: justify;\">Fizycy zaprojektuj\u0105, a nast\u0119pie wykonaj\u0105 z precyzj\u0105 atomow\u0105 magnetyczne nanostruktury \u2013 uk\u0142ady z\u0142o\u017cone z wielu warstw sk\u0142adowych, z kt\u00f3rych ka\u017cda zbudowana jest jedynie z kilku warstw atomowych.<\/p>\n<p style=\"text-align: justify;\">&#8211; <em>W takich strukturach udzia\u0142 atom\u00f3w tworz\u0105cych granic\u0119 warstwy (interfejs) jest znaczny. Poniewa\u017c w\u0142a\u015bciwo\u015bci magnetyczne atom\u00f3w interfejsu r\u00f3\u017cni\u0105 si\u0119 od tych w \u015brodku warstwy ze wzgl\u0119du odmienn\u0105 symetri\u0119 otoczenia, tego typu struktura charakteryzuje si\u0119 odmiennymi w\u0142a\u015bciwo\u015bciami ni\u017c tradycyjny materia\u0142 obj\u0119to\u015bciowy<\/em> \u2013 wyja\u015bnia prof. dr hab. Andrzej Maziewski z Katedry Fizyki Magnetyk\u00f3w UwB. \u2013 <em>Wykorzystuj\u0105c obliczenia \u201ez pierwszych zasad\u201d w\u0142a\u015bciwo\u015bci magnetycznych, chcemy zaprojektowa\u0107 materia\u0142y z magnetyczn\u0105 anizotropi\u0105 prostopad\u0142\u0105 do powierzchni warstw, odpowiednim ich sprz\u0119\u017ceniem magnetycznym oraz oddzia\u0142ywaniem Dzia\u0142oszy\u0144skiego-Moriyi (ostatnio intensywnie badanym w metalicznych nanostrukturach). Spodziewamy si\u0119, \u017ce w zaprojektowanych przez nas strukturach b\u0119d\u0105 wyst\u0119powa\u0107 magnetyczne konfiguracje typu spinowe spirale czy skyrmiony. S\u0105 one dla nas atrakcyjne nie tylko ze wzgl\u0119d\u00f3w poznawczych. Mo\u017cliwe, \u017ce znajd\u0105 praktyczne zastosowania np. jako no\u015bniki informacji magnetycznej, media do propagacji fal spinowych czy w urz\u0105dzeniach wykonuj\u0105cych operacje logiczne.<\/em><\/p>\n<p style=\"text-align: justify;\">Liderem konsorcjum jest IFPAN \u2013 tam prace b\u0119dzie koordynowa\u0142 prof. dr hab. Andrzej Wawro. Koordynatorem zada\u0144 realizowanych w UwB b\u0119dzie prof. Maziewski. Jak przypomina bia\u0142ostocki naukowiec, to ju\u017c kolejne przedsi\u0119wzi\u0119cie realizowane wsp\u00f3lnie przez obie jednostki. Jest kontynuacj\u0105 wieloletniej wsp\u00f3\u0142pracy naukowej (realizowanej r\u00f3wnie\u017c w ramach Krajowego Centrum Nanofizyki i Spintroniki SPINLAB), kt\u00f3ra zaowocowa\u0142a blisko setk\u0105 wsp\u00f3lnych publikacji oraz pracami doktorskimi i rozprawami habilitacyjnymi wykonanymi w Bia\u0142ymstoku i w Warszawie.<\/p>\n<p style=\"text-align: justify;\">Najnowszy projekt b\u0119dzie realizowany przez kilkunastoosobowy zesp\u00f3\u0142 badawczy sk\u0142adaj\u0105cy si\u0119 z fizyk\u00f3w posiadaj\u0105cych wieloletnie do\u015bwiadczenie w wytwarzaniu i w badaniach nanostruktur. Planowane jest r\u00f3wnie\u017c zatrudnienie na cztery lata dw\u00f3ch doktorant\u00f3w \u2013 po jednym w Bia\u0142ymstoku i w Warszawie (tam zosta\u0142a ju\u017c wybrana absolwentka Lebanese University z Libanu, kt\u00f3ra rozpocznie w marcu 2021 prac\u0119 nad modelowaniem nanostruktur we wsp\u00f3\u0142pracy z dr. hab. Carmine Autieri z MagTop IFPAN (Consiglio Nazionale delle Ricerche, CNR-SPIN, Italy)).<\/p>\n<p style=\"text-align: justify;\">&#8211; <em>Chcieliby\u015bmy jak najszybciej zrekrutowa\u0107 osob\u0119, kt\u00f3ra w Katedrze Fizyki Magnetyk\u00f3w UwB podejmie prace do\u015bwiadczalne. B\u0119dzie m.in. bada\u0107 wytworzone w IFPAN nanostruktury \u2013 g\u0142\u00f3wnie w wykorzystaniem technik magnetooptycznych rozwini\u0119tych na Uniwersytecie w Bia\u0142ymstoku<\/em> \u2013 zapowiada prof. dr hab. Andrzej Maziewski. &#8211; <em>Doktoranci b\u0119d\u0105 te\u017c uczestniczyli w mi\u0119dzynarodowych szko\u0142ach magnetycznych, specjalistycznych workshopach. Ponadto b\u0119d\u0105 wsp\u00f3\u0142pracowali z zagranicznymi doktorantami w Bia\u0142ymstoku i w Warszawie zatrudnionymi w innych projektach. <\/em><\/p>\n<p style=\"text-align: justify;\">Ze \u015brodk\u00f3w uzyskanych na realizacj\u0119 projektu planowana jest te\u017c rozbudowa zaplecza aparaturowego Katedry Fizyki Magnetyk\u00f3w UwB. Zakupiony zostanie elektromagnes do spektrometru nieelastycznego rozpraszania \u015bwiat\u0142a BLS oraz skaner do mikroskopu si\u0142 magnetycznych MFM. Sprz\u0119t b\u0119dzie wykorzystany do badania statyki i dynamiki proces\u00f3w magnesowania wykonanych w IFPAN magnetycznych nanostruktur. Do opisu tych proces\u00f3w b\u0119dzie wykonywane mikromagnetyczne modelowanie.<\/p>\n<p style=\"text-align: justify;\">Jak zapowiadaj\u0105 pomys\u0142odawcy bada\u0144, projekt b\u0119dzie realizowany we wsp\u00f3\u0142pracy krajowej (z jednostkami SPINLAB) oraz mi\u0119dzynarodowej. Planowane jest wykorzystanie r\u00f3wnie\u017c du\u017cych urz\u0105dze\u0144 badawczych, takich jak synchrotrony (SOLARIS w Krakowie i synchrotrony zagraniczne).<\/p>\n<p style=\"text-align: justify;\">Wi\u0119cej informacji o projekcie, zatytu\u0142owanym \u201eSyntetyczne warstwowe struktury magnetyczne z regulowanym interfejsowym oddzia\u0142ywaniem Dzia\u0142oszy\u0144skiego-Moriyi, prostopad\u0142\u0105 anizotropi\u0105 magnetyczn\u0105 i mi\u0119dzywarstwowym sprz\u0119\u017ceniem\u201d, mo\u017cna znale\u017a\u0107 na stronie NCN:&nbsp;<strong><a href=\"https:\/\/ncn.gov.pl\/sites\/default\/files\/listy-rankingowe\/2020-03-16pfoa\/streszczenia\/482357-pl.pdf\" target=\"_blank\" rel=\"noopener noreferrer\">www.ncn.gov.pl\/listy-rankingowe\/<\/a><\/strong><\/p>\n<p>&nbsp;<\/p>\n<\/div>\n","protected":false},"excerpt":{"rendered":"<p>Magnetyczne nanostruktury o niespotykanych dot\u0105d w\u0142a\u015bciwo\u015bciach b\u0119d\u0105 tworzy\u0107, a nast\u0119pnie bada\u0107 fizycy z Uniwersytetu w Bia\u0142ymstoku oraz Instytutu Fizyki PAN w Warszawie. Na sw\u00f3j projekt naukowe konsorcjum zdoby\u0142o dofinansowanie w <a href=\"https:\/\/physics.uwb.edu.pl\/wf\/?page_id=11875\" class=\"more-link\">[&hellip;]<\/a><\/p>\n","protected":false},"author":14,"featured_media":11876,"parent":713,"menu_order":0,"comment_status":"closed","ping_status":"closed","template":"","meta":{"ngg_post_thumbnail":0,"Layout":"1c","footnotes":""},"categories":[3],"tags":[],"class_list":["entry","author-ulag","post-11875","page","type-page","status-publish","has-post-thumbnail","category-wydzialowe_pl"],"jetpack_sharing_enabled":true,"jetpack_shortlink":"https:\/\/wp.me\/P7nvcn-35x","_links":{"self":[{"href":"https:\/\/physics.uwb.edu.pl\/wf\/index.php?rest_route=\/wp\/v2\/pages\/11875","targetHints":{"allow":["GET"]}}],"collection":[{"href":"https:\/\/physics.uwb.edu.pl\/wf\/index.php?rest_route=\/wp\/v2\/pages"}],"about":[{"href":"https:\/\/physics.uwb.edu.pl\/wf\/index.php?rest_route=\/wp\/v2\/types\/page"}],"author":[{"embeddable":true,"href":"https:\/\/physics.uwb.edu.pl\/wf\/index.php?rest_route=\/wp\/v2\/users\/14"}],"replies":[{"embeddable":true,"href":"https:\/\/physics.uwb.edu.pl\/wf\/index.php?rest_route=%2Fwp%2Fv2%2Fcomments&post=11875"}],"version-history":[{"count":1,"href":"https:\/\/physics.uwb.edu.pl\/wf\/index.php?rest_route=\/wp\/v2\/pages\/11875\/revisions"}],"predecessor-version":[{"id":11877,"href":"https:\/\/physics.uwb.edu.pl\/wf\/index.php?rest_route=\/wp\/v2\/pages\/11875\/revisions\/11877"}],"up":[{"embeddable":true,"href":"https:\/\/physics.uwb.edu.pl\/wf\/index.php?rest_route=\/wp\/v2\/pages\/713"}],"wp:featuredmedia":[{"embeddable":true,"href":"https:\/\/physics.uwb.edu.pl\/wf\/index.php?rest_route=\/wp\/v2\/media\/11876"}],"wp:attachment":[{"href":"https:\/\/physics.uwb.edu.pl\/wf\/index.php?rest_route=%2Fwp%2Fv2%2Fmedia&parent=11875"}],"wp:term":[{"taxonomy":"category","embeddable":true,"href":"https:\/\/physics.uwb.edu.pl\/wf\/index.php?rest_route=%2Fwp%2Fv2%2Fcategories&post=11875"},{"taxonomy":"post_tag","embeddable":true,"href":"https:\/\/physics.uwb.edu.pl\/wf\/index.php?rest_route=%2Fwp%2Fv2%2Ftags&post=11875"}],"curies":[{"name":"wp","href":"https:\/\/api.w.org\/{rel}","templated":true}]}}