{"id":119,"date":"2016-02-14T23:23:00","date_gmt":"2016-02-14T22:23:00","guid":{"rendered":"http:\/\/physics.uwb.edu.pl\/wf\/?page_id=119"},"modified":"2023-10-05T14:18:47","modified_gmt":"2023-10-05T12:18:47","slug":"glowna-2","status":"publish","type":"page","link":"https:\/\/physics.uwb.edu.pl\/wf\/?lang=pl","title":{"rendered":"Wydzia\u0142 Fizyki"},"content":{"rendered":"<div id=\"pl-119\"  class=\"panel-layout\" ><div id=\"pg-119-0\"  class=\"panel-grid panel-has-style\" ><div class=\"panel-row-style panel-row-style-for-119-0\" ><div id=\"pgc-119-0-0\"  class=\"panel-grid-cell\" ><div id=\"panel-119-0-0-0\" class=\"so-panel widget widget_sow-editor panel-first-child panel-last-child\" data-index=\"0\" ><div class=\"panel-widget-style panel-widget-style-for-119-0-0-0\" ><div\n\t\t\t\n\t\t\tclass=\"so-widget-sow-editor so-widget-sow-editor-base\"\n\t\t\t\n\t\t>\n<div class=\"siteorigin-widget-tinymce textwidget\">\n\t<figure id=\"attachment_304\" aria-describedby=\"caption-attachment-304\" style=\"width: 300px\" class=\"wp-caption alignnone\"><a href=\"https:\/\/physics.uwb.edu.pl\/wf\/?page_id=210&amp;lang=pl\"><img loading=\"lazy\" decoding=\"async\" class=\"wp-image-304 size-medium\" src=\"http:\/\/physics.uwb.edu.pl\/wf\/wp-content\/uploads\/2016\/02\/wydzial-2-300x199.jpg\" alt=\"wydzial\" width=\"300\" height=\"199\" srcset=\"https:\/\/physics.uwb.edu.pl\/wf\/wp-content\/uploads\/2016\/02\/wydzial-2-300x199.jpg 300w, https:\/\/physics.uwb.edu.pl\/wf\/wp-content\/uploads\/2016\/02\/wydzial-2-150x100.jpg 150w, https:\/\/physics.uwb.edu.pl\/wf\/wp-content\/uploads\/2016\/02\/wydzial-2-600x400.jpg 600w, https:\/\/physics.uwb.edu.pl\/wf\/wp-content\/uploads\/2016\/02\/wydzial-2-753x500.jpg 753w, https:\/\/physics.uwb.edu.pl\/wf\/wp-content\/uploads\/2016\/02\/wydzial-2.jpg 1000w\" sizes=\"auto, (max-width: 300px) 100vw, 300px\" \/><\/a><figcaption id=\"caption-attachment-304\" class=\"wp-caption-text\"><strong><a style=\"color: #ffffff;\" href=\"http:\/\/physics.uwb.edu.pl\/wf\/?page_id=210&amp;lang=pl\"> Wydzia\u0142<\/a><\/strong><\/figcaption><\/figure>\n<\/div>\n<\/div><\/div><\/div><\/div><div id=\"pgc-119-0-1\"  class=\"panel-grid-cell\" ><div id=\"panel-119-0-1-0\" class=\"so-panel widget widget_sow-editor panel-first-child panel-last-child\" data-index=\"1\" ><div class=\"panel-widget-style panel-widget-style-for-119-0-1-0\" ><div\n\t\t\t\n\t\t\tclass=\"so-widget-sow-editor so-widget-sow-editor-base\"\n\t\t\t\n\t\t>\n<div class=\"siteorigin-widget-tinymce textwidget\">\n\t<figure id=\"attachment_298\" aria-describedby=\"caption-attachment-298\" style=\"width: 300px\" class=\"wp-caption alignnone\"><a href=\"https:\/\/physics.uwb.edu.pl\/wf\/?page_id=161&amp;lang=pl\"><img loading=\"lazy\" decoding=\"async\" class=\"wp-image-298 size-medium\" src=\"https:\/\/physics.uwb.edu.pl\/wf\/wp-content\/uploads\/2016\/02\/kandydaci-1-300x199.jpg\" alt=\"kandydaci\" width=\"300\" height=\"199\" srcset=\"https:\/\/physics.uwb.edu.pl\/wf\/wp-content\/uploads\/2016\/02\/kandydaci-1-300x199.jpg 300w, https:\/\/physics.uwb.edu.pl\/wf\/wp-content\/uploads\/2016\/02\/kandydaci-1-150x100.jpg 150w, https:\/\/physics.uwb.edu.pl\/wf\/wp-content\/uploads\/2016\/02\/kandydaci-1-600x400.jpg 600w, https:\/\/physics.uwb.edu.pl\/wf\/wp-content\/uploads\/2016\/02\/kandydaci-1-753x500.jpg 753w, https:\/\/physics.uwb.edu.pl\/wf\/wp-content\/uploads\/2016\/02\/kandydaci-1.jpg 1000w\" sizes=\"auto, (max-width: 300px) 100vw, 300px\" \/><\/a><figcaption id=\"caption-attachment-298\" class=\"wp-caption-text\"><strong><a href=\"https:\/\/physics.uwb.edu.pl\/wf\/?page_id=161&amp;lang=pl\" style=\"color:#FFFFFF\">Kandydaci<\/a><\/strong><\/figcaption><\/figure>\n<\/div>\n<\/div><\/div><\/div><\/div><\/div><\/div><div id=\"pg-119-1\"  class=\"panel-grid panel-has-style\" ><div class=\"panel-row-style panel-row-style-for-119-1\" ><div id=\"pgc-119-1-0\"  class=\"panel-grid-cell\" ><div id=\"panel-119-1-0-0\" class=\"so-panel widget widget_sow-editor panel-first-child panel-last-child\" data-index=\"2\" ><div class=\"panel-widget-style panel-widget-style-for-119-1-0-0\" ><div\n\t\t\t\n\t\t\tclass=\"so-widget-sow-editor so-widget-sow-editor-base\"\n\t\t\t\n\t\t>\n<div class=\"siteorigin-widget-tinymce textwidget\">\n\t<figure id=\"attachment_303\" aria-describedby=\"caption-attachment-303\" style=\"width: 300px\" class=\"wp-caption alignnone\"><a href=\"https:\/\/physics.uwb.edu.pl\/wf\/?page_id=38&amp;lang=pl\"><img loading=\"lazy\" decoding=\"async\" class=\"size-medium wp-image-303\" src=\"https:\/\/physics.uwb.edu.pl\/wf\/wp-content\/uploads\/2016\/02\/studenci-2-300x200.jpg\" alt=\"Studenci\" width=\"300\" height=\"200\" srcset=\"https:\/\/physics.uwb.edu.pl\/wf\/wp-content\/uploads\/2016\/02\/studenci-2-300x200.jpg 300w, https:\/\/physics.uwb.edu.pl\/wf\/wp-content\/uploads\/2016\/02\/studenci-2-150x100.jpg 150w, https:\/\/physics.uwb.edu.pl\/wf\/wp-content\/uploads\/2016\/02\/studenci-2-1024x683.jpg 1024w, https:\/\/physics.uwb.edu.pl\/wf\/wp-content\/uploads\/2016\/02\/studenci-2-600x400.jpg 600w, https:\/\/physics.uwb.edu.pl\/wf\/wp-content\/uploads\/2016\/02\/studenci-2-750x500.jpg 750w, https:\/\/physics.uwb.edu.pl\/wf\/wp-content\/uploads\/2016\/02\/studenci-2-272x182.jpg 272w, https:\/\/physics.uwb.edu.pl\/wf\/wp-content\/uploads\/2016\/02\/studenci-2.jpg 1600w\" sizes=\"auto, (max-width: 300px) 100vw, 300px\" \/><\/a><figcaption id=\"caption-attachment-303\" class=\"wp-caption-text\"><strong><a href=\"https:\/\/physics.uwb.edu.pl\/wf\/?page_id=38&amp;lang=pl\" style=\"color:#FFFFFF\"> Studenci<\/a><\/strong><\/figcaption><\/figure>\n<\/div>\n<\/div><\/div><\/div><\/div><div id=\"pgc-119-1-1\"  class=\"panel-grid-cell\" ><div id=\"panel-119-1-1-0\" class=\"so-panel widget widget_sow-editor panel-first-child panel-last-child\" data-index=\"3\" ><div class=\"panel-widget-style panel-widget-style-for-119-1-1-0\" ><div\n\t\t\t\n\t\t\tclass=\"so-widget-sow-editor so-widget-sow-editor-base\"\n\t\t\t\n\t\t>\n<div class=\"siteorigin-widget-tinymce textwidget\">\n\t<figure id=\"attachment_302\" aria-describedby=\"caption-attachment-302\" style=\"width: 300px\" class=\"wp-caption alignnone\"><a href=\"https:\/\/physics.uwb.edu.pl\/wf\/?page_id=305&amp;lang=pl\"><img loading=\"lazy\" decoding=\"async\" class=\"wp-image-302 size-medium\" src=\"https:\/\/physics.uwb.edu.pl\/wf\/wp-content\/uploads\/2016\/02\/popularyzacja-1-300x199.jpg\" alt=\"popularyzacja\" width=\"300\" height=\"199\" srcset=\"https:\/\/physics.uwb.edu.pl\/wf\/wp-content\/uploads\/2016\/02\/popularyzacja-1-300x199.jpg 300w, https:\/\/physics.uwb.edu.pl\/wf\/wp-content\/uploads\/2016\/02\/popularyzacja-1-150x100.jpg 150w, https:\/\/physics.uwb.edu.pl\/wf\/wp-content\/uploads\/2016\/02\/popularyzacja-1-1024x680.jpg 1024w, https:\/\/physics.uwb.edu.pl\/wf\/wp-content\/uploads\/2016\/02\/popularyzacja-1-600x400.jpg 600w, https:\/\/physics.uwb.edu.pl\/wf\/wp-content\/uploads\/2016\/02\/popularyzacja-1-753x500.jpg 753w, https:\/\/physics.uwb.edu.pl\/wf\/wp-content\/uploads\/2016\/02\/popularyzacja-1.jpg 1600w\" sizes=\"auto, (max-width: 300px) 100vw, 300px\" \/><\/a><figcaption id=\"caption-attachment-302\" class=\"wp-caption-text\"><strong><a href=\"https:\/\/physics.uwb.edu.pl\/wf\/?page_id=305&amp;lang=pl\" style=\"color:#FFFFFF\">Popularyzacja<\/a><\/strong><\/figcaption><\/figure>\n<\/div>\n<\/div><\/div><\/div><\/div><\/div><\/div><div id=\"pg-119-2\"  class=\"panel-grid panel-no-style\" ><div id=\"pgc-119-2-0\"  class=\"panel-grid-cell\" ><div id=\"panel-119-2-0-0\" class=\"so-panel widget widget_metaslider_widget panel-first-child panel-last-child\" data-index=\"4\" ><div class=\"panel-widget-style panel-widget-style-for-119-2-0-0\" ><h3 class=\"widget-title\">Polecamy<\/h3><div id=\"metaslider-id-13275\" style=\"max-width: 700px;\" class=\"ml-slider-3-107-0 metaslider metaslider-flex metaslider-13275 ml-slider has-dots-nav ms-theme-default\" role=\"region\" aria-label=\"fizyka.uwb.edu.pl\" data-height=\"300\" data-width=\"700\">\n    <div id=\"metaslider_container_13275\">\n        <div id=\"metaslider_13275\">\n            <ul class='slides'>\n                <li style=\"display: block; width: 100%;\" class=\"slide-13276 ms-image \" aria-roledescription=\"slide\" data-date=\"2023-09-29 11:42:39\" data-filename=\"nowa_strona-700x300-1.png\" data-slide-type=\"image\"><a href=\"https:\/\/fizyka.uwb.edu.pl\/\" target=\"_self\" aria-label=\"View Slide Details\" class=\"metaslider_image_link\"><img loading=\"lazy\" decoding=\"async\" src=\"https:\/\/physics.uwb.edu.pl\/wf\/wp-content\/uploads\/2023\/09\/nowa_strona-700x300-1.png\" height=\"300\" width=\"700\" alt=\"\" class=\"slider-13275 slide-13276 msDefaultImage\" title=\"nowa_strona-700x300\" \/><\/a><\/li>\n            <\/ul>\n        <\/div>\n        \n    <\/div>\n<\/div><\/div><\/div><\/div><\/div><div id=\"pg-119-3\"  class=\"panel-grid panel-no-style\" ><div id=\"pgc-119-3-0\"  class=\"panel-grid-cell\" ><div id=\"panel-119-3-0-0\" class=\"so-panel widget widget_sow-image panel-first-child panel-last-child\" data-index=\"5\" ><div\n\t\t\t\n\t\t\tclass=\"so-widget-sow-image so-widget-sow-image-default-8b5b6f678277-119\"\n\t\t\t\n\t\t>\n<div class=\"sow-image-container\">\n\t\t\t<a href=\"http:\/\/pokazy.fizyka.uwb.edu.pl\"\n\t\t\t\t\t>\n\t\t\t<img \n\tsrc=\"https:\/\/physics.uwb.edu.pl\/wf\/wp-content\/uploads\/2016\/02\/pokazy2.png\" width=\"4512\" height=\"937\" srcset=\"https:\/\/physics.uwb.edu.pl\/wf\/wp-content\/uploads\/2016\/02\/pokazy2.png 4512w, https:\/\/physics.uwb.edu.pl\/wf\/wp-content\/uploads\/2016\/02\/pokazy2-150x31.png 150w, https:\/\/physics.uwb.edu.pl\/wf\/wp-content\/uploads\/2016\/02\/pokazy2-300x62.png 300w, https:\/\/physics.uwb.edu.pl\/wf\/wp-content\/uploads\/2016\/02\/pokazy2-1024x213.png 1024w, https:\/\/physics.uwb.edu.pl\/wf\/wp-content\/uploads\/2016\/02\/pokazy2-1025x213.png 1025w\" sizes=\"(max-width: 4512px) 100vw, 4512px\" title=\"Pokazy dla szk\u00f3\u0142\" alt=\"Pokazy dla szk\u00f3\u0142\" \t\tclass=\"so-widget-image\"\/>\n\t\t\t<\/a><\/div>\n\n<\/div><\/div><\/div><div id=\"pgc-119-3-1\"  class=\"panel-grid-cell\" ><div id=\"panel-119-3-1-0\" class=\"so-panel widget widget_sow-image panel-first-child panel-last-child\" data-index=\"6\" ><div\n\t\t\t\n\t\t\tclass=\"so-widget-sow-image so-widget-sow-image-default-8b5b6f678277-119\"\n\t\t\t\n\t\t>\n<div class=\"sow-image-container\">\n\t\t\t<a href=\"https:\/\/szkolydoktorskie.uwb.edu.pl\/nsip\/\"\n\t\t\ttarget=\"_blank\" rel=\"noopener noreferrer\" \t\t>\n\t\t\t<img \n\tsrc=\"https:\/\/physics.uwb.edu.pl\/wf\/wp-content\/uploads\/2019\/06\/Szkola_doktorska.png\" width=\"540\" height=\"185\" srcset=\"https:\/\/physics.uwb.edu.pl\/wf\/wp-content\/uploads\/2019\/06\/Szkola_doktorska.png 540w, https:\/\/physics.uwb.edu.pl\/wf\/wp-content\/uploads\/2019\/06\/Szkola_doktorska-150x51.png 150w, https:\/\/physics.uwb.edu.pl\/wf\/wp-content\/uploads\/2019\/06\/Szkola_doktorska-300x103.png 300w\" sizes=\"(max-width: 540px) 100vw, 540px\" title=\"Szko\u0142a Doktorska Nauk \u015acis\u0142ych i Przyrodniczych \" alt=\"\" \t\tclass=\"so-widget-image\"\/>\n\t\t\t<\/a><\/div>\n\n<\/div><\/div><\/div><div id=\"pgc-119-3-2\"  class=\"panel-grid-cell\" ><div id=\"panel-119-3-2-0\" class=\"so-panel widget widget_sow-editor panel-first-child panel-last-child\" data-index=\"7\" ><div class=\"wow bounce panel-widget-style panel-widget-style-for-119-3-2-0\" data-wow-duration=\"5s\" data-wow-delay=\"2s\" data-wow-offset=\"10\" data-wow-iteration=\"4\" ><div\n\t\t\t\n\t\t\tclass=\"so-widget-sow-editor so-widget-sow-editor-base\"\n\t\t\t\n\t\t>\n<div class=\"siteorigin-widget-tinymce textwidget\">\n\t<p><a href=\"http:\/\/physics.uwb.edu.pl\/wf\/?page_id=6877\"><img loading=\"lazy\" decoding=\"async\" class=\"alignnone wp-image-7609 size-medium\" src=\"http:\/\/physics.uwb.edu.pl\/wf\/wp-content\/uploads\/2018\/03\/screenshot.118-300x73.jpg\" alt=\"Oferty Pracy\" width=\"300\" height=\"73\" srcset=\"https:\/\/physics.uwb.edu.pl\/wf\/wp-content\/uploads\/2018\/03\/screenshot.118-300x73.jpg 300w, https:\/\/physics.uwb.edu.pl\/wf\/wp-content\/uploads\/2018\/03\/screenshot.118-150x36.jpg 150w, https:\/\/physics.uwb.edu.pl\/wf\/wp-content\/uploads\/2018\/03\/screenshot.118.jpg 923w\" sizes=\"auto, (max-width: 300px) 100vw, 300px\" \/><\/a><\/p>\n<\/div>\n<\/div><\/div><\/div><\/div><\/div><div id=\"pg-119-4\"  class=\"panel-grid panel-no-style\" ><div id=\"pgc-119-4-0\"  class=\"panel-grid-cell\" ><div id=\"panel-119-4-0-0\" class=\"so-panel widget widget_sow-image panel-first-child panel-last-child\" data-index=\"8\" ><div\n\t\t\t\n\t\t\tclass=\"so-widget-sow-image so-widget-sow-image-default-8b5b6f678277-119\"\n\t\t\t\n\t\t>\n<div class=\"sow-image-container\">\n\t\t\t<a href=\"https:\/\/physics.uwb.edu.pl\/wf\/?page_id=2744\"\n\t\t\ttarget=\"_blank\" rel=\"noopener noreferrer\" \t\t>\n\t\t\t<img \n\tsrc=\"https:\/\/physics.uwb.edu.pl\/wf\/wp-content\/uploads\/2016\/02\/kronika2.png\" width=\"4154\" height=\"782\" srcset=\"https:\/\/physics.uwb.edu.pl\/wf\/wp-content\/uploads\/2016\/02\/kronika2.png 4154w, https:\/\/physics.uwb.edu.pl\/wf\/wp-content\/uploads\/2016\/02\/kronika2-150x28.png 150w, https:\/\/physics.uwb.edu.pl\/wf\/wp-content\/uploads\/2016\/02\/kronika2-300x56.png 300w, https:\/\/physics.uwb.edu.pl\/wf\/wp-content\/uploads\/2016\/02\/kronika2-1024x193.png 1024w, https:\/\/physics.uwb.edu.pl\/wf\/wp-content\/uploads\/2016\/02\/kronika2-1025x193.png 1025w\" sizes=\"(max-width: 4154px) 100vw, 4154px\" title=\"Kronika Wydzia\u0142u Fizyki\" alt=\"Kronika Wydzia\u0142u Fizyki\" \t\tclass=\"so-widget-image\"\/>\n\t\t\t<\/a><\/div>\n\n<\/div><\/div><\/div><div id=\"pgc-119-4-1\"  class=\"panel-grid-cell\" ><div id=\"panel-119-4-1-0\" class=\"so-panel widget widget_sow-image panel-first-child panel-last-child\" data-index=\"9\" ><div\n\t\t\t\n\t\t\tclass=\"so-widget-sow-image so-widget-sow-image-default-8b5b6f678277-119\"\n\t\t\t\n\t\t>\n<div class=\"sow-image-container\">\n\t\t\t<a href=\"https:\/\/irk.uwb.edu.pl\/pl\/\"\n\t\t\ttarget=\"_blank\" rel=\"noopener noreferrer\" \t\t>\n\t\t\t<img \n\tsrc=\"https:\/\/physics.uwb.edu.pl\/wf\/wp-content\/uploads\/2021\/05\/Rekrutacja-2021-2022-jpg.jpg\" width=\"300\" height=\"100\" srcset=\"https:\/\/physics.uwb.edu.pl\/wf\/wp-content\/uploads\/2021\/05\/Rekrutacja-2021-2022-jpg.jpg 300w, https:\/\/physics.uwb.edu.pl\/wf\/wp-content\/uploads\/2021\/05\/Rekrutacja-2021-2022-jpg-150x50.jpg 150w\" sizes=\"(max-width: 300px) 100vw, 300px\" title=\"Rekrutacja 2021 2022 jpg\" alt=\"\" \t\tclass=\"so-widget-image\"\/>\n\t\t\t<\/a><\/div>\n\n<\/div><\/div><\/div><div id=\"pgc-119-4-2\"  class=\"panel-grid-cell\" ><div id=\"panel-119-4-2-0\" class=\"so-panel widget widget_sow-image panel-first-child panel-last-child\" data-index=\"10\" ><div\n\t\t\t\n\t\t\tclass=\"so-widget-sow-image so-widget-sow-image-default-8b5b6f678277-119\"\n\t\t\t\n\t\t>\n<div class=\"sow-image-container\">\n\t\t\t<a href=\"http:\/\/physics.uwb.edu.pl\/wf\/?page_id=1758\"\n\t\t\t\t\t>\n\t\t\t<img \n\tsrc=\"https:\/\/physics.uwb.edu.pl\/wf\/wp-content\/uploads\/2016\/02\/text3596-36.png\" width=\"1959\" height=\"571\" srcset=\"https:\/\/physics.uwb.edu.pl\/wf\/wp-content\/uploads\/2016\/02\/text3596-36.png 1959w, https:\/\/physics.uwb.edu.pl\/wf\/wp-content\/uploads\/2016\/02\/text3596-36-150x44.png 150w, https:\/\/physics.uwb.edu.pl\/wf\/wp-content\/uploads\/2016\/02\/text3596-36-300x87.png 300w, https:\/\/physics.uwb.edu.pl\/wf\/wp-content\/uploads\/2016\/02\/text3596-36-1024x298.png 1024w, https:\/\/physics.uwb.edu.pl\/wf\/wp-content\/uploads\/2016\/02\/text3596-36-1025x299.png 1025w\" sizes=\"(max-width: 1959px) 100vw, 1959px\" title=\"Fizyka Gier Komputerowych i Robot\u00f3w \" alt=\"Fizyka Gier Komputerowych i Robot\u00f3w \" \t\tclass=\"so-widget-image\"\/>\n\t\t\t<\/a><\/div>\n\n<\/div><\/div><\/div><\/div><div id=\"pg-119-5\"  class=\"panel-grid panel-no-style\" ><div id=\"pgc-119-5-0\"  class=\"panel-grid-cell panel-grid-cell-empty\" ><\/div><div id=\"pgc-119-5-1\"  class=\"panel-grid-cell panel-grid-cell-empty panel-grid-cell-mobile-last\" ><\/div><div id=\"pgc-119-5-2\"  class=\"panel-grid-cell panel-grid-cell-empty\" ><\/div><\/div><\/div>","protected":false},"excerpt":{"rendered":"<p>Wydzia\u0142 Kandydaci Studenci Popularyzacja Polecamy<\/p>\n","protected":false},"author":2,"featured_media":0,"parent":0,"menu_order":0,"comment_status":"closed","ping_status":"closed","template":"","meta":{"ngg_post_thumbnail":0,"Layout":"2c-l","footnotes":""},"categories":[3],"tags":[],"class_list":["entry","author-dobrog","post-119","page","type-page","status-publish","category-wydzialowe_pl"],"jetpack_sharing_enabled":true,"jetpack_shortlink":"https:\/\/wp.me\/P7nvcn-1V","_links":{"self":[{"href":"https:\/\/physics.uwb.edu.pl\/wf\/index.php?rest_route=\/wp\/v2\/pages\/119","targetHints":{"allow":["GET"]}}],"collection":[{"href":"https:\/\/physics.uwb.edu.pl\/wf\/index.php?rest_route=\/wp\/v2\/pages"}],"about":[{"href":"https:\/\/physics.uwb.edu.pl\/wf\/index.php?rest_route=\/wp\/v2\/types\/page"}],"author":[{"embeddable":true,"href":"https:\/\/physics.uwb.edu.pl\/wf\/index.php?rest_route=\/wp\/v2\/users\/2"}],"replies":[{"embeddable":true,"href":"https:\/\/physics.uwb.edu.pl\/wf\/index.php?rest_route=%2Fwp%2Fv2%2Fcomments&post=119"}],"version-history":[{"count":192,"href":"https:\/\/physics.uwb.edu.pl\/wf\/index.php?rest_route=\/wp\/v2\/pages\/119\/revisions"}],"predecessor-version":[{"id":13286,"href":"https:\/\/physics.uwb.edu.pl\/wf\/index.php?rest_route=\/wp\/v2\/pages\/119\/revisions\/13286"}],"wp:attachment":[{"href":"https:\/\/physics.uwb.edu.pl\/wf\/index.php?rest_route=%2Fwp%2Fv2%2Fmedia&parent=119"}],"wp:term":[{"taxonomy":"category","embeddable":true,"href":"https:\/\/physics.uwb.edu.pl\/wf\/index.php?rest_route=%2Fwp%2Fv2%2Fcategories&post=119"},{"taxonomy":"post_tag","embeddable":true,"href":"https:\/\/physics.uwb.edu.pl\/wf\/index.php?rest_route=%2Fwp%2Fv2%2Ftags&post=119"}],"curies":[{"name":"wp","href":"https:\/\/api.w.org\/{rel}","templated":true}]}}