{"id":11915,"date":"2021-03-08T12:05:30","date_gmt":"2021-03-08T11:05:30","guid":{"rendered":"http:\/\/physics.uwb.edu.pl\/wf\/?page_id=11915"},"modified":"2021-03-08T12:05:30","modified_gmt":"2021-03-08T11:05:30","slug":"dzien-kobiet-3","status":"publish","type":"page","link":"https:\/\/physics.uwb.edu.pl\/wf\/?page_id=11915","title":{"rendered":"Najlepsze \u017cyczenia z okazji Dnia Kobiet!"},"content":{"rendered":"<p><img loading=\"lazy\" decoding=\"async\" class=\"alignnone wp-image-11916 size-large\" src=\"http:\/\/physics.uwb.edu.pl\/wf\/wp-content\/uploads\/2021\/03\/bouquet-tulips-small2-1024x530.png\" alt=\"\" width=\"1024\" height=\"530\" srcset=\"https:\/\/physics.uwb.edu.pl\/wf\/wp-content\/uploads\/2021\/03\/bouquet-tulips-small2-1024x530.png 1024w, https:\/\/physics.uwb.edu.pl\/wf\/wp-content\/uploads\/2021\/03\/bouquet-tulips-small2-300x155.png 300w, https:\/\/physics.uwb.edu.pl\/wf\/wp-content\/uploads\/2021\/03\/bouquet-tulips-small2-150x78.png 150w, https:\/\/physics.uwb.edu.pl\/wf\/wp-content\/uploads\/2021\/03\/bouquet-tulips-small2-1536x794.png 1536w, https:\/\/physics.uwb.edu.pl\/wf\/wp-content\/uploads\/2021\/03\/bouquet-tulips-small2-967x500.png 967w, https:\/\/physics.uwb.edu.pl\/wf\/wp-content\/uploads\/2021\/03\/bouquet-tulips-small2.png 1920w\" sizes=\"auto, (max-width: 1024px) 100vw, 1024px\" \/><\/p>\n<p>\u017ar\u00f3d\u0142o grafiki: Kwiaty zdj\u0119cie utworzone przez freepik &#8211;<a href=\"https:\/\/pl.freepik.com\/zdjecia\/kwiaty\"> pl.freepik.com<\/a><\/p>\n","protected":false},"excerpt":{"rendered":"<p>\u017ar\u00f3d\u0142o grafiki: Kwiaty zdj\u0119cie utworzone przez freepik &#8211; pl.freepik.com<\/p>\n","protected":false},"author":5,"featured_media":11916,"parent":713,"menu_order":0,"comment_status":"closed","ping_status":"closed","template":"","meta":{"ngg_post_thumbnail":0,"Layout":"","footnotes":""},"categories":[27],"tags":[],"class_list":["entry","author-gawryl","post-11915","page","type-page","status-publish","has-post-thumbnail","category-post_news_pl"],"jetpack_sharing_enabled":true,"jetpack_shortlink":"https:\/\/wp.me\/P7nvcn-36b","_links":{"self":[{"href":"https:\/\/physics.uwb.edu.pl\/wf\/index.php?rest_route=\/wp\/v2\/pages\/11915","targetHints":{"allow":["GET"]}}],"collection":[{"href":"https:\/\/physics.uwb.edu.pl\/wf\/index.php?rest_route=\/wp\/v2\/pages"}],"about":[{"href":"https:\/\/physics.uwb.edu.pl\/wf\/index.php?rest_route=\/wp\/v2\/types\/page"}],"author":[{"embeddable":true,"href":"https:\/\/physics.uwb.edu.pl\/wf\/index.php?rest_route=\/wp\/v2\/users\/5"}],"replies":[{"embeddable":true,"href":"https:\/\/physics.uwb.edu.pl\/wf\/index.php?rest_route=%2Fwp%2Fv2%2Fcomments&post=11915"}],"version-history":[{"count":2,"href":"https:\/\/physics.uwb.edu.pl\/wf\/index.php?rest_route=\/wp\/v2\/pages\/11915\/revisions"}],"predecessor-version":[{"id":11918,"href":"https:\/\/physics.uwb.edu.pl\/wf\/index.php?rest_route=\/wp\/v2\/pages\/11915\/revisions\/11918"}],"up":[{"embeddable":true,"href":"https:\/\/physics.uwb.edu.pl\/wf\/index.php?rest_route=\/wp\/v2\/pages\/713"}],"wp:featuredmedia":[{"embeddable":true,"href":"https:\/\/physics.uwb.edu.pl\/wf\/index.php?rest_route=\/wp\/v2\/media\/11916"}],"wp:attachment":[{"href":"https:\/\/physics.uwb.edu.pl\/wf\/index.php?rest_route=%2Fwp%2Fv2%2Fmedia&parent=11915"}],"wp:term":[{"taxonomy":"category","embeddable":true,"href":"https:\/\/physics.uwb.edu.pl\/wf\/index.php?rest_route=%2Fwp%2Fv2%2Fcategories&post=11915"},{"taxonomy":"post_tag","embeddable":true,"href":"https:\/\/physics.uwb.edu.pl\/wf\/index.php?rest_route=%2Fwp%2Fv2%2Ftags&post=11915"}],"curies":[{"name":"wp","href":"https:\/\/api.w.org\/{rel}","templated":true}]}}