{"id":11921,"date":"2021-03-11T09:16:50","date_gmt":"2021-03-11T08:16:50","guid":{"rendered":"http:\/\/physics.uwb.edu.pl\/wf\/?page_id=11921"},"modified":"2021-03-11T09:16:50","modified_gmt":"2021-03-11T08:16:50","slug":"o-marianie-smoluchowskim-w-setna-rocznice-smierci-2-2-2-2-2-4-3-2-2-2-2-2-2-2-3-3-2-3-2-2-2-2-3-2-2-2-2-2-2-3-2-2-2-2-2-2-2-2-2-3-3-2-2-2-3-3-2-2-2-2-2-3-2-3-2-2-2-2-2-2-2-3-3-3-2-2-2-2-3-2-2-2","status":"publish","type":"page","link":"https:\/\/physics.uwb.edu.pl\/wf\/?page_id=11921","title":{"rendered":"Wykorzystanie cienkich warstw do magnetoforezy cz\u0105stek magnetycznych"},"content":{"rendered":"<h3><strong>Konwersatorium wydzia\u0142owe (<a href=\"https:\/\/physics.uwb.edu.pl\/wf\/?page_id=11689\" target=\"_blank\" rel=\"noopener noreferrer\">online<\/a>)<br \/>\n<\/strong><\/h3>\n<p align=\"justify\">Dnia 2021-03-16 o godzinie 13:15 odb\u0119dzie si\u0119 wyk\u0142ad (<a href=\"https:\/\/physics.uwb.edu.pl\/wf\/?page_id=11689\" target=\"_blank\" rel=\"noopener noreferrer\">seminarium odb\u0119dzie si\u0119 \u201eonline\u201d z wykorzystaniem platformy ZOOM<\/a>), na kt\u00f3rym <strong> dr hab. Maciej Urbaniak z Instytutu Fizyki Molekularnej PAN w Poznaniu, <\/strong>wyg\u0142osi wyk\u0142ad pt:<\/p>\n<h3 style=\"text-align: center;\"><span style=\"font-size: 36px;\"><strong>&#8220;Wykorzystanie cienkich warstw do magnetoforezy cz\u0105stek magnetycznych&#8221;<\/strong><\/span><\/h3>\n<p style=\"text-align: right;\">Serdecznie zapraszamy<\/p>\n<p style=\"text-align: right;\">Andrzej Maziewski<\/p>\n<p style=\"text-align: right;\">Jerzy Przeszowski<\/p>\n<p>&nbsp;<\/p>\n<p style=\"text-align: justify;\"><span style=\"font-size: 20px;\"><strong>Wykorzystanie cienkich warstw do magnetoforezy cz\u0105stek magnetycznych<\/strong><\/span><\/p>\n<p><strong>Maciej Urbaniak<\/strong><br \/>\nInstytut Fizyki Molekularnej PAN w Poznaniu<\/p>\n<p style=\"text-align: justify;\">Precyzyjna kontrola po\u0142o\u017cenia i propagacji cz\u0105steczek magnetycznych w uk\u0142adach mikrofluidycznych jest istotna dla wielu zastosowa\u0144, w tym mi\u0119dzy innymi w zintegrowanych systemach diagnostyki chemicznej lub medycznej. Do jej realizacji wykorzystuje si\u0119 cz\u0119sto zjawisko magnetoforezy, czyli ruchu cz\u0105stek w cieczy pod wp\u0142ywem si\u0142 magnetycznych. \u0179r\u00f3d\u0142em gradientowego pola magnetycznego mog\u0105 by\u0107 zar\u00f3wno makroskopowe magnesy jak i domeny obecne w cienkich warstwach magnetycznych. Seminarium po\u015bwi\u0119cone b\u0119dzie wykorzystaniu w magnetoforezie naturalnej i sztucznie wprowadzonej, poprzez modyfikacj\u0119 z u\u017cyciem bombardowania jonowego, struktury domenowej w cienkich warstwach Co z prostopad\u0142\u0105 anizotropi\u0105 magnetyczn\u0105 [1]. Po wprowadzeniu obejmuj\u0105cym wyja\u015bnienie podstaw zjawiska oraz jego potencjalnych zastosowa\u0144 om\u00f3wi\u0119 transport oraz soczewkowanie kulek superparamagnetycznych, o mikrometrowych \u015brednicach, nad topograficznie strukturyzowanymi warstwami. W dalszej cz\u0119\u015bci przedstawi\u0119 topologicznie chroniony transport nad periodycznymi strukturami domenowymi. W szczeg\u00f3lno\u015bci zademonstruj\u0119 mo\u017cliwo\u015b\u0107 r\u00f3wnoczesnego i niezale\u017cnego sterowania r\u00f3\u017cnej d\u0142ugo\u015bci liniowymi kompleksami cz\u0105stek magnetycznych za pomoc\u0105 odpowiednich sekwencji pola zewn\u0119trznego [2]. Na zako\u0144czenie om\u00f3wi\u0119 magnetoforez\u0119 z wykorzystaniem domen cylindrycznych w uk\u0142adach Ir\/Co\/Ir z oddzia\u0142ywaniem typu Dzia\u0142oszy\u0144skiego-Moryi [3].<\/p>\n<p>[1] A. Jarosz, D. Holzinger, M. Urbaniak, A. Ehresmann, F. Stobiecki, J. Appl. Phys. 120 (2016) 084506<br \/>\n[2] M. Mirzaee-Kakhki, A. Ernst, D. de las Heras, M. Urbaniak, F. Stobiecki, J. G\u00f6rdes, M. Regin\u00adka, A. Ehresmann, T. M. Fischer, Nat. Commun. 11 (2020) 4670<br \/>\n[3] M. Urbaniak, M. Matczak, G.D. Chaves-O\u2019Flynn, M. Reginka, A. Ehresmann, P. Ku\u015bwik, Journal of Magnetism and Magnetic Materials, 519 (2021) 167454<\/p>\n","protected":false},"excerpt":{"rendered":"<p>Konwersatorium wydzia\u0142owe (online) Dnia 2021-03-16 o godzinie 13:15 odb\u0119dzie si\u0119 wyk\u0142ad (seminarium odb\u0119dzie si\u0119 \u201eonline\u201d z wykorzystaniem platformy ZOOM), na kt\u00f3rym dr hab. Maciej Urbaniak z Instytutu Fizyki Molekularnej PAN <a href=\"https:\/\/physics.uwb.edu.pl\/wf\/?page_id=11921\" class=\"more-link\">[&hellip;]<\/a><\/p>\n","protected":false},"author":14,"featured_media":8413,"parent":822,"menu_order":0,"comment_status":"closed","ping_status":"closed","template":"","meta":{"ngg_post_thumbnail":0,"Layout":"1c","footnotes":""},"categories":[69],"tags":[],"class_list":["entry","author-ulag","post-11921","page","type-page","status-publish","has-post-thumbnail","category-seminarium_pl"],"jetpack_sharing_enabled":true,"jetpack_shortlink":"https:\/\/wp.me\/P7nvcn-36h","_links":{"self":[{"href":"https:\/\/physics.uwb.edu.pl\/wf\/index.php?rest_route=\/wp\/v2\/pages\/11921","targetHints":{"allow":["GET"]}}],"collection":[{"href":"https:\/\/physics.uwb.edu.pl\/wf\/index.php?rest_route=\/wp\/v2\/pages"}],"about":[{"href":"https:\/\/physics.uwb.edu.pl\/wf\/index.php?rest_route=\/wp\/v2\/types\/page"}],"author":[{"embeddable":true,"href":"https:\/\/physics.uwb.edu.pl\/wf\/index.php?rest_route=\/wp\/v2\/users\/14"}],"replies":[{"embeddable":true,"href":"https:\/\/physics.uwb.edu.pl\/wf\/index.php?rest_route=%2Fwp%2Fv2%2Fcomments&post=11921"}],"version-history":[{"count":1,"href":"https:\/\/physics.uwb.edu.pl\/wf\/index.php?rest_route=\/wp\/v2\/pages\/11921\/revisions"}],"predecessor-version":[{"id":11923,"href":"https:\/\/physics.uwb.edu.pl\/wf\/index.php?rest_route=\/wp\/v2\/pages\/11921\/revisions\/11923"}],"up":[{"embeddable":true,"href":"https:\/\/physics.uwb.edu.pl\/wf\/index.php?rest_route=\/wp\/v2\/pages\/822"}],"wp:featuredmedia":[{"embeddable":true,"href":"https:\/\/physics.uwb.edu.pl\/wf\/index.php?rest_route=\/wp\/v2\/media\/8413"}],"wp:attachment":[{"href":"https:\/\/physics.uwb.edu.pl\/wf\/index.php?rest_route=%2Fwp%2Fv2%2Fmedia&parent=11921"}],"wp:term":[{"taxonomy":"category","embeddable":true,"href":"https:\/\/physics.uwb.edu.pl\/wf\/index.php?rest_route=%2Fwp%2Fv2%2Fcategories&post=11921"},{"taxonomy":"post_tag","embeddable":true,"href":"https:\/\/physics.uwb.edu.pl\/wf\/index.php?rest_route=%2Fwp%2Fv2%2Ftags&post=11921"}],"curies":[{"name":"wp","href":"https:\/\/api.w.org\/{rel}","templated":true}]}}