{"id":11934,"date":"2021-03-15T10:04:51","date_gmt":"2021-03-15T09:04:51","guid":{"rendered":"http:\/\/physics.uwb.edu.pl\/wf\/?page_id=11934"},"modified":"2021-03-15T10:04:51","modified_gmt":"2021-03-15T09:04:51","slug":"ogloszenie-2-2-2-3","status":"publish","type":"page","link":"https:\/\/physics.uwb.edu.pl\/wf\/?page_id=11934","title":{"rendered":"Rekrutacja ERASMUS+ na rok akademicki 2021\/2022"},"content":{"rendered":"<p><img loading=\"lazy\" decoding=\"async\" class=\"aligncenter size-medium wp-image-7146\" src=\"http:\/\/physics.uwb.edu.pl\/wf\/wp-content\/uploads\/2018\/03\/EU-flag-Erasmus_vect_POS-300x86.jpg\" alt=\"\" width=\"300\" height=\"86\" srcset=\"https:\/\/physics.uwb.edu.pl\/wf\/wp-content\/uploads\/2018\/03\/EU-flag-Erasmus_vect_POS-300x86.jpg 300w, https:\/\/physics.uwb.edu.pl\/wf\/wp-content\/uploads\/2018\/03\/EU-flag-Erasmus_vect_POS-150x43.jpg 150w, https:\/\/physics.uwb.edu.pl\/wf\/wp-content\/uploads\/2018\/03\/EU-flag-Erasmus_vect_POS-1024x292.jpg 1024w, https:\/\/physics.uwb.edu.pl\/wf\/wp-content\/uploads\/2018\/03\/EU-flag-Erasmus_vect_POS-1025x293.jpg 1025w, https:\/\/physics.uwb.edu.pl\/wf\/wp-content\/uploads\/2018\/03\/EU-flag-Erasmus_vect_POS.jpg 1964w\" sizes=\"auto, (max-width: 300px) 100vw, 300px\" \/><\/p>\n<h2>OG\u0141OSZENIE \u2013 Rekrutacja Erasmus+ <strong>na rok akademicki 2021\/2022<\/strong><\/h2>\n<p>&nbsp;<\/p>\n<p>&nbsp;<\/p>\n<p>Osoby zainteresowane <strong>wyjazdem na studia w roku akademickiego 2021\/2022 &nbsp;oraz na praktyki latem 2021 <\/strong>w ramach programu Erasmus +&nbsp; mog\u0105 kontaktowa\u0107 si\u0119 ze mn\u0105 osobi\u015bcie (pok.1065) lub mailowo (<a href=\"mailto:k.perzynska@uwb.edu.pl\">k.perzynska@uwb.edu.pl<\/a>.) w terminie <strong><u>do 26.03.2021r<\/u><\/strong>.<\/p>\n<p>Studenci III lub II roku, odpowiednio studi\u00f3w I i II stopnia, mog\u0105 r\u00f3wnie\u017c ubiega\u0107 si\u0119 o wyjazd na praktyk\u0119, kt\u00f3ra nast\u0105pi ju\u017c po obronie pracy licencjackiej lub magisterskiej.<\/p>\n<p>Jednocze\u015bnie informuj\u0119, i\u017c tegoroczna rekrutacja r\u00f3\u017cni si\u0119 od wcze\u015bniejszych, a mianowicie KE dopuszcza mo\u017cliwo\u015b\u0107 realizacji zaj\u0119\u0107 bez konieczno\u015bci wyjazdu do kraju partnerskiego (tzw. grant zerowy);<\/p>\n<p>Og\u00f3lne zasady rekrutacji oraz formularze zg\u0142oszeniowe znajduj\u0105 si\u0119 na stronie internetowej naszego wydzia\u0142u, w zak\u0142adce: Studenci \/ Erasmus +.<\/p>\n<p>&nbsp;<\/p>\n<p>&nbsp;<\/p>\n<p>&nbsp;<\/p>\n<p>Krystyna Perzy\u0144ska<br \/>\n\/koordynator wydzia\u0142owy Erasmus+\/<\/p>\n","protected":false},"excerpt":{"rendered":"<p>OG\u0141OSZENIE \u2013 Rekrutacja Erasmus+ na rok akademicki 2021\/2022 &nbsp; &nbsp; Osoby zainteresowane wyjazdem na studia w roku akademickiego 2021\/2022 &nbsp;oraz na praktyki latem 2021 w ramach programu Erasmus +&nbsp; mog\u0105 <a href=\"https:\/\/physics.uwb.edu.pl\/wf\/?page_id=11934\" class=\"more-link\">[&hellip;]<\/a><\/p>\n","protected":false},"author":14,"featured_media":7146,"parent":713,"menu_order":0,"comment_status":"closed","ping_status":"closed","template":"","meta":{"ngg_post_thumbnail":0,"Layout":"1c","footnotes":""},"categories":[27,23],"tags":[],"class_list":["entry","author-ulag","post-11934","page","type-page","status-publish","has-post-thumbnail","category-post_news_pl","category-student_pl"],"jetpack_sharing_enabled":true,"jetpack_shortlink":"https:\/\/wp.me\/P7nvcn-36u","_links":{"self":[{"href":"https:\/\/physics.uwb.edu.pl\/wf\/index.php?rest_route=\/wp\/v2\/pages\/11934","targetHints":{"allow":["GET"]}}],"collection":[{"href":"https:\/\/physics.uwb.edu.pl\/wf\/index.php?rest_route=\/wp\/v2\/pages"}],"about":[{"href":"https:\/\/physics.uwb.edu.pl\/wf\/index.php?rest_route=\/wp\/v2\/types\/page"}],"author":[{"embeddable":true,"href":"https:\/\/physics.uwb.edu.pl\/wf\/index.php?rest_route=\/wp\/v2\/users\/14"}],"replies":[{"embeddable":true,"href":"https:\/\/physics.uwb.edu.pl\/wf\/index.php?rest_route=%2Fwp%2Fv2%2Fcomments&post=11934"}],"version-history":[{"count":1,"href":"https:\/\/physics.uwb.edu.pl\/wf\/index.php?rest_route=\/wp\/v2\/pages\/11934\/revisions"}],"predecessor-version":[{"id":11935,"href":"https:\/\/physics.uwb.edu.pl\/wf\/index.php?rest_route=\/wp\/v2\/pages\/11934\/revisions\/11935"}],"up":[{"embeddable":true,"href":"https:\/\/physics.uwb.edu.pl\/wf\/index.php?rest_route=\/wp\/v2\/pages\/713"}],"wp:featuredmedia":[{"embeddable":true,"href":"https:\/\/physics.uwb.edu.pl\/wf\/index.php?rest_route=\/wp\/v2\/media\/7146"}],"wp:attachment":[{"href":"https:\/\/physics.uwb.edu.pl\/wf\/index.php?rest_route=%2Fwp%2Fv2%2Fmedia&parent=11934"}],"wp:term":[{"taxonomy":"category","embeddable":true,"href":"https:\/\/physics.uwb.edu.pl\/wf\/index.php?rest_route=%2Fwp%2Fv2%2Fcategories&post=11934"},{"taxonomy":"post_tag","embeddable":true,"href":"https:\/\/physics.uwb.edu.pl\/wf\/index.php?rest_route=%2Fwp%2Fv2%2Ftags&post=11934"}],"curies":[{"name":"wp","href":"https:\/\/api.w.org\/{rel}","templated":true}]}}