{"id":11978,"date":"2021-03-22T15:20:25","date_gmt":"2021-03-22T14:20:25","guid":{"rendered":"https:\/\/physics.uwb.edu.pl\/wf\/?page_id=11978"},"modified":"2021-03-22T15:21:22","modified_gmt":"2021-03-22T14:21:22","slug":"ogloszenie-2-2-2-3-2-2","status":"publish","type":"page","link":"https:\/\/physics.uwb.edu.pl\/wf\/?page_id=11978","title":{"rendered":"Spotkanie informacyjne dot. testu IELTS"},"content":{"rendered":"<p>Szanowni studenci, doktoranci, pracownicy Uniwersytetu w Bia\u0142ymstoku&nbsp; oraz inni zainteresowani,<\/p>\n<p style=\"text-align: justify;\">W dniu 26 marca 2021r. o godzinie 13.00 odb\u0119dzie si\u0119 spotkanie online,&nbsp; podczas kt\u00f3rego pan Bartosz Brzoza przedstawi Pa\u0144stwu informacje dotycz\u0105ce testu IELTS oraz odpowie na Pa\u0144stwa pytania.<\/p>\n<p style=\"text-align: justify;\">IELTS (International English Language Testing System) organizowany przez British Council to najpopularniejszy na \u015bwiecie test sprawdzaj\u0105cy poziom znajomo\u015bci j\u0119zyka angielskiego. IELTS test jest akceptowany przez ponad 10 tys. organizacji ( to m.in. szko\u0142y, uczelnie, instytucje rz\u0105dowe, mi\u0119dzynarodowe firmy) w ponad 140 krajach, w tym w Polsce. Ponadto, test IELTS:<\/p>\n<p style=\"text-align: justify;\">&#8211; jest uznawany przez Ministerstwo Nauki i Szkolnictwa Wy\u017cszego i zwalnia np. z egzaminu doktorskiego z nowo\u017cytnego j\u0119zyka obcego,<\/p>\n<p style=\"text-align: justify;\">&#8211; jest umieszczony na li\u015bcie certyfikat\u00f3w uznawanych w ramach post\u0119powania kwalifikacyjnego w s\u0142u\u017cbie cywilnej (Rozporz\u0105dzenie Prezesa Rady Ministr\u00f3w z dnia 16 grudnia 2009 r. w sprawie sposobu przeprowadzania post\u0119powania kwalifikacyjnego w s\u0142u\u017cbie cywilnej,<\/p>\n<p style=\"text-align: justify;\">&#8211; stanowi potwierdzenie kwalifikacji do nauczania j\u0119zyk\u00f3w obcych wg Rozporz\u0105dzenia Ministra Edukacji Narodowej z dnia 1 sierpnia 2017 r. w sprawie szczeg\u00f3\u0142owych kwalifikacji wymaganych od nauczycieli,<\/p>\n<p style=\"text-align: justify;\">&#8211; jest uznawany jako podstaw\u0119 przyznawania punkt\u00f3w w ramach mi\u0119dzynarodowych program\u00f3w studenckich, takich jak Erasmus+.<\/p>\n<p style=\"text-align: justify;\">Wyk\u0142ad b\u0119dzie transmitowany na Zoom:<br \/>\n<a class=\"moz-txt-link-freetext\" href=\"https:\/\/BritishCouncil.zoom.us\/j\/88403469006\">https:\/\/BritishCouncil.zoom.us\/j\/88403469006<\/a><br \/>\nPasscode: 295525<\/p>\n<p>Zapraszam do udzia\u0142u.<\/p>\n<p>Iwona Kubas<br \/>\nStudium Praktycznej Nauki J\u0119zyk\u00f3w Obcych, Uniwersytet w Bia\u0142ymstoku<\/p>\n","protected":false},"excerpt":{"rendered":"<p>Szanowni studenci, doktoranci, pracownicy Uniwersytetu w Bia\u0142ymstoku&nbsp; oraz inni zainteresowani, W dniu 26 marca 2021r. o godzinie 13.00 odb\u0119dzie si\u0119 spotkanie online,&nbsp; podczas kt\u00f3rego pan Bartosz Brzoza przedstawi Pa\u0144stwu informacje <a href=\"https:\/\/physics.uwb.edu.pl\/wf\/?page_id=11978\" class=\"more-link\">[&hellip;]<\/a><\/p>\n","protected":false},"author":14,"featured_media":11979,"parent":713,"menu_order":0,"comment_status":"closed","ping_status":"closed","template":"","meta":{"ngg_post_thumbnail":0,"Layout":"1c","footnotes":""},"categories":[27,23],"tags":[],"class_list":["entry","author-ulag","post-11978","page","type-page","status-publish","has-post-thumbnail","category-post_news_pl","category-student_pl"],"jetpack_sharing_enabled":true,"jetpack_shortlink":"https:\/\/wp.me\/P7nvcn-37c","_links":{"self":[{"href":"https:\/\/physics.uwb.edu.pl\/wf\/index.php?rest_route=\/wp\/v2\/pages\/11978","targetHints":{"allow":["GET"]}}],"collection":[{"href":"https:\/\/physics.uwb.edu.pl\/wf\/index.php?rest_route=\/wp\/v2\/pages"}],"about":[{"href":"https:\/\/physics.uwb.edu.pl\/wf\/index.php?rest_route=\/wp\/v2\/types\/page"}],"author":[{"embeddable":true,"href":"https:\/\/physics.uwb.edu.pl\/wf\/index.php?rest_route=\/wp\/v2\/users\/14"}],"replies":[{"embeddable":true,"href":"https:\/\/physics.uwb.edu.pl\/wf\/index.php?rest_route=%2Fwp%2Fv2%2Fcomments&post=11978"}],"version-history":[{"count":3,"href":"https:\/\/physics.uwb.edu.pl\/wf\/index.php?rest_route=\/wp\/v2\/pages\/11978\/revisions"}],"predecessor-version":[{"id":11982,"href":"https:\/\/physics.uwb.edu.pl\/wf\/index.php?rest_route=\/wp\/v2\/pages\/11978\/revisions\/11982"}],"up":[{"embeddable":true,"href":"https:\/\/physics.uwb.edu.pl\/wf\/index.php?rest_route=\/wp\/v2\/pages\/713"}],"wp:featuredmedia":[{"embeddable":true,"href":"https:\/\/physics.uwb.edu.pl\/wf\/index.php?rest_route=\/wp\/v2\/media\/11979"}],"wp:attachment":[{"href":"https:\/\/physics.uwb.edu.pl\/wf\/index.php?rest_route=%2Fwp%2Fv2%2Fmedia&parent=11978"}],"wp:term":[{"taxonomy":"category","embeddable":true,"href":"https:\/\/physics.uwb.edu.pl\/wf\/index.php?rest_route=%2Fwp%2Fv2%2Fcategories&post=11978"},{"taxonomy":"post_tag","embeddable":true,"href":"https:\/\/physics.uwb.edu.pl\/wf\/index.php?rest_route=%2Fwp%2Fv2%2Ftags&post=11978"}],"curies":[{"name":"wp","href":"https:\/\/api.w.org\/{rel}","templated":true}]}}