{"id":11988,"date":"2021-03-25T12:27:48","date_gmt":"2021-03-25T11:27:48","guid":{"rendered":"https:\/\/physics.uwb.edu.pl\/wf\/?page_id=11988"},"modified":"2021-03-25T12:27:48","modified_gmt":"2021-03-25T11:27:48","slug":"ogloszenie-2-2-2-3-2-2-2","status":"publish","type":"page","link":"https:\/\/physics.uwb.edu.pl\/wf\/?page_id=11988","title":{"rendered":"Startuj\u0105 Wirtualne Dni Otwarte. Kandydaci \u2013 to czas i miejsce dla Was!"},"content":{"rendered":"<p style=\"text-align: justify;\"><strong>Aktualna oferta edukacyjna, mn\u00f3stwo ciekawostek o uczelni, Bia\u0142ymstoku i regionie, do tego filmowe niespodzianki, a w\u015br\u00f3d nich bajkowa podr\u00f3\u017c po kampusie w towarzystwie Krystyny Czub\u00f3wny. Takie s\u0105 Wirtualne Dni Otwarte, kt\u00f3re w\u0142a\u015bnie rozpoczynaj\u0105 si\u0119 na Uniwersytecie w Bia\u0142ymstoku. Zosta\u0142y przygotowane specjalnie dla kandydat\u00f3w na studia.<\/strong><\/p>\n<p style=\"text-align: justify;\"><em>&#8211; Z powodu epidemii i obostrze\u0144 nie mo\u017cemy organizowa\u0107 tradycyjnych dni otwartych. Dlatego serdecznie zapraszamy tegorocznych maturzyst\u00f3w i wszystkich kandydat\u00f3w na spotkanie online! Ruszaj\u0105 Wirtualne Dni Otwarte. To najwa\u017cniejsze informacje w jednym miejscu. Przyszli studenci znajd\u0105 tu pe\u0142n\u0105 ofert\u0119 edukacyjn\u0105 UwB, zasady rekrutacji, mn\u00f3stwo ciekawostek \u2013 tak\u017ce filmowych &#8211; o uczelni, Bia\u0142ymstoku i regionie<\/em> \u2013 m\u00f3wi Agnieszka Jab\u0142o\u0144ska-Perkowska, kierownik Dzia\u0142u Promocji Uniwersytetu w Bia\u0142ymstoku.<\/p>\n<p style=\"text-align: justify;\">Na pocz\u0105tek niespodzianka. Najbardziej rozpoznawalny g\u0142os w Polsce \u2013 lektorka i dziennikarka Krystyna Czub\u00f3wna zabierze wszystkich w filmow\u0105 podr\u00f3\u017c do kampusu UwB, do kr\u00f3lestwa nauk \u015bcis\u0142ych i przyrodniczych: biologii, chemii, fizyki, matematyki i informatyki. To tutaj, w\u015br\u00f3d drzew i krzew\u00f3w, stoj\u0105 okaza\u0142e gmachy ze stali, betonu i szk\u0142a. \u0141\u0105czy je sp\u0119kana kula, a nieopodal wida\u0107 Obserwatorium z Planetarium.<\/p>\n<p style=\"text-align: center;\"><iframe loading=\"lazy\" title=\"YouTube video player\" src=\"\/\/www.youtube.com\/embed\/z0IwDpM8_18?rel=0\" allowfullscreen=\"allowfullscreen\" width=\"720\" height=\"405\" frameborder=\"0\"><\/iframe><\/p>\n<hr>\n<p style=\"text-align: justify;\">Ale Uniwersytet w Bia\u0142ymstoku to nie tylko nauki \u015bcis\u0142e i przyrodnicze. To tak\u017ce szeroka oferta nauk humanistycznych i spo\u0142ecznych: od filologii, historii i pedagogiki, po ekonomi\u0119, socjologi\u0119 i prawo.<\/p>\n<p style=\"text-align: justify;\">Najwi\u0119ksza podlaska uczelnia oferuje w sumie ponad 30 kierunk\u00f3w. Wszystkie zosta\u0142y przedstawione w ramach Wirtualnych Dni Otwartych. Kandydaci <em>dowiedz\u0105 si\u0119, czego naucz\u0105 si\u0119 na wymarzonym kierunku i gdzie mog\u0105 po nim pracowa\u0107. <\/em>&nbsp;<\/p>\n<hr>\n<p style=\"text-align: center;\"><span style=\"font-size: 12pt;\"><strong>Wystarczy wej\u015b\u0107 na stron\u0119 internetow\u0105<br \/>\n<a title=\"wdo\" href=\"https:\/\/uwb.edu.pl\/wdo\" target=\"_blank\" rel=\"noopener noreferrer\">https:\/\/uwb.edu.pl\/wdo<\/a><\/strong><\/span><\/p>\n<hr>\n<p style=\"text-align: justify;\">WDO to tak\u017ce prosta i przejrzysta rekrutacja krok po kroku \u2013 czyli jak znale\u017a\u0107, a p\u00f3\u017aniej zarejestrowa\u0107 si\u0119 na wymarzone studia oraz mn\u00f3stwo informacji o uczelni, mie\u015bcie i regionie. W ko\u0144cu Bia\u0142ystok to idealne miejsce do studiowania.<\/p>\n<p style=\"text-align: justify;\">Wirtualne Dni Otwarte b\u0119d\u0105 dost\u0119pne do ko\u0144ca rekrutacji<strong>.<\/strong> Co wa\u017cne, strona b\u0119dzie aktualizowana. Pojawi\u0105 si\u0119 kolejne informacje i ciekawostki.<\/p>\n<p style=\"text-align: justify;\"><em>&#8211; Tegorocznych maturzyst\u00f3w zaprosimy wkr\u00f3tce na \u201eMaturaln\u0105 Niezapominajk\u0119\u201d. W przygotowaniach do egzaminu dojrza\u0142o\u015bci pomog\u0105 im naukowcy UwB. &nbsp;<\/em>Akcja: Wirtualne Dni Otwarte b\u0119dzie prowadzona r\u00f3wnolegle na Facebooku, dlatego warto \u015bledzi\u0107 tak\u017ce fanpage UwB. Ju\u017c nied\u0142ugo zaprosimy wszystkich ch\u0119tnych do grupy: Rekrutacja na UwB. B\u0119dzie mo\u017cna te\u017c sp\u0119dzi\u0107 tydzie\u0144 z naukami \u015bcis\u0142ymi, przyrodniczymi, humanistycznymi i spo\u0142ecznymi \u2013 informuje Agnieszka Grajewska, kierownik Uniwersyteckiego Centrum Rekrutacji. &nbsp;<\/p>\n<hr>\n<p style=\"text-align: center;\"><iframe loading=\"lazy\" title=\"YouTube video player\" src=\"\/\/www.youtube.com\/embed\/ULLHNSQXYuA?rel=0\" allowfullscreen=\"allowfullscreen\" width=\"720\" height=\"405\" frameborder=\"0\"><\/iframe><\/p>\n<hr>\n<p style=\"text-align: center;\">Uniwersytet w Bia\u0142ymstoku to najwi\u0119ksza uczelnia w p\u00f3\u0142nocno-wschodniej Polsce. Obecnie kszta\u0142ci ponad dziewi\u0119\u0107 tysi\u0119cy student\u00f3w, doktorant\u00f3w i s\u0142uchaczy studi\u00f3w podyplomowych.<\/p>\n","protected":false},"excerpt":{"rendered":"<p>Aktualna oferta edukacyjna, mn\u00f3stwo ciekawostek o uczelni, Bia\u0142ymstoku i regionie, do tego filmowe niespodzianki, a w\u015br\u00f3d nich bajkowa podr\u00f3\u017c po kampusie w towarzystwie Krystyny Czub\u00f3wny. Takie s\u0105 Wirtualne Dni Otwarte, <a href=\"https:\/\/physics.uwb.edu.pl\/wf\/?page_id=11988\" class=\"more-link\">[&hellip;]<\/a><\/p>\n","protected":false},"author":14,"featured_media":11989,"parent":713,"menu_order":0,"comment_status":"closed","ping_status":"closed","template":"","meta":{"ngg_post_thumbnail":0,"Layout":"1c","footnotes":""},"categories":[27,23],"tags":[],"class_list":["entry","author-ulag","post-11988","page","type-page","status-publish","has-post-thumbnail","category-post_news_pl","category-student_pl"],"jetpack_sharing_enabled":true,"jetpack_shortlink":"https:\/\/wp.me\/P7nvcn-37m","_links":{"self":[{"href":"https:\/\/physics.uwb.edu.pl\/wf\/index.php?rest_route=\/wp\/v2\/pages\/11988","targetHints":{"allow":["GET"]}}],"collection":[{"href":"https:\/\/physics.uwb.edu.pl\/wf\/index.php?rest_route=\/wp\/v2\/pages"}],"about":[{"href":"https:\/\/physics.uwb.edu.pl\/wf\/index.php?rest_route=\/wp\/v2\/types\/page"}],"author":[{"embeddable":true,"href":"https:\/\/physics.uwb.edu.pl\/wf\/index.php?rest_route=\/wp\/v2\/users\/14"}],"replies":[{"embeddable":true,"href":"https:\/\/physics.uwb.edu.pl\/wf\/index.php?rest_route=%2Fwp%2Fv2%2Fcomments&post=11988"}],"version-history":[{"count":1,"href":"https:\/\/physics.uwb.edu.pl\/wf\/index.php?rest_route=\/wp\/v2\/pages\/11988\/revisions"}],"predecessor-version":[{"id":11990,"href":"https:\/\/physics.uwb.edu.pl\/wf\/index.php?rest_route=\/wp\/v2\/pages\/11988\/revisions\/11990"}],"up":[{"embeddable":true,"href":"https:\/\/physics.uwb.edu.pl\/wf\/index.php?rest_route=\/wp\/v2\/pages\/713"}],"wp:featuredmedia":[{"embeddable":true,"href":"https:\/\/physics.uwb.edu.pl\/wf\/index.php?rest_route=\/wp\/v2\/media\/11989"}],"wp:attachment":[{"href":"https:\/\/physics.uwb.edu.pl\/wf\/index.php?rest_route=%2Fwp%2Fv2%2Fmedia&parent=11988"}],"wp:term":[{"taxonomy":"category","embeddable":true,"href":"https:\/\/physics.uwb.edu.pl\/wf\/index.php?rest_route=%2Fwp%2Fv2%2Fcategories&post=11988"},{"taxonomy":"post_tag","embeddable":true,"href":"https:\/\/physics.uwb.edu.pl\/wf\/index.php?rest_route=%2Fwp%2Fv2%2Ftags&post=11988"}],"curies":[{"name":"wp","href":"https:\/\/api.w.org\/{rel}","templated":true}]}}