{"id":12017,"date":"2021-04-14T12:22:49","date_gmt":"2021-04-14T10:22:49","guid":{"rendered":"https:\/\/physics.uwb.edu.pl\/wf\/?page_id=12017"},"modified":"2021-04-14T12:22:49","modified_gmt":"2021-04-14T10:22:49","slug":"wesolych-swiat-2-2-2-2-3-2","status":"publish","type":"page","link":"https:\/\/physics.uwb.edu.pl\/wf\/?page_id=12017","title":{"rendered":"Bezp\u0142atne konsultacje psychologiczne dla student\u00f3w i pracownik\u00f3w UwB"},"content":{"rendered":"<p style=\"text-align: justify;\">Szanowni Pa\u0144stwo,<\/p>\n<p style=\"text-align: justify;\">Przypominamy i serdecznie zapraszamy wszystkich student\u00f3w i pracownik\u00f3w Uniwersytetu w Bia\u0142ymstoku na bezp\u0142atne konsultacje psychologiczne. Wsparcie jest jednym z wielu dzia\u0142a\u0144 realizowanych w ramach projektu \u201eNowoczesny Uniwersytet dost\u0119pny dla wszystkich&#8221; (umowa nr POWR.03.05.00-00-A007\/20-00) w ramach Programu Operacyjnego Wiedza Edukacja Rozw\u00f3j, Osi priorytetowej III Szkolnictwo wy\u017csze dla gospodarki i rozwoju, Dzia\u0142ania 3.5 Kompleksowe programy szk\u00f3\u0142 wy\u017cszych.<\/p>\n<p style=\"text-align: justify;\">Konsultacje odbywaj\u0105 si\u0119 w Rektoracie przy ul. \u015awierkowej 20B w sali nr 14, zawsze w godzinach od 10 do 18. Zainteresowane osoby proszone s\u0105 o kontakt z Panem Markiem Trocem poprzez e-mail: <a class=\"moz-txt-link-abbreviated\" href=\"mailto:psycholog@uwb.edu.pl\">psycholog@uwb.edu.pl <\/a>lub telefonicznie + 48 500 637 278.<\/p>\n<p style=\"text-align: justify;\">Mo\u017cliwa jest organizacja spotkania zdalnego za po\u015brednictwem komunikator\u00f3w internetowych (np. Skype, Messanger, Teams).<br \/>\nNajbli\u017csze terminy to 12, 26 kwietnia, 10, 24 maja, 14, 28 czerwca 2021r.<\/p>\n<p>Z powa\u017caniem,<br \/>\nPatrycja Gory\u0144<br \/>\npe\u0142nomocnik rektora ds. os\u00f3b z niepe\u0142nosprawno\u015bciami<\/p>\n","protected":false},"excerpt":{"rendered":"<p>Szanowni Pa\u0144stwo, Przypominamy i serdecznie zapraszamy wszystkich student\u00f3w i pracownik\u00f3w Uniwersytetu w Bia\u0142ymstoku na bezp\u0142atne konsultacje psychologiczne. Wsparcie jest jednym z wielu dzia\u0142a\u0144 realizowanych w ramach projektu \u201eNowoczesny Uniwersytet dost\u0119pny <a href=\"https:\/\/physics.uwb.edu.pl\/wf\/?page_id=12017\" class=\"more-link\">[&hellip;]<\/a><\/p>\n","protected":false},"author":14,"featured_media":12018,"parent":713,"menu_order":0,"comment_status":"closed","ping_status":"closed","template":"","meta":{"ngg_post_thumbnail":0,"Layout":"1c","footnotes":""},"categories":[69],"tags":[],"class_list":["entry","author-ulag","post-12017","page","type-page","status-publish","has-post-thumbnail","category-seminarium_pl"],"jetpack_sharing_enabled":true,"jetpack_shortlink":"https:\/\/wp.me\/P7nvcn-37P","_links":{"self":[{"href":"https:\/\/physics.uwb.edu.pl\/wf\/index.php?rest_route=\/wp\/v2\/pages\/12017","targetHints":{"allow":["GET"]}}],"collection":[{"href":"https:\/\/physics.uwb.edu.pl\/wf\/index.php?rest_route=\/wp\/v2\/pages"}],"about":[{"href":"https:\/\/physics.uwb.edu.pl\/wf\/index.php?rest_route=\/wp\/v2\/types\/page"}],"author":[{"embeddable":true,"href":"https:\/\/physics.uwb.edu.pl\/wf\/index.php?rest_route=\/wp\/v2\/users\/14"}],"replies":[{"embeddable":true,"href":"https:\/\/physics.uwb.edu.pl\/wf\/index.php?rest_route=%2Fwp%2Fv2%2Fcomments&post=12017"}],"version-history":[{"count":1,"href":"https:\/\/physics.uwb.edu.pl\/wf\/index.php?rest_route=\/wp\/v2\/pages\/12017\/revisions"}],"predecessor-version":[{"id":12019,"href":"https:\/\/physics.uwb.edu.pl\/wf\/index.php?rest_route=\/wp\/v2\/pages\/12017\/revisions\/12019"}],"up":[{"embeddable":true,"href":"https:\/\/physics.uwb.edu.pl\/wf\/index.php?rest_route=\/wp\/v2\/pages\/713"}],"wp:featuredmedia":[{"embeddable":true,"href":"https:\/\/physics.uwb.edu.pl\/wf\/index.php?rest_route=\/wp\/v2\/media\/12018"}],"wp:attachment":[{"href":"https:\/\/physics.uwb.edu.pl\/wf\/index.php?rest_route=%2Fwp%2Fv2%2Fmedia&parent=12017"}],"wp:term":[{"taxonomy":"category","embeddable":true,"href":"https:\/\/physics.uwb.edu.pl\/wf\/index.php?rest_route=%2Fwp%2Fv2%2Fcategories&post=12017"},{"taxonomy":"post_tag","embeddable":true,"href":"https:\/\/physics.uwb.edu.pl\/wf\/index.php?rest_route=%2Fwp%2Fv2%2Ftags&post=12017"}],"curies":[{"name":"wp","href":"https:\/\/api.w.org\/{rel}","templated":true}]}}