{"id":12024,"date":"2021-04-15T12:26:54","date_gmt":"2021-04-15T10:26:54","guid":{"rendered":"https:\/\/physics.uwb.edu.pl\/wf\/?page_id=12024"},"modified":"2021-04-16T11:59:17","modified_gmt":"2021-04-16T09:59:17","slug":"wesolych-swiat-2-2-2-2-3-3","status":"publish","type":"page","link":"https:\/\/physics.uwb.edu.pl\/wf\/?page_id=12024","title":{"rendered":"Dziewczyny do \u015bcis\u0142ych"},"content":{"rendered":"<p><a href=\"https:\/\/online.dziewczynynapolitechniki.pl\/\"><img loading=\"lazy\" decoding=\"async\" class=\"alignnone wp-image-12027 size-large\" src=\"http:\/\/physics.uwb.edu.pl\/wf\/wp-content\/uploads\/2021\/04\/www-banner-glowny-kierunki-2021-1024x334.jpg\" alt=\"\" width=\"1024\" height=\"334\" srcset=\"https:\/\/physics.uwb.edu.pl\/wf\/wp-content\/uploads\/2021\/04\/www-banner-glowny-kierunki-2021-1024x334.jpg 1024w, https:\/\/physics.uwb.edu.pl\/wf\/wp-content\/uploads\/2021\/04\/www-banner-glowny-kierunki-2021-300x98.jpg 300w, https:\/\/physics.uwb.edu.pl\/wf\/wp-content\/uploads\/2021\/04\/www-banner-glowny-kierunki-2021-150x49.jpg 150w, https:\/\/physics.uwb.edu.pl\/wf\/wp-content\/uploads\/2021\/04\/www-banner-glowny-kierunki-2021-1025x334.jpg 1025w, https:\/\/physics.uwb.edu.pl\/wf\/wp-content\/uploads\/2021\/04\/www-banner-glowny-kierunki-2021.jpg 1441w\" sizes=\"auto, (max-width: 1024px) 100vw, 1024px\" \/><\/a><\/p>\n<p>&#8220;Dziewczyny do \u015bcis\u0142ych&#8221; to og\u00f3lnopolska kampania organizowana przez Fundacj\u0119 Edukacyjn\u0105 Perspektywy. Nasza uczelnia bierze w niej udzia\u0142 po raz pierwszy. Swoj\u0105 ofert\u0119 w ramach akcji b\u0119d\u0105 promowa\u0107 trzy jednostki UwB: Wydzia\u0142 Fizyki, Wydzia\u0142 Matematyki oraz Instytut Informatyki.<\/p>\n<p>Wydarzenie odb\u0119dzie si\u0119 <strong>22 kwietnia w godz. 12.00-17.00 w formule online<\/strong> (ze wzgl\u0119du na pandemi\u0119 COVID-19) na platformie GRIP (<a href=\"https:\/\/online.dziewczynynapolitechniki.pl\/\">wymagana rejestracja<\/a>).<\/p>\n<p>W dniu 15 kwietnia 2021 odby\u0142a si\u0119 konferencja prasowa zapowiadaj\u0105c\u0105 akcj\u0119 &#8220;Dziewczyny do \u015bcis\u0142ych&#8221;. Go\u015bcili\u015bmy prof. Izabela \u015awi\u0119cick\u0105, prorektor ds. nauki i wsp\u00f3\u0142pracy mi\u0119dzynarodowej, a tak\u017ce przedstawicielki studentek i absolwentek nauk \u015bcis\u0142ych z Instytutu Matematyki oraz Wydzia\u0142u Fizyki. Konferencja by\u0142a transmitowana na \u017cywo w serwisie Facebook, a teraz mo\u017cna j\u0105 <a href=\"https:\/\/www.youtube.com\/watch?v=cS4cJ1PXItU\">obejrze\u0107 tutaj<\/a>.<\/p>\n<p><img loading=\"lazy\" decoding=\"async\" class=\"alignnone size-large wp-image-12028\" src=\"http:\/\/physics.uwb.edu.pl\/wf\/wp-content\/uploads\/2021\/04\/DSC_1022-1024x576.jpg\" alt=\"\" width=\"1024\" height=\"576\" srcset=\"https:\/\/physics.uwb.edu.pl\/wf\/wp-content\/uploads\/2021\/04\/DSC_1022-1024x576.jpg 1024w, https:\/\/physics.uwb.edu.pl\/wf\/wp-content\/uploads\/2021\/04\/DSC_1022-300x169.jpg 300w, https:\/\/physics.uwb.edu.pl\/wf\/wp-content\/uploads\/2021\/04\/DSC_1022-150x84.jpg 150w, https:\/\/physics.uwb.edu.pl\/wf\/wp-content\/uploads\/2021\/04\/DSC_1022-1536x864.jpg 1536w, https:\/\/physics.uwb.edu.pl\/wf\/wp-content\/uploads\/2021\/04\/DSC_1022-888x500.jpg 888w, https:\/\/physics.uwb.edu.pl\/wf\/wp-content\/uploads\/2021\/04\/DSC_1022.jpg 1800w\" sizes=\"auto, (max-width: 1024px) 100vw, 1024px\" \/><\/p>\n<p>Zach\u0119camy do przeczytania relacji z tej kr\u00f3tkiej konferencji, gdzie pada m.in. zdanie <em>Powszechnie uwa\u017ca si\u0119, \u017ce matematyka jest kr\u00f3low\u0105 nauk. I to jest prawda. Ale kr\u00f3lem jest zdecydowanie fizyka&nbsp;<\/em>\u2013 m\u00f3wi Natalia Jaro\u015b, studentka 2-go stopnia fizyki (specjalno\u015b\u0107 do\u015bwiadczalna). Ca\u0142a relacja do przeczytania na <a href=\"https:\/\/uwb.edu.pl\/nowosci\/aktualnosci\/uwb-pierwszy-raz-w-akcji-dziewczyny-do-scislych\/14c3a2de\">g\u0142\u00f3wnej stronie Uniwersytetu w Bia\u0142ymstoku<\/a>.<\/p>\n<p>Przypominamy, \u017ce akcja rusza 22-go kwietnia od godz. 12:00 i do uczestnictwa wymagana jest <a href=\"https:\/\/online.dziewczynynapolitechniki.pl\/registration\">rejestracja<\/a>. Zapraszamy!<\/p>\n","protected":false},"excerpt":{"rendered":"<p>&#8220;Dziewczyny do \u015bcis\u0142ych&#8221; to og\u00f3lnopolska kampania organizowana przez Fundacj\u0119 Edukacyjn\u0105 Perspektywy. Nasza uczelnia bierze w niej udzia\u0142 po raz pierwszy. Swoj\u0105 ofert\u0119 w ramach akcji b\u0119d\u0105 promowa\u0107 trzy jednostki UwB: <a href=\"https:\/\/physics.uwb.edu.pl\/wf\/?page_id=12024\" class=\"more-link\">[&hellip;]<\/a><\/p>\n","protected":false},"author":5,"featured_media":12025,"parent":713,"menu_order":0,"comment_status":"closed","ping_status":"closed","template":"","meta":{"ngg_post_thumbnail":0,"Layout":"1c","footnotes":""},"categories":[69],"tags":[],"class_list":["entry","author-gawryl","post-12024","page","type-page","status-publish","has-post-thumbnail","category-seminarium_pl"],"jetpack_sharing_enabled":true,"jetpack_shortlink":"https:\/\/wp.me\/P7nvcn-37W","_links":{"self":[{"href":"https:\/\/physics.uwb.edu.pl\/wf\/index.php?rest_route=\/wp\/v2\/pages\/12024","targetHints":{"allow":["GET"]}}],"collection":[{"href":"https:\/\/physics.uwb.edu.pl\/wf\/index.php?rest_route=\/wp\/v2\/pages"}],"about":[{"href":"https:\/\/physics.uwb.edu.pl\/wf\/index.php?rest_route=\/wp\/v2\/types\/page"}],"author":[{"embeddable":true,"href":"https:\/\/physics.uwb.edu.pl\/wf\/index.php?rest_route=\/wp\/v2\/users\/5"}],"replies":[{"embeddable":true,"href":"https:\/\/physics.uwb.edu.pl\/wf\/index.php?rest_route=%2Fwp%2Fv2%2Fcomments&post=12024"}],"version-history":[{"count":7,"href":"https:\/\/physics.uwb.edu.pl\/wf\/index.php?rest_route=\/wp\/v2\/pages\/12024\/revisions"}],"predecessor-version":[{"id":12040,"href":"https:\/\/physics.uwb.edu.pl\/wf\/index.php?rest_route=\/wp\/v2\/pages\/12024\/revisions\/12040"}],"up":[{"embeddable":true,"href":"https:\/\/physics.uwb.edu.pl\/wf\/index.php?rest_route=\/wp\/v2\/pages\/713"}],"wp:featuredmedia":[{"embeddable":true,"href":"https:\/\/physics.uwb.edu.pl\/wf\/index.php?rest_route=\/wp\/v2\/media\/12025"}],"wp:attachment":[{"href":"https:\/\/physics.uwb.edu.pl\/wf\/index.php?rest_route=%2Fwp%2Fv2%2Fmedia&parent=12024"}],"wp:term":[{"taxonomy":"category","embeddable":true,"href":"https:\/\/physics.uwb.edu.pl\/wf\/index.php?rest_route=%2Fwp%2Fv2%2Fcategories&post=12024"},{"taxonomy":"post_tag","embeddable":true,"href":"https:\/\/physics.uwb.edu.pl\/wf\/index.php?rest_route=%2Fwp%2Fv2%2Ftags&post=12024"}],"curies":[{"name":"wp","href":"https:\/\/api.w.org\/{rel}","templated":true}]}}