{"id":12076,"date":"2021-04-26T14:25:51","date_gmt":"2021-04-26T12:25:51","guid":{"rendered":"https:\/\/physics.uwb.edu.pl\/wf\/?page_id=12076"},"modified":"2021-05-05T14:52:59","modified_gmt":"2021-05-05T12:52:59","slug":"targi-edukacyjne-w-grajewie-2-2-3-3-2-2-2-2-2-2","status":"publish","type":"page","link":"https:\/\/physics.uwb.edu.pl\/wf\/?page_id=12076","title":{"rendered":"e-wizyta maturzyst\u00f3w bia\u0142ostockiego 1LO"},"content":{"rendered":"<p>W dniu 26 kwietnia 2021 r. odby\u0142a si\u0119 prezentacja specjalno\u015bci <a href=\"http:\/\/gry.fizyka.uwb.edu.pl\">Fizyka gier komputerowych i robot\u00f3w<\/a> dla maturzyst\u00f3w 1-szego Liceum Og\u00f3lnokszta\u0142c\u0105cego w Bia\u0142ymstoku &#8211; klas o profilu matematyka-fizyka-informatyka. Spotkanie w ostatnich dniach przed maturami mia\u0142o na celu poinformowanie m\u0142odzie\u017c o ciekawej specjalno\u015bci na lokalnym rynku nauki. W czasie pandemii dost\u0119p z do maturzyst\u00f3w jest utrudniony- nie ma wizyt w szkole, nie ma wycieczek do na uczelnie. Z tego powodu wsp\u00f3lnie z nauczycielem fizyki i absolwentem Wydzia\u0142u Fizyki UwB &#8211; mgr. Pawe\u0142em Andryszakiem &#8211; zorganizowali\u015bmy e-spotkanie informacyjne, kt\u00f3re poprowadzi\u0142 dr Krzysztof Gawryluk.<\/p>\n<p><span class=\"embed-youtube\" style=\"text-align:center; display: block;\"><iframe loading=\"lazy\" class=\"youtube-player\" width=\"1025\" height=\"577\" src=\"https:\/\/www.youtube.com\/embed\/t9XSBQv9kD0?version=3&#038;rel=1&#038;showsearch=0&#038;showinfo=1&#038;iv_load_policy=1&#038;fs=1&#038;hl=en-US&#038;autohide=2&#038;wmode=transparent\" allowfullscreen=\"true\" style=\"border:0;\" sandbox=\"allow-scripts allow-same-origin allow-popups allow-presentation allow-popups-to-escape-sandbox\"><\/iframe><\/span><\/p>\n<p>W prezentacji skupiono si\u0119 na konkretnych szczeg\u00f3\u0142ach planu zaj\u0119\u0107 &#8211; np. jakie narz\u0119dzie wykorzystujemy, czego uczymy, jakie j\u0119zyki programowania wyk\u0142adamy, ile godzin przeznaczamy na dany blok tematyczny.&nbsp; Mowa by\u0142a tak\u017ce o ko\u0142ach naukowych dzia\u0142aj\u0105cych na Wydziale Fizyki, a w szczeg\u00f3lno\u015bci o<a href=\"http:\/\/fibot.fizyka.uwb.edu.pl\"> kole Fi-BOT<\/a> jako miejscu realizowania w\u0142asnych projekt\u00f3w. By\u0142o zainteresowanie, by\u0142y pytania. \u017byczymy powodzenia na maturze!<\/p>\n<p>Je\u015bli jeste\u015b nauczycielem i chcesz zorganizowa\u0107 podobne spotkanie dla swoich podopiecznych &#8211; <a href=\"mailto:k.gawryluk@uwb.edu.pl\">skontaktuj si\u0119 z nami<\/a> &#8211; zapraszamy do wsp\u00f3\u0142pracy!<\/p>\n<p style=\"text-align: right;\"><em>(c) K.G. 2021<\/em><\/p>\n","protected":false},"excerpt":{"rendered":"<p>W dniu 26 kwietnia 2021 r. odby\u0142a si\u0119 prezentacja specjalno\u015bci Fizyka gier komputerowych i robot\u00f3w dla maturzyst\u00f3w 1-szego Liceum Og\u00f3lnokszta\u0142c\u0105cego w Bia\u0142ymstoku &#8211; klas o profilu matematyka-fizyka-informatyka. Spotkanie w ostatnich <a href=\"https:\/\/physics.uwb.edu.pl\/wf\/?page_id=12076\" class=\"more-link\">[&hellip;]<\/a><\/p>\n","protected":false},"author":5,"featured_media":11268,"parent":2744,"menu_order":0,"comment_status":"closed","ping_status":"closed","template":"","meta":{"ngg_post_thumbnail":0,"Layout":"1c","footnotes":""},"categories":[166,131],"tags":[],"class_list":["entry","author-gawryl","post-12076","page","type-page","status-publish","has-post-thumbnail","category-edukacyjne","category-galeria_foto"],"jetpack_sharing_enabled":true,"jetpack_shortlink":"https:\/\/wp.me\/P7nvcn-38M","_links":{"self":[{"href":"https:\/\/physics.uwb.edu.pl\/wf\/index.php?rest_route=\/wp\/v2\/pages\/12076","targetHints":{"allow":["GET"]}}],"collection":[{"href":"https:\/\/physics.uwb.edu.pl\/wf\/index.php?rest_route=\/wp\/v2\/pages"}],"about":[{"href":"https:\/\/physics.uwb.edu.pl\/wf\/index.php?rest_route=\/wp\/v2\/types\/page"}],"author":[{"embeddable":true,"href":"https:\/\/physics.uwb.edu.pl\/wf\/index.php?rest_route=\/wp\/v2\/users\/5"}],"replies":[{"embeddable":true,"href":"https:\/\/physics.uwb.edu.pl\/wf\/index.php?rest_route=%2Fwp%2Fv2%2Fcomments&post=12076"}],"version-history":[{"count":7,"href":"https:\/\/physics.uwb.edu.pl\/wf\/index.php?rest_route=\/wp\/v2\/pages\/12076\/revisions"}],"predecessor-version":[{"id":12088,"href":"https:\/\/physics.uwb.edu.pl\/wf\/index.php?rest_route=\/wp\/v2\/pages\/12076\/revisions\/12088"}],"up":[{"embeddable":true,"href":"https:\/\/physics.uwb.edu.pl\/wf\/index.php?rest_route=\/wp\/v2\/pages\/2744"}],"wp:featuredmedia":[{"embeddable":true,"href":"https:\/\/physics.uwb.edu.pl\/wf\/index.php?rest_route=\/wp\/v2\/media\/11268"}],"wp:attachment":[{"href":"https:\/\/physics.uwb.edu.pl\/wf\/index.php?rest_route=%2Fwp%2Fv2%2Fmedia&parent=12076"}],"wp:term":[{"taxonomy":"category","embeddable":true,"href":"https:\/\/physics.uwb.edu.pl\/wf\/index.php?rest_route=%2Fwp%2Fv2%2Fcategories&post=12076"},{"taxonomy":"post_tag","embeddable":true,"href":"https:\/\/physics.uwb.edu.pl\/wf\/index.php?rest_route=%2Fwp%2Fv2%2Ftags&post=12076"}],"curies":[{"name":"wp","href":"https:\/\/api.w.org\/{rel}","templated":true}]}}