{"id":12083,"date":"2021-04-22T14:46:52","date_gmt":"2021-04-22T12:46:52","guid":{"rendered":"https:\/\/physics.uwb.edu.pl\/wf\/?page_id=12083"},"modified":"2021-05-05T17:08:16","modified_gmt":"2021-05-05T15:08:16","slug":"targi-edukacyjne-w-grajewie-2-2-3-3-2-2-2-2-2-2-2","status":"publish","type":"page","link":"https:\/\/physics.uwb.edu.pl\/wf\/?page_id=12083","title":{"rendered":"Dziewczyny do \u015bcis\u0142ych!"},"content":{"rendered":"<p>W dniu 22 kwietnia 2021 r. odby\u0142a si\u0119 akcja Fundacji Edukacyjnej Perspektywy &#8220;Dziewczyny do \u015bcis\u0142ych&#8221; &#8211; zach\u0119caj\u0105ca p\u0142e\u0107 pi\u0119kn\u0105 do studiowania nauk \u015bcis\u0142ych. Wydzia\u0142 Fizyki wsp\u00f3lnie z Instytutem Informatyki oraz Wydzia\u0142em Matematyki bra\u0142 w niej czynny udzia\u0142. Akcja ze wzgl\u0119du na panuj\u0105c\u0105 pandemi\u0119 przenios\u0142a si\u0119 do przestrzeni wirtualnej.<\/p>\n<p>Podzi\u0119kowania kierujemy do Pa\u0144 reprezentuj\u0105cych Wydzia\u0142 Fizyki w tej akcji:<\/p>\n<ol>\n<li>Pani <strong>Marta Orzechowska<\/strong> (studia 3-go stopnia, doktorat) wyst\u0105pi\u0142a LIVE w sesji <em>In\u017cynieria biomedyczna<\/em> jako reprezentantka specjalno\u015bci Fizyka medyczna, prowadzonej na Wydziale Fizyki UwB.<br \/>\n<img loading=\"lazy\" decoding=\"async\" class=\"alignnone size-large wp-image-12090\" src=\"http:\/\/physics.uwb.edu.pl\/wf\/wp-content\/uploads\/2021\/05\/inz_biomed-1024x595.png\" alt=\"\" width=\"1024\" height=\"595\" srcset=\"https:\/\/physics.uwb.edu.pl\/wf\/wp-content\/uploads\/2021\/05\/inz_biomed-1024x595.png 1024w, https:\/\/physics.uwb.edu.pl\/wf\/wp-content\/uploads\/2021\/05\/inz_biomed-300x174.png 300w, https:\/\/physics.uwb.edu.pl\/wf\/wp-content\/uploads\/2021\/05\/inz_biomed-150x87.png 150w, https:\/\/physics.uwb.edu.pl\/wf\/wp-content\/uploads\/2021\/05\/inz_biomed-1536x893.png 1536w, https:\/\/physics.uwb.edu.pl\/wf\/wp-content\/uploads\/2021\/05\/inz_biomed-860x500.png 860w, https:\/\/physics.uwb.edu.pl\/wf\/wp-content\/uploads\/2021\/05\/inz_biomed.png 1548w\" sizes=\"auto, (max-width: 1024px) 100vw, 1024px\" \/><\/li>\n<li>Pani <strong>Karolina Sidorczuk<\/strong> (studia 2-go stopnia, magisterskie) wyst\u0105pi\u0142a w sesji <em>Kierunkowskaz kariery <\/em>jako reprezentantka specjalno\u015bci Fizyka gier komputerowych i robot\u00f3w, prowadzonej na Wydziale Fizyki UwB.<br \/>\n<img loading=\"lazy\" decoding=\"async\" class=\"alignnone size-large wp-image-12092\" src=\"http:\/\/physics.uwb.edu.pl\/wf\/wp-content\/uploads\/2021\/05\/dz4-1024x616.png\" alt=\"\" width=\"1024\" height=\"616\" srcset=\"https:\/\/physics.uwb.edu.pl\/wf\/wp-content\/uploads\/2021\/05\/dz4-1024x616.png 1024w, https:\/\/physics.uwb.edu.pl\/wf\/wp-content\/uploads\/2021\/05\/dz4-300x181.png 300w, https:\/\/physics.uwb.edu.pl\/wf\/wp-content\/uploads\/2021\/05\/dz4-150x90.png 150w, https:\/\/physics.uwb.edu.pl\/wf\/wp-content\/uploads\/2021\/05\/dz4-1536x925.png 1536w, https:\/\/physics.uwb.edu.pl\/wf\/wp-content\/uploads\/2021\/05\/dz4-831x500.png 831w, https:\/\/physics.uwb.edu.pl\/wf\/wp-content\/uploads\/2021\/05\/dz4.png 1540w\" sizes=\"auto, (max-width: 1024px) 100vw, 1024px\" \/><\/li>\n<li>Pani <strong>Natalia Jaro\u015b<\/strong> (studia 2-go stopnia, magisterskie) wyst\u0105pi\u0142a w konferencji prasowej poprzedzaj\u0105cej akcj\u0119 &#8211; LIVE w serwisie Facebook, oraz w TV Bia\u0142ystok (22.04.2021).<br \/>\n<img loading=\"lazy\" decoding=\"async\" class=\"alignnone size-large wp-image-12028\" src=\"http:\/\/physics.uwb.edu.pl\/wf\/wp-content\/uploads\/2021\/04\/DSC_1022-1024x576.jpg\" alt=\"\" width=\"1024\" height=\"576\" srcset=\"https:\/\/physics.uwb.edu.pl\/wf\/wp-content\/uploads\/2021\/04\/DSC_1022-1024x576.jpg 1024w, https:\/\/physics.uwb.edu.pl\/wf\/wp-content\/uploads\/2021\/04\/DSC_1022-300x169.jpg 300w, https:\/\/physics.uwb.edu.pl\/wf\/wp-content\/uploads\/2021\/04\/DSC_1022-150x84.jpg 150w, https:\/\/physics.uwb.edu.pl\/wf\/wp-content\/uploads\/2021\/04\/DSC_1022-1536x864.jpg 1536w, https:\/\/physics.uwb.edu.pl\/wf\/wp-content\/uploads\/2021\/04\/DSC_1022-888x500.jpg 888w, https:\/\/physics.uwb.edu.pl\/wf\/wp-content\/uploads\/2021\/04\/DSC_1022.jpg 1800w\" sizes=\"auto, (max-width: 1024px) 100vw, 1024px\" \/><\/li>\n<\/ol>\n<p>Przeczytaj tak\u017ce: <a href=\"https:\/\/physics.uwb.edu.pl\/wf\/?page_id=12024\">konferencja prasowa<\/a> poprzedzaj\u0105ca akcj\u0119.<\/p>\n<p style=\"text-align: right;\"><em>(c) K.G. 2021<\/em><\/p>\n","protected":false},"excerpt":{"rendered":"<p>W dniu 22 kwietnia 2021 r. odby\u0142a si\u0119 akcja Fundacji Edukacyjnej Perspektywy &#8220;Dziewczyny do \u015bcis\u0142ych&#8221; &#8211; zach\u0119caj\u0105ca p\u0142e\u0107 pi\u0119kn\u0105 do studiowania nauk \u015bcis\u0142ych. Wydzia\u0142 Fizyki wsp\u00f3lnie z Instytutem Informatyki oraz <a href=\"https:\/\/physics.uwb.edu.pl\/wf\/?page_id=12083\" class=\"more-link\">[&hellip;]<\/a><\/p>\n","protected":false},"author":5,"featured_media":12025,"parent":2744,"menu_order":0,"comment_status":"closed","ping_status":"closed","template":"","meta":{"ngg_post_thumbnail":0,"Layout":"1c","footnotes":""},"categories":[166,131],"tags":[],"class_list":["entry","author-gawryl","post-12083","page","type-page","status-publish","has-post-thumbnail","category-edukacyjne","category-galeria_foto"],"jetpack_sharing_enabled":true,"jetpack_shortlink":"https:\/\/wp.me\/P7nvcn-38T","_links":{"self":[{"href":"https:\/\/physics.uwb.edu.pl\/wf\/index.php?rest_route=\/wp\/v2\/pages\/12083","targetHints":{"allow":["GET"]}}],"collection":[{"href":"https:\/\/physics.uwb.edu.pl\/wf\/index.php?rest_route=\/wp\/v2\/pages"}],"about":[{"href":"https:\/\/physics.uwb.edu.pl\/wf\/index.php?rest_route=\/wp\/v2\/types\/page"}],"author":[{"embeddable":true,"href":"https:\/\/physics.uwb.edu.pl\/wf\/index.php?rest_route=\/wp\/v2\/users\/5"}],"replies":[{"embeddable":true,"href":"https:\/\/physics.uwb.edu.pl\/wf\/index.php?rest_route=%2Fwp%2Fv2%2Fcomments&post=12083"}],"version-history":[{"count":8,"href":"https:\/\/physics.uwb.edu.pl\/wf\/index.php?rest_route=\/wp\/v2\/pages\/12083\/revisions"}],"predecessor-version":[{"id":12137,"href":"https:\/\/physics.uwb.edu.pl\/wf\/index.php?rest_route=\/wp\/v2\/pages\/12083\/revisions\/12137"}],"up":[{"embeddable":true,"href":"https:\/\/physics.uwb.edu.pl\/wf\/index.php?rest_route=\/wp\/v2\/pages\/2744"}],"wp:featuredmedia":[{"embeddable":true,"href":"https:\/\/physics.uwb.edu.pl\/wf\/index.php?rest_route=\/wp\/v2\/media\/12025"}],"wp:attachment":[{"href":"https:\/\/physics.uwb.edu.pl\/wf\/index.php?rest_route=%2Fwp%2Fv2%2Fmedia&parent=12083"}],"wp:term":[{"taxonomy":"category","embeddable":true,"href":"https:\/\/physics.uwb.edu.pl\/wf\/index.php?rest_route=%2Fwp%2Fv2%2Fcategories&post=12083"},{"taxonomy":"post_tag","embeddable":true,"href":"https:\/\/physics.uwb.edu.pl\/wf\/index.php?rest_route=%2Fwp%2Fv2%2Ftags&post=12083"}],"curies":[{"name":"wp","href":"https:\/\/api.w.org\/{rel}","templated":true}]}}