{"id":12114,"date":"2021-05-10T14:26:58","date_gmt":"2021-05-10T12:26:58","guid":{"rendered":"https:\/\/physics.uwb.edu.pl\/wf\/?page_id=12114"},"modified":"2021-05-10T14:27:36","modified_gmt":"2021-05-10T12:27:36","slug":"wesolych-swiat-2-2-2-2-3-3-2-2-2-2-2","status":"publish","type":"page","link":"https:\/\/physics.uwb.edu.pl\/wf\/?page_id=12114","title":{"rendered":"Women inTech Days 2021"},"content":{"rendered":"<p><img loading=\"lazy\" decoding=\"async\" class=\"aligncenter wp-image-12115 size-medium\" src=\"http:\/\/physics.uwb.edu.pl\/wf\/wp-content\/uploads\/2021\/05\/180619234_1174768496277414_7131359102523058840_n-300x157.png\" alt=\"\" width=\"300\" height=\"157\" srcset=\"https:\/\/physics.uwb.edu.pl\/wf\/wp-content\/uploads\/2021\/05\/180619234_1174768496277414_7131359102523058840_n-300x157.png 300w, https:\/\/physics.uwb.edu.pl\/wf\/wp-content\/uploads\/2021\/05\/180619234_1174768496277414_7131359102523058840_n-1024x536.png 1024w, https:\/\/physics.uwb.edu.pl\/wf\/wp-content\/uploads\/2021\/05\/180619234_1174768496277414_7131359102523058840_n-150x79.png 150w, https:\/\/physics.uwb.edu.pl\/wf\/wp-content\/uploads\/2021\/05\/180619234_1174768496277414_7131359102523058840_n-955x500.png 955w, https:\/\/physics.uwb.edu.pl\/wf\/wp-content\/uploads\/2021\/05\/180619234_1174768496277414_7131359102523058840_n.png 1200w\" sizes=\"auto, (max-width: 300px) 100vw, 300px\" \/><\/p>\n<p>Ju\u017c 26-27 maja zapraszamy na wyj\u0105tkowy festiwal online &#8211; <a href=\"https:\/\/womenintechday.pl\/\">Women inTech Days 2021<\/a> organizowany przez Fundacj\u0119 Edukacyjn\u0105 \u201cPerspektywy\u201d we wsp\u00f3\u0142pracy z partnerami technologicznym i<br \/>\nnajlepszymi uczelniami technicznymi w Polsce.<\/p>\n<p>W jego ramach b\u0119dzie mo\u017cna wys\u0142ucha\u0107 serii techtalk\u00f3w, wyst\u0105pie\u0144 role models, wzi\u0105\u0107 udzia\u0142 w specjalistycznych warsztatach (tech i soft skills), w mentoringu 1:1, odb\u0119d\u0105 si\u0119 te\u017c pierwsze w Polsce<br \/>\nkobiece targi kariery TECH&amp;IT,a wieczorem wyj\u0105tkowa Women in Tech NIGHT:). Bezp\u0142atne zapisy na <a href=\"https:\/\/womenintechday.pl\/\">www.womenintechday.pl<\/a><\/p>\n<p>Uniwersytet w Bia\u0142ymstoku jest Partnerem tego wydarzenia.<\/p>\n","protected":false},"excerpt":{"rendered":"<p>Ju\u017c 26-27 maja zapraszamy na wyj\u0105tkowy festiwal online &#8211; Women inTech Days 2021 organizowany przez Fundacj\u0119 Edukacyjn\u0105 \u201cPerspektywy\u201d we wsp\u00f3\u0142pracy z partnerami technologicznym i najlepszymi uczelniami technicznymi w Polsce. W <a href=\"https:\/\/physics.uwb.edu.pl\/wf\/?page_id=12114\" class=\"more-link\">[&hellip;]<\/a><\/p>\n","protected":false},"author":14,"featured_media":12115,"parent":713,"menu_order":0,"comment_status":"closed","ping_status":"closed","template":"","meta":{"ngg_post_thumbnail":0,"Layout":"1c","footnotes":""},"categories":[69],"tags":[],"class_list":["entry","author-ulag","post-12114","page","type-page","status-publish","has-post-thumbnail","category-seminarium_pl"],"jetpack_sharing_enabled":true,"jetpack_shortlink":"https:\/\/wp.me\/P7nvcn-39o","_links":{"self":[{"href":"https:\/\/physics.uwb.edu.pl\/wf\/index.php?rest_route=\/wp\/v2\/pages\/12114","targetHints":{"allow":["GET"]}}],"collection":[{"href":"https:\/\/physics.uwb.edu.pl\/wf\/index.php?rest_route=\/wp\/v2\/pages"}],"about":[{"href":"https:\/\/physics.uwb.edu.pl\/wf\/index.php?rest_route=\/wp\/v2\/types\/page"}],"author":[{"embeddable":true,"href":"https:\/\/physics.uwb.edu.pl\/wf\/index.php?rest_route=\/wp\/v2\/users\/14"}],"replies":[{"embeddable":true,"href":"https:\/\/physics.uwb.edu.pl\/wf\/index.php?rest_route=%2Fwp%2Fv2%2Fcomments&post=12114"}],"version-history":[{"count":2,"href":"https:\/\/physics.uwb.edu.pl\/wf\/index.php?rest_route=\/wp\/v2\/pages\/12114\/revisions"}],"predecessor-version":[{"id":12117,"href":"https:\/\/physics.uwb.edu.pl\/wf\/index.php?rest_route=\/wp\/v2\/pages\/12114\/revisions\/12117"}],"up":[{"embeddable":true,"href":"https:\/\/physics.uwb.edu.pl\/wf\/index.php?rest_route=\/wp\/v2\/pages\/713"}],"wp:featuredmedia":[{"embeddable":true,"href":"https:\/\/physics.uwb.edu.pl\/wf\/index.php?rest_route=\/wp\/v2\/media\/12115"}],"wp:attachment":[{"href":"https:\/\/physics.uwb.edu.pl\/wf\/index.php?rest_route=%2Fwp%2Fv2%2Fmedia&parent=12114"}],"wp:term":[{"taxonomy":"category","embeddable":true,"href":"https:\/\/physics.uwb.edu.pl\/wf\/index.php?rest_route=%2Fwp%2Fv2%2Fcategories&post=12114"},{"taxonomy":"post_tag","embeddable":true,"href":"https:\/\/physics.uwb.edu.pl\/wf\/index.php?rest_route=%2Fwp%2Fv2%2Ftags&post=12114"}],"curies":[{"name":"wp","href":"https:\/\/api.w.org\/{rel}","templated":true}]}}