{"id":12119,"date":"2020-06-10T14:13:20","date_gmt":"2020-06-10T12:13:20","guid":{"rendered":"https:\/\/physics.uwb.edu.pl\/wf\/?page_id=12119"},"modified":"2021-05-11T09:42:01","modified_gmt":"2021-05-11T07:42:01","slug":"targi-edukacyjne-w-grajewie-2-2-3-3-2-2-2-2-2-3","status":"publish","type":"page","link":"https:\/\/physics.uwb.edu.pl\/wf\/?page_id=12119","title":{"rendered":"Jak si\u0119 tworzy gry? QED z wizyt\u0105 dla Fizyki gier!"},"content":{"rendered":"<p>W dniu 5 czerwca 2020 r. mieli\u015bmy przyjemno\u015b\u0107 go\u015bci\u0107 przedstawiciela sektora prywatnego &#8211; firma <a href=\"https:\/\/qed.pl\/\" target=\"_blank\" rel=\"noopener\">QED<\/a>, specjalizuj\u0105cej si\u0119 w programowaniu szeroko poj\u0119tej sztucznej inteligencji. Prezentacj\u0119 poprowadzi\u0142 Rafa\u0142 Kowalski, kt\u00f3ry skoncentrowa\u0142 si\u0119 na tworzeniu gry komputerowej &#8211; w kt\u00f3rej oczywi\u015bcie pojawia si\u0119 sztuczna inteligencja w postaci przeciwnik\u00f3w. Prelegent ma w swoim dorobku wiele ciekawych produkcji, tutaj jednak pos\u0142u\u017cy\u0142 si\u0119 przyk\u0142adem gry <a href=\"https:\/\/store.steampowered.com\/app\/1266890\/Tactical_Troops_Anthracite_Shift\/\" target=\"_blank\" rel=\"noopener\">Tactical Troops<\/a> tworzonej przez QED Games.<\/p>\n<p><img loading=\"lazy\" decoding=\"async\" class=\"alignnone size-full wp-image-12126\" src=\"http:\/\/physics.uwb.edu.pl\/wf\/wp-content\/uploads\/2021\/05\/tactical-troops.jpg\" alt=\"\" width=\"460\" height=\"215\" srcset=\"https:\/\/physics.uwb.edu.pl\/wf\/wp-content\/uploads\/2021\/05\/tactical-troops.jpg 460w, https:\/\/physics.uwb.edu.pl\/wf\/wp-content\/uploads\/2021\/05\/tactical-troops-300x140.jpg 300w, https:\/\/physics.uwb.edu.pl\/wf\/wp-content\/uploads\/2021\/05\/tactical-troops-150x70.jpg 150w\" sizes=\"auto, (max-width: 460px) 100vw, 460px\" \/><\/p>\n<p>Spotkanie ze wzgl\u0119d\u00f3w epidemiologicznych odby\u0142o si\u0119 zdalnie &#8211; cz\u0119\u015b\u0107 naszych student\u00f3w uczestniczy\u0142a b\u0119d\u0105c w sali zaj\u0119ciowej, cz\u0119\u015b\u0107 w domach. Mimo braku prelegenta fizycznie w sali to wysoko cenimy sobie prezentowany materia\u0142 &#8211; dowiedzieli\u015bmy si\u0119 czym jest Game Design Documment, jak\u0105 rol\u0119 odgrywa w tworzeniu projektu, jak si\u0119 go tworzy i jak u\u0142atwia organizacj\u0119 prac\u0119 grupy nad projektem. By\u0142a te\u017c mowa o p\u00f3\u017aniejszym etapie &#8211; jak przygotowa\u0107 Pitch Deck. Wszystko to omawiane zosta\u0142o z perspektywy praktyka, dodaj\u0105cego od siebie cenne uwagi (wliczaj\u0105c w\u0142asne &#8220;potkni\u0119cia&#8221;, gdy\u017c najwi\u0119cej uczymy si\u0119 na b\u0142\u0119dach). To bardzo cenne informacje, kt\u00f3rych nasi studenci nie poznaj\u0105 w ramach regularnych zaj\u0119\u0107 na specjalno\u015bci <a href=\"http:\/\/gry.fizyka.uwb.edu.pl\">Fizyka gier komputerowych i robot\u00f3w<\/a>, gdzie koncentrujemy si\u0119 technicznym aspekcie poznawania gier &#8211; programowaniu. Z tego powodu wyk\u0142ad przedstawiciela sektora komercyjnego by\u0142 \u015bwietnym uzupe\u0142nieniem naszej oferty edukacyjnej.<\/p>\n<p><img loading=\"lazy\" decoding=\"async\" class=\"alignnone size-large wp-image-12121\" src=\"http:\/\/physics.uwb.edu.pl\/wf\/wp-content\/uploads\/2021\/05\/DSC_9752-1024x576.jpg\" alt=\"\" width=\"1024\" height=\"576\" srcset=\"https:\/\/physics.uwb.edu.pl\/wf\/wp-content\/uploads\/2021\/05\/DSC_9752-1024x576.jpg 1024w, https:\/\/physics.uwb.edu.pl\/wf\/wp-content\/uploads\/2021\/05\/DSC_9752-300x169.jpg 300w, https:\/\/physics.uwb.edu.pl\/wf\/wp-content\/uploads\/2021\/05\/DSC_9752-150x84.jpg 150w, https:\/\/physics.uwb.edu.pl\/wf\/wp-content\/uploads\/2021\/05\/DSC_9752-1536x864.jpg 1536w, https:\/\/physics.uwb.edu.pl\/wf\/wp-content\/uploads\/2021\/05\/DSC_9752-888x500.jpg 888w, https:\/\/physics.uwb.edu.pl\/wf\/wp-content\/uploads\/2021\/05\/DSC_9752.jpg 1800w\" sizes=\"auto, (max-width: 1024px) 100vw, 1024px\" \/><\/p>\n<p>Rafa\u0142 Kowalski przyj\u0105\u0142 zaproszenie przygotowania i wyg\u0142oszenia referatu wystosowane przez dr. K. Gawryluka. Kontakt zosta\u0142 nawi\u0105zany podczas Pozna\u0144 Game Arena 2020.&nbsp; &nbsp;&nbsp;<\/p>\n<p style=\"text-align: right;\"><em>(c) K.G. 2020&nbsp;<\/em><\/p>\n","protected":false},"excerpt":{"rendered":"<p>W dniu 5 czerwca 2020 r. mieli\u015bmy przyjemno\u015b\u0107 go\u015bci\u0107 przedstawiciela sektora prywatnego &#8211; firma QED, specjalizuj\u0105cej si\u0119 w programowaniu szeroko poj\u0119tej sztucznej inteligencji. Prezentacj\u0119 poprowadzi\u0142 Rafa\u0142 Kowalski, kt\u00f3ry skoncentrowa\u0142 si\u0119 <a href=\"https:\/\/physics.uwb.edu.pl\/wf\/?page_id=12119\" class=\"more-link\">[&hellip;]<\/a><\/p>\n","protected":false},"author":5,"featured_media":12120,"parent":2744,"menu_order":0,"comment_status":"closed","ping_status":"closed","template":"","meta":{"ngg_post_thumbnail":0,"Layout":"1c","footnotes":""},"categories":[166,131],"tags":[],"class_list":["entry","author-gawryl","post-12119","page","type-page","status-publish","has-post-thumbnail","category-edukacyjne","category-galeria_foto"],"jetpack_sharing_enabled":true,"jetpack_shortlink":"https:\/\/wp.me\/P7nvcn-39t","_links":{"self":[{"href":"https:\/\/physics.uwb.edu.pl\/wf\/index.php?rest_route=\/wp\/v2\/pages\/12119","targetHints":{"allow":["GET"]}}],"collection":[{"href":"https:\/\/physics.uwb.edu.pl\/wf\/index.php?rest_route=\/wp\/v2\/pages"}],"about":[{"href":"https:\/\/physics.uwb.edu.pl\/wf\/index.php?rest_route=\/wp\/v2\/types\/page"}],"author":[{"embeddable":true,"href":"https:\/\/physics.uwb.edu.pl\/wf\/index.php?rest_route=\/wp\/v2\/users\/5"}],"replies":[{"embeddable":true,"href":"https:\/\/physics.uwb.edu.pl\/wf\/index.php?rest_route=%2Fwp%2Fv2%2Fcomments&post=12119"}],"version-history":[{"count":5,"href":"https:\/\/physics.uwb.edu.pl\/wf\/index.php?rest_route=\/wp\/v2\/pages\/12119\/revisions"}],"predecessor-version":[{"id":12127,"href":"https:\/\/physics.uwb.edu.pl\/wf\/index.php?rest_route=\/wp\/v2\/pages\/12119\/revisions\/12127"}],"up":[{"embeddable":true,"href":"https:\/\/physics.uwb.edu.pl\/wf\/index.php?rest_route=\/wp\/v2\/pages\/2744"}],"wp:featuredmedia":[{"embeddable":true,"href":"https:\/\/physics.uwb.edu.pl\/wf\/index.php?rest_route=\/wp\/v2\/media\/12120"}],"wp:attachment":[{"href":"https:\/\/physics.uwb.edu.pl\/wf\/index.php?rest_route=%2Fwp%2Fv2%2Fmedia&parent=12119"}],"wp:term":[{"taxonomy":"category","embeddable":true,"href":"https:\/\/physics.uwb.edu.pl\/wf\/index.php?rest_route=%2Fwp%2Fv2%2Fcategories&post=12119"},{"taxonomy":"post_tag","embeddable":true,"href":"https:\/\/physics.uwb.edu.pl\/wf\/index.php?rest_route=%2Fwp%2Fv2%2Ftags&post=12119"}],"curies":[{"name":"wp","href":"https:\/\/api.w.org\/{rel}","templated":true}]}}