{"id":12138,"date":"2021-05-12T13:57:21","date_gmt":"2021-05-12T11:57:21","guid":{"rendered":"https:\/\/physics.uwb.edu.pl\/wf\/?page_id=12138"},"modified":"2021-05-12T13:58:45","modified_gmt":"2021-05-12T11:58:45","slug":"wesolych-swiat-2-2-2-2-3-3-2-2-2-2-2-2","status":"publish","type":"page","link":"https:\/\/physics.uwb.edu.pl\/wf\/?page_id=12138","title":{"rendered":"Spotkanie rekrutacyjne"},"content":{"rendered":"<p><strong><em>Zaproszenie na spotkanie rekrutacyjne<\/em><\/strong><\/p>\n<p>Dyrektor Szko\u0142y Doktorskiej Nauk \u015acis\u0142ych i Przyrodniczych Uniwersytetu w Bia\u0142ymstoku dr hab. Monika Naumowicz, prof. UwB serdecznie zaprasza osoby zainteresowane podj\u0119ciem kszta\u0142cenia w Szkole Doktorskiej Nauk \u015acis\u0142ych i Przyrodniczych UwB w dniu <strong>21.05.2021 r.<\/strong> o godzinie<strong> 9.00<\/strong> na <strong>SPOTKANIE REKRUTACYJNE online <\/strong>na platformie Blackboard.<\/p>\n<p><u>W programie:<\/u><\/p>\n<ol>\n<li>Informacje o Szkole Doktorskiej Nauk \u015acis\u0142ych i Przyrodniczych UwB.<\/li>\n<li>Zasady rekrutacji do Szko\u0142y Doktorskiej Nauk \u015acis\u0142ych i Przyrodniczych UwB na rok 2021\/2022.<\/li>\n<li>Harmonogram rekrutacji.<\/li>\n<li>Pytania kandydat\u00f3w.<\/li>\n<\/ol>\n<p>Wymagana jest rejestracja do <strong>19.05.2021 r<\/strong>. pod adresem:<\/p>\n<p><a href=\"mailto:szkoladoktorska.nsip@uwb.edu.pl\">szkoladoktorska.nsip@uwb.edu.pl<\/a><br \/>\nIstnieje mo\u017cliwo\u015b\u0107 przes\u0142ania pyta\u0144 przed spotkaniem rekrutacyjnym.<\/p>\n<p>&nbsp;<\/p>\n<p>&nbsp;<\/p>\n","protected":false},"excerpt":{"rendered":"<p>Zaproszenie na spotkanie rekrutacyjne Dyrektor Szko\u0142y Doktorskiej Nauk \u015acis\u0142ych i Przyrodniczych Uniwersytetu w Bia\u0142ymstoku dr hab. Monika Naumowicz, prof. UwB serdecznie zaprasza osoby zainteresowane podj\u0119ciem kszta\u0142cenia w Szkole Doktorskiej Nauk <a href=\"https:\/\/physics.uwb.edu.pl\/wf\/?page_id=12138\" class=\"more-link\">[&hellip;]<\/a><\/p>\n","protected":false},"author":14,"featured_media":12139,"parent":713,"menu_order":0,"comment_status":"closed","ping_status":"closed","template":"","meta":{"ngg_post_thumbnail":0,"Layout":"1c","footnotes":""},"categories":[69],"tags":[],"class_list":["entry","author-ulag","post-12138","page","type-page","status-publish","has-post-thumbnail","category-seminarium_pl"],"jetpack_sharing_enabled":true,"jetpack_shortlink":"https:\/\/wp.me\/P7nvcn-39M","_links":{"self":[{"href":"https:\/\/physics.uwb.edu.pl\/wf\/index.php?rest_route=\/wp\/v2\/pages\/12138","targetHints":{"allow":["GET"]}}],"collection":[{"href":"https:\/\/physics.uwb.edu.pl\/wf\/index.php?rest_route=\/wp\/v2\/pages"}],"about":[{"href":"https:\/\/physics.uwb.edu.pl\/wf\/index.php?rest_route=\/wp\/v2\/types\/page"}],"author":[{"embeddable":true,"href":"https:\/\/physics.uwb.edu.pl\/wf\/index.php?rest_route=\/wp\/v2\/users\/14"}],"replies":[{"embeddable":true,"href":"https:\/\/physics.uwb.edu.pl\/wf\/index.php?rest_route=%2Fwp%2Fv2%2Fcomments&post=12138"}],"version-history":[{"count":2,"href":"https:\/\/physics.uwb.edu.pl\/wf\/index.php?rest_route=\/wp\/v2\/pages\/12138\/revisions"}],"predecessor-version":[{"id":12141,"href":"https:\/\/physics.uwb.edu.pl\/wf\/index.php?rest_route=\/wp\/v2\/pages\/12138\/revisions\/12141"}],"up":[{"embeddable":true,"href":"https:\/\/physics.uwb.edu.pl\/wf\/index.php?rest_route=\/wp\/v2\/pages\/713"}],"wp:featuredmedia":[{"embeddable":true,"href":"https:\/\/physics.uwb.edu.pl\/wf\/index.php?rest_route=\/wp\/v2\/media\/12139"}],"wp:attachment":[{"href":"https:\/\/physics.uwb.edu.pl\/wf\/index.php?rest_route=%2Fwp%2Fv2%2Fmedia&parent=12138"}],"wp:term":[{"taxonomy":"category","embeddable":true,"href":"https:\/\/physics.uwb.edu.pl\/wf\/index.php?rest_route=%2Fwp%2Fv2%2Fcategories&post=12138"},{"taxonomy":"post_tag","embeddable":true,"href":"https:\/\/physics.uwb.edu.pl\/wf\/index.php?rest_route=%2Fwp%2Fv2%2Ftags&post=12138"}],"curies":[{"name":"wp","href":"https:\/\/api.w.org\/{rel}","templated":true}]}}