{"id":12173,"date":"2021-05-20T09:10:20","date_gmt":"2021-05-20T07:10:20","guid":{"rendered":"https:\/\/physics.uwb.edu.pl\/wf\/?page_id=12173"},"modified":"2021-05-24T09:40:20","modified_gmt":"2021-05-24T07:40:20","slug":"targi-edukacyjne-w-grajewie-2-2-3-3-2-2-2-2-3","status":"publish","type":"page","link":"https:\/\/physics.uwb.edu.pl\/wf\/?page_id=12173","title":{"rendered":"e-wizyta uczni\u00f3w Zespo\u0142u Szk\u00f3\u0142 Zawodowych Nr 2 w Bia\u0142ymstoku"},"content":{"rendered":"<p>W dniu 20 maja 2021 r. odby\u0142a si\u0119 spotkanie z uczniami drugiej klasy technikum Zespo\u0142u Szk\u00f3\u0142 Zawodowych Nr 2 w Bia\u0142ymstoku.&nbsp; Prelegentem by\u0142 dr Krzysztof Gawryluk &#8211; a z racji na obostrzenia zwi\u0105zane z pandemi\u0105 COVID19, wizyta odby\u0142a si\u0119 w formie zdalnej.&nbsp;<\/p>\n<h6><img loading=\"lazy\" decoding=\"async\" class=\"alignnone wp-image-12174 size-large\" src=\"http:\/\/physics.uwb.edu.pl\/wf\/wp-content\/uploads\/2021\/05\/ZSZ2-1024x564.png\" alt=\"\" width=\"1024\" height=\"564\" srcset=\"https:\/\/physics.uwb.edu.pl\/wf\/wp-content\/uploads\/2021\/05\/ZSZ2-1024x564.png 1024w, https:\/\/physics.uwb.edu.pl\/wf\/wp-content\/uploads\/2021\/05\/ZSZ2-300x165.png 300w, https:\/\/physics.uwb.edu.pl\/wf\/wp-content\/uploads\/2021\/05\/ZSZ2-150x83.png 150w, https:\/\/physics.uwb.edu.pl\/wf\/wp-content\/uploads\/2021\/05\/ZSZ2-1536x846.png 1536w, https:\/\/physics.uwb.edu.pl\/wf\/wp-content\/uploads\/2021\/05\/ZSZ2-908x500.png 908w, https:\/\/physics.uwb.edu.pl\/wf\/wp-content\/uploads\/2021\/05\/ZSZ2.png 1930w\" sizes=\"auto, (max-width: 1024px) 100vw, 1024px\" \/><\/h6>\n<p>Prezentacja przedstawia\u0142a proste tematy (ruch jednostajny, ruch przyspieszony, zderzenia spr\u0119\u017cyste oraz ruch harmoniczny) w do\u015b\u0107 nietypowy spos\u00f3b &#8211; \u0142\u0105czy\u0142a te zagadnienia z informatyk\u0105, a dzi\u0119ki wykorzystaniu grafiki w <a href=\"https:\/\/processing.org\/\" target=\"_blank\" rel=\"noopener\">Processingu<\/a> umo\u017cliwi\u0142a &#8220;zabaw\u0119&#8221; tymi poj\u0119ciami. Tematem przewodnim by\u0142o wykorzystanie omawianych kwestii w grach komputerowych. Nagle okaza\u0142o si\u0119, \u017ce te &#8220;szkolne&#8221; tematy znajduj\u0105 swoje zastosowania w przemy\u015ble rozrywkowym &#8211; grach wideo! Takie om\u00f3wienie tematu mia\u0142o na celu zwi\u0119kszenie zainteresowania uczni\u00f3w przedmiotem fizyka. Dalej uczniowie poznali wi\u0119cej zagadnie\u0144 z fizyki, grubo wykraczaj\u0105cych poza ramy szko\u0142y \u015brednie (np. przep\u0142ywy wody, r\u00f3wnania ruchu z wi\u0119zami), kt\u00f3re tak\u017ce zostaj\u0105 wykorzystywane w silnikach fizycznych gier. Te rzeczy mog\u0105 lekko przera\u017ca\u0107 uczni\u00f3w, gdy\u017c wykorzystuj\u0105 zaawansowany aparat matematyczny (ca\u0142ki i r\u00f3wnania r\u00f3\u017cniczkowe) &#8211; ale dlatego w\u0142a\u015bnie znajduj\u0105 si\u0119 one w programie studi\u00f3w na Wydziale Fizyki (s\u0105 to zagadnienia odpowiednie dla uczelni wy\u017cszej). W ten oto spos\u00f3b przedstawiona zosta\u0142a specjalno\u015b\u0107 <a href=\"http:\/\/gry.fizyka.uwb.edu.pl\">Fizyka gier komputerowych i robot\u00f3w<\/a>, oraz (po cz\u0119\u015bci) Wydzia\u0142 Fizyki UwB.&nbsp;<\/p>\n<p>Zaj\u0119cia odby\u0142y si\u0119 w ramach projektu \u201eZesp\u00f3\u0142 Szk\u00f3\u0142 Zawodowych nr 2 &#8211; szko\u0142a inteligentnych specjalizacji\u201d, realizowanego przy wsparciu Miasta Bia\u0142ystok. Inicjatorem spotkania by\u0142a mgr Izabela Wojno, nauczycielka fizyki w ZSZ2.<\/p>\n<p style=\"text-align: right;\"><em>(c) K.G. 2021<\/em><\/p>\n","protected":false},"excerpt":{"rendered":"<p>W dniu 20 maja 2021 r. odby\u0142a si\u0119 spotkanie z uczniami drugiej klasy technikum Zespo\u0142u Szk\u00f3\u0142 Zawodowych Nr 2 w Bia\u0142ymstoku.&nbsp; Prelegentem by\u0142 dr Krzysztof Gawryluk &#8211; a z racji <a href=\"https:\/\/physics.uwb.edu.pl\/wf\/?page_id=12173\" class=\"more-link\">[&hellip;]<\/a><\/p>\n","protected":false},"author":5,"featured_media":12174,"parent":2744,"menu_order":0,"comment_status":"closed","ping_status":"closed","template":"","meta":{"ngg_post_thumbnail":0,"Layout":"1c","footnotes":""},"categories":[166,131],"tags":[],"class_list":["entry","author-gawryl","post-12173","page","type-page","status-publish","has-post-thumbnail","category-edukacyjne","category-galeria_foto"],"jetpack_sharing_enabled":true,"jetpack_shortlink":"https:\/\/wp.me\/P7nvcn-3al","_links":{"self":[{"href":"https:\/\/physics.uwb.edu.pl\/wf\/index.php?rest_route=\/wp\/v2\/pages\/12173","targetHints":{"allow":["GET"]}}],"collection":[{"href":"https:\/\/physics.uwb.edu.pl\/wf\/index.php?rest_route=\/wp\/v2\/pages"}],"about":[{"href":"https:\/\/physics.uwb.edu.pl\/wf\/index.php?rest_route=\/wp\/v2\/types\/page"}],"author":[{"embeddable":true,"href":"https:\/\/physics.uwb.edu.pl\/wf\/index.php?rest_route=\/wp\/v2\/users\/5"}],"replies":[{"embeddable":true,"href":"https:\/\/physics.uwb.edu.pl\/wf\/index.php?rest_route=%2Fwp%2Fv2%2Fcomments&post=12173"}],"version-history":[{"count":4,"href":"https:\/\/physics.uwb.edu.pl\/wf\/index.php?rest_route=\/wp\/v2\/pages\/12173\/revisions"}],"predecessor-version":[{"id":12178,"href":"https:\/\/physics.uwb.edu.pl\/wf\/index.php?rest_route=\/wp\/v2\/pages\/12173\/revisions\/12178"}],"up":[{"embeddable":true,"href":"https:\/\/physics.uwb.edu.pl\/wf\/index.php?rest_route=\/wp\/v2\/pages\/2744"}],"wp:featuredmedia":[{"embeddable":true,"href":"https:\/\/physics.uwb.edu.pl\/wf\/index.php?rest_route=\/wp\/v2\/media\/12174"}],"wp:attachment":[{"href":"https:\/\/physics.uwb.edu.pl\/wf\/index.php?rest_route=%2Fwp%2Fv2%2Fmedia&parent=12173"}],"wp:term":[{"taxonomy":"category","embeddable":true,"href":"https:\/\/physics.uwb.edu.pl\/wf\/index.php?rest_route=%2Fwp%2Fv2%2Fcategories&post=12173"},{"taxonomy":"post_tag","embeddable":true,"href":"https:\/\/physics.uwb.edu.pl\/wf\/index.php?rest_route=%2Fwp%2Fv2%2Ftags&post=12173"}],"curies":[{"name":"wp","href":"https:\/\/api.w.org\/{rel}","templated":true}]}}