{"id":12182,"date":"2020-01-14T09:03:53","date_gmt":"2020-01-14T08:03:53","guid":{"rendered":"https:\/\/physics.uwb.edu.pl\/wf\/?page_id=12182"},"modified":"2021-05-25T09:17:08","modified_gmt":"2021-05-25T07:17:08","slug":"targi-edukacyjne-w-grajewie-2-2-3-3-2-2-2-3-3","status":"publish","type":"page","link":"https:\/\/physics.uwb.edu.pl\/wf\/?page_id=12182","title":{"rendered":"Nasz student w radio Akadera &#8211; Dobry kierunek"},"content":{"rendered":"<p>W dniu 14 stycznia 2020 r. uczestniczyli\u015bmy w nagraniu audycji <a href=\"https:\/\/www.mixcloud.com\/discover\/dobry-kierunek\/\" target=\"_blank\" rel=\"noopener\">Dobry kierunek<\/a> dla radia Akadera. W swojej autorskiej audycji prowadz\u0105ca Natalia Galicz rozmawia z go\u015b\u0107mi o ofertach edukacyjnych bia\u0142ostockich uczelni. Tym razem spotkanie dotyczy\u0142o Wydzia\u0142u Fizyki i oferowanej specjalno\u015bci <a href=\"http:\/\/gry.fizyka.uwb.edu.pl\" target=\"_blank\" rel=\"noopener\">Fizyka Gier Komputerowych i Robot\u00f3w<\/a>.<\/p>\n<p><a href=\"https:\/\/www.mixcloud.com\/RADIO_AKADERA_87_7FM\/dobry-kierunek-fizyka-gier-komputerowych-i-robot%C3%B3w\/\" target=\"_blank\" rel=\"noopener\"><img loading=\"lazy\" decoding=\"async\" class=\"alignnone wp-image-12183 size-full\" src=\"http:\/\/physics.uwb.edu.pl\/wf\/wp-content\/uploads\/2021\/05\/dobry_kierunek.png\" alt=\"\" width=\"299\" height=\"197\" srcset=\"https:\/\/physics.uwb.edu.pl\/wf\/wp-content\/uploads\/2021\/05\/dobry_kierunek.png 299w, https:\/\/physics.uwb.edu.pl\/wf\/wp-content\/uploads\/2021\/05\/dobry_kierunek-150x99.png 150w\" sizes=\"auto, (max-width: 299px) 100vw, 299px\" \/><\/a><\/p>\n<p>Go\u015bciem audycji by\u0142 dr Krzysztof Gawryluk oraz Bartosz Butler, studentem 2-go roku wspomnianej specjalno\u015bci. To w\u0142a\u015bnie dzi\u0119ki obecno\u015bci studenta i jego osobistym prze\u017cyciom zwi\u0105zanym ze studiowaniem na Wydziale Fizyki audycja jest warta wys\u0142uchania. Dowiadujemy si\u0119 w niej, co sk\u0142oni\u0142o absolwenta renomowanego pierwszego liceum og\u00f3lnokszta\u0142c\u0105cego w Bia\u0142ymstoku do studiowania fizyki &#8211; pomimo braku zainteresowania fizyk\u0105, a sk\u0142onno\u015bciami do informatyki. <a href=\"https:\/\/www.mixcloud.com\/RADIO_AKADERA_87_7FM\/dobry-kierunek-fizyka-gier-komputerowych-i-robot%C3%B3w\/\" target=\"_blank\" rel=\"noopener\">Polecamy!<\/a><\/p>\n<h6>\u0179r\u00f3d\u0142o grafiki: https:\/\/www.mixcloud.com\/RADIO_AKADERA_87_7FM\/dobry-kierunek-fizyka-gier-komputerowych-i-robot%C3%B3w\/<\/h6>\n","protected":false},"excerpt":{"rendered":"<p>W dniu 14 stycznia 2020 r. uczestniczyli\u015bmy w nagraniu audycji Dobry kierunek dla radia Akadera. W swojej autorskiej audycji prowadz\u0105ca Natalia Galicz rozmawia z go\u015b\u0107mi o ofertach edukacyjnych bia\u0142ostockich uczelni. <a href=\"https:\/\/physics.uwb.edu.pl\/wf\/?page_id=12182\" class=\"more-link\">[&hellip;]<\/a><\/p>\n","protected":false},"author":5,"featured_media":12183,"parent":2744,"menu_order":0,"comment_status":"closed","ping_status":"closed","template":"","meta":{"ngg_post_thumbnail":0,"Layout":"1c","footnotes":""},"categories":[166,131],"tags":[],"class_list":["entry","author-gawryl","post-12182","page","type-page","status-publish","has-post-thumbnail","category-edukacyjne","category-galeria_foto"],"jetpack_sharing_enabled":true,"jetpack_shortlink":"https:\/\/wp.me\/P7nvcn-3au","_links":{"self":[{"href":"https:\/\/physics.uwb.edu.pl\/wf\/index.php?rest_route=\/wp\/v2\/pages\/12182","targetHints":{"allow":["GET"]}}],"collection":[{"href":"https:\/\/physics.uwb.edu.pl\/wf\/index.php?rest_route=\/wp\/v2\/pages"}],"about":[{"href":"https:\/\/physics.uwb.edu.pl\/wf\/index.php?rest_route=\/wp\/v2\/types\/page"}],"author":[{"embeddable":true,"href":"https:\/\/physics.uwb.edu.pl\/wf\/index.php?rest_route=\/wp\/v2\/users\/5"}],"replies":[{"embeddable":true,"href":"https:\/\/physics.uwb.edu.pl\/wf\/index.php?rest_route=%2Fwp%2Fv2%2Fcomments&post=12182"}],"version-history":[{"count":1,"href":"https:\/\/physics.uwb.edu.pl\/wf\/index.php?rest_route=\/wp\/v2\/pages\/12182\/revisions"}],"predecessor-version":[{"id":12184,"href":"https:\/\/physics.uwb.edu.pl\/wf\/index.php?rest_route=\/wp\/v2\/pages\/12182\/revisions\/12184"}],"up":[{"embeddable":true,"href":"https:\/\/physics.uwb.edu.pl\/wf\/index.php?rest_route=\/wp\/v2\/pages\/2744"}],"wp:featuredmedia":[{"embeddable":true,"href":"https:\/\/physics.uwb.edu.pl\/wf\/index.php?rest_route=\/wp\/v2\/media\/12183"}],"wp:attachment":[{"href":"https:\/\/physics.uwb.edu.pl\/wf\/index.php?rest_route=%2Fwp%2Fv2%2Fmedia&parent=12182"}],"wp:term":[{"taxonomy":"category","embeddable":true,"href":"https:\/\/physics.uwb.edu.pl\/wf\/index.php?rest_route=%2Fwp%2Fv2%2Fcategories&post=12182"},{"taxonomy":"post_tag","embeddable":true,"href":"https:\/\/physics.uwb.edu.pl\/wf\/index.php?rest_route=%2Fwp%2Fv2%2Ftags&post=12182"}],"curies":[{"name":"wp","href":"https:\/\/api.w.org\/{rel}","templated":true}]}}