{"id":12200,"date":"2021-05-26T11:49:43","date_gmt":"2021-05-26T09:49:43","guid":{"rendered":"https:\/\/physics.uwb.edu.pl\/wf\/?page_id=12200"},"modified":"2021-05-26T11:49:43","modified_gmt":"2021-05-26T09:49:43","slug":"o-marianie-smoluchowskim-w-setna-rocznice-smierci-2-2-2-2-2-4-3-2-2-2-2-2-2-2-3-3-2-3-2-2-2-2-3-2-2-2-2-2-2-3-2-2-2-2-2-2-2-2-2-3-3-2-2-2-3-3-2-2-2-2-2-3-2-3-2-2-2-2-2-2-2-3-3-4-3-3-2-2","status":"publish","type":"page","link":"https:\/\/physics.uwb.edu.pl\/wf\/?page_id=12200","title":{"rendered":"Badania spektralne fotoindukowanego prze\u0142\u0105czenia magnetyzacji w warstwie YIG:Co"},"content":{"rendered":"<h3><strong>Seminarium wydzia\u0142owe (<a href=\"https:\/\/physics.uwb.edu.pl\/wf\/?page_id=11651\">online<\/a>)<br \/>\n<\/strong><\/h3>\n<p align=\"justify\">Dnia 2021-06-01 o godzinie 14:15 odb\u0119dzie si\u0119 wyk\u0142ad <a href=\"https:\/\/physics.uwb.edu.pl\/wf\/?page_id=11651\">(seminarium odb\u0119dzie si\u0119 \u201eonline\u201d z wykorzystaniem platformy ZOOM)<\/a>, na kt\u00f3rym <strong> mgr Antoni Frej z Katedry Fizyki Magnetyk\u00f3w Wydzia\u0142u Fizyki Uniwersytetu w Bia\u0142ymstoku<\/strong>wyg\u0142osi wyk\u0142ad pt:<\/p>\n<h3 style=\"text-align: center;\"><span style=\"font-size: 36px;\"><strong>&#8220;Badania spektralne fotoindukowanego prze\u0142\u0105czenia magnetyzacji w warstwie YIG:Co&#8221;<\/strong><\/span><\/h3>\n<p style=\"text-align: right;\">Serdecznie zapraszamy<\/p>\n<p style=\"text-align: right;\">Andrzej Maziewski<\/p>\n<p>&nbsp;<\/p>\n<p>&nbsp;<\/p>\n<p><strong><span style=\"font-size: 20px;\">Antoni Frej<\/span><\/strong><br \/>\nWydzia\u0142 Fizyki Uniwersytetu w Bia\u0142ymstoku<\/p>\n<p style=\"text-align: justify;\">Odkrycie ultraszybkiego prze\u0142\u0105czania magnetyzacji w domieszkowanych kobaltem granatach dielektrycznych za pomoc\u0105 impuls\u00f3w laserowych o d\u0142ugo\u015bci fali 1300 nm ponownie zwr\u00f3ci\u0142o uwag\u0119 na ten materia\u0142. Ostatnie wyniki bada\u0144 zapisu magnetycznego przy u\u017cyciu impuls\u00f3w femtosekundowych wskazuj\u0105 na du\u017c\u0105 selektywno\u015b\u0107 d\u0142ugo\u015bci fal w zakresie bliskiej podczerwieni. Zaprezentowane zostan\u0105 wyniki bada\u0144 ultraszybkiego prze\u0142\u0105czania foto-magnetycznego w warstwach YIG:Co dla d\u0142ugo\u015bci fal z zakresu optycznego pasma L (1565-1625 nm). Czasowo-rozdzielcze pomiary fotoindukowanej precesji magnetyzacji oraz obrazowanie magnetooptyczne pozwoli\u0142y na okre\u015blenie efektywno\u015bci rezonansowego prze\u0142\u0105czania magnetyzacji za pomoc\u0105 pojedynczego impulsu laserowego. Wysoka wydajno\u015b\u0107 tego prze\u0142\u0105czania, wraz z bardzo nisk\u0105 absorpcj\u0105 foton\u00f3w w pa\u015bmie L, sprawia, \u017ce zjawisko to jest interesuj\u0105ce zar\u00f3wno dla ca\u0142kowicie optycznego zapisu magnetycznego, jak i dla potencjonalnego przesy\u0142ania danych za pomoc\u0105 system\u00f3w telekomunikacyjnych.<\/p>\n","protected":false},"excerpt":{"rendered":"<p>Seminarium wydzia\u0142owe (online) Dnia 2021-06-01 o godzinie 14:15 odb\u0119dzie si\u0119 wyk\u0142ad (seminarium odb\u0119dzie si\u0119 \u201eonline\u201d z wykorzystaniem platformy ZOOM), na kt\u00f3rym mgr Antoni Frej z Katedry Fizyki Magnetyk\u00f3w Wydzia\u0142u Fizyki <a href=\"https:\/\/physics.uwb.edu.pl\/wf\/?page_id=12200\" class=\"more-link\">[&hellip;]<\/a><\/p>\n","protected":false},"author":14,"featured_media":3366,"parent":822,"menu_order":0,"comment_status":"closed","ping_status":"closed","template":"","meta":{"ngg_post_thumbnail":0,"Layout":"1c","footnotes":""},"categories":[69],"tags":[],"class_list":["entry","author-ulag","post-12200","page","type-page","status-publish","has-post-thumbnail","category-seminarium_pl"],"jetpack_sharing_enabled":true,"jetpack_shortlink":"https:\/\/wp.me\/P7nvcn-3aM","_links":{"self":[{"href":"https:\/\/physics.uwb.edu.pl\/wf\/index.php?rest_route=\/wp\/v2\/pages\/12200","targetHints":{"allow":["GET"]}}],"collection":[{"href":"https:\/\/physics.uwb.edu.pl\/wf\/index.php?rest_route=\/wp\/v2\/pages"}],"about":[{"href":"https:\/\/physics.uwb.edu.pl\/wf\/index.php?rest_route=\/wp\/v2\/types\/page"}],"author":[{"embeddable":true,"href":"https:\/\/physics.uwb.edu.pl\/wf\/index.php?rest_route=\/wp\/v2\/users\/14"}],"replies":[{"embeddable":true,"href":"https:\/\/physics.uwb.edu.pl\/wf\/index.php?rest_route=%2Fwp%2Fv2%2Fcomments&post=12200"}],"version-history":[{"count":1,"href":"https:\/\/physics.uwb.edu.pl\/wf\/index.php?rest_route=\/wp\/v2\/pages\/12200\/revisions"}],"predecessor-version":[{"id":12201,"href":"https:\/\/physics.uwb.edu.pl\/wf\/index.php?rest_route=\/wp\/v2\/pages\/12200\/revisions\/12201"}],"up":[{"embeddable":true,"href":"https:\/\/physics.uwb.edu.pl\/wf\/index.php?rest_route=\/wp\/v2\/pages\/822"}],"wp:featuredmedia":[{"embeddable":true,"href":"https:\/\/physics.uwb.edu.pl\/wf\/index.php?rest_route=\/wp\/v2\/media\/3366"}],"wp:attachment":[{"href":"https:\/\/physics.uwb.edu.pl\/wf\/index.php?rest_route=%2Fwp%2Fv2%2Fmedia&parent=12200"}],"wp:term":[{"taxonomy":"category","embeddable":true,"href":"https:\/\/physics.uwb.edu.pl\/wf\/index.php?rest_route=%2Fwp%2Fv2%2Fcategories&post=12200"},{"taxonomy":"post_tag","embeddable":true,"href":"https:\/\/physics.uwb.edu.pl\/wf\/index.php?rest_route=%2Fwp%2Fv2%2Ftags&post=12200"}],"curies":[{"name":"wp","href":"https:\/\/api.w.org\/{rel}","templated":true}]}}