{"id":12230,"date":"2021-05-31T13:41:34","date_gmt":"2021-05-31T11:41:34","guid":{"rendered":"https:\/\/physics.uwb.edu.pl\/wf\/?page_id=12230"},"modified":"2021-06-02T12:03:15","modified_gmt":"2021-06-02T10:03:15","slug":"targi-edukacyjne-w-grajewie-2-2-3-3-2-2-2-2-2-2-3","status":"publish","type":"page","link":"https:\/\/physics.uwb.edu.pl\/wf\/?page_id=12230","title":{"rendered":"Wizyta w 1LO Bia\u0142ystok"},"content":{"rendered":"<p>W dniu 31 kwietnia 2021 r. odby\u0142o si\u0119 spotkanie z uczniami 1-szego Liceum Og\u00f3lnokszta\u0142c\u0105cego w Bia\u0142ymstoku &#8211; klas 1C oraz 2B (profil matematyka-fizyka-informatyka\/kreatywno\u015b\u0107). Spotkanie mia\u0142o na celu pokazanie &#8220;szkolnej fizyki&#8221; po\u0142\u0105czonej z informatyk\u0105. Uczniowie przekonali si\u0119, jak mo\u017cna si\u0119 bawi\u0107 prostymi zagadnieniami znanymi z lekcji fizyki &#8211; ruch jednostajny, przyspieszony, zderzenia spr\u0119\u017cyste cia\u0142 czy oscylator harmoniczny, wykorzystuj\u0105c komputer i programowanie. Okaza\u0142o si\u0119, \u017ce to wcale nie tylko zabawa &#8211; wszystkie przedstawione elementy znajduj\u0105 si\u0119 w <a href=\"https:\/\/pl.wikipedia.org\/wiki\/Silnik_fizyki\" target=\"_blank\" rel=\"noopener\">silnikach gier<\/a>, kt\u00f3re cz\u0119sto s\u0105 sk\u0142adow\u0105<a href=\"https:\/\/pl.wikipedia.org\/wiki\/Silnik_gry_komputerowej\" target=\"_blank\" rel=\"noopener\"> silnika gier<\/a>. Wyst\u0105pienie dotyczy\u0142o promocji specjalno\u015bci <a href=\"http:\/\/gry.fizyka.uwb.edu.pl\">Fizyka gier komputerowych i robot\u00f3w<\/a>, gdzie studenci zajmuj\u0105 si\u0119 w\u0142a\u015bnie tworzeniem silnika grafiki i silnika fizycznego gier. Na zako\u0144czenie przedstawiony zosta\u0142 projekt <a href=\"https:\/\/physics.uwb.edu.pl\/wf\/fi-bot\/?page_id=2946\" target=\"_blank\" rel=\"noopener\">robota krocz\u0105cego<\/a> powsta\u0142y na kole naukowym Fi-BOT.<\/p>\n<p><img loading=\"lazy\" decoding=\"async\" class=\"alignnone size-large wp-image-12233\" src=\"http:\/\/physics.uwb.edu.pl\/wf\/wp-content\/uploads\/2021\/06\/31maj2021a-1LO-1024x586.png\" alt=\"\" width=\"1024\" height=\"586\" srcset=\"https:\/\/physics.uwb.edu.pl\/wf\/wp-content\/uploads\/2021\/06\/31maj2021a-1LO-1024x586.png 1024w, https:\/\/physics.uwb.edu.pl\/wf\/wp-content\/uploads\/2021\/06\/31maj2021a-1LO-300x172.png 300w, https:\/\/physics.uwb.edu.pl\/wf\/wp-content\/uploads\/2021\/06\/31maj2021a-1LO-150x86.png 150w, https:\/\/physics.uwb.edu.pl\/wf\/wp-content\/uploads\/2021\/06\/31maj2021a-1LO-1536x879.png 1536w, https:\/\/physics.uwb.edu.pl\/wf\/wp-content\/uploads\/2021\/06\/31maj2021a-1LO-874x500.png 874w, https:\/\/physics.uwb.edu.pl\/wf\/wp-content\/uploads\/2021\/06\/31maj2021a-1LO.png 1554w\" sizes=\"auto, (max-width: 1024px) 100vw, 1024px\" \/><\/p>\n<p>Spotkanie poprowadzi\u0142 dr Krzysztof Gawryluk na zaproszenie mgr. Paw\u0142a Andryszaka &#8211; nauczyciela fizyki w 1LO, a tak\u017ce absolwentem Wydzia\u0142u Fizyki UwB. Je\u015bli jeste\u015b nauczycielem i chcesz zorganizowa\u0107 podobne spotkanie dla swoich podopiecznych &#8211; <a href=\"mailto:k.gawryluk@uwb.edu.pl\">skontaktuj si\u0119 z nami<\/a> &#8211; zapraszamy do wsp\u00f3\u0142pracy!<\/p>\n<p style=\"text-align: right;\"><em>(c) K.G. 2021<\/em><\/p>\n","protected":false},"excerpt":{"rendered":"<p>W dniu 31 kwietnia 2021 r. odby\u0142o si\u0119 spotkanie z uczniami 1-szego Liceum Og\u00f3lnokszta\u0142c\u0105cego w Bia\u0142ymstoku &#8211; klas 1C oraz 2B (profil matematyka-fizyka-informatyka\/kreatywno\u015b\u0107). Spotkanie mia\u0142o na celu pokazanie &#8220;szkolnej fizyki&#8221; <a href=\"https:\/\/physics.uwb.edu.pl\/wf\/?page_id=12230\" class=\"more-link\">[&hellip;]<\/a><\/p>\n","protected":false},"author":5,"featured_media":12233,"parent":2744,"menu_order":0,"comment_status":"closed","ping_status":"closed","template":"","meta":{"ngg_post_thumbnail":0,"Layout":"1c","footnotes":""},"categories":[166,131],"tags":[],"class_list":["entry","author-gawryl","post-12230","page","type-page","status-publish","has-post-thumbnail","category-edukacyjne","category-galeria_foto"],"jetpack_sharing_enabled":true,"jetpack_shortlink":"https:\/\/wp.me\/P7nvcn-3bg","_links":{"self":[{"href":"https:\/\/physics.uwb.edu.pl\/wf\/index.php?rest_route=\/wp\/v2\/pages\/12230","targetHints":{"allow":["GET"]}}],"collection":[{"href":"https:\/\/physics.uwb.edu.pl\/wf\/index.php?rest_route=\/wp\/v2\/pages"}],"about":[{"href":"https:\/\/physics.uwb.edu.pl\/wf\/index.php?rest_route=\/wp\/v2\/types\/page"}],"author":[{"embeddable":true,"href":"https:\/\/physics.uwb.edu.pl\/wf\/index.php?rest_route=\/wp\/v2\/users\/5"}],"replies":[{"embeddable":true,"href":"https:\/\/physics.uwb.edu.pl\/wf\/index.php?rest_route=%2Fwp%2Fv2%2Fcomments&post=12230"}],"version-history":[{"count":2,"href":"https:\/\/physics.uwb.edu.pl\/wf\/index.php?rest_route=\/wp\/v2\/pages\/12230\/revisions"}],"predecessor-version":[{"id":12235,"href":"https:\/\/physics.uwb.edu.pl\/wf\/index.php?rest_route=\/wp\/v2\/pages\/12230\/revisions\/12235"}],"up":[{"embeddable":true,"href":"https:\/\/physics.uwb.edu.pl\/wf\/index.php?rest_route=\/wp\/v2\/pages\/2744"}],"wp:featuredmedia":[{"embeddable":true,"href":"https:\/\/physics.uwb.edu.pl\/wf\/index.php?rest_route=\/wp\/v2\/media\/12233"}],"wp:attachment":[{"href":"https:\/\/physics.uwb.edu.pl\/wf\/index.php?rest_route=%2Fwp%2Fv2%2Fmedia&parent=12230"}],"wp:term":[{"taxonomy":"category","embeddable":true,"href":"https:\/\/physics.uwb.edu.pl\/wf\/index.php?rest_route=%2Fwp%2Fv2%2Fcategories&post=12230"},{"taxonomy":"post_tag","embeddable":true,"href":"https:\/\/physics.uwb.edu.pl\/wf\/index.php?rest_route=%2Fwp%2Fv2%2Ftags&post=12230"}],"curies":[{"name":"wp","href":"https:\/\/api.w.org\/{rel}","templated":true}]}}