{"id":12236,"date":"2021-06-02T12:57:20","date_gmt":"2021-06-02T10:57:20","guid":{"rendered":"https:\/\/physics.uwb.edu.pl\/wf\/?page_id=12236"},"modified":"2021-07-02T10:57:56","modified_gmt":"2021-07-02T08:57:56","slug":"nasze-sukcesy-zimy-ultraszybki-zapis-fotomagnetyczny-2","status":"publish","type":"page","link":"https:\/\/physics.uwb.edu.pl\/wf\/?page_id=12236","title":{"rendered":"Ranking Szanghajski: TOP-500!"},"content":{"rendered":"<p><strong>Dzi\u0119ki osi\u0105gni\u0119ciom naukowym Wydzia\u0142u Fizyki&nbsp;<\/strong>Uniwersytet w Bia\u0142ymstoku jako jedyna podlaska uczelnia znalaz\u0142<strong>&nbsp;si\u0119 w presti\u017cowym gronie 25 polskich uczelni akademickich<\/strong>&nbsp;odnotowanych w corocznym rankingu dyscyplin&nbsp;<strong>Global Ranking of Academic Subjects (<\/strong><strong>GRAS).&nbsp;<\/strong>W dyscyplinie fizyka UwB po raz pierwszy uplasowa\u0142a si\u0119 w TOP-500, czyli pierwszej pi\u0119\u0107setce najwy\u017cej sklasyfikowanych uczelni z ca\u0142ego \u015bwiata. Wydzia\u0142 Fizyki znajduje si\u0119 w znamienitym gronie sze\u015bciu uczelni klasyfikowanych&nbsp;<strong>z ca\u0142ej Polski<\/strong>.<\/p>\n<p><a class=\"img-hyperlink\" href=\"https:\/\/www.shanghairanking.com\/rankings\/arwu\/2020\" target=\"_blank\" rel=\"noopener\"><img loading=\"lazy\" decoding=\"async\" class=\"alignnone size-full wp-image-12237\" src=\"http:\/\/physics.uwb.edu.pl\/wf\/wp-content\/uploads\/2021\/06\/2021-GRAS.png\" sizes=\"auto, (max-width: 935px) 100vw, 935px\" srcset=\"https:\/\/physics.uwb.edu.pl\/wf\/wp-content\/uploads\/2021\/06\/2021-GRAS.png 935w, https:\/\/physics.uwb.edu.pl\/wf\/wp-content\/uploads\/2021\/06\/2021-GRAS-300x291.png 300w, https:\/\/physics.uwb.edu.pl\/wf\/wp-content\/uploads\/2021\/06\/2021-GRAS-150x145.png 150w, https:\/\/physics.uwb.edu.pl\/wf\/wp-content\/uploads\/2021\/06\/2021-GRAS-516x500.png 516w\" alt=\"\" width=\"935\" height=\"906\"><\/a><\/p>\n<p>Ranking GRAS publikowany jest od 2017 roku przez chi\u0144sk\u0105 agencj\u0119 ShanghaiRanking Consultancy. Uwzgl\u0119dnia 54 dyscypliny przyporz\u0105dkowane do 5 dziedzin: nauk przyrodniczych, medycznych, spo\u0142ecznych, nauk o \u017cyciu oraz nauk technicznych i in\u017cynierskich. W zestawieniach dla poszczeg\u00f3lnych dyscyplin uwzgl\u0119dniono w sumie 1800 uczelni z 93 kraj\u00f3w.&nbsp;<a href=\"https:\/\/www.shanghairanking.com\/rankings\/arwu\/2020\" target=\"_blank\" rel=\"noopener\">Kliknij tu<\/a>&nbsp;aby przej\u015b\u0107 do rankingu.<\/p>\n","protected":false},"excerpt":{"rendered":"<p>Dzi\u0119ki osi\u0105gni\u0119ciom naukowym Wydzia\u0142u Fizyki&nbsp;Uniwersytet w Bia\u0142ymstoku jako jedyna podlaska uczelnia znalaz\u0142&nbsp;si\u0119 w presti\u017cowym gronie 25 polskich uczelni akademickich&nbsp;odnotowanych w corocznym rankingu dyscyplin&nbsp;Global Ranking of Academic Subjects (GRAS).&nbsp;W dyscyplinie fizyka <a href=\"https:\/\/physics.uwb.edu.pl\/wf\/?page_id=12236\" class=\"more-link\">[&hellip;]<\/a><\/p>\n","protected":false},"author":5,"featured_media":12237,"parent":713,"menu_order":0,"comment_status":"closed","ping_status":"closed","template":"","meta":{"ngg_post_thumbnail":0,"Layout":"","footnotes":""},"categories":[42],"tags":[],"class_list":["entry","author-gawryl","post-12236","page","type-page","status-publish","has-post-thumbnail","category-nauka_pl"],"jetpack_sharing_enabled":true,"jetpack_shortlink":"https:\/\/wp.me\/P7nvcn-3bm","_links":{"self":[{"href":"https:\/\/physics.uwb.edu.pl\/wf\/index.php?rest_route=\/wp\/v2\/pages\/12236","targetHints":{"allow":["GET"]}}],"collection":[{"href":"https:\/\/physics.uwb.edu.pl\/wf\/index.php?rest_route=\/wp\/v2\/pages"}],"about":[{"href":"https:\/\/physics.uwb.edu.pl\/wf\/index.php?rest_route=\/wp\/v2\/types\/page"}],"author":[{"embeddable":true,"href":"https:\/\/physics.uwb.edu.pl\/wf\/index.php?rest_route=\/wp\/v2\/users\/5"}],"replies":[{"embeddable":true,"href":"https:\/\/physics.uwb.edu.pl\/wf\/index.php?rest_route=%2Fwp%2Fv2%2Fcomments&post=12236"}],"version-history":[{"count":12,"href":"https:\/\/physics.uwb.edu.pl\/wf\/index.php?rest_route=\/wp\/v2\/pages\/12236\/revisions"}],"predecessor-version":[{"id":12380,"href":"https:\/\/physics.uwb.edu.pl\/wf\/index.php?rest_route=\/wp\/v2\/pages\/12236\/revisions\/12380"}],"up":[{"embeddable":true,"href":"https:\/\/physics.uwb.edu.pl\/wf\/index.php?rest_route=\/wp\/v2\/pages\/713"}],"wp:featuredmedia":[{"embeddable":true,"href":"https:\/\/physics.uwb.edu.pl\/wf\/index.php?rest_route=\/wp\/v2\/media\/12237"}],"wp:attachment":[{"href":"https:\/\/physics.uwb.edu.pl\/wf\/index.php?rest_route=%2Fwp%2Fv2%2Fmedia&parent=12236"}],"wp:term":[{"taxonomy":"category","embeddable":true,"href":"https:\/\/physics.uwb.edu.pl\/wf\/index.php?rest_route=%2Fwp%2Fv2%2Fcategories&post=12236"},{"taxonomy":"post_tag","embeddable":true,"href":"https:\/\/physics.uwb.edu.pl\/wf\/index.php?rest_route=%2Fwp%2Fv2%2Ftags&post=12236"}],"curies":[{"name":"wp","href":"https:\/\/api.w.org\/{rel}","templated":true}]}}