{"id":12252,"date":"2021-05-27T15:39:32","date_gmt":"2021-05-27T13:39:32","guid":{"rendered":"https:\/\/physics.uwb.edu.pl\/wf\/?page_id=12252"},"modified":"2021-06-14T14:57:04","modified_gmt":"2021-06-14T12:57:04","slug":"o-marianie-smoluchowskim-w-setna-rocznice-smierci-2-2-2-2-2-4-3-2-2-2-2-2-2-2-3-3-2-3-2-2-2-2-3-2-2-2-2-2-2-3-2-2-2-2-2-2-2-2-2-3-3-2-2-2-3-3-2-2-2-2-2-3-2-3-2-2-2-2-2-2-2-2-2","status":"publish","type":"page","link":"https:\/\/physics.uwb.edu.pl\/wf\/?page_id=12252","title":{"rendered":"Zaproszenie na seminarium doktoranckie"},"content":{"rendered":"<p style=\"text-align: justify;\"><span style=\"font-family: 'Book Antiqua','serif';\">Dyrektor Szko\u0142y Doktorskiej Nauk \u015acis\u0142ych i Przyrodniczych UwB dr hab. Monika Naumowicz, prof. UwB serdecznie zaprasza w dniach 07-09.06.2021 r. o godzinie 9:00 na SEMINARIUM DOKTORANCKIE na platformie Blackboard.<\/span><\/p>\n<p style=\"text-align: justify;\"><span style=\"font-family: 'Book Antiqua','serif';\">Harmonogram wyst\u0105pie\u0144 jest poni\u017cej.<br \/>\n<\/span><\/p>\n<p style=\"text-align: justify;\"><span style=\"font-family: 'Book Antiqua','serif';\">Wymagana jest rejestracja do 05.06.2021 r. pod adresem: <\/span><a href=\"mailto:szkoladoktorska.nsip@uwb.edu.pl\"><span style=\"font-family: 'Book Antiqua','serif';\">szkoladoktorska.nsip@uwb.edu.pl<\/span><\/a><\/p>\n<p style=\"text-align: justify;\"><span style=\"font-family: 'Book Antiqua','serif';\">Podczas rejestracji prosimy o wskazanie dnia\/dni, w kt\u00f3rych chc\u0105 Pa\u0144stwo uczestniczy\u0107 w seminarium. <\/span><\/p>\n<p>&nbsp;<\/p>\n<p style=\"text-align: center;\"><strong>Seminarium doktorant\u00f3w I i II roku<\/strong><\/p>\n<p style=\"text-align: center;\"><strong>Szko\u0142y Doktorskiej Nauk \u015acis\u0142ych i Przyrodniczych<\/strong><\/p>\n<p style=\"text-align: center;\"><strong>07-09 czerwca 2021<\/strong><\/p>\n<p><strong>&nbsp;<\/strong><\/p>\n<p><strong>II rok<\/strong><\/p>\n<p><strong><u>07 czerwca 2021<\/u><\/strong><\/p>\n<p><em>dyscyplina: nauki chemiczne<\/em><\/p>\n<p>9.00 \u2013 9.20<strong> &nbsp;&nbsp;&nbsp;&nbsp;&nbsp;&nbsp;&nbsp;&nbsp;&nbsp;&nbsp;&nbsp;&nbsp;&nbsp;&nbsp;&nbsp;&nbsp; mgr Izabela Kurowska<\/strong> &nbsp;&#8211; Wykorzystanie polimeryzacji rodnikowej do tworzenia system\u00f3w kontrolowanego dostarczania lek\u00f3w<\/p>\n<p>9.30 \u2013 9.50&nbsp;&nbsp;&nbsp;&nbsp;&nbsp;&nbsp;&nbsp;&nbsp;&nbsp;&nbsp;&nbsp;&nbsp;&nbsp;&nbsp;&nbsp;&nbsp;&nbsp; <strong>mgr \u0141ukasz O\u0142dak<\/strong> &nbsp;&#8211; Zmiany ilo\u015bci wybranych potencjalnych marker\u00f3w raka m\u00f3zgu w zale\u017cno\u015bci od stadium zaawansowania choroby<\/p>\n<p><em>dyscyplina: nauki fizyczne<\/em><\/p>\n<p>10.00 \u2013 10.20&nbsp;&nbsp;&nbsp;&nbsp;&nbsp;&nbsp;&nbsp;&nbsp;&nbsp;&nbsp;&nbsp;&nbsp;&nbsp; <strong>mgr Arstiom Kazlou<\/strong> &#8211; Ultraszybka dynamika magnetyzacji w magneto-plazmonicznych strukturach Au\/YIG<\/p>\n<p>10.30 \u2013 10.50&nbsp;&nbsp;&nbsp;&nbsp;&nbsp;&nbsp;&nbsp;&nbsp;&nbsp;&nbsp;&nbsp;&nbsp;&nbsp; <strong>mgr Marta Orzechowska<\/strong> &#8211; Charakterystyka fizykochemiczna nanoferryt\u00f3w galowych syntezowanych metod\u0105 Massarta<\/p>\n<p>11.00 \u2013 11.20<strong> &nbsp;&nbsp;&nbsp;&nbsp;&nbsp;&nbsp;&nbsp;&nbsp;&nbsp;&nbsp;&nbsp;&nbsp; mgr in\u017c. Tomasz Zalewski<\/strong> \u2013 Ultraszybki mechanizm fotomagnetycznego back-switchingu w warstwach granat\u00f3w<\/p>\n<p><em>dyscyplina: nauki biologiczne<\/em><\/p>\n<p>11.30 \u2013 11.20<strong> &nbsp;&nbsp;&nbsp;&nbsp;&nbsp;&nbsp;&nbsp;&nbsp;&nbsp;&nbsp;&nbsp;&nbsp; mgr Ewa Grabowska<\/strong> \u2013 Por\u00f3wnanie oddzia\u0142ywania wybranych selenosteroid\u00f3w na rozw\u00f3j kultury kom\u00f3rek HeLa<\/p>\n<p><strong>&nbsp;<\/strong><\/p>\n<p><strong>I rok<\/strong><strong>&nbsp;<\/strong><\/p>\n<p><strong><u>08 czerwca 2021<\/u><\/strong><\/p>\n<p><em>dyscyplina: nauki <\/em><em>biologiczne<\/em><\/p>\n<p>9.00 \u2013 9.20<strong> &nbsp;&nbsp;&nbsp;&nbsp;&nbsp;&nbsp;&nbsp;&nbsp;&nbsp;&nbsp;&nbsp;&nbsp;&nbsp;&nbsp;&nbsp;&nbsp; mgr <\/strong><strong>Sandra Chmielewska<\/strong> &#8211; Analiza profili lipidowych szczep\u00f3w <em>Malassezia pachydermatis<\/em> o r\u00f3\u017cnej wra\u017cliwo\u015bci na wybrane polieny<\/p>\n<p>9.30 \u2013 9.50&nbsp;&nbsp;&nbsp;&nbsp;&nbsp;&nbsp;&nbsp;&nbsp;&nbsp;&nbsp;&nbsp;&nbsp;&nbsp;&nbsp;&nbsp;&nbsp;&nbsp; <strong>mgr Karolina Iwi\u0144ska<\/strong> &#8211; Popielica szara: nowy model zwierz\u0119cy w badaniach koszt\u00f3w rozrodu<\/p>\n<p>10.00 \u2013 10.20&nbsp;&nbsp;&nbsp;&nbsp;&nbsp;&nbsp;&nbsp;&nbsp;&nbsp;&nbsp;&nbsp;&nbsp;&nbsp; <strong>mgr Joanna Koz\u0142owska<\/strong> &#8211; Relikty planktonowe &#8211; nowe ob serwacje z Europy \u015arodkowej<\/p>\n<p>10.30 \u2013 10.50&nbsp;&nbsp;&nbsp;&nbsp;&nbsp; &nbsp;&nbsp;&nbsp;&nbsp;&nbsp;&nbsp; <strong>mgr <\/strong><strong>Damian Brzezi\u0144ski<\/strong> &#8211; doktorant nie poda\u0142 tytu\u0142u wyst\u0105pienia<\/p>\n<p>&nbsp;<\/p>\n<p><strong><u>09 czerwca 2021<\/u><\/strong><\/p>\n<p><em>dyscyplina: nauki <\/em><em>chemiczne<\/em><\/p>\n<p>9.00 \u2013 9.20<strong> &nbsp;&nbsp;&nbsp;&nbsp;&nbsp;&nbsp;&nbsp;&nbsp;&nbsp;&nbsp;&nbsp;&nbsp;&nbsp;&nbsp;&nbsp;&nbsp; mgr <\/strong><strong>Magda Dobosz<\/strong> \u2013 Otrzymywanie&nbsp;nanocz\u0105stek&nbsp;magnetycznych oraz&nbsp;ich charakterystyka<\/p>\n<p>9.30 \u2013 9.50&nbsp;&nbsp;&nbsp;&nbsp;&nbsp;&nbsp;&nbsp;&nbsp;&nbsp;&nbsp;&nbsp;&nbsp;&nbsp;&nbsp;&nbsp;&nbsp;&nbsp; <strong>mgr <\/strong><strong>Dariusz Kiejza<\/strong> &#8211; Zastosowanie kwasu nadoctowego w po\u0142\u0105czeniu z jonami metali d-elektronowych do usuwania mikrozanieczyszcze\u0144 organicznych<\/p>\n<p>10.00 \u2013 10.20&nbsp;&nbsp;&nbsp;&nbsp;&nbsp;&nbsp;&nbsp;&nbsp;&nbsp;&nbsp;&nbsp;&nbsp;&nbsp; <strong>mgr Weronika Poli\u0144ska<\/strong> &#8211; Procesy oparte na wykorzystaniu ro\u015blin p\u0142ywaj\u0105cych w usuwaniu benzotriazoli z w\u00f3d i \u015bciek\u00f3w<\/p>\n<p>10.30 \u2013 10.50&nbsp;&nbsp;&nbsp;&nbsp;&nbsp;&nbsp;&nbsp;&nbsp;&nbsp;&nbsp;&nbsp;&nbsp;&nbsp; <strong>mgr Dawid Szymczuk<\/strong> &#8211; Magnetyczne hybrydy polimerowo-nieorganiczne zawieraj\u0105ce pochodne cholesterolu<\/p>\n<p>11.00 \u2013 11.20<strong> &nbsp;&nbsp;&nbsp;&nbsp;&nbsp;&nbsp;&nbsp;&nbsp;&nbsp;&nbsp;&nbsp;&nbsp; mgr Marcin Zaj\u0105c &#8211; <\/strong>Opracowanie koncepcji i metodyki bada\u0144 umo\u017cliwiaj\u0105cych wyznaczenie wybranych parametr\u00f3w elektrycznych b\u0142on biologicznych modyfikowanych nanopolimerami<\/p>\n","protected":false},"excerpt":{"rendered":"<p>Dyrektor Szko\u0142y Doktorskiej Nauk \u015acis\u0142ych i Przyrodniczych UwB dr hab. Monika Naumowicz, prof. UwB serdecznie zaprasza w dniach 07-09.06.2021 r. o godzinie 9:00 na SEMINARIUM DOKTORANCKIE na platformie Blackboard. Harmonogram <a href=\"https:\/\/physics.uwb.edu.pl\/wf\/?page_id=12252\" class=\"more-link\">[&hellip;]<\/a><\/p>\n","protected":false},"author":14,"featured_media":9925,"parent":822,"menu_order":0,"comment_status":"closed","ping_status":"closed","template":"","meta":{"ngg_post_thumbnail":0,"Layout":"1c","footnotes":""},"categories":[69],"tags":[],"class_list":["entry","author-ulag","post-12252","page","type-page","status-publish","has-post-thumbnail","category-seminarium_pl"],"jetpack_sharing_enabled":true,"jetpack_shortlink":"https:\/\/wp.me\/P7nvcn-3bC","_links":{"self":[{"href":"https:\/\/physics.uwb.edu.pl\/wf\/index.php?rest_route=\/wp\/v2\/pages\/12252","targetHints":{"allow":["GET"]}}],"collection":[{"href":"https:\/\/physics.uwb.edu.pl\/wf\/index.php?rest_route=\/wp\/v2\/pages"}],"about":[{"href":"https:\/\/physics.uwb.edu.pl\/wf\/index.php?rest_route=\/wp\/v2\/types\/page"}],"author":[{"embeddable":true,"href":"https:\/\/physics.uwb.edu.pl\/wf\/index.php?rest_route=\/wp\/v2\/users\/14"}],"replies":[{"embeddable":true,"href":"https:\/\/physics.uwb.edu.pl\/wf\/index.php?rest_route=%2Fwp%2Fv2%2Fcomments&post=12252"}],"version-history":[{"count":1,"href":"https:\/\/physics.uwb.edu.pl\/wf\/index.php?rest_route=\/wp\/v2\/pages\/12252\/revisions"}],"predecessor-version":[{"id":12253,"href":"https:\/\/physics.uwb.edu.pl\/wf\/index.php?rest_route=\/wp\/v2\/pages\/12252\/revisions\/12253"}],"up":[{"embeddable":true,"href":"https:\/\/physics.uwb.edu.pl\/wf\/index.php?rest_route=\/wp\/v2\/pages\/822"}],"wp:featuredmedia":[{"embeddable":true,"href":"https:\/\/physics.uwb.edu.pl\/wf\/index.php?rest_route=\/wp\/v2\/media\/9925"}],"wp:attachment":[{"href":"https:\/\/physics.uwb.edu.pl\/wf\/index.php?rest_route=%2Fwp%2Fv2%2Fmedia&parent=12252"}],"wp:term":[{"taxonomy":"category","embeddable":true,"href":"https:\/\/physics.uwb.edu.pl\/wf\/index.php?rest_route=%2Fwp%2Fv2%2Fcategories&post=12252"},{"taxonomy":"post_tag","embeddable":true,"href":"https:\/\/physics.uwb.edu.pl\/wf\/index.php?rest_route=%2Fwp%2Fv2%2Ftags&post=12252"}],"curies":[{"name":"wp","href":"https:\/\/api.w.org\/{rel}","templated":true}]}}