{"id":12256,"date":"2021-06-07T09:12:38","date_gmt":"2021-06-07T07:12:38","guid":{"rendered":"https:\/\/physics.uwb.edu.pl\/wf\/?page_id=12256"},"modified":"2021-06-07T09:18:11","modified_gmt":"2021-06-07T07:18:11","slug":"east-games-united-2-2-3-3-2-2-4-2","status":"publish","type":"page","link":"https:\/\/physics.uwb.edu.pl\/wf\/?page_id=12256","title":{"rendered":"Meteoryty, myszy i ksi\u0119\u017cyc. Rodzinne warsztaty w kampusie UwB"},"content":{"rendered":"<p>By\u0142o rodzinnie, kosmicznie, edukacyjnie i artystycznie. W niedziel\u0119, 30 maja 2021, Uniwersytet w Bia\u0142ymstoku zaprosi\u0142 wsp\u00f3lnie z Galeri\u0105 Arsena\u0142 na warsztaty rodzinne do Uniwersyteckiego Centrum Kultury. Warsztaty skierowane by\u0142y do dzieci w wieku&nbsp;5-8 lat oraz ich opiekun\u00f3w i towarzyszy\u0142y&nbsp; prezentowanej w Arsenale wystawie Amelie Bouvier&nbsp;\u201eTam, gdzie s\u0142o\u0144ce k\u0142adzie si\u0119 spa\u0107\u201d. Uniwersytet w Bia\u0142ymstoku oraz Uniwersyteckie Centrum Kultury s\u0105 partnerami ekspozycji.<\/p>\n<p><a href=\"https:\/\/uwb.edu.pl\/nowosci\/aktualnosci\/meteoryty-myszy-i-ksiezyc-rodzinne-warsztaty-w-kampusie-uwb\/33d7ca02\" target=\"_blank\" rel=\"noopener\"><img loading=\"lazy\" decoding=\"async\" class=\"alignnone size-large wp-image-12257\" src=\"http:\/\/physics.uwb.edu.pl\/wf\/wp-content\/uploads\/2021\/06\/arsena2-1024x683.jpg\" alt=\"\" width=\"1024\" height=\"683\" srcset=\"https:\/\/physics.uwb.edu.pl\/wf\/wp-content\/uploads\/2021\/06\/arsena2-1024x683.jpg 1024w, https:\/\/physics.uwb.edu.pl\/wf\/wp-content\/uploads\/2021\/06\/arsena2-300x200.jpg 300w, https:\/\/physics.uwb.edu.pl\/wf\/wp-content\/uploads\/2021\/06\/arsena2-150x100.jpg 150w, https:\/\/physics.uwb.edu.pl\/wf\/wp-content\/uploads\/2021\/06\/arsena2-600x400.jpg 600w, https:\/\/physics.uwb.edu.pl\/wf\/wp-content\/uploads\/2021\/06\/arsena2-1536x1025.jpg 1536w, https:\/\/physics.uwb.edu.pl\/wf\/wp-content\/uploads\/2021\/06\/arsena2-749x500.jpg 749w, https:\/\/physics.uwb.edu.pl\/wf\/wp-content\/uploads\/2021\/06\/arsena2-272x182.jpg 272w, https:\/\/physics.uwb.edu.pl\/wf\/wp-content\/uploads\/2021\/06\/arsena2.jpg 1980w\" sizes=\"auto, (max-width: 1024px) 100vw, 1024px\" \/><\/a><\/p>\n<p>Przed dzia\u0142aniami artystycznymi by\u0142 czas na spotkanie z uniwersyteckim astronomem Andrzejem Branickim z Wydzia\u0142u Fizyki UwB oraz pokaz przedpremierowy w planetarium Uniwersyteckiego Centrum Astronomii. Uczestnicy warsztat\u00f3w mogli zobaczy\u0107 film \u201eMyszki i Ksi\u0119\u017cyc\u201d. To \u201eksi\u0119\u017cycowa\u201d bajka dla ciekawskich dzieci, odpowiadaj\u0105ca w przyjazny spos\u00f3b na niekt\u00f3re pytania dotycz\u0105ce Ksi\u0119\u017cyca: opowie\u015b\u0107 o dw\u00f3ch ma\u0142ych myszach Pip i Chipie, kt\u00f3re zastanawia\u0142y si\u0119, czy kto\u015b gryzie du\u017cy ksi\u0119\u017cycowy ser l\u015bni\u0105cy na niebie (produkcja:&nbsp; Fulldome Basement, June 2017). To jeden z film\u00f3w, kt\u00f3ry za kilka miesi\u0119cy b\u0119dzie mo\u017cna ogl\u0105da\u0107 w planetarium Uniwersyteckiego Centrum Astronomii w kampusie Uniwersytetu w Bia\u0142ymstoku przy ul. Cio\u0142kowskiego.<\/p>\n<p>Wi\u0119cej o wydarzeniu na <a href=\"https:\/\/uwb.edu.pl\/nowosci\/aktualnosci\/meteoryty-myszy-i-ksiezyc-rodzinne-warsztaty-w-kampusie-uwb\/33d7ca02\" target=\"_blank\" rel=\"noopener\">stronie g\u0142\u00f3wnej<\/a> Uniwersytetu w Bia\u0142ymstoku.<\/p>\n<p style=\"text-align: right;\"><em>(C) tekst i zdj\u0119cia Uniwersytet w Bia\u0142ymstoku, 2021<\/em><\/p>\n<p>&nbsp;<\/p>\n","protected":false},"excerpt":{"rendered":"<p>By\u0142o rodzinnie, kosmicznie, edukacyjnie i artystycznie. W niedziel\u0119, 30 maja 2021, Uniwersytet w Bia\u0142ymstoku zaprosi\u0142 wsp\u00f3lnie z Galeri\u0105 Arsena\u0142 na warsztaty rodzinne do Uniwersyteckiego Centrum Kultury. Warsztaty skierowane by\u0142y do <a href=\"https:\/\/physics.uwb.edu.pl\/wf\/?page_id=12256\" class=\"more-link\">[&hellip;]<\/a><\/p>\n","protected":false},"author":5,"featured_media":12257,"parent":2744,"menu_order":0,"comment_status":"closed","ping_status":"closed","template":"","meta":{"ngg_post_thumbnail":0,"Layout":"1c","footnotes":""},"categories":[131,35],"tags":[],"class_list":["entry","author-gawryl","post-12256","page","type-page","status-publish","has-post-thumbnail","category-galeria_foto","category-popularyzacja_pl"],"jetpack_sharing_enabled":true,"jetpack_shortlink":"https:\/\/wp.me\/P7nvcn-3bG","_links":{"self":[{"href":"https:\/\/physics.uwb.edu.pl\/wf\/index.php?rest_route=\/wp\/v2\/pages\/12256","targetHints":{"allow":["GET"]}}],"collection":[{"href":"https:\/\/physics.uwb.edu.pl\/wf\/index.php?rest_route=\/wp\/v2\/pages"}],"about":[{"href":"https:\/\/physics.uwb.edu.pl\/wf\/index.php?rest_route=\/wp\/v2\/types\/page"}],"author":[{"embeddable":true,"href":"https:\/\/physics.uwb.edu.pl\/wf\/index.php?rest_route=\/wp\/v2\/users\/5"}],"replies":[{"embeddable":true,"href":"https:\/\/physics.uwb.edu.pl\/wf\/index.php?rest_route=%2Fwp%2Fv2%2Fcomments&post=12256"}],"version-history":[{"count":1,"href":"https:\/\/physics.uwb.edu.pl\/wf\/index.php?rest_route=\/wp\/v2\/pages\/12256\/revisions"}],"predecessor-version":[{"id":12258,"href":"https:\/\/physics.uwb.edu.pl\/wf\/index.php?rest_route=\/wp\/v2\/pages\/12256\/revisions\/12258"}],"up":[{"embeddable":true,"href":"https:\/\/physics.uwb.edu.pl\/wf\/index.php?rest_route=\/wp\/v2\/pages\/2744"}],"wp:featuredmedia":[{"embeddable":true,"href":"https:\/\/physics.uwb.edu.pl\/wf\/index.php?rest_route=\/wp\/v2\/media\/12257"}],"wp:attachment":[{"href":"https:\/\/physics.uwb.edu.pl\/wf\/index.php?rest_route=%2Fwp%2Fv2%2Fmedia&parent=12256"}],"wp:term":[{"taxonomy":"category","embeddable":true,"href":"https:\/\/physics.uwb.edu.pl\/wf\/index.php?rest_route=%2Fwp%2Fv2%2Fcategories&post=12256"},{"taxonomy":"post_tag","embeddable":true,"href":"https:\/\/physics.uwb.edu.pl\/wf\/index.php?rest_route=%2Fwp%2Fv2%2Ftags&post=12256"}],"curies":[{"name":"wp","href":"https:\/\/api.w.org\/{rel}","templated":true}]}}