{"id":1227,"date":"2016-03-21T23:19:33","date_gmt":"2016-03-21T22:19:33","guid":{"rendered":"http:\/\/physics.uwb.edu.pl\/wf\/?page_id=1227"},"modified":"2021-12-20T11:10:08","modified_gmt":"2021-12-20T10:10:08","slug":"polsie-towarzystwo-fizyczne-oddzial-w-bialymstoku","status":"publish","type":"page","link":"https:\/\/physics.uwb.edu.pl\/wf\/?page_id=1227","title":{"rendered":"Polskie Towarzystwo Fizyczne oddzia\u0142 w Bia\u0142ymstoku"},"content":{"rendered":"<div id=\"pl-1227\"  class=\"panel-layout\" ><div id=\"pg-1227-0\"  class=\"panel-grid panel-no-style\" ><div id=\"pgc-1227-0-0\"  class=\"panel-grid-cell\" ><div id=\"panel-1227-0-0-0\" class=\"so-panel widget widget_sow-editor panel-first-child panel-last-child\" data-index=\"0\" ><div\n\t\t\t\n\t\t\tclass=\"so-widget-sow-editor so-widget-sow-editor-base\"\n\t\t\t\n\t\t>\n<div class=\"siteorigin-widget-tinymce textwidget\">\n\t<h3 align=\"center\">HISTORYCZNA STRONA<br \/>\nPOLSKIEGO TOWARZYSTWA FIZYCZNEGO<br \/>\nODDZIA\u0141 W BIA\u0141YMSTOKU<\/h3>\n\n<!-- Page-list plugin v.5.9 wordpress.org\/plugins\/page-list\/ -->\n<div class=\"page-list page-list-ext page-list-cols-2\">\n<div class=\"page-list-ext-item\"><div class=\"page-list-ext-image\"><a href=\"https:\/\/physics.uwb.edu.pl\/wf\/?page_id=1232\" title=\"Zarz\u0105d\"><img decoding=\"async\" src=\"https:\/\/physics.uwb.edu.pl\/wf\/wp-content\/uploads\/2016\/03\/zarzad-ptf-v0-150x53.png\" width=\"150\" alt=\"Zarz\u0105d\" \/><\/a><\/div> <h3 class=\"page-list-ext-title\"><a href=\"https:\/\/physics.uwb.edu.pl\/wf\/?page_id=1232\" title=\"Zarz\u0105d\">Zarz\u0105d<\/a><\/h3><\/div>\n<div class=\"page-list-ext-item\"><div class=\"page-list-ext-image\"><a href=\"https:\/\/physics.uwb.edu.pl\/wf\/?page_id=789\" title=\"Wyk\u0142ady PTF\"><img decoding=\"async\" src=\"https:\/\/physics.uwb.edu.pl\/wf\/wp-content\/uploads\/2016\/03\/wyklad-ptf-v0-150x44.png\" width=\"150\" alt=\"Wyk\u0142ady PTF\" \/><\/a><\/div> <h3 class=\"page-list-ext-title\"><a href=\"https:\/\/physics.uwb.edu.pl\/wf\/?page_id=789\" title=\"Wyk\u0142ady PTF\">Wyk\u0142ady PTF<\/a><\/h3><\/div>\n<div class=\"page-list-ext-item\"><div class=\"page-list-ext-image\"><a href=\"https:\/\/physics.uwb.edu.pl\/wf\/?page_id=1247\" title=\"Sprawozdania\"><img decoding=\"async\" src=\"https:\/\/physics.uwb.edu.pl\/wf\/wp-content\/uploads\/2016\/03\/kad2004-2006-pdf-image.jpg\" width=\"150\" alt=\"Sprawozdania\" \/><\/a><\/div> <h3 class=\"page-list-ext-title\"><a href=\"https:\/\/physics.uwb.edu.pl\/wf\/?page_id=1247\" title=\"Sprawozdania\">Sprawozdania<\/a><\/h3><\/div>\n\n<\/div>\n<hr \/>\n<h4>Aktualna strona internetowa:<\/h4>\n<p><a href=\"https:\/\/physics.uwb.edu.pl\/wf\/ptf\/\">https:\/\/ptf.uwb.edu.pl\/<\/a><\/p>\n<h4><strong>Kontakt:<\/strong><\/h4>\n<p><strong>Polskie Towarzystwo Fizyczne oddzia\u0142 w Bia\u0142ymstoku<\/strong><\/p>\n<p>Wydzia\u0142 Fizyki Uniwersytetu w Bia\u0142ymstoku<br \/>\n15-245 Bia\u0142ystok, ul. Cio\u0142kowskiego 1L<br \/>\ntel. 85-745 72 22; fax. 85 745 72 23<\/p>\n<h4>Realizowane projekty:<\/h4>\n<div>1. <a href=\"http:\/\/physics.uwb.edu.pl\/wf\/?page_id=11926\">Obrazowanie oddzia\u0142ywa\u0144 nadsubtelnych w spektrometrii m\u00f6ssbauerowskiej<\/a><\/div>\n<\/div>\n<\/div><\/div><\/div><\/div><\/div>","protected":false},"excerpt":{"rendered":"<p>HISTORYCZNA STRONA POLSKIEGO TOWARZYSTWA FIZYCZNEGO ODDZIA\u0141 W BIA\u0141YMSTOKU Aktualna strona internetowa: https:\/\/ptf.uwb.edu.pl\/ Kontakt: Polskie Towarzystwo Fizyczne oddzia\u0142 w Bia\u0142ymstoku Wydzia\u0142 Fizyki Uniwersytetu w Bia\u0142ymstoku 15-245 Bia\u0142ystok, ul. Cio\u0142kowskiego 1L tel. <a href=\"https:\/\/physics.uwb.edu.pl\/wf\/?page_id=1227\" class=\"more-link\">[&hellip;]<\/a><\/p>\n","protected":false},"author":2,"featured_media":1880,"parent":305,"menu_order":2,"comment_status":"closed","ping_status":"closed","template":"","meta":{"ngg_post_thumbnail":0,"Layout":"","footnotes":""},"categories":[73],"tags":[],"class_list":["entry","author-dobrog","post-1227","page","type-page","status-publish","has-post-thumbnail","category-ptf"],"jetpack_sharing_enabled":true,"jetpack_shortlink":"https:\/\/wp.me\/P7nvcn-jN","_links":{"self":[{"href":"https:\/\/physics.uwb.edu.pl\/wf\/index.php?rest_route=\/wp\/v2\/pages\/1227","targetHints":{"allow":["GET"]}}],"collection":[{"href":"https:\/\/physics.uwb.edu.pl\/wf\/index.php?rest_route=\/wp\/v2\/pages"}],"about":[{"href":"https:\/\/physics.uwb.edu.pl\/wf\/index.php?rest_route=\/wp\/v2\/types\/page"}],"author":[{"embeddable":true,"href":"https:\/\/physics.uwb.edu.pl\/wf\/index.php?rest_route=\/wp\/v2\/users\/2"}],"replies":[{"embeddable":true,"href":"https:\/\/physics.uwb.edu.pl\/wf\/index.php?rest_route=%2Fwp%2Fv2%2Fcomments&post=1227"}],"version-history":[{"count":48,"href":"https:\/\/physics.uwb.edu.pl\/wf\/index.php?rest_route=\/wp\/v2\/pages\/1227\/revisions"}],"predecessor-version":[{"id":13119,"href":"https:\/\/physics.uwb.edu.pl\/wf\/index.php?rest_route=\/wp\/v2\/pages\/1227\/revisions\/13119"}],"up":[{"embeddable":true,"href":"https:\/\/physics.uwb.edu.pl\/wf\/index.php?rest_route=\/wp\/v2\/pages\/305"}],"wp:featuredmedia":[{"embeddable":true,"href":"https:\/\/physics.uwb.edu.pl\/wf\/index.php?rest_route=\/wp\/v2\/media\/1880"}],"wp:attachment":[{"href":"https:\/\/physics.uwb.edu.pl\/wf\/index.php?rest_route=%2Fwp%2Fv2%2Fmedia&parent=1227"}],"wp:term":[{"taxonomy":"category","embeddable":true,"href":"https:\/\/physics.uwb.edu.pl\/wf\/index.php?rest_route=%2Fwp%2Fv2%2Fcategories&post=1227"},{"taxonomy":"post_tag","embeddable":true,"href":"https:\/\/physics.uwb.edu.pl\/wf\/index.php?rest_route=%2Fwp%2Fv2%2Ftags&post=1227"}],"curies":[{"name":"wp","href":"https:\/\/api.w.org\/{rel}","templated":true}]}}