{"id":12350,"date":"2021-06-21T22:32:03","date_gmt":"2021-06-21T20:32:03","guid":{"rendered":"https:\/\/physics.uwb.edu.pl\/wf\/?page_id=12350"},"modified":"2021-07-02T19:29:49","modified_gmt":"2021-07-02T17:29:49","slug":"east-games-united-2-2-3-3-2-2-4-2-2-2-2","status":"publish","type":"page","link":"https:\/\/physics.uwb.edu.pl\/wf\/?page_id=12350","title":{"rendered":"Wydzia\u0142 Fizyki w rankingach 2021"},"content":{"rendered":"<p>Co roku odbywaj\u0105 si\u0119 r\u00f3\u017cne rankingi, ale rok 2021 jest dla Wydzia\u0142u Fizyki bardzo przychylny w ocenach. W\u0142a\u015bnie w tym roku:<\/p>\n<ul>\n<li>w rankingu Perspektyw uzyskali\u015bmy <strong>3 miejsce w Polsce<\/strong>, w kategorii kierunk\u00f3w fizyka, oraz<\/li>\n<li>po raz pierwszy Uniwersytet w Bia\u0142ymstoku znalaz\u0142 si\u0119 w <strong>TOP-500 <\/strong><strong>uniwersytet\u00f3w na \u015bwiecie <\/strong>w rankingu Szanghajskim, w\u0142a\u015bnie dzi\u0119ki osi\u0105gni\u0119ciom Wydzia\u0142u Fizyki.<\/li>\n<\/ul>\n<h1>Rankingu Perspektyw: 3-cie miejsce w Polsce!<\/h1>\n<p>Jak co roku pojawi\u0142y si\u0119 wyniki rankingu Perspektyw \u2013 z przyjemno\u015bci\u0105 odnotowali\u015bmy, \u017ce w rankingu kierunk\u00f3w studi\u00f3w w kategorii FIZYKA jeste\u015bmy na&nbsp;<strong>podium<\/strong>&nbsp;\u2013 mamy trzecie miejscu w kraju! Wyprzedzi\u0142 nas&nbsp; jedynie Uniwersytet Warszawski oraz Uniwersytet Jagiello\u0144ski w Krakowie.<\/p>\n<p><a class=\"img-hyperlink\" title=\"ranking2021_fizyka\" href=\"https:\/\/2021.ranking.perspektywy.pl\/ranking\/ranking-kierunkow-studiow\/kierunki-scisle\/fizyka\" target=\"_blank\" rel=\"noopener\"><img loading=\"lazy\" decoding=\"async\" class=\"alignnone size-full wp-image-12312\" src=\"http:\/\/physics.uwb.edu.pl\/wf\/wp-content\/uploads\/2021\/06\/ranking2021.png\" sizes=\"auto, (max-width: 927px) 100vw, 927px\" srcset=\"https:\/\/physics.uwb.edu.pl\/wf\/wp-content\/uploads\/2021\/06\/ranking2021.png 927w, https:\/\/physics.uwb.edu.pl\/wf\/wp-content\/uploads\/2021\/06\/ranking2021-300x80.png 300w, https:\/\/physics.uwb.edu.pl\/wf\/wp-content\/uploads\/2021\/06\/ranking2021-150x40.png 150w\" alt=\"\" width=\"927\" height=\"246\"><\/a><\/p>\n<p>Tegoroczny wynik nie jest ca\u0142kowitym zaskoczeniem \u2013 rok temu byli\u015bmy na&nbsp;<a href=\"https:\/\/physics.uwb.edu.pl\/wf\/?page_id=11278\" target=\"_blank\" rel=\"noopener\">sz\u00f3stym miejscu<\/a> w rankingu kierunk\u00f3w (fizyka) Perspektyw a wiemy, \u017ce polepszamy swoj\u0105 pozycj\u0119 dobrymi osi\u0105gni\u0119ciami naukowymi. Dlatego&nbsp;wysokie miejsce w Perspektywach nas nie dziwi\u0105 \u2013 cho\u0107 faktycznie, podium razem z UW i UJ w kraju to bardzo mi\u0142e towarzystwo.<\/p>\n<h1>Rankingu Szanghajski: TOP-500 na \u015bwiecie!<\/h1>\n<p>Dzi\u0119ki osi\u0105gni\u0119ciom naukowym Wydzia\u0142u Fizyki Uniwersytet w Bia\u0142ymstoku jako<strong> jedyna podlaska uczelnia<\/strong> znalaz\u0142a si\u0119 w presti\u017cowym gronie 25 polskich uczelni akademickich odnotowanych w corocznym rankingu dyscyplin <strong>Global Ranking of Academic Subjects (<\/strong><strong>GRAS). <\/strong>W dyscyplinie fizyka UwB po raz pierwszy uplasowa\u0142a si\u0119 w <strong>TOP-500<\/strong>, czyli pierwszej pi\u0119\u0107setce najwy\u017cej sklasyfikowanych uczelni z ca\u0142ego \u015bwiata. <strong>Wydzia\u0142 Fizyki<\/strong> znajduje si\u0119 w znamienitym gronie sze\u015bciu uczelni klasyfikowanych <strong>z ca\u0142ej Polski<\/strong>.<\/p>\n<p><a href=\"https:\/\/www.shanghairanking.com\/rankings\/arwu\/2020\" target=\"_blank\" rel=\"noopener\"><img loading=\"lazy\" decoding=\"async\" class=\"alignnone size-full wp-image-12237\" src=\"http:\/\/physics.uwb.edu.pl\/wf\/wp-content\/uploads\/2021\/06\/2021-GRAS.png\" alt=\"\" width=\"935\" height=\"906\" srcset=\"https:\/\/physics.uwb.edu.pl\/wf\/wp-content\/uploads\/2021\/06\/2021-GRAS.png 935w, https:\/\/physics.uwb.edu.pl\/wf\/wp-content\/uploads\/2021\/06\/2021-GRAS-300x291.png 300w, https:\/\/physics.uwb.edu.pl\/wf\/wp-content\/uploads\/2021\/06\/2021-GRAS-150x145.png 150w, https:\/\/physics.uwb.edu.pl\/wf\/wp-content\/uploads\/2021\/06\/2021-GRAS-516x500.png 516w\" sizes=\"auto, (max-width: 935px) 100vw, 935px\" \/><\/a><\/p>\n<p>Ranking GRAS publikowany jest od 2017 roku przez chi\u0144sk\u0105 agencj\u0119 ShanghaiRanking Consultancy. Uwzgl\u0119dnia 54 dyscypliny przyporz\u0105dkowane do 5 dziedzin: nauk przyrodniczych, medycznych, spo\u0142ecznych, nauk o \u017cyciu oraz nauk technicznych i in\u017cynierskich. W zestawieniach dla poszczeg\u00f3lnych dyscyplin uwzgl\u0119dniono w sumie 1800 uczelni z 93 kraj\u00f3w. <a href=\"https:\/\/www.shanghairanking.com\/rankings\/arwu\/2020\" target=\"_blank\" rel=\"noopener\">Kliknij tu<\/a> aby przej\u015b\u0107 do rankingu.<\/p>\n<h1>Kategoria naukowa A<\/h1>\n<p>Wydzia\u0142 Fizyki od 13-tu lat posiada kategori\u0105 naukow\u0105 A nadawan\u0105 przez Ministerstwo Edukacji i Nauki (wcze\u015bniej Ministerstwo Nauki i Szkolnictwa Wy\u017cszego). <strong>Kategoria A<\/strong> \u015bwiadczy o bardzo wysokiej pozycji Wydzia\u0142u Fizyki w skali Polski w dyscyplinie nauki fizyczne.<\/p>\n<h1>Jak nale\u017cy rozumie\u0107 rankingi?<\/h1>\n<p>Zach\u0119camy do przeczytania artyku\u0142 w magazynie Perspektywy dotycz\u0105cego ranking\u00f3w:<\/p>\n<p><a href=\"http:\/\/perspektywy.pl\/portal\/index.php?option=com_content&amp;view=article&amp;id=5963:polskie-uczelnie-w-rankingu-gras-2021-lekkie-drgniecie-w-gore&amp;catid=24&amp;Itemid=119\" target=\"_blank\" rel=\"noopener\"><img loading=\"lazy\" decoding=\"async\" class=\"alignnone size-full wp-image-12240\" src=\"http:\/\/physics.uwb.edu.pl\/wf\/wp-content\/uploads\/2021\/06\/czas_rankingow.png\" alt=\"\" width=\"625\" height=\"302\" srcset=\"https:\/\/physics.uwb.edu.pl\/wf\/wp-content\/uploads\/2021\/06\/czas_rankingow.png 625w, https:\/\/physics.uwb.edu.pl\/wf\/wp-content\/uploads\/2021\/06\/czas_rankingow-300x145.png 300w, https:\/\/physics.uwb.edu.pl\/wf\/wp-content\/uploads\/2021\/06\/czas_rankingow-150x72.png 150w\" sizes=\"auto, (max-width: 625px) 100vw, 625px\" \/><\/a><\/p>\n<p style=\"text-align: right;\"><em>(c) KG, 2021<\/em><\/p>\n","protected":false},"excerpt":{"rendered":"<p>Co roku odbywaj\u0105 si\u0119 r\u00f3\u017cne rankingi, ale rok 2021 jest dla Wydzia\u0142u Fizyki bardzo przychylny w ocenach. W\u0142a\u015bnie w tym roku: w rankingu Perspektyw uzyskali\u015bmy 3 miejsce w Polsce, w <a href=\"https:\/\/physics.uwb.edu.pl\/wf\/?page_id=12350\" class=\"more-link\">[&hellip;]<\/a><\/p>\n","protected":false},"author":5,"featured_media":12311,"parent":2744,"menu_order":0,"comment_status":"closed","ping_status":"closed","template":"","meta":{"ngg_post_thumbnail":0,"Layout":"1c","footnotes":""},"categories":[131,35],"tags":[],"class_list":["entry","author-gawryl","post-12350","page","type-page","status-publish","has-post-thumbnail","category-galeria_foto","category-popularyzacja_pl"],"jetpack_sharing_enabled":true,"jetpack_shortlink":"https:\/\/wp.me\/P7nvcn-3dc","_links":{"self":[{"href":"https:\/\/physics.uwb.edu.pl\/wf\/index.php?rest_route=\/wp\/v2\/pages\/12350","targetHints":{"allow":["GET"]}}],"collection":[{"href":"https:\/\/physics.uwb.edu.pl\/wf\/index.php?rest_route=\/wp\/v2\/pages"}],"about":[{"href":"https:\/\/physics.uwb.edu.pl\/wf\/index.php?rest_route=\/wp\/v2\/types\/page"}],"author":[{"embeddable":true,"href":"https:\/\/physics.uwb.edu.pl\/wf\/index.php?rest_route=\/wp\/v2\/users\/5"}],"replies":[{"embeddable":true,"href":"https:\/\/physics.uwb.edu.pl\/wf\/index.php?rest_route=%2Fwp%2Fv2%2Fcomments&post=12350"}],"version-history":[{"count":20,"href":"https:\/\/physics.uwb.edu.pl\/wf\/index.php?rest_route=\/wp\/v2\/pages\/12350\/revisions"}],"predecessor-version":[{"id":12395,"href":"https:\/\/physics.uwb.edu.pl\/wf\/index.php?rest_route=\/wp\/v2\/pages\/12350\/revisions\/12395"}],"up":[{"embeddable":true,"href":"https:\/\/physics.uwb.edu.pl\/wf\/index.php?rest_route=\/wp\/v2\/pages\/2744"}],"wp:featuredmedia":[{"embeddable":true,"href":"https:\/\/physics.uwb.edu.pl\/wf\/index.php?rest_route=\/wp\/v2\/media\/12311"}],"wp:attachment":[{"href":"https:\/\/physics.uwb.edu.pl\/wf\/index.php?rest_route=%2Fwp%2Fv2%2Fmedia&parent=12350"}],"wp:term":[{"taxonomy":"category","embeddable":true,"href":"https:\/\/physics.uwb.edu.pl\/wf\/index.php?rest_route=%2Fwp%2Fv2%2Fcategories&post=12350"},{"taxonomy":"post_tag","embeddable":true,"href":"https:\/\/physics.uwb.edu.pl\/wf\/index.php?rest_route=%2Fwp%2Fv2%2Ftags&post=12350"}],"curies":[{"name":"wp","href":"https:\/\/api.w.org\/{rel}","templated":true}]}}