{"id":12398,"date":"2021-06-15T08:52:49","date_gmt":"2021-06-15T06:52:49","guid":{"rendered":"https:\/\/physics.uwb.edu.pl\/wf\/?page_id=12398"},"modified":"2021-07-05T09:00:17","modified_gmt":"2021-07-05T07:00:17","slug":"east-games-united-2-2-3-3-2-2-4-2-3","status":"publish","type":"page","link":"https:\/\/physics.uwb.edu.pl\/wf\/?page_id=12398","title":{"rendered":"Podcast: Niebo na ko\u0144cu \u015bwiata"},"content":{"rendered":"<div dir=\"auto\">Ciekawa inicjatywa dla mi\u0142o\u015bnik\u00f3w patrzenia w niebo &#8211; podcast <em>&#8220;Niebo na ko\u0144cu \u015bwiata&#8221;<\/em>. Zapraszaj\u0105 Dorota Sawicka (UwB, prowadz\u0105ca), Marek Niko\u0142ajuk (Wydzia\u0142 Fizyki UwB) oraz Wojciech Burzy\u0144ski (Polskie Towarzystwo Mi\u0142o\u015bnik\u00f3w Astronomii). Warto wys\u0142ucha\u0107, polubi\u0107 i doda\u0107 do obserwowanych!<\/div>\n<div dir=\"auto\"><a href=\"https:\/\/www.youtube.com\/watch?v=4LhhINv3taA\" target=\"_blank\" rel=\"noopener\"><img loading=\"lazy\" decoding=\"async\" class=\"alignnone size-full wp-image-12399\" src=\"http:\/\/physics.uwb.edu.pl\/wf\/wp-content\/uploads\/2021\/07\/niebo_na_koncu.png\" alt=\"\" width=\"497\" height=\"258\" srcset=\"https:\/\/physics.uwb.edu.pl\/wf\/wp-content\/uploads\/2021\/07\/niebo_na_koncu.png 497w, https:\/\/physics.uwb.edu.pl\/wf\/wp-content\/uploads\/2021\/07\/niebo_na_koncu-300x156.png 300w, https:\/\/physics.uwb.edu.pl\/wf\/wp-content\/uploads\/2021\/07\/niebo_na_koncu-150x78.png 150w\" sizes=\"auto, (max-width: 497px) 100vw, 497px\" \/><\/a><\/div>\n<div dir=\"auto\">Audycja jest jedn\u0105 z cyklu <a href=\"https:\/\/uwb.edu.pl\/uniwersyteckie-centrum-podcastow\" target=\"_blank\" rel=\"noopener\">Uniwersyteckiego Centrum Podcast\u00f3w<\/a> &#8211; inicjatywy rozpocz\u0119tej przez Dorot\u0119 Sawick\u0105 w macu 2021 r. <em>Niebo na ko\u0144cu \u015bwiata<\/em> nie b\u0119dzie jedynym podcastem z udzia\u0142em fizyk\u00f3w &#8211; przygotowywany jest kolejna audycja, prowadzona przez student\u00f3w ze specjalno\u015bci <a href=\"http:\/\/gry.fizyka.uwb.edu.pl\" target=\"_blank\" rel=\"noopener\">Fizyka gier komputerowych i robot\u00f3w<\/a> &#8211; nagrane s\u0105 ju\u017c trzy audycje, emisja ma rozpocz\u0105\u0107 si\u0119 w pa\u017adzierniku 2021 r.<\/div>\n<div dir=\"auto\">&nbsp;<\/div>\n<p style=\"text-align: right;\"><em>(C) KG, 2021<\/em><\/p>\n","protected":false},"excerpt":{"rendered":"<p>Ciekawa inicjatywa dla mi\u0142o\u015bnik\u00f3w patrzenia w niebo &#8211; podcast &#8220;Niebo na ko\u0144cu \u015bwiata&#8221;. Zapraszaj\u0105 Dorota Sawicka (UwB, prowadz\u0105ca), Marek Niko\u0142ajuk (Wydzia\u0142 Fizyki UwB) oraz Wojciech Burzy\u0144ski (Polskie Towarzystwo Mi\u0142o\u015bnik\u00f3w Astronomii). <a href=\"https:\/\/physics.uwb.edu.pl\/wf\/?page_id=12398\" class=\"more-link\">[&hellip;]<\/a><\/p>\n","protected":false},"author":5,"featured_media":12399,"parent":2744,"menu_order":0,"comment_status":"closed","ping_status":"closed","template":"","meta":{"ngg_post_thumbnail":0,"Layout":"1c","footnotes":""},"categories":[131,35],"tags":[],"class_list":["entry","author-gawryl","post-12398","page","type-page","status-publish","has-post-thumbnail","category-galeria_foto","category-popularyzacja_pl"],"jetpack_sharing_enabled":true,"jetpack_shortlink":"https:\/\/wp.me\/P7nvcn-3dY","_links":{"self":[{"href":"https:\/\/physics.uwb.edu.pl\/wf\/index.php?rest_route=\/wp\/v2\/pages\/12398","targetHints":{"allow":["GET"]}}],"collection":[{"href":"https:\/\/physics.uwb.edu.pl\/wf\/index.php?rest_route=\/wp\/v2\/pages"}],"about":[{"href":"https:\/\/physics.uwb.edu.pl\/wf\/index.php?rest_route=\/wp\/v2\/types\/page"}],"author":[{"embeddable":true,"href":"https:\/\/physics.uwb.edu.pl\/wf\/index.php?rest_route=\/wp\/v2\/users\/5"}],"replies":[{"embeddable":true,"href":"https:\/\/physics.uwb.edu.pl\/wf\/index.php?rest_route=%2Fwp%2Fv2%2Fcomments&post=12398"}],"version-history":[{"count":1,"href":"https:\/\/physics.uwb.edu.pl\/wf\/index.php?rest_route=\/wp\/v2\/pages\/12398\/revisions"}],"predecessor-version":[{"id":12400,"href":"https:\/\/physics.uwb.edu.pl\/wf\/index.php?rest_route=\/wp\/v2\/pages\/12398\/revisions\/12400"}],"up":[{"embeddable":true,"href":"https:\/\/physics.uwb.edu.pl\/wf\/index.php?rest_route=\/wp\/v2\/pages\/2744"}],"wp:featuredmedia":[{"embeddable":true,"href":"https:\/\/physics.uwb.edu.pl\/wf\/index.php?rest_route=\/wp\/v2\/media\/12399"}],"wp:attachment":[{"href":"https:\/\/physics.uwb.edu.pl\/wf\/index.php?rest_route=%2Fwp%2Fv2%2Fmedia&parent=12398"}],"wp:term":[{"taxonomy":"category","embeddable":true,"href":"https:\/\/physics.uwb.edu.pl\/wf\/index.php?rest_route=%2Fwp%2Fv2%2Fcategories&post=12398"},{"taxonomy":"post_tag","embeddable":true,"href":"https:\/\/physics.uwb.edu.pl\/wf\/index.php?rest_route=%2Fwp%2Fv2%2Ftags&post=12398"}],"curies":[{"name":"wp","href":"https:\/\/api.w.org\/{rel}","templated":true}]}}