{"id":12451,"date":"2021-06-12T11:33:34","date_gmt":"2021-06-12T09:33:34","guid":{"rendered":"https:\/\/physics.uwb.edu.pl\/wf\/?page_id=12451"},"modified":"2021-07-12T11:34:38","modified_gmt":"2021-07-12T09:34:38","slug":"xiv-podlaski-festiwal-nauki-i-sztuki-3-2-2","status":"publish","type":"page","link":"https:\/\/physics.uwb.edu.pl\/wf\/?page_id=12451","title":{"rendered":"Marcowe spotkania z nauk\u0105 2021"},"content":{"rendered":"<p><img loading=\"lazy\" decoding=\"async\" class=\"alignnone size-large wp-image-12284\" src=\"http:\/\/physics.uwb.edu.pl\/wf\/wp-content\/uploads\/2021\/06\/screenshot.272-1024x403.jpg\" alt=\"\" width=\"1024\" height=\"403\" srcset=\"https:\/\/physics.uwb.edu.pl\/wf\/wp-content\/uploads\/2021\/06\/screenshot.272-1024x403.jpg 1024w, https:\/\/physics.uwb.edu.pl\/wf\/wp-content\/uploads\/2021\/06\/screenshot.272-300x118.jpg 300w, https:\/\/physics.uwb.edu.pl\/wf\/wp-content\/uploads\/2021\/06\/screenshot.272-150x59.jpg 150w, https:\/\/physics.uwb.edu.pl\/wf\/wp-content\/uploads\/2021\/06\/screenshot.272-1025x403.jpg 1025w, https:\/\/physics.uwb.edu.pl\/wf\/wp-content\/uploads\/2021\/06\/screenshot.272.jpg 1266w\" sizes=\"auto, (max-width: 1024px) 100vw, 1024px\" \/><\/p>\n<p>W miesi\u0105cach marzec-kwiecie\u0144-maj 2021 r. odby\u0142y si\u0119 Marcowe Spotkania z Nauk\u0105. Na spotkania wsp\u00f3lnie zaprasza\u0142y Wydzia\u0142 Biologiczno-Chemiczny, Wydzia\u0142 Matematyki i Informatyki oraz Wydzia\u0142 Fizyki. Ze wzgl\u0119du na sytuacj\u0119 pandemiczn\u0105 zwi\u0105zan\u0105 z COVID19 wszystko odby\u0142o si\u0119 w wirtualnej przestrzeni.<\/p>\n<p>Na Wydziale Fizyki odby\u0142y si\u0119 wyk\u0142ady\/pokazy\/warsztaty:<\/p>\n<ul>\n<li><strong>Percepcja d\u017awi\u0119ku w implancie \u015blimakowym<\/strong>,&nbsp;<em>prof. dr hab Krzysztof Szyma\u0144ski&nbsp;<\/em><\/li>\n<li><strong>S\u0142one i s\u0142odkie struktury krystaliczne,<\/strong><em>&nbsp;dr. hab Katarzyna Re\u0107ko<\/em><\/li>\n<li><strong>Impreza magnetyczna,&nbsp;<\/strong><em>prof. dr hab Marek Kisielewski<\/em><\/li>\n<li><strong>Jak gra\u0107, aby wygra\u0107<\/strong>,<em>&nbsp;dr Marcin Makowski<\/em><\/li>\n<li><strong>42 minuty (netto),<\/strong>&nbsp;<em>prof. dr hab. Edward Piotrowski<\/em><\/li>\n<li><strong>Astronomia fal grawitacyjnych: nowe okno na Wszech\u015bwiat,<\/strong>&nbsp;&nbsp;<em>prof. dr hab&nbsp; Piotr Jaranowski<\/em><\/li>\n<li><strong>Nauczanie STEAM z BBC micro:bit i ESP32<\/strong>,&nbsp;<em>dr Cezary Walczyk<\/em><\/li>\n<\/ul>\n<p>Kto si\u0119 sp\u00f3\u017ani\u0142 nic nie straci\u0142 \u2013 wszystko mo\u017cna jeszcze obejrze\u0107&nbsp;<a href=\"https:\/\/dniotwarte.uwb.edu.pl\/?page_id=64\" target=\"_blank\" rel=\"noopener\">off-line na dedykowanej stronie<\/a>. Dzi\u0119kujemy za zainteresowanie i zapraszamy do odwiedzania nas w Kampusie.<\/p>\n","protected":false},"excerpt":{"rendered":"<p>W miesi\u0105cach marzec-kwiecie\u0144-maj 2021 r. odby\u0142y si\u0119 Marcowe Spotkania z Nauk\u0105. Na spotkania wsp\u00f3lnie zaprasza\u0142y Wydzia\u0142 Biologiczno-Chemiczny, Wydzia\u0142 Matematyki i Informatyki oraz Wydzia\u0142 Fizyki. Ze wzgl\u0119du na sytuacj\u0119 pandemiczn\u0105 zwi\u0105zan\u0105 <a href=\"https:\/\/physics.uwb.edu.pl\/wf\/?page_id=12451\" class=\"more-link\">[&hellip;]<\/a><\/p>\n","protected":false},"author":5,"featured_media":12284,"parent":305,"menu_order":1,"comment_status":"closed","ping_status":"closed","template":"","meta":{"ngg_post_thumbnail":0,"Layout":"","footnotes":""},"categories":[35],"tags":[],"class_list":["entry","author-gawryl","post-12451","page","type-page","status-publish","has-post-thumbnail","category-popularyzacja_pl"],"jetpack_sharing_enabled":true,"jetpack_shortlink":"https:\/\/wp.me\/P7nvcn-3eP","_links":{"self":[{"href":"https:\/\/physics.uwb.edu.pl\/wf\/index.php?rest_route=\/wp\/v2\/pages\/12451","targetHints":{"allow":["GET"]}}],"collection":[{"href":"https:\/\/physics.uwb.edu.pl\/wf\/index.php?rest_route=\/wp\/v2\/pages"}],"about":[{"href":"https:\/\/physics.uwb.edu.pl\/wf\/index.php?rest_route=\/wp\/v2\/types\/page"}],"author":[{"embeddable":true,"href":"https:\/\/physics.uwb.edu.pl\/wf\/index.php?rest_route=\/wp\/v2\/users\/5"}],"replies":[{"embeddable":true,"href":"https:\/\/physics.uwb.edu.pl\/wf\/index.php?rest_route=%2Fwp%2Fv2%2Fcomments&post=12451"}],"version-history":[{"count":1,"href":"https:\/\/physics.uwb.edu.pl\/wf\/index.php?rest_route=\/wp\/v2\/pages\/12451\/revisions"}],"predecessor-version":[{"id":12452,"href":"https:\/\/physics.uwb.edu.pl\/wf\/index.php?rest_route=\/wp\/v2\/pages\/12451\/revisions\/12452"}],"up":[{"embeddable":true,"href":"https:\/\/physics.uwb.edu.pl\/wf\/index.php?rest_route=\/wp\/v2\/pages\/305"}],"wp:featuredmedia":[{"embeddable":true,"href":"https:\/\/physics.uwb.edu.pl\/wf\/index.php?rest_route=\/wp\/v2\/media\/12284"}],"wp:attachment":[{"href":"https:\/\/physics.uwb.edu.pl\/wf\/index.php?rest_route=%2Fwp%2Fv2%2Fmedia&parent=12451"}],"wp:term":[{"taxonomy":"category","embeddable":true,"href":"https:\/\/physics.uwb.edu.pl\/wf\/index.php?rest_route=%2Fwp%2Fv2%2Fcategories&post=12451"},{"taxonomy":"post_tag","embeddable":true,"href":"https:\/\/physics.uwb.edu.pl\/wf\/index.php?rest_route=%2Fwp%2Fv2%2Ftags&post=12451"}],"curies":[{"name":"wp","href":"https:\/\/api.w.org\/{rel}","templated":true}]}}