{"id":12461,"date":"2021-07-13T19:00:31","date_gmt":"2021-07-13T17:00:31","guid":{"rendered":"https:\/\/physics.uwb.edu.pl\/wf\/?page_id=12461"},"modified":"2021-07-15T19:04:58","modified_gmt":"2021-07-15T17:04:58","slug":"east-games-united-2-2-3-3-2-2-4-2-2-2-2-2","status":"publish","type":"page","link":"https:\/\/physics.uwb.edu.pl\/wf\/?page_id=12461","title":{"rendered":"Teleskop ASA600 w Obserwatorium Uniwersytetu w Bia\u0142ymstoku"},"content":{"rendered":"<p>Teleskop <a href=\"https:\/\/www.astrosysteme.com\/products\/asa600\/\" target=\"_blank\" rel=\"noopener\">ASA600<\/a> wa\u017cy kilkaset kilogram\u00f3w, a \u015brednica g\u0142\u00f3wnego lustra wynosi 60 centymetr\u00f3w. Ju\u017c nied\u0142ugo umo\u017cliwi prowadzenie zaawansowanych obserwacji dydaktycznych, a tak\u017ce badawczych. W Obserwatorium Uniwersytetu w Bia\u0142ymstoku stan\u0105\u0142 w\u0142a\u015bnie teleskop zwierciadlany ASA 600. To unikatowy i jeden z najwi\u0119kszych tego typu teleskop\u00f3w w Polsce. W tej chwili trwa jego monta\u017c.<\/p>\n<p><span class=\"embed-youtube\" style=\"text-align:center; display: block;\"><iframe loading=\"lazy\" class=\"youtube-player\" width=\"1025\" height=\"577\" src=\"https:\/\/www.youtube.com\/embed\/j1YQrhRPZ8U?version=3&#038;rel=1&#038;showsearch=0&#038;showinfo=1&#038;iv_load_policy=1&#038;fs=1&#038;hl=en-US&#038;autohide=2&#038;wmode=transparent\" allowfullscreen=\"true\" style=\"border:0;\" sandbox=\"allow-scripts allow-same-origin allow-popups allow-presentation allow-popups-to-escape-sandbox\"><\/iframe><\/span><\/p>\n<p>Zach\u0119camy do przeczytania szerszego artyku\u0142u o instalacji tego teleskopu na <a href=\"https:\/\/uwb.edu.pl\/nowosci\/aktualnosci\/w-obserwatorium-uniwersytetu-w-bialymstoku-stanal-nowoczesny-teleskop-asa-600\/e2af5e34\" target=\"_blank\" rel=\"noopener\">oficjalnej stronie aktualno\u015bci UwB<\/a>.<\/p>\n<p style=\"text-align: right;\">&nbsp;<\/p>\n","protected":false},"excerpt":{"rendered":"<p>Teleskop ASA600 wa\u017cy kilkaset kilogram\u00f3w, a \u015brednica g\u0142\u00f3wnego lustra wynosi 60 centymetr\u00f3w. Ju\u017c nied\u0142ugo umo\u017cliwi prowadzenie zaawansowanych obserwacji dydaktycznych, a tak\u017ce badawczych. W Obserwatorium Uniwersytetu w Bia\u0142ymstoku stan\u0105\u0142 w\u0142a\u015bnie teleskop <a href=\"https:\/\/physics.uwb.edu.pl\/wf\/?page_id=12461\" class=\"more-link\">[&hellip;]<\/a><\/p>\n","protected":false},"author":5,"featured_media":12462,"parent":2744,"menu_order":0,"comment_status":"closed","ping_status":"closed","template":"","meta":{"ngg_post_thumbnail":0,"Layout":"1c","footnotes":""},"categories":[131,35],"tags":[],"class_list":["entry","author-gawryl","post-12461","page","type-page","status-publish","has-post-thumbnail","category-galeria_foto","category-popularyzacja_pl"],"jetpack_sharing_enabled":true,"jetpack_shortlink":"https:\/\/wp.me\/P7nvcn-3eZ","_links":{"self":[{"href":"https:\/\/physics.uwb.edu.pl\/wf\/index.php?rest_route=\/wp\/v2\/pages\/12461","targetHints":{"allow":["GET"]}}],"collection":[{"href":"https:\/\/physics.uwb.edu.pl\/wf\/index.php?rest_route=\/wp\/v2\/pages"}],"about":[{"href":"https:\/\/physics.uwb.edu.pl\/wf\/index.php?rest_route=\/wp\/v2\/types\/page"}],"author":[{"embeddable":true,"href":"https:\/\/physics.uwb.edu.pl\/wf\/index.php?rest_route=\/wp\/v2\/users\/5"}],"replies":[{"embeddable":true,"href":"https:\/\/physics.uwb.edu.pl\/wf\/index.php?rest_route=%2Fwp%2Fv2%2Fcomments&post=12461"}],"version-history":[{"count":1,"href":"https:\/\/physics.uwb.edu.pl\/wf\/index.php?rest_route=\/wp\/v2\/pages\/12461\/revisions"}],"predecessor-version":[{"id":12463,"href":"https:\/\/physics.uwb.edu.pl\/wf\/index.php?rest_route=\/wp\/v2\/pages\/12461\/revisions\/12463"}],"up":[{"embeddable":true,"href":"https:\/\/physics.uwb.edu.pl\/wf\/index.php?rest_route=\/wp\/v2\/pages\/2744"}],"wp:featuredmedia":[{"embeddable":true,"href":"https:\/\/physics.uwb.edu.pl\/wf\/index.php?rest_route=\/wp\/v2\/media\/12462"}],"wp:attachment":[{"href":"https:\/\/physics.uwb.edu.pl\/wf\/index.php?rest_route=%2Fwp%2Fv2%2Fmedia&parent=12461"}],"wp:term":[{"taxonomy":"category","embeddable":true,"href":"https:\/\/physics.uwb.edu.pl\/wf\/index.php?rest_route=%2Fwp%2Fv2%2Fcategories&post=12461"},{"taxonomy":"post_tag","embeddable":true,"href":"https:\/\/physics.uwb.edu.pl\/wf\/index.php?rest_route=%2Fwp%2Fv2%2Ftags&post=12461"}],"curies":[{"name":"wp","href":"https:\/\/api.w.org\/{rel}","templated":true}]}}