{"id":1247,"date":"2016-03-21T23:59:27","date_gmt":"2016-03-21T22:59:27","guid":{"rendered":"http:\/\/physics.uwb.edu.pl\/wf\/?page_id=1247"},"modified":"2021-02-15T13:59:08","modified_gmt":"2021-02-15T12:59:08","slug":"sprawozdania","status":"publish","type":"page","link":"https:\/\/physics.uwb.edu.pl\/wf\/?page_id=1247","title":{"rendered":"Sprawozdania"},"content":{"rendered":"<h3>Sprawozdania z dzia\u0142alno\u015bci Oddzia\u0142u w latach 2004 &#8211; 2012:<\/h3>\n<p>[mla_gallery post_mime_type=application\/pdf post_parent=1247 attachment_category=&#8221;ptf_sprawozdania_dzialalnosc&#8221; mla_viewer=true size=full&nbsp; mla_viewer_best_fit mla_caption=&#8221;<a href=\"{+filelink_url+}\">{+title+}<\/a>&#8221; order=desc]<\/p>\n<h3>Sprawozdania z kadencji:<\/h3>\n<p>[mla_gallery post_mime_type=application\/pdf post_parent=1247 attachment_category=&#8221;ptf_sprawozdania_kadencja&#8221; mla_viewer=true size=full&nbsp; mla_viewer_best_fit mla_caption=&#8221;<a href=\"{+filelink_url+}\">{+title+}<\/a>&#8221; order=desc]<\/p>\n","protected":false},"excerpt":{"rendered":"<p>Sprawozdania z dzia\u0142alno\u015bci Oddzia\u0142u w latach 2004 &#8211; 2012: [mla_gallery post_mime_type=application\/pdf post_parent=1247 attachment_category=&#8221;ptf_sprawozdania_dzialalnosc&#8221; mla_viewer=true size=full&nbsp; mla_viewer_best_fit mla_caption=&#8221;{+title+}&#8221; order=desc] Sprawozdania z kadencji: [mla_gallery post_mime_type=application\/pdf post_parent=1247 attachment_category=&#8221;ptf_sprawozdania_kadencja&#8221; mla_viewer=true size=full&nbsp; mla_viewer_best_fit mla_caption=&#8221;{+title+}&#8221; order=desc]<\/p>\n","protected":false},"author":2,"featured_media":1274,"parent":1227,"menu_order":3,"comment_status":"closed","ping_status":"closed","template":"","meta":{"ngg_post_thumbnail":0,"Layout":"","footnotes":""},"categories":[73],"tags":[],"class_list":["entry","author-dobrog","post-1247","page","type-page","status-publish","has-post-thumbnail","category-ptf"],"jetpack_sharing_enabled":true,"jetpack_shortlink":"https:\/\/wp.me\/P7nvcn-k7","_links":{"self":[{"href":"https:\/\/physics.uwb.edu.pl\/wf\/index.php?rest_route=\/wp\/v2\/pages\/1247","targetHints":{"allow":["GET"]}}],"collection":[{"href":"https:\/\/physics.uwb.edu.pl\/wf\/index.php?rest_route=\/wp\/v2\/pages"}],"about":[{"href":"https:\/\/physics.uwb.edu.pl\/wf\/index.php?rest_route=\/wp\/v2\/types\/page"}],"author":[{"embeddable":true,"href":"https:\/\/physics.uwb.edu.pl\/wf\/index.php?rest_route=\/wp\/v2\/users\/2"}],"replies":[{"embeddable":true,"href":"https:\/\/physics.uwb.edu.pl\/wf\/index.php?rest_route=%2Fwp%2Fv2%2Fcomments&post=1247"}],"version-history":[{"count":5,"href":"https:\/\/physics.uwb.edu.pl\/wf\/index.php?rest_route=\/wp\/v2\/pages\/1247\/revisions"}],"predecessor-version":[{"id":11833,"href":"https:\/\/physics.uwb.edu.pl\/wf\/index.php?rest_route=\/wp\/v2\/pages\/1247\/revisions\/11833"}],"up":[{"embeddable":true,"href":"https:\/\/physics.uwb.edu.pl\/wf\/index.php?rest_route=\/wp\/v2\/pages\/1227"}],"wp:featuredmedia":[{"embeddable":true,"href":"https:\/\/physics.uwb.edu.pl\/wf\/index.php?rest_route=\/wp\/v2\/media\/1274"}],"wp:attachment":[{"href":"https:\/\/physics.uwb.edu.pl\/wf\/index.php?rest_route=%2Fwp%2Fv2%2Fmedia&parent=1247"}],"wp:term":[{"taxonomy":"category","embeddable":true,"href":"https:\/\/physics.uwb.edu.pl\/wf\/index.php?rest_route=%2Fwp%2Fv2%2Fcategories&post=1247"},{"taxonomy":"post_tag","embeddable":true,"href":"https:\/\/physics.uwb.edu.pl\/wf\/index.php?rest_route=%2Fwp%2Fv2%2Ftags&post=1247"}],"curies":[{"name":"wp","href":"https:\/\/api.w.org\/{rel}","templated":true}]}}