{"id":12590,"date":"2021-08-26T15:50:47","date_gmt":"2021-08-26T13:50:47","guid":{"rendered":"https:\/\/physics.uwb.edu.pl\/wf\/?page_id=12590"},"modified":"2021-08-27T15:12:17","modified_gmt":"2021-08-27T13:12:17","slug":"oferty-pracy-ncn-2-3-3-2-2-2-2-3-2-2-2","status":"publish","type":"page","link":"https:\/\/physics.uwb.edu.pl\/wf\/?page_id=12590","title":{"rendered":"Konferencja ESOP XL"},"content":{"rendered":"<p><a href=\"https:\/\/esop40.iota-es.de\/\" target=\"_blank\" rel=\"noopener\"><img loading=\"lazy\" decoding=\"async\" class=\"size-medium wp-image-12559 alignleft\" src=\"http:\/\/physics.uwb.edu.pl\/wf\/wp-content\/uploads\/2021\/08\/logo_esop-300x163.png\" alt=\"\" width=\"300\" height=\"163\" srcset=\"https:\/\/physics.uwb.edu.pl\/wf\/wp-content\/uploads\/2021\/08\/logo_esop-300x163.png 300w, https:\/\/physics.uwb.edu.pl\/wf\/wp-content\/uploads\/2021\/08\/logo_esop-1024x555.png 1024w, https:\/\/physics.uwb.edu.pl\/wf\/wp-content\/uploads\/2021\/08\/logo_esop-150x81.png 150w, https:\/\/physics.uwb.edu.pl\/wf\/wp-content\/uploads\/2021\/08\/logo_esop-1536x833.png 1536w, https:\/\/physics.uwb.edu.pl\/wf\/wp-content\/uploads\/2021\/08\/logo_esop-922x500.png 922w, https:\/\/physics.uwb.edu.pl\/wf\/wp-content\/uploads\/2021\/08\/logo_esop.png 1566w\" sizes=\"auto, (max-width: 300px) 100vw, 300px\" \/><\/a>W dniach 27-31 sierpnia 2021 roku odb\u0119dzie si\u0119 <a href=\"https:\/\/esop40.iota-es.de\/\" target=\"_blank\" rel=\"noopener\">40 edycja konferencji ESOP<\/a> (European Symposium on Occultation Project). Jest to coroczne spotkanie europejskich obserwator\u00f3w zjawisk zakryciowych (s\u0105 to m. in. za\u0107mienia S\u0142o\u0144ca, Ksi\u0119\u017cyca, zakrycia gwiazd przez Ksi\u0119\u017cyc lub asteroidy, &#8230;).<\/p>\n<p>Podczas dw\u00f3ch dni wyk\u0142adowych 28 i 29 sierpnia poruszone zostan\u0105 tematy z zakresu przewidywania zjawisk zakryciowych, metod ich obserwacji oraz p\u00f3\u017aniejszego opracowywania wynik\u00f3w i analizy danych.<\/p>\n<p><a href=\"https:\/\/esop40.iota-es.de\/\" target=\"_blank\" rel=\"noopener\">Konferencja<\/a> to wsp\u00f3lne spotkanie astronom\u00f3w zawodowych oraz mi\u0142o\u015bnik\u00f3w astronomii, kt\u00f3rzy swoim zaanga\u017cowaniem obserwacyjnym przyczyniaj\u0105 si\u0119 do poprawy element\u00f3w orbit asteroid, wyznaczaj\u0105 kszta\u0142ty i rozmiary asteroid, odkrywaj\u0105 nowe gwiazdy podw\u00f3jne, poprawiaj\u0105 teori\u0119 ruchu Ksi\u0119\u017cyca i doprecyzowuj\u0105 kszta\u0142t jego powierzchni.<\/p>\n<p>W poprzednich edycjach ESOP uczestniczyli nie tylko obserwatorzy europejscy lecz tak\u017ce go\u015bcie z USA lub nawet Australii. Podczas tegorocznej konferencji, za pomoc\u0105 aplikacji ZOOM, spotkamy si\u0119 z zakryciowcami z takich pa\u0144stw jak: Algieria, Belgia, Brazylia, Czechy, Francja, Grecja, Hiszpania, Holandia, Indie, Niemcy, Portugalia, Turcja, USA, oraz Szwajcaria.<\/p>\n<p>Jest to jednocze\u015bnie pi\u0105ta edycja tej konferencji zorganizowana w Polsce, ostatni raz w naszym kraju ESOP odby\u0142 si\u0119 w 2009 roku w Niepo\u0142omicach k\/ Krakowa.<\/p>\n<p>Konferencje organizuj\u0105:<\/p>\n<p>Uniwersytet w Bia\u0142ymstoku &#8211; Wydzia\u0142 Fizyki<br \/>\nPolskie Towarzystwo Mi\u0142o\u015bnik\u00f3w Astronomii -Oddzia\u0142 w Bia\u0142ymstoku<br \/>\nThe European Section of the International Occultation Timing Association (IOTA\/ES)<\/p>\n","protected":false},"excerpt":{"rendered":"<p>W dniach 27-31 sierpnia 2021 roku odb\u0119dzie si\u0119 40 edycja konferencji ESOP (European Symposium on Occultation Project). Jest to coroczne spotkanie europejskich obserwator\u00f3w zjawisk zakryciowych (s\u0105 to m. in. za\u0107mienia <a href=\"https:\/\/physics.uwb.edu.pl\/wf\/?page_id=12590\" class=\"more-link\">[&hellip;]<\/a><\/p>\n","protected":false},"author":5,"featured_media":12591,"parent":713,"menu_order":0,"comment_status":"closed","ping_status":"closed","template":"","meta":{"ngg_post_thumbnail":0,"Layout":"1c","footnotes":""},"categories":[3],"tags":[],"class_list":["entry","author-gawryl","post-12590","page","type-page","status-publish","has-post-thumbnail","category-wydzialowe_pl"],"jetpack_sharing_enabled":true,"jetpack_shortlink":"https:\/\/wp.me\/P7nvcn-3h4","_links":{"self":[{"href":"https:\/\/physics.uwb.edu.pl\/wf\/index.php?rest_route=\/wp\/v2\/pages\/12590","targetHints":{"allow":["GET"]}}],"collection":[{"href":"https:\/\/physics.uwb.edu.pl\/wf\/index.php?rest_route=\/wp\/v2\/pages"}],"about":[{"href":"https:\/\/physics.uwb.edu.pl\/wf\/index.php?rest_route=\/wp\/v2\/types\/page"}],"author":[{"embeddable":true,"href":"https:\/\/physics.uwb.edu.pl\/wf\/index.php?rest_route=\/wp\/v2\/users\/5"}],"replies":[{"embeddable":true,"href":"https:\/\/physics.uwb.edu.pl\/wf\/index.php?rest_route=%2Fwp%2Fv2%2Fcomments&post=12590"}],"version-history":[{"count":6,"href":"https:\/\/physics.uwb.edu.pl\/wf\/index.php?rest_route=\/wp\/v2\/pages\/12590\/revisions"}],"predecessor-version":[{"id":12597,"href":"https:\/\/physics.uwb.edu.pl\/wf\/index.php?rest_route=\/wp\/v2\/pages\/12590\/revisions\/12597"}],"up":[{"embeddable":true,"href":"https:\/\/physics.uwb.edu.pl\/wf\/index.php?rest_route=\/wp\/v2\/pages\/713"}],"wp:featuredmedia":[{"embeddable":true,"href":"https:\/\/physics.uwb.edu.pl\/wf\/index.php?rest_route=\/wp\/v2\/media\/12591"}],"wp:attachment":[{"href":"https:\/\/physics.uwb.edu.pl\/wf\/index.php?rest_route=%2Fwp%2Fv2%2Fmedia&parent=12590"}],"wp:term":[{"taxonomy":"category","embeddable":true,"href":"https:\/\/physics.uwb.edu.pl\/wf\/index.php?rest_route=%2Fwp%2Fv2%2Fcategories&post=12590"},{"taxonomy":"post_tag","embeddable":true,"href":"https:\/\/physics.uwb.edu.pl\/wf\/index.php?rest_route=%2Fwp%2Fv2%2Ftags&post=12590"}],"curies":[{"name":"wp","href":"https:\/\/api.w.org\/{rel}","templated":true}]}}