{"id":12598,"date":"2021-08-28T13:30:33","date_gmt":"2021-08-28T11:30:33","guid":{"rendered":"https:\/\/physics.uwb.edu.pl\/wf\/?page_id=12598"},"modified":"2021-08-30T09:30:26","modified_gmt":"2021-08-30T07:30:26","slug":"east-games-united-2-2-3-3-2-2-4-2-2-2-2-2-2-2","status":"publish","type":"page","link":"https:\/\/physics.uwb.edu.pl\/wf\/?page_id=12598","title":{"rendered":"Urodziny Epi-Centrum Nauki z udzia\u0142em pracownik\u00f3w Wydzia\u0142u Fizyki"},"content":{"rendered":"<p>Epi-Centrum Nauki to plac\u00f3wka edukacyjna przedstawiaj\u0105ca zjawiska naukowe w interaktywny spos\u00f3b &#8211; mo\u017cna wi\u0119c samemu bawi\u0107 si\u0119 eksponatami, a tym samym uczy\u0107 si\u0119 i poznawa\u0107. Jest to nasz regionalny o\u015brodek (dzia\u0142a w Bia\u0142ymstoku w budynku Stadionu Miejskiego) wzorowany na warszawskim Koperniku. Misj\u0105 tego miejsca jest nauka, a kluczem &#8211; samodzielne poznawanie, dotykanie, sprawdzanie. Bogata wystawa skierowana jest nie tylko dla dzieci\/m\u0142odzie\u017cy, bo i doro\u015bli (cz\u0119sto opiekunowie) znajd\u0105 co\u015b dla siebie (ot cho\u0107by symulator jazdy samochodem pod wp\u0142ywem &#8220;procent\u00f3w&#8221;).&nbsp;<\/p>\n<p><a href=\"https:\/\/epi-centrum.bialystok.pl\/pl\/\" target=\"_blank\" rel=\"noopener\"><img loading=\"lazy\" decoding=\"async\" class=\"size-medium wp-image-12599 alignleft\" src=\"http:\/\/physics.uwb.edu.pl\/wf\/wp-content\/uploads\/2021\/08\/EpiCentrum1urodziny-300x195.png\" alt=\"\" width=\"300\" height=\"195\" srcset=\"https:\/\/physics.uwb.edu.pl\/wf\/wp-content\/uploads\/2021\/08\/EpiCentrum1urodziny-300x195.png 300w, https:\/\/physics.uwb.edu.pl\/wf\/wp-content\/uploads\/2021\/08\/EpiCentrum1urodziny-1024x667.png 1024w, https:\/\/physics.uwb.edu.pl\/wf\/wp-content\/uploads\/2021\/08\/EpiCentrum1urodziny-150x98.png 150w, https:\/\/physics.uwb.edu.pl\/wf\/wp-content\/uploads\/2021\/08\/EpiCentrum1urodziny-767x500.png 767w, https:\/\/physics.uwb.edu.pl\/wf\/wp-content\/uploads\/2021\/08\/EpiCentrum1urodziny.png 1300w\" sizes=\"auto, (max-width: 300px) 100vw, 300px\" \/><\/a>W dniach 27-29 sierpie\u0144 2021 r. Epi-Centrum obchodzi\u0142o swoje pierwsze urodziny. Z tej okazji przygotowano spotkania z Karolem W\u00f3jcickim, popularyzatorem astronomii i autorem popularnego bloga \u201eZ g\u0142ow\u0105 w gwiazdach\u201d, prof. Markiem Konarzewskim z Wydzia\u0142u Biologii UwB prezentuj\u0105cego albumu \u201e\u015acie\u017ckami Puszczy Knyszy\u0144skiej&#8221; oraz z dr. Krzysztofem Gawrylukiem z Wydzia\u0142u Fizyki UwB <strong>prezentuj\u0105cym roboty mobilne stworzone przez student\u00f3w<\/strong>. Mo\u017cna by\u0142o te\u017c uczestniczy\u0107 w warsztatach modelarstwa kosmicznego, prowadzone przez instruktor\u00f3w Polskiego Towarzystwa Rakietowego, a w kolejnym dniu ponownie uczestniczy\u0107 w drugiej prezentacji dr. K. Gawryluka opowiadaj\u0105cego o <strong>fizyce w grach komputerowych<\/strong> oraz z mgr. Wojciechem Dobrogowskim (tak\u017ce z Wydzia\u0142u Fizyki UwB) prezentuj\u0105cym <strong>pomiary i eksperymenty z wykorzystaniem komputera.<\/strong> Frekwencja dopisa\u0142a a prezentacje pracownik\u00f3w Wydzia\u0142u Fizyki przerywane by\u0142y interesuj\u0105cymi pytaniami &#8211; za co dzi\u0119kujemy.<\/p>\n<p><img loading=\"lazy\" decoding=\"async\" class=\"alignnone size-medium wp-image-12601\" src=\"http:\/\/physics.uwb.edu.pl\/wf\/wp-content\/uploads\/2021\/08\/EpiCentrum-Wojtek1-300x225.jpg\" alt=\"\" width=\"300\" height=\"225\" srcset=\"https:\/\/physics.uwb.edu.pl\/wf\/wp-content\/uploads\/2021\/08\/EpiCentrum-Wojtek1-300x225.jpg 300w, https:\/\/physics.uwb.edu.pl\/wf\/wp-content\/uploads\/2021\/08\/EpiCentrum-Wojtek1-150x113.jpg 150w, https:\/\/physics.uwb.edu.pl\/wf\/wp-content\/uploads\/2021\/08\/EpiCentrum-Wojtek1-175x131.jpg 175w, https:\/\/physics.uwb.edu.pl\/wf\/wp-content\/uploads\/2021\/08\/EpiCentrum-Wojtek1-667x500.jpg 667w, https:\/\/physics.uwb.edu.pl\/wf\/wp-content\/uploads\/2021\/08\/EpiCentrum-Wojtek1.jpg 960w\" sizes=\"auto, (max-width: 300px) 100vw, 300px\" \/> <img loading=\"lazy\" decoding=\"async\" class=\"alignnone wp-image-12603\" src=\"http:\/\/physics.uwb.edu.pl\/wf\/wp-content\/uploads\/2021\/08\/EpiCentrum-gawryluk1-300x169.png\" alt=\"\" width=\"400\" height=\"225\" srcset=\"https:\/\/physics.uwb.edu.pl\/wf\/wp-content\/uploads\/2021\/08\/EpiCentrum-gawryluk1-300x169.png 300w, https:\/\/physics.uwb.edu.pl\/wf\/wp-content\/uploads\/2021\/08\/EpiCentrum-gawryluk1-1024x576.png 1024w, https:\/\/physics.uwb.edu.pl\/wf\/wp-content\/uploads\/2021\/08\/EpiCentrum-gawryluk1-150x84.png 150w, https:\/\/physics.uwb.edu.pl\/wf\/wp-content\/uploads\/2021\/08\/EpiCentrum-gawryluk1-1536x864.png 1536w, https:\/\/physics.uwb.edu.pl\/wf\/wp-content\/uploads\/2021\/08\/EpiCentrum-gawryluk1-889x500.png 889w, https:\/\/physics.uwb.edu.pl\/wf\/wp-content\/uploads\/2021\/08\/EpiCentrum-gawryluk1.png 1920w\" sizes=\"auto, (max-width: 400px) 100vw, 400px\" \/><\/p>\n<p><span style=\"font-size: 12px;\">Z<\/span><span style=\"font-size: 12px;\">dj\u0119cia W. Dobrogowskiego oraz K. Gawryluka podczas prezentacji w Epi-Centrum Nauki. Foto: Epi-Centrum Nauki.<\/span><\/p>\n<p>Z okazji urodzin \u017cyczymy wielu udanych lat funkcjonowania o\u015brodka Epi-Centrum Nauki. Jednocze\u015bnie cieszymy si\u0119 z nawi\u0105zania wsp\u00f3\u0142pracy z Uniwersytetem w Bia\u0142ymstoku, a w szczeg\u00f3lno\u015bci z Wydzia\u0142em Fizyki.<\/p>\n<p>&nbsp;<\/p>\n<p style=\"text-align: right;\">&nbsp;<\/p>\n","protected":false},"excerpt":{"rendered":"<p>Epi-Centrum Nauki to plac\u00f3wka edukacyjna przedstawiaj\u0105ca zjawiska naukowe w interaktywny spos\u00f3b &#8211; mo\u017cna wi\u0119c samemu bawi\u0107 si\u0119 eksponatami, a tym samym uczy\u0107 si\u0119 i poznawa\u0107. Jest to nasz regionalny o\u015brodek <a href=\"https:\/\/physics.uwb.edu.pl\/wf\/?page_id=12598\" class=\"more-link\">[&hellip;]<\/a><\/p>\n","protected":false},"author":5,"featured_media":12599,"parent":2744,"menu_order":0,"comment_status":"closed","ping_status":"closed","template":"","meta":{"ngg_post_thumbnail":0,"Layout":"1c","footnotes":""},"categories":[131,35],"tags":[224,222,230,232,226,228,234],"class_list":["entry","author-gawryl","post-12598","page","type-page","status-publish","has-post-thumbnail","category-galeria_foto","category-popularyzacja_pl","tag-eksperyment","tag-epicentrum","tag-gry","tag-komputer","tag-pokazy","tag-prezentacja","tag-robot"],"jetpack_sharing_enabled":true,"jetpack_shortlink":"https:\/\/wp.me\/P7nvcn-3hc","_links":{"self":[{"href":"https:\/\/physics.uwb.edu.pl\/wf\/index.php?rest_route=\/wp\/v2\/pages\/12598","targetHints":{"allow":["GET"]}}],"collection":[{"href":"https:\/\/physics.uwb.edu.pl\/wf\/index.php?rest_route=\/wp\/v2\/pages"}],"about":[{"href":"https:\/\/physics.uwb.edu.pl\/wf\/index.php?rest_route=\/wp\/v2\/types\/page"}],"author":[{"embeddable":true,"href":"https:\/\/physics.uwb.edu.pl\/wf\/index.php?rest_route=\/wp\/v2\/users\/5"}],"replies":[{"embeddable":true,"href":"https:\/\/physics.uwb.edu.pl\/wf\/index.php?rest_route=%2Fwp%2Fv2%2Fcomments&post=12598"}],"version-history":[{"count":9,"href":"https:\/\/physics.uwb.edu.pl\/wf\/index.php?rest_route=\/wp\/v2\/pages\/12598\/revisions"}],"predecessor-version":[{"id":12612,"href":"https:\/\/physics.uwb.edu.pl\/wf\/index.php?rest_route=\/wp\/v2\/pages\/12598\/revisions\/12612"}],"up":[{"embeddable":true,"href":"https:\/\/physics.uwb.edu.pl\/wf\/index.php?rest_route=\/wp\/v2\/pages\/2744"}],"wp:featuredmedia":[{"embeddable":true,"href":"https:\/\/physics.uwb.edu.pl\/wf\/index.php?rest_route=\/wp\/v2\/media\/12599"}],"wp:attachment":[{"href":"https:\/\/physics.uwb.edu.pl\/wf\/index.php?rest_route=%2Fwp%2Fv2%2Fmedia&parent=12598"}],"wp:term":[{"taxonomy":"category","embeddable":true,"href":"https:\/\/physics.uwb.edu.pl\/wf\/index.php?rest_route=%2Fwp%2Fv2%2Fcategories&post=12598"},{"taxonomy":"post_tag","embeddable":true,"href":"https:\/\/physics.uwb.edu.pl\/wf\/index.php?rest_route=%2Fwp%2Fv2%2Ftags&post=12598"}],"curies":[{"name":"wp","href":"https:\/\/api.w.org\/{rel}","templated":true}]}}