{"id":12614,"date":"2021-08-30T11:35:28","date_gmt":"2021-08-30T09:35:28","guid":{"rendered":"https:\/\/physics.uwb.edu.pl\/wf\/?page_id=12614"},"modified":"2021-09-29T11:39:34","modified_gmt":"2021-09-29T09:39:34","slug":"east-games-united-2-2-3-3-2-2-4-2-2-2-2-2-2-2-2","status":"publish","type":"page","link":"https:\/\/physics.uwb.edu.pl\/wf\/?page_id=12614","title":{"rendered":"Konferencja ESOP XL na Wydziale Fizyki"},"content":{"rendered":"<p>W dniach 27-29 sierpie\u0144 2021 r. odby\u0142a si\u0119 konferencji ESOP (European Symposium on Occultation Project), kt\u00f3rej wsp\u00f3\u0142organizatorem jest Wydzia\u0142 Fizyki Uniwersytetu w Bia\u0142ymstoku. To coroczne spotkanie obserwator\u00f3w zjawisk zakryciowych (m.in. za\u0107mienia S\u0142o\u0144ca, Ksi\u0119\u017cyca, zakrycia gwiazd przez Ksi\u0119\u017cyc lub asteroidy). W konferencji uczestniczy, stacjonarnie i online, ponad 60 os\u00f3b z ca\u0142ego \u015bwiata.<\/p>\n<p><img loading=\"lazy\" decoding=\"async\" class=\"size-medium wp-image-12615 alignleft\" src=\"http:\/\/physics.uwb.edu.pl\/wf\/wp-content\/uploads\/2021\/08\/ESOP1-300x169.jpg\" alt=\"\" width=\"300\" height=\"169\" srcset=\"https:\/\/physics.uwb.edu.pl\/wf\/wp-content\/uploads\/2021\/08\/ESOP1-300x169.jpg 300w, https:\/\/physics.uwb.edu.pl\/wf\/wp-content\/uploads\/2021\/08\/ESOP1-150x84.jpg 150w, https:\/\/physics.uwb.edu.pl\/wf\/wp-content\/uploads\/2021\/08\/ESOP1-889x500.jpg 889w, https:\/\/physics.uwb.edu.pl\/wf\/wp-content\/uploads\/2021\/08\/ESOP1.jpg 960w\" sizes=\"auto, (max-width: 300px) 100vw, 300px\" \/>Tegoroczna edycja ESOP zako\u0144czy si\u0119 31 sierpnia. Bior\u0105 w niej udzia\u0142 eskperci i pasjonaci fizyki oraz astronomii z takich pa\u0144stw jak: Algieria, Belgia, Brazylia, Czechy, Francja, Grecja, Hiszpania, Holandia, Indie, Niemcy, Portugalia, Turcja, USA, Szwajcaria, W\u0142ochy, czy Wielka Brytania. Ponad 20 os\u00f3b uczestniczy w spotkaniu stacjonarnie, a blisko 40 za po\u015brednictwem aplikacji ZOOM.<\/p>\n<p>&#8211;&nbsp;<em>Podczas dw\u00f3ch dni wyk\u0142adowych (28 i 29 sierpnia) poruszone zosta\u0142y tematy z zakresu zjawisk zakryciowych, czyli zakrycie gwiazdy przez asteroidy, planetoidy, g\u00f3ry na Ksi\u0119\u017cycu. Ma to na celu poprawianie wyznacze\u0144 orbit obiekt\u00f3w, kt\u00f3re m.in. zagra\u017caj\u0105 Ziemi poprzez uderzenie. Wyznaczamy r\u00f3wnie\u017c kszta\u0142t tych\u017ce obiekt\u00f3w, jak i ksztalt g\u00f3r na Ksi\u0119\u017cycu<\/em>&nbsp;&#8211; m\u00f3wi dr hab Marek Niko\u0142ajuk, prof. UwB z Wydzia\u0142u Fizyki.<\/p>\n<p>Uczestnicy konferencji wzi\u0119li r\u00f3wnie\u017c udzia\u0142 w warszatach sk\u0142adania teleskopu oraz aparatury specjalistycznej, kt\u00f3re by\u0142y transmitowane na ca\u0142y \u015bwiat.<\/p>\n<p><img loading=\"lazy\" decoding=\"async\" class=\"size-medium wp-image-12616 alignleft\" src=\"http:\/\/physics.uwb.edu.pl\/wf\/wp-content\/uploads\/2021\/08\/ESOP2-300x169.jpg\" alt=\"\" width=\"300\" height=\"169\" srcset=\"https:\/\/physics.uwb.edu.pl\/wf\/wp-content\/uploads\/2021\/08\/ESOP2-300x169.jpg 300w, https:\/\/physics.uwb.edu.pl\/wf\/wp-content\/uploads\/2021\/08\/ESOP2-150x84.jpg 150w, https:\/\/physics.uwb.edu.pl\/wf\/wp-content\/uploads\/2021\/08\/ESOP2-889x500.jpg 889w, https:\/\/physics.uwb.edu.pl\/wf\/wp-content\/uploads\/2021\/08\/ESOP2.jpg 960w\" sizes=\"auto, (max-width: 300px) 100vw, 300px\" \/>Konferencja ESOP to wsp\u00f3lne spotkanie astronom\u00f3w zawodowych oraz mi\u0142o\u015bnik\u00f3w astronomii, kt\u00f3rzy swoim zaanga\u017cowaniem obserwacyjnym przyczyniaj\u0105 si\u0119 do poprawy element\u00f3w orbit asteroid, wyznaczaj\u0105 kszta\u0142ty i rozmiary asteroid, odkrywaj\u0105 nowe gwiazdy podw\u00f3jne, poprawiaj\u0105 teori\u0119 ruchu Ksi\u0119\u017cyca i doprecyzowuj\u0105 kszta\u0142t jego powierzchni. W spotkaniach uczestnicz\u0105 nie tylko europejscy obserwatorzy, lecz tak\u017ce go\u015bcie z innych kontynent\u00f3w.<\/p>\n<p>Po raz pi\u0105ty konferencja ESOP zosta\u0142a zorganizowana w Polsce. Ostatni raz w naszym kraju ESOP odby\u0142 si\u0119 w 2009 roku w Niepo\u0142omicach k\/Krakowa.<\/p>\n<p>Kolejne spotkanie odb\u0119dzie si\u0119 w Grenadzie.<\/p>\n<p>Organizatorzy tegorocznej edycji:<br \/>\nUniwersytet w Bia\u0142ymstoku &#8211; Wydzia\u0142 Fizyki<br \/>\nPolskie Towarzystwo Mi\u0142o\u015bnik\u00f3w Astronomii -Oddzia\u0142 w Bia\u0142ymstoku<br \/>\nThe European Section of the International Occultation Timing Association (IOTA\/ES)<\/p>\n<p style=\"text-align: right;\">(c) tekst i zdj\u0119cia: <a href=\"https:\/\/uwb.edu.pl\/nowosci\/aktualnosci\/na-uniwersytecie-w-bialymstoku-spotkali-sie-eksperci-i-pasjonaci-fizyki-oraz-astronomii-z-calego-swiata\/4eb006ed?fbclid=IwAR3scg2B9Vy2cr2nfaehKU-HDFYgdBRQxNeTxqYT0qnr62eDVOlbkdvtWwo\" target=\"_blank\" rel=\"noopener\">UwB Promocja<\/a><\/p>\n<p style=\"text-align: left;\">Ciekawy artyku\u0142 podsumowuj\u0105cy konferencj\u0119 w Journal of Occultation Astronomy (strony 22-29) do <a href=\"https:\/\/www.iota-es.de\/JOA\/JOA2021_4.pdf\" target=\"_blank\" rel=\"noopener\">pobrania po klikni\u0119ciu linku<\/a>.<\/p>\n","protected":false},"excerpt":{"rendered":"<p>W dniach 27-29 sierpie\u0144 2021 r. odby\u0142a si\u0119 konferencji ESOP (European Symposium on Occultation Project), kt\u00f3rej wsp\u00f3\u0142organizatorem jest Wydzia\u0142 Fizyki Uniwersytetu w Bia\u0142ymstoku. To coroczne spotkanie obserwator\u00f3w zjawisk zakryciowych (m.in. <a href=\"https:\/\/physics.uwb.edu.pl\/wf\/?page_id=12614\" class=\"more-link\">[&hellip;]<\/a><\/p>\n","protected":false},"author":5,"featured_media":12591,"parent":2744,"menu_order":0,"comment_status":"closed","ping_status":"closed","template":"","meta":{"ngg_post_thumbnail":0,"Layout":"1c","footnotes":""},"categories":[131,35],"tags":[224,222,230,232,226,228,234],"class_list":["entry","author-gawryl","post-12614","page","type-page","status-publish","has-post-thumbnail","category-galeria_foto","category-popularyzacja_pl","tag-eksperyment","tag-epicentrum","tag-gry","tag-komputer","tag-pokazy","tag-prezentacja","tag-robot"],"jetpack_sharing_enabled":true,"jetpack_shortlink":"https:\/\/wp.me\/P7nvcn-3hs","_links":{"self":[{"href":"https:\/\/physics.uwb.edu.pl\/wf\/index.php?rest_route=\/wp\/v2\/pages\/12614","targetHints":{"allow":["GET"]}}],"collection":[{"href":"https:\/\/physics.uwb.edu.pl\/wf\/index.php?rest_route=\/wp\/v2\/pages"}],"about":[{"href":"https:\/\/physics.uwb.edu.pl\/wf\/index.php?rest_route=\/wp\/v2\/types\/page"}],"author":[{"embeddable":true,"href":"https:\/\/physics.uwb.edu.pl\/wf\/index.php?rest_route=\/wp\/v2\/users\/5"}],"replies":[{"embeddable":true,"href":"https:\/\/physics.uwb.edu.pl\/wf\/index.php?rest_route=%2Fwp%2Fv2%2Fcomments&post=12614"}],"version-history":[{"count":5,"href":"https:\/\/physics.uwb.edu.pl\/wf\/index.php?rest_route=\/wp\/v2\/pages\/12614\/revisions"}],"predecessor-version":[{"id":12702,"href":"https:\/\/physics.uwb.edu.pl\/wf\/index.php?rest_route=\/wp\/v2\/pages\/12614\/revisions\/12702"}],"up":[{"embeddable":true,"href":"https:\/\/physics.uwb.edu.pl\/wf\/index.php?rest_route=\/wp\/v2\/pages\/2744"}],"wp:featuredmedia":[{"embeddable":true,"href":"https:\/\/physics.uwb.edu.pl\/wf\/index.php?rest_route=\/wp\/v2\/media\/12591"}],"wp:attachment":[{"href":"https:\/\/physics.uwb.edu.pl\/wf\/index.php?rest_route=%2Fwp%2Fv2%2Fmedia&parent=12614"}],"wp:term":[{"taxonomy":"category","embeddable":true,"href":"https:\/\/physics.uwb.edu.pl\/wf\/index.php?rest_route=%2Fwp%2Fv2%2Fcategories&post=12614"},{"taxonomy":"post_tag","embeddable":true,"href":"https:\/\/physics.uwb.edu.pl\/wf\/index.php?rest_route=%2Fwp%2Fv2%2Ftags&post=12614"}],"curies":[{"name":"wp","href":"https:\/\/api.w.org\/{rel}","templated":true}]}}