{"id":12644,"date":"2021-09-16T17:40:43","date_gmt":"2021-09-16T15:40:43","guid":{"rendered":"https:\/\/physics.uwb.edu.pl\/wf\/?page_id=12644"},"modified":"2021-09-16T17:48:33","modified_gmt":"2021-09-16T15:48:33","slug":"targi-edukacyjne-w-grajewie-2-2-3-3-2-2-2-2-2-2-3-2","status":"publish","type":"page","link":"https:\/\/physics.uwb.edu.pl\/wf\/?page_id=12644","title":{"rendered":"Zesp\u00f3\u0142 Szk\u00f3\u0142 Elektrycznych z wizyt\u0105 na Wydziale Fizyki"},"content":{"rendered":"<p>W dniu 16 wrze\u015bnia 2021 r. Wydzia\u0142 Fizyki odwiedzili uczniowie klasy 4F (profil technik informatyk) Zespo\u0142u Szk\u00f3\u0142 Elektrycznych im. prof. Janusza Groszkowskiego w Bia\u0142ymstoku. Spotkanie mia\u0142o na celu zaprezentowanie specjalno\u015bci <a href=\"http:\/\/gry.fizyka.uwb.edu.pl\">Fizyka gier komputerowych i robot\u00f3w<\/a>, kt\u00f3ra jest jedn\u0105 z trzech specjalno\u015bci prowadzonych na studiach pierwszego stopnia kierunku Fizyka. Wspomniana specjalno\u015b\u0107 wydaje si\u0119 ciekaw\u0105 propozycj\u0105 dla uczni\u00f3w technikum elektrycznego, kt\u00f3rzy chc\u0105 po\u0142\u0105czy\u0107 swoje umiej\u0119tno\u015bci z zakresu elektroniki z informatyk\u0105 &#8211; tworz\u0105c ciekawe roboty lub urz\u0105dzenia Internetu Rzeczy. Dodatkowo dla mi\u0142o\u015bnik\u00f3w programowania gier przedstawiony zosta\u0142 program &#8220;gamedev-owy&#8221; specjalno\u015bci, czyli: grafika 2D, modelowanie 3D (dla druku 3D i element\u00f3w gier wideo), programowanie silnika fizycznego gier a tak\u017ce narz\u0119dzia do tworzenia gier (<a href=\"https:\/\/pl.wikipedia.org\/wiki\/Silnik_gry_komputerowej\" target=\"_blank\" rel=\"noopener\">silniki gier<\/a>). W tej ostatniej kwestii omawiany by\u0142 <a href=\"https:\/\/godotengine.org\/\">GODOT<\/a> z jego zaletami i wadami. Fajnie, \u017ce uczniowie aktywnie uczestniczyli w wyst\u0105pieniu i nie bali si\u0119 zadawa\u0107 pyta\u0144.<\/p>\n<p><img loading=\"lazy\" decoding=\"async\" class=\"alignnone wp-image-12652 size-large\" src=\"http:\/\/physics.uwb.edu.pl\/wf\/wp-content\/uploads\/2021\/09\/DSC_2456cut-1024x371.jpg\" alt=\"\" width=\"1024\" height=\"371\" srcset=\"https:\/\/physics.uwb.edu.pl\/wf\/wp-content\/uploads\/2021\/09\/DSC_2456cut-1024x371.jpg 1024w, https:\/\/physics.uwb.edu.pl\/wf\/wp-content\/uploads\/2021\/09\/DSC_2456cut-300x109.jpg 300w, https:\/\/physics.uwb.edu.pl\/wf\/wp-content\/uploads\/2021\/09\/DSC_2456cut-150x54.jpg 150w, https:\/\/physics.uwb.edu.pl\/wf\/wp-content\/uploads\/2021\/09\/DSC_2456cut-1536x557.jpg 1536w, https:\/\/physics.uwb.edu.pl\/wf\/wp-content\/uploads\/2021\/09\/DSC_2456cut-2048x742.jpg 2048w, https:\/\/physics.uwb.edu.pl\/wf\/wp-content\/uploads\/2021\/09\/DSC_2456cut-1025x372.jpg 1025w\" sizes=\"auto, (max-width: 1024px) 100vw, 1024px\" \/><\/p>\n<p>Spotkanie poprowadzi\u0142 dr Krzysztof Gawryluk &#8211; a na zako\u0144czenie otrzyma\u0142 uczniowskie &#8220;LAJKI&#8221; (widoczne na powy\u017cszym zdj\u0119ciu, kciuki w g\u00f3r\u0119) &#8211; oczywi\u015bcie tylko od tych uczni\u00f3w, kt\u00f3rym si\u0119 podoba\u0142o. Spotkanie zaaran\u017cowa\u0142 mgr. Miros\u0142aw Najbuk z <a href=\"https:\/\/uco.uwb.edu.pl\/\" target=\"_blank\" rel=\"noopener\">Uniwersyteckiego Centrum Obliczeniowego<\/a>, ale je\u015bli jeste\u015b nauczycielem i chcesz przyprowadzi\u0107 swoich podopiecznych &#8211; <a href=\"mailto:k.gawryluk@uwb.edu.pl\">skontaktuj si\u0119 z nami<\/a> &#8211; zapraszamy do wsp\u00f3\u0142pracy!<\/p>\n<p style=\"text-align: right;\"><em>(c) K.G. 2021<\/em><\/p>\n","protected":false},"excerpt":{"rendered":"<p>W dniu 16 wrze\u015bnia 2021 r. Wydzia\u0142 Fizyki odwiedzili uczniowie klasy 4F (profil technik informatyk) Zespo\u0142u Szk\u00f3\u0142 Elektrycznych im. prof. Janusza Groszkowskiego w Bia\u0142ymstoku. Spotkanie mia\u0142o na celu zaprezentowanie specjalno\u015bci <a href=\"https:\/\/physics.uwb.edu.pl\/wf\/?page_id=12644\" class=\"more-link\">[&hellip;]<\/a><\/p>\n","protected":false},"author":5,"featured_media":12645,"parent":2744,"menu_order":0,"comment_status":"closed","ping_status":"closed","template":"","meta":{"ngg_post_thumbnail":0,"Layout":"1c","footnotes":""},"categories":[166,131],"tags":[],"class_list":["entry","author-gawryl","post-12644","page","type-page","status-publish","has-post-thumbnail","category-edukacyjne","category-galeria_foto"],"jetpack_sharing_enabled":true,"jetpack_shortlink":"https:\/\/wp.me\/P7nvcn-3hW","_links":{"self":[{"href":"https:\/\/physics.uwb.edu.pl\/wf\/index.php?rest_route=\/wp\/v2\/pages\/12644","targetHints":{"allow":["GET"]}}],"collection":[{"href":"https:\/\/physics.uwb.edu.pl\/wf\/index.php?rest_route=\/wp\/v2\/pages"}],"about":[{"href":"https:\/\/physics.uwb.edu.pl\/wf\/index.php?rest_route=\/wp\/v2\/types\/page"}],"author":[{"embeddable":true,"href":"https:\/\/physics.uwb.edu.pl\/wf\/index.php?rest_route=\/wp\/v2\/users\/5"}],"replies":[{"embeddable":true,"href":"https:\/\/physics.uwb.edu.pl\/wf\/index.php?rest_route=%2Fwp%2Fv2%2Fcomments&post=12644"}],"version-history":[{"count":7,"href":"https:\/\/physics.uwb.edu.pl\/wf\/index.php?rest_route=\/wp\/v2\/pages\/12644\/revisions"}],"predecessor-version":[{"id":12653,"href":"https:\/\/physics.uwb.edu.pl\/wf\/index.php?rest_route=\/wp\/v2\/pages\/12644\/revisions\/12653"}],"up":[{"embeddable":true,"href":"https:\/\/physics.uwb.edu.pl\/wf\/index.php?rest_route=\/wp\/v2\/pages\/2744"}],"wp:featuredmedia":[{"embeddable":true,"href":"https:\/\/physics.uwb.edu.pl\/wf\/index.php?rest_route=\/wp\/v2\/media\/12645"}],"wp:attachment":[{"href":"https:\/\/physics.uwb.edu.pl\/wf\/index.php?rest_route=%2Fwp%2Fv2%2Fmedia&parent=12644"}],"wp:term":[{"taxonomy":"category","embeddable":true,"href":"https:\/\/physics.uwb.edu.pl\/wf\/index.php?rest_route=%2Fwp%2Fv2%2Fcategories&post=12644"},{"taxonomy":"post_tag","embeddable":true,"href":"https:\/\/physics.uwb.edu.pl\/wf\/index.php?rest_route=%2Fwp%2Fv2%2Ftags&post=12644"}],"curies":[{"name":"wp","href":"https:\/\/api.w.org\/{rel}","templated":true}]}}