{"id":12684,"date":"2021-09-27T11:35:46","date_gmt":"2021-09-27T09:35:46","guid":{"rendered":"https:\/\/physics.uwb.edu.pl\/wf\/?page_id=12684"},"modified":"2021-10-04T11:02:58","modified_gmt":"2021-10-04T09:02:58","slug":"fizycy-uwb-zademonstrowali-nowa-ultraszybka-metode-zapisu-informacji-2-2-2-2-4-4-3","status":"publish","type":"page","link":"https:\/\/physics.uwb.edu.pl\/wf\/?page_id=12684","title":{"rendered":"Inauguracja Roku Akademickiego 2021\/22"},"content":{"rendered":"<p style=\"text-align: center;\"><strong>UROCZYSTA INAUGURACJA <\/strong><strong>ROKU AKADEMICKIEGO 2021\/22 <\/strong><\/p>\n<p style=\"text-align: center;\"><strong>NA WYDZIALE FIZYKI <\/strong><strong>UNIWERSYTETU W BIA\u0141YMSTOKU<\/strong><\/p>\n<p><strong>&nbsp;<\/strong><\/p>\n<p><strong>&nbsp;<\/strong>Inauguracja odb\u0119dzie si\u0119 <strong>4 pa\u017adziernika 2021 r. (poniedzia\u0142ek) <\/strong><strong>o godzinie 14.00 w auli (sala nr 2011) <\/strong>Wydzia\u0142u Fizyki w kampusie UwB, ul. K. Cio\u0142kowskiego 1L.<\/p>\n<p><strong>Program uroczysto\u015bci<\/strong><\/p>\n<ul>\n<li>Hymn narodowy i powitanie go\u015bci.<\/li>\n<li>Prezentacja Wydzia\u0142u przez Dziekana. Oferta dydaktyczna i osi\u0105gni\u0119cia naukowe.<\/li>\n<li>Wyst\u0105pienie przedstawiciela w\u0142adz Rektorskich.<\/li>\n<li>Immatrykulacja student\u00f3w pierwszego roku.<\/li>\n<li>Otwarcie roku akademickiego. <em>Gaude Mater Polonia.<\/em><\/li>\n<li>Wyk\u0142ad inauguracyjny: prof. dr hab. Krzysztof Szyma\u0144ski <em>\u201eSpontaniczne \u0142amanie symetrii w materii skondensowanej\u201d.<\/em><\/li>\n<li><em>Gaudeamus.<\/em> Zako\u0144czenie uroczysto\u015bci.<\/li>\n<\/ul>\n<p>&nbsp;<\/p>\n<p style=\"text-align: right;\"><em>Dziekan Wydzia\u0142u Fizyki<\/em><\/p>\n<p style=\"text-align: right;\"><em>prof. dr hab. Jan Cie\u015bli\u0144ski<br \/>\n<\/em><\/p>\n<p>Dodatkowe informacje:<\/p>\n<p>nie ma og\u0142oszonego Dnia Rektorskiego i\/lub Dnia Dzieka\u0144skiego &#8211; dlatego zaj\u0119cia dydaktyczne w dniu 4 pa\u017adziernika odbywaj\u0105 si\u0119 zgodnie z planem zaj\u0119\u0107. Studenci pierwszego roku &#8211; obecno\u015b\u0107 obowi\u0105zkowa. Inni studenci oraz pracownicy s\u0105 mile widziani &#8211; w ramach swoich mo\u017cliwo\u015bci &#8211; lub zdalnie, przez <a href=\"https:\/\/us02web.zoom.us\/j\/89717128667?pwd=NTE1QXBMU2U3SDhIbkg0RGhmM2dkUT09\" target=\"_blank\" rel=\"noopener\">komunikator zoom<\/a> (Meeting ID: 897 1712 8667, Passcode: 735937).<\/p>\n","protected":false},"excerpt":{"rendered":"<p>UROCZYSTA INAUGURACJA ROKU AKADEMICKIEGO 2021\/22 NA WYDZIALE FIZYKI UNIWERSYTETU W BIA\u0141YMSTOKU &nbsp; &nbsp;Inauguracja odb\u0119dzie si\u0119 4 pa\u017adziernika 2021 r. (poniedzia\u0142ek) o godzinie 14.00 w auli (sala nr 2011) Wydzia\u0142u Fizyki <a href=\"https:\/\/physics.uwb.edu.pl\/wf\/?page_id=12684\" class=\"more-link\">[&hellip;]<\/a><\/p>\n","protected":false},"author":14,"featured_media":8320,"parent":713,"menu_order":0,"comment_status":"closed","ping_status":"closed","template":"","meta":{"ngg_post_thumbnail":0,"Layout":"1c","footnotes":""},"categories":[27,3],"tags":[],"class_list":["entry","author-ulag","post-12684","page","type-page","status-publish","has-post-thumbnail","category-post_news_pl","category-wydzialowe_pl"],"jetpack_sharing_enabled":true,"jetpack_shortlink":"https:\/\/wp.me\/P7nvcn-3iA","_links":{"self":[{"href":"https:\/\/physics.uwb.edu.pl\/wf\/index.php?rest_route=\/wp\/v2\/pages\/12684","targetHints":{"allow":["GET"]}}],"collection":[{"href":"https:\/\/physics.uwb.edu.pl\/wf\/index.php?rest_route=\/wp\/v2\/pages"}],"about":[{"href":"https:\/\/physics.uwb.edu.pl\/wf\/index.php?rest_route=\/wp\/v2\/types\/page"}],"author":[{"embeddable":true,"href":"https:\/\/physics.uwb.edu.pl\/wf\/index.php?rest_route=\/wp\/v2\/users\/14"}],"replies":[{"embeddable":true,"href":"https:\/\/physics.uwb.edu.pl\/wf\/index.php?rest_route=%2Fwp%2Fv2%2Fcomments&post=12684"}],"version-history":[{"count":6,"href":"https:\/\/physics.uwb.edu.pl\/wf\/index.php?rest_route=\/wp\/v2\/pages\/12684\/revisions"}],"predecessor-version":[{"id":12724,"href":"https:\/\/physics.uwb.edu.pl\/wf\/index.php?rest_route=\/wp\/v2\/pages\/12684\/revisions\/12724"}],"up":[{"embeddable":true,"href":"https:\/\/physics.uwb.edu.pl\/wf\/index.php?rest_route=\/wp\/v2\/pages\/713"}],"wp:featuredmedia":[{"embeddable":true,"href":"https:\/\/physics.uwb.edu.pl\/wf\/index.php?rest_route=\/wp\/v2\/media\/8320"}],"wp:attachment":[{"href":"https:\/\/physics.uwb.edu.pl\/wf\/index.php?rest_route=%2Fwp%2Fv2%2Fmedia&parent=12684"}],"wp:term":[{"taxonomy":"category","embeddable":true,"href":"https:\/\/physics.uwb.edu.pl\/wf\/index.php?rest_route=%2Fwp%2Fv2%2Fcategories&post=12684"},{"taxonomy":"post_tag","embeddable":true,"href":"https:\/\/physics.uwb.edu.pl\/wf\/index.php?rest_route=%2Fwp%2Fv2%2Ftags&post=12684"}],"curies":[{"name":"wp","href":"https:\/\/api.w.org\/{rel}","templated":true}]}}