{"id":12696,"date":"2021-09-28T16:56:23","date_gmt":"2021-09-28T14:56:23","guid":{"rendered":"https:\/\/physics.uwb.edu.pl\/wf\/?page_id=12696"},"modified":"2021-10-02T17:32:52","modified_gmt":"2021-10-02T15:32:52","slug":"east-games-united-2-2-3-3-2-2-4-2-2-2-2-2-2-2-2-2","status":"publish","type":"page","link":"https:\/\/physics.uwb.edu.pl\/wf\/?page_id=12696","title":{"rendered":"V Konferencja Nauczycieli Fizyki"},"content":{"rendered":"<p>Dn. 25.09.2021 na Wydziale Fizyki Uniwersytetu w Bia\u0142ymstoku odby\u0142a si\u0119 <a href=\"https:\/\/physics.uwb.edu.pl\/wf\/knf2021\/\" target=\"_blank\" rel=\"noopener\">V konferencja Nauczycieli Fizyki<\/a>. Jak co roku g\u0142\u00f3wnym celem konferencji by\u0142a integracja \u015brodowiska akademickiego i nauczycieli przedmiot\u00f3w przyrodniczych oraz poszerzanie kompetencji. Tegoroczna edycja cieszy\u0142a si\u0119 bardzo du\u017c\u0105 popularno\u015bci\u0105 (69 zarejestrowanych uczestnik\u00f3w). Zainteresowanie to prze\u0142o\u017cy\u0142o si\u0119 na rewelacyjn\u0105 frekwencj\u0119 (58 obecnych uczestnik\u00f3w). Odnotowali\u015bmy po raz pierwszy obecno\u015b\u0107 a\u017c 17 uczestnik\u00f3w spoza regionu podlaskiego (m.in. Warszawa, Lublin, Olsztyn, Krak\u00f3w).<\/p>\n<figure id=\"attachment_12717\" aria-describedby=\"caption-attachment-12717\" style=\"width: 1024px\" class=\"wp-caption aligncenter\"><img loading=\"lazy\" decoding=\"async\" class=\"wp-image-12717 size-large\" src=\"http:\/\/physics.uwb.edu.pl\/wf\/wp-content\/uploads\/2021\/10\/DSC_4101-1024x683.jpg\" alt=\"\" width=\"1024\" height=\"683\" srcset=\"https:\/\/physics.uwb.edu.pl\/wf\/wp-content\/uploads\/2021\/10\/DSC_4101-1024x683.jpg 1024w, https:\/\/physics.uwb.edu.pl\/wf\/wp-content\/uploads\/2021\/10\/DSC_4101-300x200.jpg 300w, https:\/\/physics.uwb.edu.pl\/wf\/wp-content\/uploads\/2021\/10\/DSC_4101-150x100.jpg 150w, https:\/\/physics.uwb.edu.pl\/wf\/wp-content\/uploads\/2021\/10\/DSC_4101-600x400.jpg 600w, https:\/\/physics.uwb.edu.pl\/wf\/wp-content\/uploads\/2021\/10\/DSC_4101-750x500.jpg 750w, https:\/\/physics.uwb.edu.pl\/wf\/wp-content\/uploads\/2021\/10\/DSC_4101-272x182.jpg 272w, https:\/\/physics.uwb.edu.pl\/wf\/wp-content\/uploads\/2021\/10\/DSC_4101.jpg 1500w\" sizes=\"auto, (max-width: 1024px) 100vw, 1024px\" \/><figcaption id=\"caption-attachment-12717\" class=\"wp-caption-text\">Powitanie uczestnik\u00f3w. \u0179r\u00f3d\u0142o: oficjalne zdj\u0119cia z konferencji (https:\/\/physics.uwb.edu.pl\/wf\/knf2021\/galeria\/).<\/figcaption><\/figure>\n<p>Kolejna, VI ju\u017c edycja odb\u0119dzie si\u0119 jak ju\u017c ustalono w ostatni\u0105 sobot\u0119 wrze\u015bnia przysz\u0142ego roku (4.09.2022).<\/p>\n<table width=\"604\" cellspacing=\"0\" cellpadding=\"7\">\n<tbody>\n<tr valign=\"top\">\n<td width=\"136\"><b>rok<\/b><\/td>\n<td width=\"137\"><b>zarejestrowani<\/b><\/td>\n<td width=\"137\"><b>obecni<\/b><\/td>\n<td width=\"136\"><b>Nieobecni %<\/b><\/td>\n<\/tr>\n<tr valign=\"top\">\n<td width=\"136\"><b>2017<\/b><\/td>\n<td width=\"137\">40<\/td>\n<td width=\"137\">25<\/td>\n<td width=\"136\">38<\/td>\n<\/tr>\n<tr valign=\"top\">\n<td width=\"136\"><b>2018<\/b><\/td>\n<td width=\"137\">44<\/td>\n<td width=\"137\">30<\/td>\n<td width=\"136\">32<\/td>\n<\/tr>\n<tr valign=\"top\">\n<td width=\"136\"><b>2019<\/b><\/td>\n<td width=\"137\">62<\/td>\n<td width=\"137\">44<\/td>\n<td width=\"136\">29<\/td>\n<\/tr>\n<tr valign=\"top\">\n<td width=\"136\"><b>2020<\/b><\/td>\n<td width=\"137\">64<\/td>\n<td width=\"137\">36<\/td>\n<td width=\"136\">44<\/td>\n<\/tr>\n<tr valign=\"top\">\n<td width=\"136\"><b>2021<\/b><\/td>\n<td width=\"137\">69<\/td>\n<td width=\"137\">58<\/td>\n<td width=\"136\">16<\/td>\n<\/tr>\n<\/tbody>\n<\/table>\n<p>&nbsp;<\/p>\n<p>&nbsp;<\/p>\n<p style=\"text-align: right;\">(c) M. Brancewicz<\/p>\n<p style=\"text-align: right;\">&nbsp;<\/p>\n","protected":false},"excerpt":{"rendered":"<p>Dn. 25.09.2021 na Wydziale Fizyki Uniwersytetu w Bia\u0142ymstoku odby\u0142a si\u0119 V konferencja Nauczycieli Fizyki. Jak co roku g\u0142\u00f3wnym celem konferencji by\u0142a integracja \u015brodowiska akademickiego i nauczycieli przedmiot\u00f3w przyrodniczych oraz poszerzanie <a href=\"https:\/\/physics.uwb.edu.pl\/wf\/?page_id=12696\" class=\"more-link\">[&hellip;]<\/a><\/p>\n","protected":false},"author":5,"featured_media":12717,"parent":2744,"menu_order":0,"comment_status":"closed","ping_status":"closed","template":"","meta":{"ngg_post_thumbnail":0,"Layout":"1c","footnotes":""},"categories":[131,35],"tags":[224,222,230,232,226,228,234],"class_list":["entry","author-gawryl","post-12696","page","type-page","status-publish","has-post-thumbnail","category-galeria_foto","category-popularyzacja_pl","tag-eksperyment","tag-epicentrum","tag-gry","tag-komputer","tag-pokazy","tag-prezentacja","tag-robot"],"jetpack_sharing_enabled":true,"jetpack_shortlink":"https:\/\/wp.me\/P7nvcn-3iM","_links":{"self":[{"href":"https:\/\/physics.uwb.edu.pl\/wf\/index.php?rest_route=\/wp\/v2\/pages\/12696","targetHints":{"allow":["GET"]}}],"collection":[{"href":"https:\/\/physics.uwb.edu.pl\/wf\/index.php?rest_route=\/wp\/v2\/pages"}],"about":[{"href":"https:\/\/physics.uwb.edu.pl\/wf\/index.php?rest_route=\/wp\/v2\/types\/page"}],"author":[{"embeddable":true,"href":"https:\/\/physics.uwb.edu.pl\/wf\/index.php?rest_route=\/wp\/v2\/users\/5"}],"replies":[{"embeddable":true,"href":"https:\/\/physics.uwb.edu.pl\/wf\/index.php?rest_route=%2Fwp%2Fv2%2Fcomments&post=12696"}],"version-history":[{"count":3,"href":"https:\/\/physics.uwb.edu.pl\/wf\/index.php?rest_route=\/wp\/v2\/pages\/12696\/revisions"}],"predecessor-version":[{"id":12719,"href":"https:\/\/physics.uwb.edu.pl\/wf\/index.php?rest_route=\/wp\/v2\/pages\/12696\/revisions\/12719"}],"up":[{"embeddable":true,"href":"https:\/\/physics.uwb.edu.pl\/wf\/index.php?rest_route=\/wp\/v2\/pages\/2744"}],"wp:featuredmedia":[{"embeddable":true,"href":"https:\/\/physics.uwb.edu.pl\/wf\/index.php?rest_route=\/wp\/v2\/media\/12717"}],"wp:attachment":[{"href":"https:\/\/physics.uwb.edu.pl\/wf\/index.php?rest_route=%2Fwp%2Fv2%2Fmedia&parent=12696"}],"wp:term":[{"taxonomy":"category","embeddable":true,"href":"https:\/\/physics.uwb.edu.pl\/wf\/index.php?rest_route=%2Fwp%2Fv2%2Fcategories&post=12696"},{"taxonomy":"post_tag","embeddable":true,"href":"https:\/\/physics.uwb.edu.pl\/wf\/index.php?rest_route=%2Fwp%2Fv2%2Ftags&post=12696"}],"curies":[{"name":"wp","href":"https:\/\/api.w.org\/{rel}","templated":true}]}}