{"id":12720,"date":"2021-10-01T13:30:27","date_gmt":"2021-10-01T11:30:27","guid":{"rendered":"https:\/\/physics.uwb.edu.pl\/wf\/?page_id=12720"},"modified":"2021-10-04T13:48:55","modified_gmt":"2021-10-04T11:48:55","slug":"east-games-united-2-2-3-3-2-2-4-2-2-2-2-2-2-2-2-2-2-2","status":"publish","type":"page","link":"https:\/\/physics.uwb.edu.pl\/wf\/?page_id=12720","title":{"rendered":"Publiczna obrona doktoratu mgr. Marcina Marculewicza"},"content":{"rendered":"<p>W pi\u0105tek 01.10.2021 r. odby\u0142a si\u0119 publiczna obrona doktoratu mgr. Marcina Marculewicza. Wydarzenie mia\u0142o form\u0119 hybrydow\u0105 &#8211; przygotowane by\u0142y miejsca w auli Wydzia\u0142u Fizyki oraz dost\u0119p przez komunikator&nbsp; internetowy Zoom. Rozprawa spisana by\u0142a w j\u0119zyku angielskim i nosi\u0142a tytu\u0142 &#8220;Global parameters of quasars with anomalous electromagnetic spectrum&#8221;.<\/p>\n<figure id=\"attachment_12721\" aria-describedby=\"caption-attachment-12721\" style=\"width: 1024px\" class=\"wp-caption aligncenter\"><img loading=\"lazy\" decoding=\"async\" class=\"wp-image-12721 size-large\" src=\"http:\/\/physics.uwb.edu.pl\/wf\/wp-content\/uploads\/2021\/10\/IMG_20211001_135359-1024x768.jpg\" alt=\"\" width=\"1024\" height=\"768\" srcset=\"https:\/\/physics.uwb.edu.pl\/wf\/wp-content\/uploads\/2021\/10\/IMG_20211001_135359-1024x768.jpg 1024w, https:\/\/physics.uwb.edu.pl\/wf\/wp-content\/uploads\/2021\/10\/IMG_20211001_135359-300x225.jpg 300w, https:\/\/physics.uwb.edu.pl\/wf\/wp-content\/uploads\/2021\/10\/IMG_20211001_135359-150x113.jpg 150w, https:\/\/physics.uwb.edu.pl\/wf\/wp-content\/uploads\/2021\/10\/IMG_20211001_135359-1536x1152.jpg 1536w, https:\/\/physics.uwb.edu.pl\/wf\/wp-content\/uploads\/2021\/10\/IMG_20211001_135359-2048x1536.jpg 2048w, https:\/\/physics.uwb.edu.pl\/wf\/wp-content\/uploads\/2021\/10\/IMG_20211001_135359-175x131.jpg 175w, https:\/\/physics.uwb.edu.pl\/wf\/wp-content\/uploads\/2021\/10\/IMG_20211001_135359-667x500.jpg 667w\" sizes=\"auto, (max-width: 1024px) 100vw, 1024px\" \/><figcaption id=\"caption-attachment-12721\" class=\"wp-caption-text\">Mgr. M. Marculewicz podczas swojego wyst\u0105pienia.<\/figcaption><\/figure>\n<p>Teza doktorska zawiera\u0142a w sobie opis dw\u00f3ch projekt\u00f3w naukowych. Pierwszy z nich bada\u0142 natur\u0119 kwazar\u00f3w o s\u0142abych liniach emisyjnych. Mgr Marculewicz wykona\u0142 m.in. pomiary mas supermasywnych czarnych dziur w centrach tych galaktyk. Wykaza\u0142, \u017ce masy czarnych dziur s\u0105 niedoszacowywane, natomiast tempa akrecji s\u0105 przeszacowywane w pomiarach powszechnie u\u017cywanymi metodami. Obszar formowania szerokich linii emisyjnych ma natomiast geometri\u0119 elipsoidaln\u0105 nie za\u015b sferycznie symetryczn\u0105. Drugi projekt dotyczy\u0142 kwazra SDSS J110511.14+530806.7 wykazuj\u0105cego siln\u0105, globaln\u0105 absorpcj\u0119. Za absorpcj\u0119 t\u0119 odpowiedzialny by\u0142by pot\u0119\u017cny wiatr dyskowy oraz obecno\u015b\u0107 ob\u0142oku mi\u0119dzygalaktycznego, znajduj\u0105cego si\u0119 na linii widzenia.<\/p>\n<p>Promotorem pracy by\u0142 dr hab. Marek Niko\u0142ajuk, prof UwB. Rozpraw\u0119 recenzowali:<\/p>\n<ul>\n<li>dr hab. Magdalena Kunert-Bajraszewska, prof. UMK (Uniwersytet Miko\u0142aja Kopernika w Toruniu),<\/li>\n<li>prof. dr hab. Andrzej Macio\u0142ek-Nied\u017awiecki (Uniwersytet \u0141\u00f3dzki),<\/li>\n<li>prof. dr hab. Agata R\u00f3\u017ca\u0144ska (Centrum Astronomiczne im. Miko\u0142aja Kopernika PAN) &#8211; obecna osobi\u015bcie na Wydziale Fizyki.<\/li>\n<\/ul>\n<figure id=\"attachment_12722\" aria-describedby=\"caption-attachment-12722\" style=\"width: 1024px\" class=\"wp-caption aligncenter\"><img loading=\"lazy\" decoding=\"async\" class=\"size-large wp-image-12722\" src=\"http:\/\/physics.uwb.edu.pl\/wf\/wp-content\/uploads\/2021\/10\/IMG_20211001_134541-1024x768.jpg\" alt=\"\" width=\"1024\" height=\"768\" srcset=\"https:\/\/physics.uwb.edu.pl\/wf\/wp-content\/uploads\/2021\/10\/IMG_20211001_134541-1024x768.jpg 1024w, https:\/\/physics.uwb.edu.pl\/wf\/wp-content\/uploads\/2021\/10\/IMG_20211001_134541-300x225.jpg 300w, https:\/\/physics.uwb.edu.pl\/wf\/wp-content\/uploads\/2021\/10\/IMG_20211001_134541-150x113.jpg 150w, https:\/\/physics.uwb.edu.pl\/wf\/wp-content\/uploads\/2021\/10\/IMG_20211001_134541-1536x1152.jpg 1536w, https:\/\/physics.uwb.edu.pl\/wf\/wp-content\/uploads\/2021\/10\/IMG_20211001_134541-2048x1536.jpg 2048w, https:\/\/physics.uwb.edu.pl\/wf\/wp-content\/uploads\/2021\/10\/IMG_20211001_134541-175x131.jpg 175w, https:\/\/physics.uwb.edu.pl\/wf\/wp-content\/uploads\/2021\/10\/IMG_20211001_134541-667x500.jpg 667w\" sizes=\"auto, (max-width: 1024px) 100vw, 1024px\" \/><figcaption id=\"caption-attachment-12722\" class=\"wp-caption-text\">Promotor pracy dr hab. M. Niko\u0142ajuk, prof. UwB przedstawiaj\u0105cy sylwetk\u0119 kandydata.<\/figcaption><\/figure>\n<p>Recenzenci pozytywnie przyj\u0119li rozpraw\u0119 doktorsk\u0105, w wyniku czego Rada Nauki wnioskowa\u0142a o nadanie tytu\u0142u doktora Panu Marculewiczowi. Gratulujemy!<\/p>\n<p style=\"text-align: right;\">(c) K.G.<\/p>\n","protected":false},"excerpt":{"rendered":"<p>W pi\u0105tek 01.10.2021 r. odby\u0142a si\u0119 publiczna obrona doktoratu mgr. Marcina Marculewicza. Wydarzenie mia\u0142o form\u0119 hybrydow\u0105 &#8211; przygotowane by\u0142y miejsca w auli Wydzia\u0142u Fizyki oraz dost\u0119p przez komunikator&nbsp; internetowy Zoom. <a href=\"https:\/\/physics.uwb.edu.pl\/wf\/?page_id=12720\" class=\"more-link\">[&hellip;]<\/a><\/p>\n","protected":false},"author":5,"featured_media":12721,"parent":2744,"menu_order":0,"comment_status":"closed","ping_status":"closed","template":"","meta":{"ngg_post_thumbnail":0,"Layout":"1c","footnotes":""},"categories":[131,35],"tags":[224,222,230,232,226,228,234],"class_list":["entry","author-gawryl","post-12720","page","type-page","status-publish","has-post-thumbnail","category-galeria_foto","category-popularyzacja_pl","tag-eksperyment","tag-epicentrum","tag-gry","tag-komputer","tag-pokazy","tag-prezentacja","tag-robot"],"jetpack_sharing_enabled":true,"jetpack_shortlink":"https:\/\/wp.me\/P7nvcn-3ja","_links":{"self":[{"href":"https:\/\/physics.uwb.edu.pl\/wf\/index.php?rest_route=\/wp\/v2\/pages\/12720","targetHints":{"allow":["GET"]}}],"collection":[{"href":"https:\/\/physics.uwb.edu.pl\/wf\/index.php?rest_route=\/wp\/v2\/pages"}],"about":[{"href":"https:\/\/physics.uwb.edu.pl\/wf\/index.php?rest_route=\/wp\/v2\/types\/page"}],"author":[{"embeddable":true,"href":"https:\/\/physics.uwb.edu.pl\/wf\/index.php?rest_route=\/wp\/v2\/users\/5"}],"replies":[{"embeddable":true,"href":"https:\/\/physics.uwb.edu.pl\/wf\/index.php?rest_route=%2Fwp%2Fv2%2Fcomments&post=12720"}],"version-history":[{"count":4,"href":"https:\/\/physics.uwb.edu.pl\/wf\/index.php?rest_route=\/wp\/v2\/pages\/12720\/revisions"}],"predecessor-version":[{"id":12727,"href":"https:\/\/physics.uwb.edu.pl\/wf\/index.php?rest_route=\/wp\/v2\/pages\/12720\/revisions\/12727"}],"up":[{"embeddable":true,"href":"https:\/\/physics.uwb.edu.pl\/wf\/index.php?rest_route=\/wp\/v2\/pages\/2744"}],"wp:featuredmedia":[{"embeddable":true,"href":"https:\/\/physics.uwb.edu.pl\/wf\/index.php?rest_route=\/wp\/v2\/media\/12721"}],"wp:attachment":[{"href":"https:\/\/physics.uwb.edu.pl\/wf\/index.php?rest_route=%2Fwp%2Fv2%2Fmedia&parent=12720"}],"wp:term":[{"taxonomy":"category","embeddable":true,"href":"https:\/\/physics.uwb.edu.pl\/wf\/index.php?rest_route=%2Fwp%2Fv2%2Fcategories&post=12720"},{"taxonomy":"post_tag","embeddable":true,"href":"https:\/\/physics.uwb.edu.pl\/wf\/index.php?rest_route=%2Fwp%2Fv2%2Ftags&post=12720"}],"curies":[{"name":"wp","href":"https:\/\/api.w.org\/{rel}","templated":true}]}}